{"id":4803,"date":"2021-09-17T11:38:56","date_gmt":"2021-09-17T11:38:56","guid":{"rendered":"https:\/\/be-okay.be\/deerlijk\/"},"modified":"2025-04-22T07:17:33","modified_gmt":"2025-04-22T07:17:33","slug":"deerlijk","status":"publish","type":"page","link":"https:\/\/be-okay.be\/fr\/deerlijk\/","title":{"rendered":"BE-OKAY \u2013 Deerlijk"},"content":{"rendered":"\n<div class=\"wp-block-columns containerMedium is-layout-flex wp-container-core-columns-is-layout-9d6595d7 wp-block-columns-is-layout-flex\">\n<div class=\"wp-block-column is-layout-flow wp-block-column-is-layout-flow\">\n<div class=\"wp-block-columns is-layout-flex wp-container-core-columns-is-layout-9d6595d7 wp-block-columns-is-layout-flex\">\n<div class=\"wp-block-column is-layout-flow wp-block-column-is-layout-flow\" style=\"flex-basis:66.66%\">\n<figure class=\"wp-block-image size-full\"><img decoding=\"async\" width=\"1052\" height=\"749\" data-src=\"http:\/\/be-okay.be\/wp-content\/uploads\/2021\/09\/Deerlijk.png\" alt=\"\" class=\"wp-image-158 lazyload\" data-srcset=\"https:\/\/be-okay.be\/wp-content\/uploads\/2021\/09\/Deerlijk.png 1052w, https:\/\/be-okay.be\/wp-content\/uploads\/2021\/09\/Deerlijk-300x214.png 300w, https:\/\/be-okay.be\/wp-content\/uploads\/2021\/09\/Deerlijk-768x547.png 768w\" data-sizes=\"(max-width: 1052px) 100vw, 1052px\" src=\"data:image\/svg+xml;base64,PHN2ZyB3aWR0aD0iMSIgaGVpZ2h0PSIxIiB4bWxucz0iaHR0cDovL3d3dy53My5vcmcvMjAwMC9zdmciPjwvc3ZnPg==\" style=\"--smush-placeholder-width: 1052px; --smush-placeholder-aspect-ratio: 1052\/749;\" \/><\/figure>\n<\/div>\n\n\n\n<div class=\"wp-block-column is-layout-flow wp-block-column-is-layout-flow\" style=\"flex-basis:33.33%\">\n<h1 class=\"wp-block-heading\">MAGASIN DE D\u00c9CORATION INT\u00c9RIEURE ET DE MEUBLES BE-OKAY DE DEERLIJK<\/h1>\n\n\n\n<p>Si vous souhaitez r\u00e9nover l\u2019am\u00e9nagement de votre maison ou \u00eates \u00e0 la recherche d\u2019une solution compl\u00e8te pour l\u2019am\u00e9nagement et la d\u00e9coration de vos r\u00eaves, vous avez frapp\u00e9 \u00e0 la bonne porte chez BE-Okay \u00e0 Deerlijk et \u00e0 Mouscron. Nos magasins de meubles proposent un large \u00e9ventail de meubles, de cuisines, de d\u00e9coration, d\u2019\u00e9clairage, de tapis, etc.<\/p>\n\n\n\n<div class=\"wp-block-buttons is-layout-flex wp-block-buttons-is-layout-flex\">\n<div class=\"wp-block-button\"><a class=\"wp-block-button__link wp-element-button\" href=\"https:\/\/be-okay.be\/fr\/collection\/\">D\u00c9COUVREZ NOTRE OFFRE<\/a><\/div>\n\n\n\n<div class=\"wp-block-button\"><a class=\"wp-block-button__link wp-element-button\" href=\"#contactdeerlijk\">NOUS CONTACTER<\/a><\/div>\n<\/div>\n<\/div>\n<\/div>\n<\/div>\n<\/div>\n\n\n\n<div style=\"height:50px\" aria-hidden=\"true\" class=\"wp-block-spacer\"><\/div>\n\n\n\n<div class=\"wp-block-columns containerSmall is-layout-flex wp-container-core-columns-is-layout-9d6595d7 wp-block-columns-is-layout-flex\">\n<div class=\"wp-block-column is-layout-flow wp-block-column-is-layout-flow\">\n<h2 class=\"wp-block-heading has-text-align-center\">L\u2019INT\u00c9RIEUR DE VOS R\u00caVES<\/h2>\n\n\n\n<p>Que vous recherchiez un int\u00e9rieur classique, contemporain, romantique, minimaliste ou \u00e9clectique, vous trouverez toujours votre bonheur chez BE-Okay. Nos conseillers professionnels en d\u00e9coration et en am\u00e9nagement d&rsquo;int\u00e9rieur sont heureux de vous aider dans votre recherche de la maison id\u00e9ale. Nous avons d\u2019ores et d\u00e9j\u00e0 70&nbsp;ans d\u2019exp\u00e9rience \u00e0 notre actif, mais nous continuons \u00e0 innover et \u00e0 envisager l\u2019avenir sous un jour r\u00e9solument positif. BE-Okay est un sp\u00e9cialiste du confort de vie, d\u2019assise et de sommeil, et propose plusieurs marques prestigieuses.<\/p>\n<\/div>\n<\/div>\n\n\n\n<a id=\"contactdeerlijk\"><\/a>\n\n\n\n<figure class=\"wp-block-image size-large\"><img decoding=\"async\" width=\"1500\" height=\"439\" data-src=\"http:\/\/be-okay.be\/wp-content\/uploads\/2021\/09\/toonzaal-1500x439.png\" alt=\"\" class=\"wp-image-154 lazyload\" data-srcset=\"https:\/\/be-okay.be\/wp-content\/uploads\/2021\/09\/toonzaal-1500x439.png 1500w, https:\/\/be-okay.be\/wp-content\/uploads\/2021\/09\/toonzaal-300x88.png 300w, https:\/\/be-okay.be\/wp-content\/uploads\/2021\/09\/toonzaal-768x225.png 768w, https:\/\/be-okay.be\/wp-content\/uploads\/2021\/09\/toonzaal-1536x450.png 1536w, https:\/\/be-okay.be\/wp-content\/uploads\/2021\/09\/toonzaal-2048x600.png 2048w\" data-sizes=\"(max-width: 1500px) 100vw, 1500px\" src=\"data:image\/svg+xml;base64,PHN2ZyB3aWR0aD0iMSIgaGVpZ2h0PSIxIiB4bWxucz0iaHR0cDovL3d3dy53My5vcmcvMjAwMC9zdmciPjwvc3ZnPg==\" style=\"--smush-placeholder-width: 1500px; --smush-placeholder-aspect-ratio: 1500\/439;\" \/><\/figure>\n\n\n\n<div class=\"wp-block-columns containerSmall is-layout-flex wp-container-core-columns-is-layout-9d6595d7 wp-block-columns-is-layout-flex\">\n<div class=\"wp-block-column is-layout-flow wp-block-column-is-layout-flow\"><\/div>\n<\/div>\n","protected":false},"excerpt":{"rendered":"<p>MAGASIN DE D\u00c9CORATION INT\u00c9RIEURE ET DE MEUBLES BE-OKAY DE DEERLIJK Si vous souhaitez r\u00e9nover l\u2019am\u00e9nagement de votre maison ou \u00eates \u00e0 la recherche d\u2019une solution compl\u00e8te pour l\u2019am\u00e9nagement et la d\u00e9coration de vos r\u00eaves, vous avez frapp\u00e9 \u00e0 la bonne porte chez BE-Okay \u00e0 Deerlijk et \u00e0 Mouscron. Nos magasins de meubles proposent un large [&hellip;]<\/p>\n","protected":false},"author":1,"featured_media":1377,"parent":0,"menu_order":0,"comment_status":"closed","ping_status":"closed","template":"template_winkel.php","meta":{"_acf_changed":false,"footnotes":""},"class_list":["post-4803","page","type-page","status-publish","has-post-thumbnail","hentry"],"acf":[],"yoast_head":"<!-- This site is optimized with the Yoast SEO plugin v27.5 - https:\/\/yoast.com\/product\/yoast-seo-wordpress\/ -->\n<title>BE-OKAY \u2013 Deerlijk - BE-Okay<\/title>\n<meta name=\"robots\" content=\"index, follow, max-snippet:-1, max-image-preview:large, max-video-preview:-1\" \/>\n<link rel=\"canonical\" href=\"https:\/\/be-okay.be\/fr\/deerlijk\/\" \/>\n<meta property=\"og:locale\" content=\"fr_FR\" \/>\n<meta property=\"og:type\" content=\"article\" \/>\n<meta property=\"og:title\" content=\"BE-OKAY \u2013 Deerlijk - BE-Okay\" \/>\n<meta property=\"og:description\" content=\"MAGASIN DE D\u00c9CORATION INT\u00c9RIEURE ET DE MEUBLES BE-OKAY DE DEERLIJK Si vous souhaitez r\u00e9nover l\u2019am\u00e9nagement de votre maison ou \u00eates \u00e0 la recherche d\u2019une solution compl\u00e8te pour l\u2019am\u00e9nagement et la d\u00e9coration de vos r\u00eaves, vous avez frapp\u00e9 \u00e0 la bonne porte chez BE-Okay \u00e0 Deerlijk et \u00e0 Mouscron. Nos magasins de meubles proposent un large [&hellip;]\" \/>\n<meta property=\"og:url\" content=\"https:\/\/be-okay.be\/fr\/deerlijk\/\" \/>\n<meta property=\"og:site_name\" content=\"BE-Okay\" \/>\n<meta property=\"article:modified_time\" content=\"2025-04-22T07:17:33+00:00\" \/>\n<meta property=\"og:image\" content=\"http:\/\/be-okay.be\/wp-content\/uploads\/2021\/09\/Deerlijk.png\" \/>\n\t<meta property=\"og:image:width\" content=\"1052\" \/>\n\t<meta property=\"og:image:height\" content=\"749\" \/>\n\t<meta property=\"og:image:type\" content=\"image\/png\" \/>\n<meta name=\"twitter:card\" content=\"summary_large_image\" \/>\n<meta name=\"twitter:label1\" content=\"Dur\u00e9e de lecture estim\u00e9e\" \/>\n\t<meta name=\"twitter:data1\" content=\"2 minutes\" \/>\n<script type=\"application\/ld+json\" class=\"yoast-schema-graph\">{\"@context\":\"https:\\\/\\\/schema.org\",\"@graph\":[{\"@type\":\"WebPage\",\"@id\":\"https:\\\/\\\/be-okay.be\\\/fr\\\/deerlijk\\\/\",\"url\":\"https:\\\/\\\/be-okay.be\\\/fr\\\/deerlijk\\\/\",\"name\":\"BE-OKAY \u2013 Deerlijk - BE-Okay\",\"isPartOf\":{\"@id\":\"https:\\\/\\\/be-okay.be\\\/fr\\\/#website\"},\"primaryImageOfPage\":{\"@id\":\"https:\\\/\\\/be-okay.be\\\/fr\\\/deerlijk\\\/#primaryimage\"},\"image\":{\"@id\":\"https:\\\/\\\/be-okay.be\\\/fr\\\/deerlijk\\\/#primaryimage\"},\"thumbnailUrl\":\"https:\\\/\\\/be-okay.be\\\/wp-content\\\/uploads\\\/2021\\\/09\\\/Deerlijk.png\",\"datePublished\":\"2021-09-17T11:38:56+00:00\",\"dateModified\":\"2025-04-22T07:17:33+00:00\",\"inLanguage\":\"fr-FR\",\"potentialAction\":[{\"@type\":\"ReadAction\",\"target\":[\"https:\\\/\\\/be-okay.be\\\/fr\\\/deerlijk\\\/\"]}]},{\"@type\":\"ImageObject\",\"inLanguage\":\"fr-FR\",\"@id\":\"https:\\\/\\\/be-okay.be\\\/fr\\\/deerlijk\\\/#primaryimage\",\"url\":\"https:\\\/\\\/be-okay.be\\\/wp-content\\\/uploads\\\/2021\\\/09\\\/Deerlijk.png\",\"contentUrl\":\"https:\\\/\\\/be-okay.be\\\/wp-content\\\/uploads\\\/2021\\\/09\\\/Deerlijk.png\",\"width\":1052,\"height\":749},{\"@type\":\"WebSite\",\"@id\":\"https:\\\/\\\/be-okay.be\\\/fr\\\/#website\",\"url\":\"https:\\\/\\\/be-okay.be\\\/fr\\\/\",\"name\":\"BE-Okay\",\"description\":\"Young living concept - meubelwinkel Deerlijk &amp; Moeskroen\",\"potentialAction\":[{\"@type\":\"SearchAction\",\"target\":{\"@type\":\"EntryPoint\",\"urlTemplate\":\"https:\\\/\\\/be-okay.be\\\/fr\\\/?s={search_term_string}\"},\"query-input\":{\"@type\":\"PropertyValueSpecification\",\"valueRequired\":true,\"valueName\":\"search_term_string\"}}],\"inLanguage\":\"fr-FR\"}]}<\/script>\n<!-- \/ Yoast SEO plugin. -->","yoast_head_json":{"title":"BE-OKAY \u2013 Deerlijk - BE-Okay","robots":{"index":"index","follow":"follow","max-snippet":"max-snippet:-1","max-image-preview":"max-image-preview:large","max-video-preview":"max-video-preview:-1"},"canonical":"https:\/\/be-okay.be\/fr\/deerlijk\/","og_locale":"fr_FR","og_type":"article","og_title":"BE-OKAY \u2013 Deerlijk - BE-Okay","og_description":"MAGASIN DE D\u00c9CORATION INT\u00c9RIEURE ET DE MEUBLES BE-OKAY DE DEERLIJK Si vous souhaitez r\u00e9nover l\u2019am\u00e9nagement de votre maison ou \u00eates \u00e0 la recherche d\u2019une solution compl\u00e8te pour l\u2019am\u00e9nagement et la d\u00e9coration de vos r\u00eaves, vous avez frapp\u00e9 \u00e0 la bonne porte chez BE-Okay \u00e0 Deerlijk et \u00e0 Mouscron. Nos magasins de meubles proposent un large [&hellip;]","og_url":"https:\/\/be-okay.be\/fr\/deerlijk\/","og_site_name":"BE-Okay","article_modified_time":"2025-04-22T07:17:33+00:00","og_image":[{"width":1052,"height":749,"url":"http:\/\/be-okay.be\/wp-content\/uploads\/2021\/09\/Deerlijk.png","type":"image\/png"}],"twitter_card":"summary_large_image","twitter_misc":{"Dur\u00e9e de lecture estim\u00e9e":"2 minutes"},"schema":{"@context":"https:\/\/schema.org","@graph":[{"@type":"WebPage","@id":"https:\/\/be-okay.be\/fr\/deerlijk\/","url":"https:\/\/be-okay.be\/fr\/deerlijk\/","name":"BE-OKAY \u2013 Deerlijk - BE-Okay","isPartOf":{"@id":"https:\/\/be-okay.be\/fr\/#website"},"primaryImageOfPage":{"@id":"https:\/\/be-okay.be\/fr\/deerlijk\/#primaryimage"},"image":{"@id":"https:\/\/be-okay.be\/fr\/deerlijk\/#primaryimage"},"thumbnailUrl":"https:\/\/be-okay.be\/wp-content\/uploads\/2021\/09\/Deerlijk.png","datePublished":"2021-09-17T11:38:56+00:00","dateModified":"2025-04-22T07:17:33+00:00","inLanguage":"fr-FR","potentialAction":[{"@type":"ReadAction","target":["https:\/\/be-okay.be\/fr\/deerlijk\/"]}]},{"@type":"ImageObject","inLanguage":"fr-FR","@id":"https:\/\/be-okay.be\/fr\/deerlijk\/#primaryimage","url":"https:\/\/be-okay.be\/wp-content\/uploads\/2021\/09\/Deerlijk.png","contentUrl":"https:\/\/be-okay.be\/wp-content\/uploads\/2021\/09\/Deerlijk.png","width":1052,"height":749},{"@type":"WebSite","@id":"https:\/\/be-okay.be\/fr\/#website","url":"https:\/\/be-okay.be\/fr\/","name":"BE-Okay","description":"Young living concept - meubelwinkel Deerlijk &amp; Moeskroen","potentialAction":[{"@type":"SearchAction","target":{"@type":"EntryPoint","urlTemplate":"https:\/\/be-okay.be\/fr\/?s={search_term_string}"},"query-input":{"@type":"PropertyValueSpecification","valueRequired":true,"valueName":"search_term_string"}}],"inLanguage":"fr-FR"}]}},"_links":{"self":[{"href":"https:\/\/be-okay.be\/fr\/wp-json\/wp\/v2\/pages\/4803","targetHints":{"allow":["GET"]}}],"collection":[{"href":"https:\/\/be-okay.be\/fr\/wp-json\/wp\/v2\/pages"}],"about":[{"href":"https:\/\/be-okay.be\/fr\/wp-json\/wp\/v2\/types\/page"}],"author":[{"embeddable":true,"href":"https:\/\/be-okay.be\/fr\/wp-json\/wp\/v2\/users\/1"}],"replies":[{"embeddable":true,"href":"https:\/\/be-okay.be\/fr\/wp-json\/wp\/v2\/comments?post=4803"}],"version-history":[{"count":5,"href":"https:\/\/be-okay.be\/fr\/wp-json\/wp\/v2\/pages\/4803\/revisions"}],"predecessor-version":[{"id":7615,"href":"https:\/\/be-okay.be\/fr\/wp-json\/wp\/v2\/pages\/4803\/revisions\/7615"}],"wp:featuredmedia":[{"embeddable":true,"href":"https:\/\/be-okay.be\/fr\/wp-json\/wp\/v2\/media\/1377"}],"wp:attachment":[{"href":"https:\/\/be-okay.be\/fr\/wp-json\/wp\/v2\/media?parent=4803"}],"curies":[{"name":"wp","href":"https:\/\/api.w.org\/{rel}","templated":true}]}}