{"id":4810,"date":"2021-09-16T12:53:55","date_gmt":"2021-09-16T12:53:55","guid":{"rendered":"https:\/\/be-okay.be\/collectie\/woonkamer\/relaxzetels\/"},"modified":"2023-02-20T11:12:25","modified_gmt":"2023-02-20T11:12:25","slug":"fauteuils-relax","status":"publish","type":"page","link":"https:\/\/be-okay.be\/fr\/collection\/living\/fauteuils-relax\/","title":{"rendered":"Fauteuils relax"},"content":{"rendered":"\n<h1 class=\"has-text-align-center wp-block-heading\">AVEC UN FAUTEUIL RELAX, VOUS CHOISISSEZ UN CONFORT MAXIMAL<\/h1>\n\n\n\n<h2 class=\"has-text-align-center wp-block-heading\">Des fauteuils relax \u00e9lectriques au vrai design<\/h2>\n\n\n\n<p class=\"has-text-align-center\">Un fauteuil relax fait des merveilles pour le corps et l\u2019esprit. Une fois que vous en aurez un chez vous, vous ne voudrez plus vous en passer. Il ne vous reste plus qu\u2019\u00e0 choisir\u00a0: opterez-vous pour un fauteuil relax r\u00e9glable, avec repose-pieds\u00a0? Ou pr\u00e9f\u00e9rez-vous un mod\u00e8le \u00e9lectrique\u00a0? Un pour Madame, un autre pour Monsieur. Que vous ayez un int\u00e9rieur classique, rustique ou moderne, gr\u00e2ce \u00e0 la vaste collection de BE-Okay, vous trouverez le fauteuil relax qui vous convient.<\/p>\n\n\n\n<div class=\"wp-block-buttons is-layout-flex wp-block-buttons-is-layout-flex\">\n<div class=\"wp-block-button aligncenter\"><a class=\"wp-block-button__link wp-element-button\" href=\"https:\/\/be-okay.be\/fr\/contact\/\">CONSULTEZ NOS HEURES D\u2019OUVERTURE<\/a><\/div>\n<\/div>\n\n\n\n<div style=\"height:40px\" aria-hidden=\"true\" class=\"wp-block-spacer\"><\/div>\n","protected":false},"excerpt":{"rendered":"<p>AVEC UN FAUTEUIL RELAX, VOUS CHOISISSEZ UN CONFORT MAXIMAL Des fauteuils relax \u00e9lectriques au vrai design Un fauteuil relax fait des merveilles pour le corps et l\u2019esprit. Une fois que vous en aurez un chez vous, vous ne voudrez plus vous en passer. Il ne vous reste plus qu\u2019\u00e0 choisir\u00a0: opterez-vous pour un fauteuil relax [&hellip;]<\/p>\n","protected":false},"author":1,"featured_media":6412,"parent":4807,"menu_order":3,"comment_status":"closed","ping_status":"closed","template":"template_collectie_single.php","meta":{"_acf_changed":false,"footnotes":""},"class_list":["post-4810","page","type-page","status-publish","has-post-thumbnail","hentry"],"acf":[],"yoast_head":"<!-- This site is optimized with the Yoast SEO plugin v27.4 - https:\/\/yoast.com\/product\/yoast-seo-wordpress\/ -->\n<title>Fauteuils relax - BE-Okay<\/title>\n<meta name=\"description\" content=\"Acheter un fauteuil relax adapt\u00e9 \u00e0 votre int\u00e9rieur ? Vous le trouverez chez BE-Okay. Venez les essayer dans notre salle d\u2019exposition ou consultez-les sur notre site web.\" \/>\n<meta name=\"robots\" content=\"index, follow, max-snippet:-1, max-image-preview:large, max-video-preview:-1\" \/>\n<link rel=\"canonical\" href=\"https:\/\/be-okay.be\/fr\/collection\/living\/fauteuils-relax\/\" \/>\n<meta property=\"og:locale\" content=\"fr_FR\" \/>\n<meta property=\"og:type\" content=\"article\" \/>\n<meta property=\"og:title\" content=\"Fauteuils relax - BE-Okay\" \/>\n<meta property=\"og:description\" content=\"Acheter un fauteuil relax adapt\u00e9 \u00e0 votre int\u00e9rieur ? Vous le trouverez chez BE-Okay. Venez les essayer dans notre salle d\u2019exposition ou consultez-les sur notre site web.\" \/>\n<meta property=\"og:url\" content=\"https:\/\/be-okay.be\/fr\/collection\/living\/fauteuils-relax\/\" \/>\n<meta property=\"og:site_name\" content=\"BE-Okay\" \/>\n<meta property=\"article:modified_time\" content=\"2023-02-20T11:12:25+00:00\" \/>\n<meta property=\"og:image\" content=\"http:\/\/be-okay.be\/wp-content\/uploads\/2022\/03\/WOONKAMER_Relaxzetel_Venus_Divani_6.2-e1659598884728.jpg\" \/>\n\t<meta property=\"og:image:width\" content=\"1000\" \/>\n\t<meta property=\"og:image:height\" content=\"1271\" \/>\n\t<meta property=\"og:image:type\" content=\"image\/jpeg\" \/>\n<meta name=\"twitter:card\" content=\"summary_large_image\" \/>\n<meta name=\"twitter:label1\" content=\"Dur\u00e9e de lecture estim\u00e9e\" \/>\n\t<meta name=\"twitter:data1\" content=\"1 minute\" \/>\n<script type=\"application\/ld+json\" class=\"yoast-schema-graph\">{\"@context\":\"https:\\\/\\\/schema.org\",\"@graph\":[{\"@type\":\"WebPage\",\"@id\":\"https:\\\/\\\/be-okay.be\\\/fr\\\/collection\\\/living\\\/fauteuils-relax\\\/\",\"url\":\"https:\\\/\\\/be-okay.be\\\/fr\\\/collection\\\/living\\\/fauteuils-relax\\\/\",\"name\":\"Fauteuils relax - BE-Okay\",\"isPartOf\":{\"@id\":\"https:\\\/\\\/be-okay.be\\\/fr\\\/#website\"},\"primaryImageOfPage\":{\"@id\":\"https:\\\/\\\/be-okay.be\\\/fr\\\/collection\\\/living\\\/fauteuils-relax\\\/#primaryimage\"},\"image\":{\"@id\":\"https:\\\/\\\/be-okay.be\\\/fr\\\/collection\\\/living\\\/fauteuils-relax\\\/#primaryimage\"},\"thumbnailUrl\":\"https:\\\/\\\/be-okay.be\\\/wp-content\\\/uploads\\\/2024\\\/01\\\/BE-OKAY_RELAXZETEL_PONTI_ZWART_DEZ-e1706692027102.jpg\",\"datePublished\":\"2021-09-16T12:53:55+00:00\",\"dateModified\":\"2023-02-20T11:12:25+00:00\",\"description\":\"Acheter un fauteuil relax adapt\u00e9 \u00e0 votre int\u00e9rieur ? Vous le trouverez chez BE-Okay. Venez les essayer dans notre salle d\u2019exposition ou consultez-les sur notre site web.\",\"breadcrumb\":{\"@id\":\"https:\\\/\\\/be-okay.be\\\/fr\\\/collection\\\/living\\\/fauteuils-relax\\\/#breadcrumb\"},\"inLanguage\":\"fr-FR\",\"potentialAction\":[{\"@type\":\"ReadAction\",\"target\":[\"https:\\\/\\\/be-okay.be\\\/fr\\\/collection\\\/living\\\/fauteuils-relax\\\/\"]}]},{\"@type\":\"ImageObject\",\"inLanguage\":\"fr-FR\",\"@id\":\"https:\\\/\\\/be-okay.be\\\/fr\\\/collection\\\/living\\\/fauteuils-relax\\\/#primaryimage\",\"url\":\"https:\\\/\\\/be-okay.be\\\/wp-content\\\/uploads\\\/2024\\\/01\\\/BE-OKAY_RELAXZETEL_PONTI_ZWART_DEZ-e1706692027102.jpg\",\"contentUrl\":\"https:\\\/\\\/be-okay.be\\\/wp-content\\\/uploads\\\/2024\\\/01\\\/BE-OKAY_RELAXZETEL_PONTI_ZWART_DEZ-e1706692027102.jpg\",\"width\":667,\"height\":1000},{\"@type\":\"BreadcrumbList\",\"@id\":\"https:\\\/\\\/be-okay.be\\\/fr\\\/collection\\\/living\\\/fauteuils-relax\\\/#breadcrumb\",\"itemListElement\":[{\"@type\":\"ListItem\",\"position\":1,\"name\":\"Collection\",\"item\":\"https:\\\/\\\/be-okay.be\\\/fr\\\/collection\\\/\"},{\"@type\":\"ListItem\",\"position\":2,\"name\":\"Living\",\"item\":\"https:\\\/\\\/be-okay.be\\\/fr\\\/collection\\\/living\\\/\"},{\"@type\":\"ListItem\",\"position\":3,\"name\":\"Fauteuils relax\"}]},{\"@type\":\"WebSite\",\"@id\":\"https:\\\/\\\/be-okay.be\\\/fr\\\/#website\",\"url\":\"https:\\\/\\\/be-okay.be\\\/fr\\\/\",\"name\":\"BE-Okay\",\"description\":\"Young living concept - meubelwinkel Deerlijk &amp; Moeskroen\",\"potentialAction\":[{\"@type\":\"SearchAction\",\"target\":{\"@type\":\"EntryPoint\",\"urlTemplate\":\"https:\\\/\\\/be-okay.be\\\/fr\\\/?s={search_term_string}\"},\"query-input\":{\"@type\":\"PropertyValueSpecification\",\"valueRequired\":true,\"valueName\":\"search_term_string\"}}],\"inLanguage\":\"fr-FR\"}]}<\/script>\n<!-- \/ Yoast SEO plugin. -->","yoast_head_json":{"title":"Fauteuils relax - BE-Okay","description":"Acheter un fauteuil relax adapt\u00e9 \u00e0 votre int\u00e9rieur ? Vous le trouverez chez BE-Okay. Venez les essayer dans notre salle d\u2019exposition ou consultez-les sur notre site web.","robots":{"index":"index","follow":"follow","max-snippet":"max-snippet:-1","max-image-preview":"max-image-preview:large","max-video-preview":"max-video-preview:-1"},"canonical":"https:\/\/be-okay.be\/fr\/collection\/living\/fauteuils-relax\/","og_locale":"fr_FR","og_type":"article","og_title":"Fauteuils relax - BE-Okay","og_description":"Acheter un fauteuil relax adapt\u00e9 \u00e0 votre int\u00e9rieur ? Vous le trouverez chez BE-Okay. Venez les essayer dans notre salle d\u2019exposition ou consultez-les sur notre site web.","og_url":"https:\/\/be-okay.be\/fr\/collection\/living\/fauteuils-relax\/","og_site_name":"BE-Okay","article_modified_time":"2023-02-20T11:12:25+00:00","og_image":[{"width":1000,"height":1271,"url":"http:\/\/be-okay.be\/wp-content\/uploads\/2022\/03\/WOONKAMER_Relaxzetel_Venus_Divani_6.2-e1659598884728.jpg","type":"image\/jpeg"}],"twitter_card":"summary_large_image","twitter_misc":{"Dur\u00e9e de lecture estim\u00e9e":"1 minute"},"schema":{"@context":"https:\/\/schema.org","@graph":[{"@type":"WebPage","@id":"https:\/\/be-okay.be\/fr\/collection\/living\/fauteuils-relax\/","url":"https:\/\/be-okay.be\/fr\/collection\/living\/fauteuils-relax\/","name":"Fauteuils relax - BE-Okay","isPartOf":{"@id":"https:\/\/be-okay.be\/fr\/#website"},"primaryImageOfPage":{"@id":"https:\/\/be-okay.be\/fr\/collection\/living\/fauteuils-relax\/#primaryimage"},"image":{"@id":"https:\/\/be-okay.be\/fr\/collection\/living\/fauteuils-relax\/#primaryimage"},"thumbnailUrl":"https:\/\/be-okay.be\/wp-content\/uploads\/2024\/01\/BE-OKAY_RELAXZETEL_PONTI_ZWART_DEZ-e1706692027102.jpg","datePublished":"2021-09-16T12:53:55+00:00","dateModified":"2023-02-20T11:12:25+00:00","description":"Acheter un fauteuil relax adapt\u00e9 \u00e0 votre int\u00e9rieur ? Vous le trouverez chez BE-Okay. Venez les essayer dans notre salle d\u2019exposition ou consultez-les sur notre site web.","breadcrumb":{"@id":"https:\/\/be-okay.be\/fr\/collection\/living\/fauteuils-relax\/#breadcrumb"},"inLanguage":"fr-FR","potentialAction":[{"@type":"ReadAction","target":["https:\/\/be-okay.be\/fr\/collection\/living\/fauteuils-relax\/"]}]},{"@type":"ImageObject","inLanguage":"fr-FR","@id":"https:\/\/be-okay.be\/fr\/collection\/living\/fauteuils-relax\/#primaryimage","url":"https:\/\/be-okay.be\/wp-content\/uploads\/2024\/01\/BE-OKAY_RELAXZETEL_PONTI_ZWART_DEZ-e1706692027102.jpg","contentUrl":"https:\/\/be-okay.be\/wp-content\/uploads\/2024\/01\/BE-OKAY_RELAXZETEL_PONTI_ZWART_DEZ-e1706692027102.jpg","width":667,"height":1000},{"@type":"BreadcrumbList","@id":"https:\/\/be-okay.be\/fr\/collection\/living\/fauteuils-relax\/#breadcrumb","itemListElement":[{"@type":"ListItem","position":1,"name":"Collection","item":"https:\/\/be-okay.be\/fr\/collection\/"},{"@type":"ListItem","position":2,"name":"Living","item":"https:\/\/be-okay.be\/fr\/collection\/living\/"},{"@type":"ListItem","position":3,"name":"Fauteuils relax"}]},{"@type":"WebSite","@id":"https:\/\/be-okay.be\/fr\/#website","url":"https:\/\/be-okay.be\/fr\/","name":"BE-Okay","description":"Young living concept - meubelwinkel Deerlijk &amp; Moeskroen","potentialAction":[{"@type":"SearchAction","target":{"@type":"EntryPoint","urlTemplate":"https:\/\/be-okay.be\/fr\/?s={search_term_string}"},"query-input":{"@type":"PropertyValueSpecification","valueRequired":true,"valueName":"search_term_string"}}],"inLanguage":"fr-FR"}]}},"_links":{"self":[{"href":"https:\/\/be-okay.be\/fr\/wp-json\/wp\/v2\/pages\/4810","targetHints":{"allow":["GET"]}}],"collection":[{"href":"https:\/\/be-okay.be\/fr\/wp-json\/wp\/v2\/pages"}],"about":[{"href":"https:\/\/be-okay.be\/fr\/wp-json\/wp\/v2\/types\/page"}],"author":[{"embeddable":true,"href":"https:\/\/be-okay.be\/fr\/wp-json\/wp\/v2\/users\/1"}],"replies":[{"embeddable":true,"href":"https:\/\/be-okay.be\/fr\/wp-json\/wp\/v2\/comments?post=4810"}],"version-history":[{"count":2,"href":"https:\/\/be-okay.be\/fr\/wp-json\/wp\/v2\/pages\/4810\/revisions"}],"predecessor-version":[{"id":4957,"href":"https:\/\/be-okay.be\/fr\/wp-json\/wp\/v2\/pages\/4810\/revisions\/4957"}],"up":[{"embeddable":true,"href":"https:\/\/be-okay.be\/fr\/wp-json\/wp\/v2\/pages\/4807"}],"wp:featuredmedia":[{"embeddable":true,"href":"https:\/\/be-okay.be\/fr\/wp-json\/wp\/v2\/media\/6412"}],"wp:attachment":[{"href":"https:\/\/be-okay.be\/fr\/wp-json\/wp\/v2\/media?parent=4810"}],"curies":[{"name":"wp","href":"https:\/\/api.w.org\/{rel}","templated":true}]}}