{"id":4812,"date":"2021-11-09T11:56:09","date_gmt":"2021-11-09T11:56:09","guid":{"rendered":"https:\/\/be-okay.be\/collectie\/woonkamer\/tv-meubelen\/"},"modified":"2025-03-12T12:02:24","modified_gmt":"2025-03-12T12:02:24","slug":"meubles-tv","status":"publish","type":"page","link":"https:\/\/be-okay.be\/fr\/collection\/living\/meubles-tv\/","title":{"rendered":"Meubles TV"},"content":{"rendered":"\n<h1 class=\"wp-block-heading has-text-align-center\">MEUBLES TV DE BE-OKAY<\/h1>\n\n\n\n<h2 class=\"wp-block-heading has-text-align-center\">Industriels, intemporels ou modernes&nbsp;? Large gamme de meubles TV<\/h2>\n\n\n\n<p class=\"has-text-align-center\">Dans de nombreux salons, la t\u00e9l\u00e9vision est la pi\u00e8ce ma\u00eetresse de la pi\u00e8ce. Mettez en \u00e9vidence votre t\u00e9l\u00e9viseur gr\u00e2ce \u00e0 l\u2019un de nos meubles TV. Vous pouvez choisir parmi de nombreux mod\u00e8les. Vous aimez le bois, vous pr\u00e9f\u00e9rez le style industriel ou plut\u00f4t le rustique&nbsp;? Les possibilit\u00e9s sont infinies.<\/p>\n\n\n\n<p class=\"has-text-align-center\">Un autre avantage d\u2019une belle armoire est l\u2019espace de rangement suppl\u00e9mentaire que vous gagnez. Vous pouvez y ranger vos jeux, c\u00e2bles, t\u00e9l\u00e9commandes et bien d\u2019autres choses encore de mani\u00e8re ordonn\u00e9e dans un des nombreux tiroirs ou espaces.<\/p>\n\n\n\n<p class=\"has-text-align-center\">D\u00e9couvrez notre gamme par vous-m\u00eame \u00e0 Deerlijk ou \u00e0 Mouscron.<\/p>\n\n\n\n<div class=\"wp-block-buttons is-layout-flex wp-block-buttons-is-layout-flex\">\n<div class=\"wp-block-button aligncenter\"><a class=\"wp-block-button__link wp-element-button\" href=\"https:\/\/be-okay.be\/fr\/contact\/\">CONSULTEZ NOS HEURES D\u2019OUVERTURE<\/a><\/div>\n<\/div>\n\n\n\n<div style=\"height:40px\" aria-hidden=\"true\" class=\"wp-block-spacer\"><\/div>\n\n\n\n<h2 class=\"wp-block-heading has-text-align-center\">Puisez votre inspiration dans nos meubles TV<\/h2>\n\n\n\n<figure class=\"wp-block-gallery has-nested-images columns-3 is-cropped wp-block-gallery-1 is-layout-flex wp-block-gallery-is-layout-flex\">\n<figure class=\"wp-block-image size-large\"><img decoding=\"async\" width=\"1500\" height=\"945\" data-id=\"4129\" data-src=\"https:\/\/be-okay.be\/wp-content\/uploads\/2022\/12\/BEOKAY_Woonkamer_TV-meubelen_Trentino_Evan_1.jpg\" alt=\"Ensemble mural chic en bois fonc\u00e9 avec un design moderne. Le meuble TV int\u00e8gre deux compartiments ferm\u00e9s, une niche ouverte au centre et un \u00e9clairage LED d\u2019ambiance dans les vitrines.\" class=\"wp-image-4129 lazyload\" data-srcset=\"https:\/\/be-okay.be\/wp-content\/uploads\/2022\/12\/BEOKAY_Woonkamer_TV-meubelen_Trentino_Evan_1.jpg 1500w, https:\/\/be-okay.be\/wp-content\/uploads\/2022\/12\/BEOKAY_Woonkamer_TV-meubelen_Trentino_Evan_1-300x189.jpg 300w, https:\/\/be-okay.be\/wp-content\/uploads\/2022\/12\/BEOKAY_Woonkamer_TV-meubelen_Trentino_Evan_1-768x484.jpg 768w\" data-sizes=\"(max-width: 1500px) 100vw, 1500px\" src=\"data:image\/svg+xml;base64,PHN2ZyB3aWR0aD0iMSIgaGVpZ2h0PSIxIiB4bWxucz0iaHR0cDovL3d3dy53My5vcmcvMjAwMC9zdmciPjwvc3ZnPg==\" style=\"--smush-placeholder-width: 1500px; --smush-placeholder-aspect-ratio: 1500\/945;\" \/><\/figure>\n\n\n\n<figure class=\"wp-block-image size-full\"><img decoding=\"async\" width=\"1080\" height=\"1080\" data-id=\"7134\" data-src=\"http:\/\/be-okay.be\/wp-content\/uploads\/2025\/03\/BEOKAY_Woonkamer_TV-meubel_Lago_Meubar.jpg\" alt=\"Meuble TV suspendu moderne en bois clair avec des angles arrondis. \u00c9quip\u00e9 de trois compartiments de rangement avec portes et d\u2019un syst\u00e8me d\u2019\u00e9tag\u00e8res suspendues ouvertes.\" class=\"wp-image-7134 lazyload\" data-srcset=\"https:\/\/be-okay.be\/wp-content\/uploads\/2025\/03\/BEOKAY_Woonkamer_TV-meubel_Lago_Meubar.jpg 1080w, https:\/\/be-okay.be\/wp-content\/uploads\/2025\/03\/BEOKAY_Woonkamer_TV-meubel_Lago_Meubar-300x300.jpg 300w, https:\/\/be-okay.be\/wp-content\/uploads\/2025\/03\/BEOKAY_Woonkamer_TV-meubel_Lago_Meubar-150x150.jpg 150w, https:\/\/be-okay.be\/wp-content\/uploads\/2025\/03\/BEOKAY_Woonkamer_TV-meubel_Lago_Meubar-768x768.jpg 768w\" data-sizes=\"(max-width: 1080px) 100vw, 1080px\" src=\"data:image\/svg+xml;base64,PHN2ZyB3aWR0aD0iMSIgaGVpZ2h0PSIxIiB4bWxucz0iaHR0cDovL3d3dy53My5vcmcvMjAwMC9zdmciPjwvc3ZnPg==\" style=\"--smush-placeholder-width: 1080px; --smush-placeholder-aspect-ratio: 1080\/1080;\" \/><\/figure>\n\n\n\n<figure class=\"wp-block-image size-full\"><img decoding=\"async\" width=\"1080\" height=\"1080\" data-id=\"7136\" data-src=\"http:\/\/be-okay.be\/wp-content\/uploads\/2025\/03\/BEOKAY_Woonkamer_TV-meubel_Lucca_Evan.jpg\" alt=\"Meuble TV \u00e9l\u00e9gant en teinte bois naturel, dot\u00e9 de deux portes et d\u2019une niche ouverte au centre, id\u00e9ale pour les \u00e9quipements multim\u00e9dias. Son design subtil apporte une touche chaleureuse.\" class=\"wp-image-7136 lazyload\" data-srcset=\"https:\/\/be-okay.be\/wp-content\/uploads\/2025\/03\/BEOKAY_Woonkamer_TV-meubel_Lucca_Evan.jpg 1080w, https:\/\/be-okay.be\/wp-content\/uploads\/2025\/03\/BEOKAY_Woonkamer_TV-meubel_Lucca_Evan-300x300.jpg 300w, https:\/\/be-okay.be\/wp-content\/uploads\/2025\/03\/BEOKAY_Woonkamer_TV-meubel_Lucca_Evan-150x150.jpg 150w, https:\/\/be-okay.be\/wp-content\/uploads\/2025\/03\/BEOKAY_Woonkamer_TV-meubel_Lucca_Evan-768x768.jpg 768w\" data-sizes=\"(max-width: 1080px) 100vw, 1080px\" src=\"data:image\/svg+xml;base64,PHN2ZyB3aWR0aD0iMSIgaGVpZ2h0PSIxIiB4bWxucz0iaHR0cDovL3d3dy53My5vcmcvMjAwMC9zdmciPjwvc3ZnPg==\" style=\"--smush-placeholder-width: 1080px; --smush-placeholder-aspect-ratio: 1080\/1080;\" \/><\/figure>\n\n\n\n<figure class=\"wp-block-image size-large\"><img decoding=\"async\" width=\"1000\" height=\"666\" data-id=\"1209\" data-src=\"https:\/\/be-okay.be\/wp-content\/uploads\/2022\/06\/WOONKAMER_TV-meubelen_Dunes_DEZ.jpg\" alt=\"\" class=\"wp-image-1209 lazyload\" data-srcset=\"https:\/\/be-okay.be\/wp-content\/uploads\/2022\/06\/WOONKAMER_TV-meubelen_Dunes_DEZ.jpg 1000w, https:\/\/be-okay.be\/wp-content\/uploads\/2022\/06\/WOONKAMER_TV-meubelen_Dunes_DEZ-300x200.jpg 300w, https:\/\/be-okay.be\/wp-content\/uploads\/2022\/06\/WOONKAMER_TV-meubelen_Dunes_DEZ-768x511.jpg 768w\" data-sizes=\"(max-width: 1000px) 100vw, 1000px\" src=\"data:image\/svg+xml;base64,PHN2ZyB3aWR0aD0iMSIgaGVpZ2h0PSIxIiB4bWxucz0iaHR0cDovL3d3dy53My5vcmcvMjAwMC9zdmciPjwvc3ZnPg==\" style=\"--smush-placeholder-width: 1000px; --smush-placeholder-aspect-ratio: 1000\/666;\" \/><\/figure>\n\n\n\n<figure class=\"wp-block-image size-large\"><img decoding=\"async\" width=\"1000\" height=\"707\" data-id=\"1211\" data-src=\"https:\/\/be-okay.be\/wp-content\/uploads\/2022\/06\/WOONKAMER_TV-meubelen_Tabu_DD_1.jpg\" alt=\"\" class=\"wp-image-1211 lazyload\" data-srcset=\"https:\/\/be-okay.be\/wp-content\/uploads\/2022\/06\/WOONKAMER_TV-meubelen_Tabu_DD_1.jpg 1000w, https:\/\/be-okay.be\/wp-content\/uploads\/2022\/06\/WOONKAMER_TV-meubelen_Tabu_DD_1-300x212.jpg 300w, https:\/\/be-okay.be\/wp-content\/uploads\/2022\/06\/WOONKAMER_TV-meubelen_Tabu_DD_1-768x543.jpg 768w\" data-sizes=\"(max-width: 1000px) 100vw, 1000px\" src=\"data:image\/svg+xml;base64,PHN2ZyB3aWR0aD0iMSIgaGVpZ2h0PSIxIiB4bWxucz0iaHR0cDovL3d3dy53My5vcmcvMjAwMC9zdmciPjwvc3ZnPg==\" style=\"--smush-placeholder-width: 1000px; --smush-placeholder-aspect-ratio: 1000\/707;\" \/><\/figure>\n\n\n\n<figure class=\"wp-block-image size-large\"><img decoding=\"async\" width=\"1000\" height=\"714\" data-id=\"1210\" data-src=\"https:\/\/be-okay.be\/wp-content\/uploads\/2022\/06\/WOONKAMER_TV-meubelen_Tabu_DD_2.jpg\" alt=\"\" class=\"wp-image-1210 lazyload\" data-srcset=\"https:\/\/be-okay.be\/wp-content\/uploads\/2022\/06\/WOONKAMER_TV-meubelen_Tabu_DD_2.jpg 1000w, https:\/\/be-okay.be\/wp-content\/uploads\/2022\/06\/WOONKAMER_TV-meubelen_Tabu_DD_2-300x214.jpg 300w, https:\/\/be-okay.be\/wp-content\/uploads\/2022\/06\/WOONKAMER_TV-meubelen_Tabu_DD_2-768x548.jpg 768w\" data-sizes=\"(max-width: 1000px) 100vw, 1000px\" src=\"data:image\/svg+xml;base64,PHN2ZyB3aWR0aD0iMSIgaGVpZ2h0PSIxIiB4bWxucz0iaHR0cDovL3d3dy53My5vcmcvMjAwMC9zdmciPjwvc3ZnPg==\" style=\"--smush-placeholder-width: 1000px; --smush-placeholder-aspect-ratio: 1000\/714;\" \/><\/figure>\n\n\n\n<figure class=\"wp-block-image size-full\"><img decoding=\"async\" width=\"1080\" height=\"1080\" data-id=\"7132\" data-src=\"http:\/\/be-okay.be\/wp-content\/uploads\/2025\/03\/BEOKAY_Woonkamer_TV-meubel_Natural_Meubar-1.jpg\" alt=\"Meuble TV minimaliste en bois clair avec des accents en m\u00e9tal noir. Il dispose de deux grands compartiments ferm\u00e9s et d\u2019un espace ouvert au centre, parfait pour la d\u00e9coration ou les appareils \u00e9lectroniques.\" class=\"wp-image-7132 lazyload\" data-srcset=\"https:\/\/be-okay.be\/wp-content\/uploads\/2025\/03\/BEOKAY_Woonkamer_TV-meubel_Natural_Meubar-1.jpg 1080w, https:\/\/be-okay.be\/wp-content\/uploads\/2025\/03\/BEOKAY_Woonkamer_TV-meubel_Natural_Meubar-1-300x300.jpg 300w, https:\/\/be-okay.be\/wp-content\/uploads\/2025\/03\/BEOKAY_Woonkamer_TV-meubel_Natural_Meubar-1-150x150.jpg 150w, https:\/\/be-okay.be\/wp-content\/uploads\/2025\/03\/BEOKAY_Woonkamer_TV-meubel_Natural_Meubar-1-768x768.jpg 768w\" data-sizes=\"(max-width: 1080px) 100vw, 1080px\" src=\"data:image\/svg+xml;base64,PHN2ZyB3aWR0aD0iMSIgaGVpZ2h0PSIxIiB4bWxucz0iaHR0cDovL3d3dy53My5vcmcvMjAwMC9zdmciPjwvc3ZnPg==\" style=\"--smush-placeholder-width: 1080px; --smush-placeholder-aspect-ratio: 1080\/1080;\" \/><\/figure>\n\n\n\n<figure class=\"wp-block-image size-full\"><img decoding=\"async\" width=\"1080\" height=\"1080\" data-id=\"7138\" data-src=\"http:\/\/be-okay.be\/wp-content\/uploads\/2025\/03\/BEOKAY_Woonkamer_TV-meubel_Patio_K468_Evan.jpg\" alt=\" Meuble TV classique avec une structure laqu\u00e9e blanche et un plateau en bois massif. Il est dot\u00e9 de deux portes coulissantes et d\u2019une niche centrale ouverte, id\u00e9ale pour les accessoires ou un bo\u00eetier multim\u00e9dia.\" class=\"wp-image-7138 lazyload\" data-srcset=\"https:\/\/be-okay.be\/wp-content\/uploads\/2025\/03\/BEOKAY_Woonkamer_TV-meubel_Patio_K468_Evan.jpg 1080w, https:\/\/be-okay.be\/wp-content\/uploads\/2025\/03\/BEOKAY_Woonkamer_TV-meubel_Patio_K468_Evan-300x300.jpg 300w, https:\/\/be-okay.be\/wp-content\/uploads\/2025\/03\/BEOKAY_Woonkamer_TV-meubel_Patio_K468_Evan-150x150.jpg 150w, https:\/\/be-okay.be\/wp-content\/uploads\/2025\/03\/BEOKAY_Woonkamer_TV-meubel_Patio_K468_Evan-768x768.jpg 768w\" data-sizes=\"(max-width: 1080px) 100vw, 1080px\" src=\"data:image\/svg+xml;base64,PHN2ZyB3aWR0aD0iMSIgaGVpZ2h0PSIxIiB4bWxucz0iaHR0cDovL3d3dy53My5vcmcvMjAwMC9zdmciPjwvc3ZnPg==\" style=\"--smush-placeholder-width: 1080px; --smush-placeholder-aspect-ratio: 1080\/1080;\" \/><\/figure>\n\n\n\n<figure class=\"wp-block-image size-full\"><img decoding=\"async\" width=\"1080\" height=\"1080\" data-id=\"7140\" data-src=\"http:\/\/be-okay.be\/wp-content\/uploads\/2025\/03\/BEOKAY_Woonkamer_TV-meubel_Patio_K674_Evan.jpg\" alt=\"Meuble TV robuste au style rustique, con\u00e7u en bois avec des d\u00e9tails noirs. Il comprend deux portes coulissantes et un large espace ouvert au centre pour une fonctionnalit\u00e9 optimale.\" class=\"wp-image-7140 lazyload\" data-srcset=\"https:\/\/be-okay.be\/wp-content\/uploads\/2025\/03\/BEOKAY_Woonkamer_TV-meubel_Patio_K674_Evan.jpg 1080w, https:\/\/be-okay.be\/wp-content\/uploads\/2025\/03\/BEOKAY_Woonkamer_TV-meubel_Patio_K674_Evan-300x300.jpg 300w, https:\/\/be-okay.be\/wp-content\/uploads\/2025\/03\/BEOKAY_Woonkamer_TV-meubel_Patio_K674_Evan-150x150.jpg 150w, https:\/\/be-okay.be\/wp-content\/uploads\/2025\/03\/BEOKAY_Woonkamer_TV-meubel_Patio_K674_Evan-768x768.jpg 768w\" data-sizes=\"(max-width: 1080px) 100vw, 1080px\" src=\"data:image\/svg+xml;base64,PHN2ZyB3aWR0aD0iMSIgaGVpZ2h0PSIxIiB4bWxucz0iaHR0cDovL3d3dy53My5vcmcvMjAwMC9zdmciPjwvc3ZnPg==\" style=\"--smush-placeholder-width: 1080px; --smush-placeholder-aspect-ratio: 1080\/1080;\" \/><\/figure>\n\n\n\n<figure class=\"wp-block-image size-full\"><img decoding=\"async\" width=\"1080\" height=\"1080\" data-id=\"7142\" data-src=\"http:\/\/be-okay.be\/wp-content\/uploads\/2025\/03\/BEOKAY_Woonkamer_TV-meubel_Veneto_Meubar.jpg\" alt=\"Meuble TV moderne et \u00e9pur\u00e9 avec un design enti\u00e8rement noir. Il est \u00e9quip\u00e9 de deux portes, d\u2019une large niche ouverte et d\u2019un pi\u00e8tement m\u00e9tallique discret pour une allure industrielle.\" class=\"wp-image-7142 lazyload\" data-srcset=\"https:\/\/be-okay.be\/wp-content\/uploads\/2025\/03\/BEOKAY_Woonkamer_TV-meubel_Veneto_Meubar.jpg 1080w, https:\/\/be-okay.be\/wp-content\/uploads\/2025\/03\/BEOKAY_Woonkamer_TV-meubel_Veneto_Meubar-300x300.jpg 300w, https:\/\/be-okay.be\/wp-content\/uploads\/2025\/03\/BEOKAY_Woonkamer_TV-meubel_Veneto_Meubar-150x150.jpg 150w, https:\/\/be-okay.be\/wp-content\/uploads\/2025\/03\/BEOKAY_Woonkamer_TV-meubel_Veneto_Meubar-768x768.jpg 768w\" data-sizes=\"(max-width: 1080px) 100vw, 1080px\" src=\"data:image\/svg+xml;base64,PHN2ZyB3aWR0aD0iMSIgaGVpZ2h0PSIxIiB4bWxucz0iaHR0cDovL3d3dy53My5vcmcvMjAwMC9zdmciPjwvc3ZnPg==\" style=\"--smush-placeholder-width: 1080px; --smush-placeholder-aspect-ratio: 1080\/1080;\" \/><\/figure>\n\n\n\n<figure class=\"wp-block-image size-full\"><img decoding=\"async\" width=\"1080\" height=\"1080\" data-id=\"7144\" data-src=\"http:\/\/be-okay.be\/wp-content\/uploads\/2025\/03\/BEOKAY_Woonkamer_TV-meubel_Volterra_1_Evan.jpg\" alt=\"Meuble TV \u00e9l\u00e9gant en bois clair avec une finition noire industrielle. Il dispose de deux portes, d\u2019une double niche ouverte et de pieds en m\u00e9tal pour un caract\u00e8re robuste.\" class=\"wp-image-7144 lazyload\" data-srcset=\"https:\/\/be-okay.be\/wp-content\/uploads\/2025\/03\/BEOKAY_Woonkamer_TV-meubel_Volterra_1_Evan.jpg 1080w, https:\/\/be-okay.be\/wp-content\/uploads\/2025\/03\/BEOKAY_Woonkamer_TV-meubel_Volterra_1_Evan-300x300.jpg 300w, https:\/\/be-okay.be\/wp-content\/uploads\/2025\/03\/BEOKAY_Woonkamer_TV-meubel_Volterra_1_Evan-150x150.jpg 150w, https:\/\/be-okay.be\/wp-content\/uploads\/2025\/03\/BEOKAY_Woonkamer_TV-meubel_Volterra_1_Evan-768x768.jpg 768w\" data-sizes=\"(max-width: 1080px) 100vw, 1080px\" src=\"data:image\/svg+xml;base64,PHN2ZyB3aWR0aD0iMSIgaGVpZ2h0PSIxIiB4bWxucz0iaHR0cDovL3d3dy53My5vcmcvMjAwMC9zdmciPjwvc3ZnPg==\" style=\"--smush-placeholder-width: 1080px; --smush-placeholder-aspect-ratio: 1080\/1080;\" \/><\/figure>\n\n\n\n<figure class=\"wp-block-image size-full\"><img decoding=\"async\" width=\"1080\" height=\"1080\" data-id=\"7146\" data-src=\"http:\/\/be-okay.be\/wp-content\/uploads\/2025\/03\/BEOKAY_Woonkamer_TV-meubel_Volterra_2_Evan.jpg\" alt=\"Meuble TV moderne en bois aux teintes chaleureuses avec des accents noirs. Il comprend trois grands tiroirs et une niche centrale ouverte, alliant style et fonctionnalit\u00e9.\" class=\"wp-image-7146 lazyload\" data-srcset=\"https:\/\/be-okay.be\/wp-content\/uploads\/2025\/03\/BEOKAY_Woonkamer_TV-meubel_Volterra_2_Evan.jpg 1080w, https:\/\/be-okay.be\/wp-content\/uploads\/2025\/03\/BEOKAY_Woonkamer_TV-meubel_Volterra_2_Evan-300x300.jpg 300w, https:\/\/be-okay.be\/wp-content\/uploads\/2025\/03\/BEOKAY_Woonkamer_TV-meubel_Volterra_2_Evan-150x150.jpg 150w, https:\/\/be-okay.be\/wp-content\/uploads\/2025\/03\/BEOKAY_Woonkamer_TV-meubel_Volterra_2_Evan-768x768.jpg 768w\" data-sizes=\"(max-width: 1080px) 100vw, 1080px\" src=\"data:image\/svg+xml;base64,PHN2ZyB3aWR0aD0iMSIgaGVpZ2h0PSIxIiB4bWxucz0iaHR0cDovL3d3dy53My5vcmcvMjAwMC9zdmciPjwvc3ZnPg==\" style=\"--smush-placeholder-width: 1080px; --smush-placeholder-aspect-ratio: 1080\/1080;\" \/><\/figure>\n<\/figure>\n\n\n\n<p><\/p>\n","protected":false},"excerpt":{"rendered":"<p>MEUBLES TV DE BE-OKAY Industriels, intemporels ou modernes&nbsp;? Large gamme de meubles TV Dans de nombreux salons, la t\u00e9l\u00e9vision est la pi\u00e8ce ma\u00eetresse de la pi\u00e8ce. Mettez en \u00e9vidence votre t\u00e9l\u00e9viseur gr\u00e2ce \u00e0 l\u2019un de nos meubles TV. Vous pouvez choisir parmi de nombreux mod\u00e8les. Vous aimez le bois, vous pr\u00e9f\u00e9rez le style industriel ou [&hellip;]<\/p>\n","protected":false},"author":2,"featured_media":7136,"parent":4807,"menu_order":5,"comment_status":"closed","ping_status":"closed","template":"template_collectie_single.php","meta":{"_acf_changed":false,"footnotes":""},"class_list":["post-4812","page","type-page","status-publish","has-post-thumbnail","hentry"],"acf":[],"yoast_head":"<!-- This site is optimized with the Yoast SEO plugin v27.4 - https:\/\/yoast.com\/product\/yoast-seo-wordpress\/ -->\n<title>Meubles TV | Armoires TV | BE-Okay Deerlijk &amp; Mouscron<\/title>\n<meta name=\"description\" content=\"Meubles TV de style rustique, industriel et moderne. Vous trouverez toutes sortes de meubles TV chez BE-Okay \u00e0 Deerlijk et Mouscron.\" \/>\n<meta name=\"robots\" content=\"index, follow, max-snippet:-1, max-image-preview:large, max-video-preview:-1\" \/>\n<link rel=\"canonical\" href=\"https:\/\/be-okay.be\/fr\/collection\/living\/meubles-tv\/\" \/>\n<meta property=\"og:locale\" content=\"fr_FR\" \/>\n<meta property=\"og:type\" content=\"article\" \/>\n<meta property=\"og:title\" content=\"Meubles TV | Armoires TV | BE-Okay Deerlijk &amp; Mouscron\" \/>\n<meta property=\"og:description\" content=\"Meubles TV de style rustique, industriel et moderne. Vous trouverez toutes sortes de meubles TV chez BE-Okay \u00e0 Deerlijk et Mouscron.\" \/>\n<meta property=\"og:url\" content=\"https:\/\/be-okay.be\/fr\/collection\/living\/meubles-tv\/\" \/>\n<meta property=\"og:site_name\" content=\"BE-Okay\" \/>\n<meta property=\"article:modified_time\" content=\"2025-03-12T12:02:24+00:00\" \/>\n<meta property=\"og:image\" content=\"http:\/\/be-okay.be\/wp-content\/uploads\/2025\/03\/BEOKAY_Woonkamer_TV-meubel_Natural_Meubar_2.jpg\" \/>\n\t<meta property=\"og:image:width\" content=\"1080\" \/>\n\t<meta property=\"og:image:height\" content=\"1080\" \/>\n\t<meta property=\"og:image:type\" content=\"image\/jpeg\" \/>\n<meta name=\"twitter:card\" content=\"summary_large_image\" \/>\n<meta name=\"twitter:label1\" content=\"Dur\u00e9e de lecture estim\u00e9e\" \/>\n\t<meta name=\"twitter:data1\" content=\"4 minutes\" \/>\n<script type=\"application\/ld+json\" class=\"yoast-schema-graph\">{\"@context\":\"https:\\\/\\\/schema.org\",\"@graph\":[{\"@type\":\"WebPage\",\"@id\":\"https:\\\/\\\/be-okay.be\\\/fr\\\/collection\\\/living\\\/meubles-tv\\\/\",\"url\":\"https:\\\/\\\/be-okay.be\\\/fr\\\/collection\\\/living\\\/meubles-tv\\\/\",\"name\":\"Meubles TV | Armoires TV | BE-Okay Deerlijk & Mouscron\",\"isPartOf\":{\"@id\":\"https:\\\/\\\/be-okay.be\\\/fr\\\/#website\"},\"primaryImageOfPage\":{\"@id\":\"https:\\\/\\\/be-okay.be\\\/fr\\\/collection\\\/living\\\/meubles-tv\\\/#primaryimage\"},\"image\":{\"@id\":\"https:\\\/\\\/be-okay.be\\\/fr\\\/collection\\\/living\\\/meubles-tv\\\/#primaryimage\"},\"thumbnailUrl\":\"https:\\\/\\\/be-okay.be\\\/wp-content\\\/uploads\\\/2025\\\/03\\\/BEOKAY_Woonkamer_TV-meubel_Lucca_Evan.jpg\",\"datePublished\":\"2021-11-09T11:56:09+00:00\",\"dateModified\":\"2025-03-12T12:02:24+00:00\",\"description\":\"Meubles TV de style rustique, industriel et moderne. Vous trouverez toutes sortes de meubles TV chez BE-Okay \u00e0 Deerlijk et Mouscron.\",\"breadcrumb\":{\"@id\":\"https:\\\/\\\/be-okay.be\\\/fr\\\/collection\\\/living\\\/meubles-tv\\\/#breadcrumb\"},\"inLanguage\":\"fr-FR\",\"potentialAction\":[{\"@type\":\"ReadAction\",\"target\":[\"https:\\\/\\\/be-okay.be\\\/fr\\\/collection\\\/living\\\/meubles-tv\\\/\"]}]},{\"@type\":\"ImageObject\",\"inLanguage\":\"fr-FR\",\"@id\":\"https:\\\/\\\/be-okay.be\\\/fr\\\/collection\\\/living\\\/meubles-tv\\\/#primaryimage\",\"url\":\"https:\\\/\\\/be-okay.be\\\/wp-content\\\/uploads\\\/2025\\\/03\\\/BEOKAY_Woonkamer_TV-meubel_Lucca_Evan.jpg\",\"contentUrl\":\"https:\\\/\\\/be-okay.be\\\/wp-content\\\/uploads\\\/2025\\\/03\\\/BEOKAY_Woonkamer_TV-meubel_Lucca_Evan.jpg\",\"width\":1080,\"height\":1080},{\"@type\":\"BreadcrumbList\",\"@id\":\"https:\\\/\\\/be-okay.be\\\/fr\\\/collection\\\/living\\\/meubles-tv\\\/#breadcrumb\",\"itemListElement\":[{\"@type\":\"ListItem\",\"position\":1,\"name\":\"Collection\",\"item\":\"https:\\\/\\\/be-okay.be\\\/fr\\\/collection\\\/\"},{\"@type\":\"ListItem\",\"position\":2,\"name\":\"Living\",\"item\":\"https:\\\/\\\/be-okay.be\\\/fr\\\/collection\\\/living\\\/\"},{\"@type\":\"ListItem\",\"position\":3,\"name\":\"Meubles TV\"}]},{\"@type\":\"WebSite\",\"@id\":\"https:\\\/\\\/be-okay.be\\\/fr\\\/#website\",\"url\":\"https:\\\/\\\/be-okay.be\\\/fr\\\/\",\"name\":\"BE-Okay\",\"description\":\"Young living concept - meubelwinkel Deerlijk &amp; Moeskroen\",\"potentialAction\":[{\"@type\":\"SearchAction\",\"target\":{\"@type\":\"EntryPoint\",\"urlTemplate\":\"https:\\\/\\\/be-okay.be\\\/fr\\\/?s={search_term_string}\"},\"query-input\":{\"@type\":\"PropertyValueSpecification\",\"valueRequired\":true,\"valueName\":\"search_term_string\"}}],\"inLanguage\":\"fr-FR\"}]}<\/script>\n<!-- \/ Yoast SEO plugin. -->","yoast_head_json":{"title":"Meubles TV | Armoires TV | BE-Okay Deerlijk & Mouscron","description":"Meubles TV de style rustique, industriel et moderne. Vous trouverez toutes sortes de meubles TV chez BE-Okay \u00e0 Deerlijk et Mouscron.","robots":{"index":"index","follow":"follow","max-snippet":"max-snippet:-1","max-image-preview":"max-image-preview:large","max-video-preview":"max-video-preview:-1"},"canonical":"https:\/\/be-okay.be\/fr\/collection\/living\/meubles-tv\/","og_locale":"fr_FR","og_type":"article","og_title":"Meubles TV | Armoires TV | BE-Okay Deerlijk & Mouscron","og_description":"Meubles TV de style rustique, industriel et moderne. Vous trouverez toutes sortes de meubles TV chez BE-Okay \u00e0 Deerlijk et Mouscron.","og_url":"https:\/\/be-okay.be\/fr\/collection\/living\/meubles-tv\/","og_site_name":"BE-Okay","article_modified_time":"2025-03-12T12:02:24+00:00","og_image":[{"width":1080,"height":1080,"url":"http:\/\/be-okay.be\/wp-content\/uploads\/2025\/03\/BEOKAY_Woonkamer_TV-meubel_Natural_Meubar_2.jpg","type":"image\/jpeg"}],"twitter_card":"summary_large_image","twitter_misc":{"Dur\u00e9e de lecture estim\u00e9e":"4 minutes"},"schema":{"@context":"https:\/\/schema.org","@graph":[{"@type":"WebPage","@id":"https:\/\/be-okay.be\/fr\/collection\/living\/meubles-tv\/","url":"https:\/\/be-okay.be\/fr\/collection\/living\/meubles-tv\/","name":"Meubles TV | Armoires TV | BE-Okay Deerlijk & Mouscron","isPartOf":{"@id":"https:\/\/be-okay.be\/fr\/#website"},"primaryImageOfPage":{"@id":"https:\/\/be-okay.be\/fr\/collection\/living\/meubles-tv\/#primaryimage"},"image":{"@id":"https:\/\/be-okay.be\/fr\/collection\/living\/meubles-tv\/#primaryimage"},"thumbnailUrl":"https:\/\/be-okay.be\/wp-content\/uploads\/2025\/03\/BEOKAY_Woonkamer_TV-meubel_Lucca_Evan.jpg","datePublished":"2021-11-09T11:56:09+00:00","dateModified":"2025-03-12T12:02:24+00:00","description":"Meubles TV de style rustique, industriel et moderne. Vous trouverez toutes sortes de meubles TV chez BE-Okay \u00e0 Deerlijk et Mouscron.","breadcrumb":{"@id":"https:\/\/be-okay.be\/fr\/collection\/living\/meubles-tv\/#breadcrumb"},"inLanguage":"fr-FR","potentialAction":[{"@type":"ReadAction","target":["https:\/\/be-okay.be\/fr\/collection\/living\/meubles-tv\/"]}]},{"@type":"ImageObject","inLanguage":"fr-FR","@id":"https:\/\/be-okay.be\/fr\/collection\/living\/meubles-tv\/#primaryimage","url":"https:\/\/be-okay.be\/wp-content\/uploads\/2025\/03\/BEOKAY_Woonkamer_TV-meubel_Lucca_Evan.jpg","contentUrl":"https:\/\/be-okay.be\/wp-content\/uploads\/2025\/03\/BEOKAY_Woonkamer_TV-meubel_Lucca_Evan.jpg","width":1080,"height":1080},{"@type":"BreadcrumbList","@id":"https:\/\/be-okay.be\/fr\/collection\/living\/meubles-tv\/#breadcrumb","itemListElement":[{"@type":"ListItem","position":1,"name":"Collection","item":"https:\/\/be-okay.be\/fr\/collection\/"},{"@type":"ListItem","position":2,"name":"Living","item":"https:\/\/be-okay.be\/fr\/collection\/living\/"},{"@type":"ListItem","position":3,"name":"Meubles TV"}]},{"@type":"WebSite","@id":"https:\/\/be-okay.be\/fr\/#website","url":"https:\/\/be-okay.be\/fr\/","name":"BE-Okay","description":"Young living concept - meubelwinkel Deerlijk &amp; Moeskroen","potentialAction":[{"@type":"SearchAction","target":{"@type":"EntryPoint","urlTemplate":"https:\/\/be-okay.be\/fr\/?s={search_term_string}"},"query-input":{"@type":"PropertyValueSpecification","valueRequired":true,"valueName":"search_term_string"}}],"inLanguage":"fr-FR"}]}},"_links":{"self":[{"href":"https:\/\/be-okay.be\/fr\/wp-json\/wp\/v2\/pages\/4812","targetHints":{"allow":["GET"]}}],"collection":[{"href":"https:\/\/be-okay.be\/fr\/wp-json\/wp\/v2\/pages"}],"about":[{"href":"https:\/\/be-okay.be\/fr\/wp-json\/wp\/v2\/types\/page"}],"author":[{"embeddable":true,"href":"https:\/\/be-okay.be\/fr\/wp-json\/wp\/v2\/users\/2"}],"replies":[{"embeddable":true,"href":"https:\/\/be-okay.be\/fr\/wp-json\/wp\/v2\/comments?post=4812"}],"version-history":[{"count":5,"href":"https:\/\/be-okay.be\/fr\/wp-json\/wp\/v2\/pages\/4812\/revisions"}],"predecessor-version":[{"id":7155,"href":"https:\/\/be-okay.be\/fr\/wp-json\/wp\/v2\/pages\/4812\/revisions\/7155"}],"up":[{"embeddable":true,"href":"https:\/\/be-okay.be\/fr\/wp-json\/wp\/v2\/pages\/4807"}],"wp:featuredmedia":[{"embeddable":true,"href":"https:\/\/be-okay.be\/fr\/wp-json\/wp\/v2\/media\/7136"}],"wp:attachment":[{"href":"https:\/\/be-okay.be\/fr\/wp-json\/wp\/v2\/media?parent=4812"}],"curies":[{"name":"wp","href":"https:\/\/api.w.org\/{rel}","templated":true}]}}