{"id":4814,"date":"2021-11-09T11:55:02","date_gmt":"2021-11-09T11:55:02","guid":{"rendered":"https:\/\/be-okay.be\/collectie\/woonkamer\/vitrinekasten\/"},"modified":"2025-03-12T13:39:17","modified_gmt":"2025-03-12T13:39:17","slug":"vitrines","status":"publish","type":"page","link":"https:\/\/be-okay.be\/fr\/collection\/living\/vitrines\/","title":{"rendered":"Vitrines"},"content":{"rendered":"\n<h1 class=\"wp-block-heading has-text-align-center\">MONTREZ VOTRE PERSONNALIT\u00c9 AVEC UNE VITRINE<\/h1>\n\n\n\n<h2 class=\"wp-block-heading has-text-align-center\">Des vitrines pour tous les styles d\u2019int\u00e9rieur<\/h2>\n\n\n\n<p class=\"has-text-align-center\">La vitrine et<a href=\"https:\/\/be-okay.be\/fr\/collection\/living\/armoires-murales\/\"> l\u2019armoire murale<\/a> ont une chose en commun&nbsp;: un grand espace de rangement. La diff\u00e9rence&nbsp;? Une vitrine d\u00e9voile une partie de votre personnalit\u00e9. En donnant \u00e0 votre collection de livres ou de disques, \u00e0 votre collection de photos ou \u00e0 vos souvenirs de voyage une place de choix dans la pi\u00e8ce, vous r\u00e9v\u00e9lez \u00e0 vos visiteurs une partie de votre personnalit\u00e9. Pr\u00e9f\u00e9rez-vous l\u2019\u00e9l\u00e9gance du noir ou la rusticit\u00e9 du bois ? Un mod\u00e8le horizontal ou vertical&nbsp;? Vous pouvez comparer tous les mod\u00e8les chez BE-Okay \u00e0 Deerlijk et \u00e0 Mouscron.<\/p>\n\n\n\n<div class=\"wp-block-buttons is-content-justification-center is-layout-flex wp-container-core-buttons-is-layout-16018d1d wp-block-buttons-is-layout-flex\">\n<div class=\"wp-block-button\"><a class=\"wp-block-button__link wp-element-button\" href=\"https:\/\/be-okay.be\/fr\/contact\/\">CONSULTEZ LES HEURES D\u2019OUVERTURE<\/a><\/div>\n<\/div>\n\n\n\n<div style=\"height:40px\" aria-hidden=\"true\" class=\"wp-block-spacer\"><\/div>\n\n\n\n<h2 class=\"wp-block-heading\">Puisez de l&rsquo;inspiration dans nos vitrines<\/h2>\n\n\n\n<figure class=\"wp-block-gallery has-nested-images columns-default is-cropped wp-block-gallery-1 is-layout-flex wp-block-gallery-is-layout-flex\">\n<figure class=\"wp-block-image size-full\"><img decoding=\"async\" width=\"1080\" height=\"1080\" data-id=\"7164\" data-src=\"http:\/\/be-okay.be\/wp-content\/uploads\/2025\/03\/BEOKAY_Woonkamer_Vitrinekast_Lucca_Evan.jpg\" alt=\"Grande vitrine en bois clair avec quatre portes vitr\u00e9es et quatre compartiments de rangement ferm\u00e9s. \u00c9quip\u00e9e d\u2019un \u00e9clairage LED int\u00e9gr\u00e9 pour une ambiance chaleureuse.\" class=\"wp-image-7164 lazyload\" data-srcset=\"https:\/\/be-okay.be\/wp-content\/uploads\/2025\/03\/BEOKAY_Woonkamer_Vitrinekast_Lucca_Evan.jpg 1080w, https:\/\/be-okay.be\/wp-content\/uploads\/2025\/03\/BEOKAY_Woonkamer_Vitrinekast_Lucca_Evan-300x300.jpg 300w, https:\/\/be-okay.be\/wp-content\/uploads\/2025\/03\/BEOKAY_Woonkamer_Vitrinekast_Lucca_Evan-150x150.jpg 150w, https:\/\/be-okay.be\/wp-content\/uploads\/2025\/03\/BEOKAY_Woonkamer_Vitrinekast_Lucca_Evan-768x768.jpg 768w\" data-sizes=\"(max-width: 1080px) 100vw, 1080px\" src=\"data:image\/svg+xml;base64,PHN2ZyB3aWR0aD0iMSIgaGVpZ2h0PSIxIiB4bWxucz0iaHR0cDovL3d3dy53My5vcmcvMjAwMC9zdmciPjwvc3ZnPg==\" style=\"--smush-placeholder-width: 1080px; --smush-placeholder-aspect-ratio: 1080\/1080;\" \/><\/figure>\n\n\n\n<figure class=\"wp-block-image size-full\"><img decoding=\"async\" width=\"1080\" height=\"1080\" data-id=\"7179\" data-src=\"http:\/\/be-okay.be\/wp-content\/uploads\/2025\/03\/BEOKAY_Woonkamer_Vitrinekast_York_K550_Meubar.jpg\" alt=\"Vitrine industrielle en bois et m\u00e9tal noir au design audacieux. Elle dispose de deux portes vitr\u00e9es coulissantes, de trois \u00e9tag\u00e8res et d\u2019un compartiment ferm\u00e9 en bas pour un rangement optimal.\" class=\"wp-image-7179 lazyload\" data-srcset=\"https:\/\/be-okay.be\/wp-content\/uploads\/2025\/03\/BEOKAY_Woonkamer_Vitrinekast_York_K550_Meubar.jpg 1080w, https:\/\/be-okay.be\/wp-content\/uploads\/2025\/03\/BEOKAY_Woonkamer_Vitrinekast_York_K550_Meubar-300x300.jpg 300w, https:\/\/be-okay.be\/wp-content\/uploads\/2025\/03\/BEOKAY_Woonkamer_Vitrinekast_York_K550_Meubar-150x150.jpg 150w, https:\/\/be-okay.be\/wp-content\/uploads\/2025\/03\/BEOKAY_Woonkamer_Vitrinekast_York_K550_Meubar-768x768.jpg 768w\" data-sizes=\"(max-width: 1080px) 100vw, 1080px\" src=\"data:image\/svg+xml;base64,PHN2ZyB3aWR0aD0iMSIgaGVpZ2h0PSIxIiB4bWxucz0iaHR0cDovL3d3dy53My5vcmcvMjAwMC9zdmciPjwvc3ZnPg==\" style=\"--smush-placeholder-width: 1080px; --smush-placeholder-aspect-ratio: 1080\/1080;\" \/><\/figure>\n\n\n\n<figure class=\"wp-block-image size-full\"><img decoding=\"async\" width=\"1080\" height=\"1080\" data-id=\"7174\" data-src=\"http:\/\/be-okay.be\/wp-content\/uploads\/2025\/03\/BEOKAY_Woonkamer_Vitrinekast_York_2_K550_Meubar.jpg\" alt=\"Vitrine industrielle en bois aux teintes chaleureuses avec un cadre en m\u00e9tal noir. \u00c9quip\u00e9e de deux portes vitr\u00e9es coulissantes, de trois \u00e9tag\u00e8res et d\u2019un \u00e9clairage LED d\u2019ambiance.\" class=\"wp-image-7174 lazyload\" data-srcset=\"https:\/\/be-okay.be\/wp-content\/uploads\/2025\/03\/BEOKAY_Woonkamer_Vitrinekast_York_2_K550_Meubar.jpg 1080w, https:\/\/be-okay.be\/wp-content\/uploads\/2025\/03\/BEOKAY_Woonkamer_Vitrinekast_York_2_K550_Meubar-300x300.jpg 300w, https:\/\/be-okay.be\/wp-content\/uploads\/2025\/03\/BEOKAY_Woonkamer_Vitrinekast_York_2_K550_Meubar-150x150.jpg 150w, https:\/\/be-okay.be\/wp-content\/uploads\/2025\/03\/BEOKAY_Woonkamer_Vitrinekast_York_2_K550_Meubar-768x768.jpg 768w\" data-sizes=\"(max-width: 1080px) 100vw, 1080px\" src=\"data:image\/svg+xml;base64,PHN2ZyB3aWR0aD0iMSIgaGVpZ2h0PSIxIiB4bWxucz0iaHR0cDovL3d3dy53My5vcmcvMjAwMC9zdmciPjwvc3ZnPg==\" style=\"--smush-placeholder-width: 1080px; --smush-placeholder-aspect-ratio: 1080\/1080;\" \/><\/figure>\n\n\n\n<figure class=\"wp-block-image size-full\"><img decoding=\"async\" width=\"1080\" height=\"1080\" data-id=\"7168\" data-src=\"http:\/\/be-okay.be\/wp-content\/uploads\/2025\/03\/BEOKAY_Woonkamer_Vitrinekast_Patio_K468_Evan.jpg\" alt=\" Vitrine \u00e9l\u00e9gante en blanc avec un plateau en bois. Elle dispose de deux portes coulissantes, de trois \u00e9tag\u00e8res en verre et de deux compartiments de rangement ferm\u00e9s en bas.\" class=\"wp-image-7168 lazyload\" data-srcset=\"https:\/\/be-okay.be\/wp-content\/uploads\/2025\/03\/BEOKAY_Woonkamer_Vitrinekast_Patio_K468_Evan.jpg 1080w, https:\/\/be-okay.be\/wp-content\/uploads\/2025\/03\/BEOKAY_Woonkamer_Vitrinekast_Patio_K468_Evan-300x300.jpg 300w, https:\/\/be-okay.be\/wp-content\/uploads\/2025\/03\/BEOKAY_Woonkamer_Vitrinekast_Patio_K468_Evan-150x150.jpg 150w, https:\/\/be-okay.be\/wp-content\/uploads\/2025\/03\/BEOKAY_Woonkamer_Vitrinekast_Patio_K468_Evan-768x768.jpg 768w\" data-sizes=\"(max-width: 1080px) 100vw, 1080px\" src=\"data:image\/svg+xml;base64,PHN2ZyB3aWR0aD0iMSIgaGVpZ2h0PSIxIiB4bWxucz0iaHR0cDovL3d3dy53My5vcmcvMjAwMC9zdmciPjwvc3ZnPg==\" style=\"--smush-placeholder-width: 1080px; --smush-placeholder-aspect-ratio: 1080\/1080;\" \/><\/figure>\n\n\n\n<figure class=\"wp-block-image size-full\"><img decoding=\"async\" width=\"1080\" height=\"1080\" data-id=\"7176\" data-src=\"http:\/\/be-okay.be\/wp-content\/uploads\/2025\/03\/BEOKAY_Woonkamer_Vitrinekast_York_K467_Meubar.jpg\" alt=\"Vitrine de style champ\u00eatre en blanc avec deux portes vitr\u00e9es, trois \u00e9tag\u00e8res en verre et un compartiment de rangement ferm\u00e9 avec deux portes coulissantes en bas. \u00c0 la fois \u00e9l\u00e9gante et fonctionnelle.\" class=\"wp-image-7176 lazyload\" data-srcset=\"https:\/\/be-okay.be\/wp-content\/uploads\/2025\/03\/BEOKAY_Woonkamer_Vitrinekast_York_K467_Meubar.jpg 1080w, https:\/\/be-okay.be\/wp-content\/uploads\/2025\/03\/BEOKAY_Woonkamer_Vitrinekast_York_K467_Meubar-300x300.jpg 300w, https:\/\/be-okay.be\/wp-content\/uploads\/2025\/03\/BEOKAY_Woonkamer_Vitrinekast_York_K467_Meubar-150x150.jpg 150w, https:\/\/be-okay.be\/wp-content\/uploads\/2025\/03\/BEOKAY_Woonkamer_Vitrinekast_York_K467_Meubar-768x768.jpg 768w\" data-sizes=\"(max-width: 1080px) 100vw, 1080px\" src=\"data:image\/svg+xml;base64,PHN2ZyB3aWR0aD0iMSIgaGVpZ2h0PSIxIiB4bWxucz0iaHR0cDovL3d3dy53My5vcmcvMjAwMC9zdmciPjwvc3ZnPg==\" style=\"--smush-placeholder-width: 1080px; --smush-placeholder-aspect-ratio: 1080\/1080;\" \/><\/figure>\n\n\n\n<figure class=\"wp-block-image size-full\"><img decoding=\"async\" width=\"1080\" height=\"1080\" data-id=\"7172\" data-src=\"http:\/\/be-okay.be\/wp-content\/uploads\/2025\/03\/BEOKAY_Woonkamer_Vitrinekast_York_2_K467_Meubar.jpg\" alt=\"Vitrine au style campagnard, en blanc avec un plateau en bois naturel. Elle comprend deux portes vitr\u00e9es, trois \u00e9tag\u00e8res en verre et deux compartiments ferm\u00e9s pour un espace de rangement suppl\u00e9mentaire.\" class=\"wp-image-7172 lazyload\" data-srcset=\"https:\/\/be-okay.be\/wp-content\/uploads\/2025\/03\/BEOKAY_Woonkamer_Vitrinekast_York_2_K467_Meubar.jpg 1080w, https:\/\/be-okay.be\/wp-content\/uploads\/2025\/03\/BEOKAY_Woonkamer_Vitrinekast_York_2_K467_Meubar-300x300.jpg 300w, https:\/\/be-okay.be\/wp-content\/uploads\/2025\/03\/BEOKAY_Woonkamer_Vitrinekast_York_2_K467_Meubar-150x150.jpg 150w, https:\/\/be-okay.be\/wp-content\/uploads\/2025\/03\/BEOKAY_Woonkamer_Vitrinekast_York_2_K467_Meubar-768x768.jpg 768w\" data-sizes=\"(max-width: 1080px) 100vw, 1080px\" src=\"data:image\/svg+xml;base64,PHN2ZyB3aWR0aD0iMSIgaGVpZ2h0PSIxIiB4bWxucz0iaHR0cDovL3d3dy53My5vcmcvMjAwMC9zdmciPjwvc3ZnPg==\" style=\"--smush-placeholder-width: 1080px; --smush-placeholder-aspect-ratio: 1080\/1080;\" \/><\/figure>\n\n\n\n<figure class=\"wp-block-image size-full\"><img decoding=\"async\" width=\"1080\" height=\"1080\" data-id=\"7166\" data-src=\"http:\/\/be-okay.be\/wp-content\/uploads\/2025\/03\/BEOKAY_Woonkamer_Vitrinekast_Nubi_Dez.jpg\" alt=\"Vitrine classique en bois massif avec deux portes vitr\u00e9es, trois \u00e9tag\u00e8res en bois et deux tiroirs en bas. L\u2019\u00e9clairage LED met en valeur son contenu.\" class=\"wp-image-7166 lazyload\" data-srcset=\"https:\/\/be-okay.be\/wp-content\/uploads\/2025\/03\/BEOKAY_Woonkamer_Vitrinekast_Nubi_Dez.jpg 1080w, https:\/\/be-okay.be\/wp-content\/uploads\/2025\/03\/BEOKAY_Woonkamer_Vitrinekast_Nubi_Dez-300x300.jpg 300w, https:\/\/be-okay.be\/wp-content\/uploads\/2025\/03\/BEOKAY_Woonkamer_Vitrinekast_Nubi_Dez-150x150.jpg 150w, https:\/\/be-okay.be\/wp-content\/uploads\/2025\/03\/BEOKAY_Woonkamer_Vitrinekast_Nubi_Dez-768x768.jpg 768w\" data-sizes=\"(max-width: 1080px) 100vw, 1080px\" src=\"data:image\/svg+xml;base64,PHN2ZyB3aWR0aD0iMSIgaGVpZ2h0PSIxIiB4bWxucz0iaHR0cDovL3d3dy53My5vcmcvMjAwMC9zdmciPjwvc3ZnPg==\" style=\"--smush-placeholder-width: 1080px; --smush-placeholder-aspect-ratio: 1080\/1080;\" \/><\/figure>\n\n\n\n<figure class=\"wp-block-image size-large\"><img decoding=\"async\" width=\"1000\" height=\"906\" data-id=\"1929\" data-src=\"https:\/\/be-okay.be\/wp-content\/uploads\/2022\/07\/WOONKAMER_Vitrine_Lucca_Evan.jpg\" alt=\"\" class=\"wp-image-1929 lazyload\" data-srcset=\"https:\/\/be-okay.be\/wp-content\/uploads\/2022\/07\/WOONKAMER_Vitrine_Lucca_Evan.jpg 1000w, https:\/\/be-okay.be\/wp-content\/uploads\/2022\/07\/WOONKAMER_Vitrine_Lucca_Evan-300x272.jpg 300w, https:\/\/be-okay.be\/wp-content\/uploads\/2022\/07\/WOONKAMER_Vitrine_Lucca_Evan-768x696.jpg 768w\" data-sizes=\"(max-width: 1000px) 100vw, 1000px\" src=\"data:image\/svg+xml;base64,PHN2ZyB3aWR0aD0iMSIgaGVpZ2h0PSIxIiB4bWxucz0iaHR0cDovL3d3dy53My5vcmcvMjAwMC9zdmciPjwvc3ZnPg==\" style=\"--smush-placeholder-width: 1000px; --smush-placeholder-aspect-ratio: 1000\/906;\" \/><\/figure>\n\n\n\n<figure class=\"wp-block-image size-full\"><img decoding=\"async\" width=\"1080\" height=\"1080\" data-id=\"7170\" data-src=\"http:\/\/be-okay.be\/wp-content\/uploads\/2025\/03\/BEOKAY_Woonkamer_Vitrinekast_Patio_K674_Evan.jpg\" alt=\"Vitrine raffin\u00e9e dans une teinte bois rustique avec des accents noirs. Dot\u00e9e de deux portes coulissantes, de trois \u00e9tag\u00e8res en verre et d\u2019un grand espace de rangement inf\u00e9rieur.\" class=\"wp-image-7170 lazyload\" data-srcset=\"https:\/\/be-okay.be\/wp-content\/uploads\/2025\/03\/BEOKAY_Woonkamer_Vitrinekast_Patio_K674_Evan.jpg 1080w, https:\/\/be-okay.be\/wp-content\/uploads\/2025\/03\/BEOKAY_Woonkamer_Vitrinekast_Patio_K674_Evan-300x300.jpg 300w, https:\/\/be-okay.be\/wp-content\/uploads\/2025\/03\/BEOKAY_Woonkamer_Vitrinekast_Patio_K674_Evan-150x150.jpg 150w, https:\/\/be-okay.be\/wp-content\/uploads\/2025\/03\/BEOKAY_Woonkamer_Vitrinekast_Patio_K674_Evan-768x768.jpg 768w\" data-sizes=\"(max-width: 1080px) 100vw, 1080px\" src=\"data:image\/svg+xml;base64,PHN2ZyB3aWR0aD0iMSIgaGVpZ2h0PSIxIiB4bWxucz0iaHR0cDovL3d3dy53My5vcmcvMjAwMC9zdmciPjwvc3ZnPg==\" style=\"--smush-placeholder-width: 1080px; --smush-placeholder-aspect-ratio: 1080\/1080;\" \/><\/figure>\n<\/figure>\n","protected":false},"excerpt":{"rendered":"<p>MONTREZ VOTRE PERSONNALIT\u00c9 AVEC UNE VITRINE Des vitrines pour tous les styles d\u2019int\u00e9rieur La vitrine et l\u2019armoire murale ont une chose en commun&nbsp;: un grand espace de rangement. La diff\u00e9rence&nbsp;? Une vitrine d\u00e9voile une partie de votre personnalit\u00e9. En donnant \u00e0 votre collection de livres ou de disques, \u00e0 votre collection de photos ou \u00e0 [&hellip;]<\/p>\n","protected":false},"author":2,"featured_media":7170,"parent":4807,"menu_order":7,"comment_status":"closed","ping_status":"closed","template":"template_collectie_single.php","meta":{"_acf_changed":false,"footnotes":""},"class_list":["post-4814","page","type-page","status-publish","has-post-thumbnail","hentry"],"acf":[],"yoast_head":"<!-- This site is optimized with the Yoast SEO plugin v27.4 - https:\/\/yoast.com\/product\/yoast-seo-wordpress\/ -->\n<title>Vitrines | Buffet | Magasin de Meubles BE-Okay \u00e0 Mouscron<\/title>\n<meta name=\"description\" content=\"Vitrines et buffets d\u00e9clin\u00e9s en diff\u00e9rents styles : rustique, industriel ou moderne. D\u00e9couvrez les vitrines et buffets de BE-Okay.\" \/>\n<meta name=\"robots\" content=\"index, follow, max-snippet:-1, max-image-preview:large, max-video-preview:-1\" \/>\n<link rel=\"canonical\" href=\"https:\/\/be-okay.be\/fr\/collection\/living\/vitrines\/\" \/>\n<meta property=\"og:locale\" content=\"fr_FR\" \/>\n<meta property=\"og:type\" content=\"article\" \/>\n<meta property=\"og:title\" content=\"Vitrines | Buffet | Magasin de Meubles BE-Okay \u00e0 Mouscron\" \/>\n<meta property=\"og:description\" content=\"Vitrines et buffets d\u00e9clin\u00e9s en diff\u00e9rents styles : rustique, industriel ou moderne. D\u00e9couvrez les vitrines et buffets de BE-Okay.\" \/>\n<meta property=\"og:url\" content=\"https:\/\/be-okay.be\/fr\/collection\/living\/vitrines\/\" \/>\n<meta property=\"og:site_name\" content=\"BE-Okay\" \/>\n<meta property=\"article:modified_time\" content=\"2025-03-12T13:39:17+00:00\" \/>\n<meta property=\"og:image\" content=\"http:\/\/be-okay.be\/wp-content\/uploads\/2025\/03\/BEOKAY_Woonkamer_Vitrinekast_Patio_K674_Evan.jpg\" \/>\n\t<meta property=\"og:image:width\" content=\"1080\" \/>\n\t<meta property=\"og:image:height\" content=\"1080\" \/>\n\t<meta property=\"og:image:type\" content=\"image\/jpeg\" \/>\n<meta name=\"twitter:card\" content=\"summary_large_image\" \/>\n<meta name=\"twitter:label1\" content=\"Dur\u00e9e de lecture estim\u00e9e\" \/>\n\t<meta name=\"twitter:data1\" content=\"3 minutes\" \/>\n<script type=\"application\/ld+json\" class=\"yoast-schema-graph\">{\"@context\":\"https:\\\/\\\/schema.org\",\"@graph\":[{\"@type\":\"WebPage\",\"@id\":\"https:\\\/\\\/be-okay.be\\\/fr\\\/collection\\\/living\\\/vitrines\\\/\",\"url\":\"https:\\\/\\\/be-okay.be\\\/fr\\\/collection\\\/living\\\/vitrines\\\/\",\"name\":\"Vitrines | Buffet | Magasin de Meubles BE-Okay \u00e0 Mouscron\",\"isPartOf\":{\"@id\":\"https:\\\/\\\/be-okay.be\\\/fr\\\/#website\"},\"primaryImageOfPage\":{\"@id\":\"https:\\\/\\\/be-okay.be\\\/fr\\\/collection\\\/living\\\/vitrines\\\/#primaryimage\"},\"image\":{\"@id\":\"https:\\\/\\\/be-okay.be\\\/fr\\\/collection\\\/living\\\/vitrines\\\/#primaryimage\"},\"thumbnailUrl\":\"https:\\\/\\\/be-okay.be\\\/wp-content\\\/uploads\\\/2025\\\/03\\\/BEOKAY_Woonkamer_Vitrinekast_Patio_K674_Evan.jpg\",\"datePublished\":\"2021-11-09T11:55:02+00:00\",\"dateModified\":\"2025-03-12T13:39:17+00:00\",\"description\":\"Vitrines et buffets d\u00e9clin\u00e9s en diff\u00e9rents styles : rustique, industriel ou moderne. D\u00e9couvrez les vitrines et buffets de BE-Okay.\",\"breadcrumb\":{\"@id\":\"https:\\\/\\\/be-okay.be\\\/fr\\\/collection\\\/living\\\/vitrines\\\/#breadcrumb\"},\"inLanguage\":\"fr-FR\",\"potentialAction\":[{\"@type\":\"ReadAction\",\"target\":[\"https:\\\/\\\/be-okay.be\\\/fr\\\/collection\\\/living\\\/vitrines\\\/\"]}]},{\"@type\":\"ImageObject\",\"inLanguage\":\"fr-FR\",\"@id\":\"https:\\\/\\\/be-okay.be\\\/fr\\\/collection\\\/living\\\/vitrines\\\/#primaryimage\",\"url\":\"https:\\\/\\\/be-okay.be\\\/wp-content\\\/uploads\\\/2025\\\/03\\\/BEOKAY_Woonkamer_Vitrinekast_Patio_K674_Evan.jpg\",\"contentUrl\":\"https:\\\/\\\/be-okay.be\\\/wp-content\\\/uploads\\\/2025\\\/03\\\/BEOKAY_Woonkamer_Vitrinekast_Patio_K674_Evan.jpg\",\"width\":1080,\"height\":1080,\"caption\":\"Stijlvolle vitrinekast in een rustieke houtkleur met zwarte accenten. Uitgerust met 2 schuifdeuren, 3 glazen legplanken en een ruime opbergruimte onderin.\"},{\"@type\":\"BreadcrumbList\",\"@id\":\"https:\\\/\\\/be-okay.be\\\/fr\\\/collection\\\/living\\\/vitrines\\\/#breadcrumb\",\"itemListElement\":[{\"@type\":\"ListItem\",\"position\":1,\"name\":\"Collection\",\"item\":\"https:\\\/\\\/be-okay.be\\\/fr\\\/collection\\\/\"},{\"@type\":\"ListItem\",\"position\":2,\"name\":\"Living\",\"item\":\"https:\\\/\\\/be-okay.be\\\/fr\\\/collection\\\/living\\\/\"},{\"@type\":\"ListItem\",\"position\":3,\"name\":\"Vitrines\"}]},{\"@type\":\"WebSite\",\"@id\":\"https:\\\/\\\/be-okay.be\\\/fr\\\/#website\",\"url\":\"https:\\\/\\\/be-okay.be\\\/fr\\\/\",\"name\":\"BE-Okay\",\"description\":\"Young living concept - meubelwinkel Deerlijk &amp; Moeskroen\",\"potentialAction\":[{\"@type\":\"SearchAction\",\"target\":{\"@type\":\"EntryPoint\",\"urlTemplate\":\"https:\\\/\\\/be-okay.be\\\/fr\\\/?s={search_term_string}\"},\"query-input\":{\"@type\":\"PropertyValueSpecification\",\"valueRequired\":true,\"valueName\":\"search_term_string\"}}],\"inLanguage\":\"fr-FR\"}]}<\/script>\n<!-- \/ Yoast SEO plugin. -->","yoast_head_json":{"title":"Vitrines | Buffet | Magasin de Meubles BE-Okay \u00e0 Mouscron","description":"Vitrines et buffets d\u00e9clin\u00e9s en diff\u00e9rents styles : rustique, industriel ou moderne. D\u00e9couvrez les vitrines et buffets de BE-Okay.","robots":{"index":"index","follow":"follow","max-snippet":"max-snippet:-1","max-image-preview":"max-image-preview:large","max-video-preview":"max-video-preview:-1"},"canonical":"https:\/\/be-okay.be\/fr\/collection\/living\/vitrines\/","og_locale":"fr_FR","og_type":"article","og_title":"Vitrines | Buffet | Magasin de Meubles BE-Okay \u00e0 Mouscron","og_description":"Vitrines et buffets d\u00e9clin\u00e9s en diff\u00e9rents styles : rustique, industriel ou moderne. D\u00e9couvrez les vitrines et buffets de BE-Okay.","og_url":"https:\/\/be-okay.be\/fr\/collection\/living\/vitrines\/","og_site_name":"BE-Okay","article_modified_time":"2025-03-12T13:39:17+00:00","og_image":[{"width":1080,"height":1080,"url":"http:\/\/be-okay.be\/wp-content\/uploads\/2025\/03\/BEOKAY_Woonkamer_Vitrinekast_Patio_K674_Evan.jpg","type":"image\/jpeg"}],"twitter_card":"summary_large_image","twitter_misc":{"Dur\u00e9e de lecture estim\u00e9e":"3 minutes"},"schema":{"@context":"https:\/\/schema.org","@graph":[{"@type":"WebPage","@id":"https:\/\/be-okay.be\/fr\/collection\/living\/vitrines\/","url":"https:\/\/be-okay.be\/fr\/collection\/living\/vitrines\/","name":"Vitrines | Buffet | Magasin de Meubles BE-Okay \u00e0 Mouscron","isPartOf":{"@id":"https:\/\/be-okay.be\/fr\/#website"},"primaryImageOfPage":{"@id":"https:\/\/be-okay.be\/fr\/collection\/living\/vitrines\/#primaryimage"},"image":{"@id":"https:\/\/be-okay.be\/fr\/collection\/living\/vitrines\/#primaryimage"},"thumbnailUrl":"https:\/\/be-okay.be\/wp-content\/uploads\/2025\/03\/BEOKAY_Woonkamer_Vitrinekast_Patio_K674_Evan.jpg","datePublished":"2021-11-09T11:55:02+00:00","dateModified":"2025-03-12T13:39:17+00:00","description":"Vitrines et buffets d\u00e9clin\u00e9s en diff\u00e9rents styles : rustique, industriel ou moderne. D\u00e9couvrez les vitrines et buffets de BE-Okay.","breadcrumb":{"@id":"https:\/\/be-okay.be\/fr\/collection\/living\/vitrines\/#breadcrumb"},"inLanguage":"fr-FR","potentialAction":[{"@type":"ReadAction","target":["https:\/\/be-okay.be\/fr\/collection\/living\/vitrines\/"]}]},{"@type":"ImageObject","inLanguage":"fr-FR","@id":"https:\/\/be-okay.be\/fr\/collection\/living\/vitrines\/#primaryimage","url":"https:\/\/be-okay.be\/wp-content\/uploads\/2025\/03\/BEOKAY_Woonkamer_Vitrinekast_Patio_K674_Evan.jpg","contentUrl":"https:\/\/be-okay.be\/wp-content\/uploads\/2025\/03\/BEOKAY_Woonkamer_Vitrinekast_Patio_K674_Evan.jpg","width":1080,"height":1080,"caption":"Stijlvolle vitrinekast in een rustieke houtkleur met zwarte accenten. Uitgerust met 2 schuifdeuren, 3 glazen legplanken en een ruime opbergruimte onderin."},{"@type":"BreadcrumbList","@id":"https:\/\/be-okay.be\/fr\/collection\/living\/vitrines\/#breadcrumb","itemListElement":[{"@type":"ListItem","position":1,"name":"Collection","item":"https:\/\/be-okay.be\/fr\/collection\/"},{"@type":"ListItem","position":2,"name":"Living","item":"https:\/\/be-okay.be\/fr\/collection\/living\/"},{"@type":"ListItem","position":3,"name":"Vitrines"}]},{"@type":"WebSite","@id":"https:\/\/be-okay.be\/fr\/#website","url":"https:\/\/be-okay.be\/fr\/","name":"BE-Okay","description":"Young living concept - meubelwinkel Deerlijk &amp; Moeskroen","potentialAction":[{"@type":"SearchAction","target":{"@type":"EntryPoint","urlTemplate":"https:\/\/be-okay.be\/fr\/?s={search_term_string}"},"query-input":{"@type":"PropertyValueSpecification","valueRequired":true,"valueName":"search_term_string"}}],"inLanguage":"fr-FR"}]}},"_links":{"self":[{"href":"https:\/\/be-okay.be\/fr\/wp-json\/wp\/v2\/pages\/4814","targetHints":{"allow":["GET"]}}],"collection":[{"href":"https:\/\/be-okay.be\/fr\/wp-json\/wp\/v2\/pages"}],"about":[{"href":"https:\/\/be-okay.be\/fr\/wp-json\/wp\/v2\/types\/page"}],"author":[{"embeddable":true,"href":"https:\/\/be-okay.be\/fr\/wp-json\/wp\/v2\/users\/2"}],"replies":[{"embeddable":true,"href":"https:\/\/be-okay.be\/fr\/wp-json\/wp\/v2\/comments?post=4814"}],"version-history":[{"count":5,"href":"https:\/\/be-okay.be\/fr\/wp-json\/wp\/v2\/pages\/4814\/revisions"}],"predecessor-version":[{"id":7184,"href":"https:\/\/be-okay.be\/fr\/wp-json\/wp\/v2\/pages\/4814\/revisions\/7184"}],"up":[{"embeddable":true,"href":"https:\/\/be-okay.be\/fr\/wp-json\/wp\/v2\/pages\/4807"}],"wp:featuredmedia":[{"embeddable":true,"href":"https:\/\/be-okay.be\/fr\/wp-json\/wp\/v2\/media\/7170"}],"wp:attachment":[{"href":"https:\/\/be-okay.be\/fr\/wp-json\/wp\/v2\/media?parent=4814"}],"curies":[{"name":"wp","href":"https:\/\/api.w.org\/{rel}","templated":true}]}}