{"id":4815,"date":"2021-11-30T09:14:18","date_gmt":"2021-11-30T09:14:18","guid":{"rendered":"https:\/\/be-okay.be\/collectie\/woonkamer\/barkasten\/"},"modified":"2025-03-12T14:21:12","modified_gmt":"2025-03-12T14:21:12","slug":"meuble-bar","status":"publish","type":"page","link":"https:\/\/be-okay.be\/fr\/collection\/living\/meuble-bar\/","title":{"rendered":"Meubles de bar"},"content":{"rendered":"\n<h1 class=\"wp-block-heading has-text-align-center\">DE BEAUX MEUBLES DE BAR POUR UN INT\u00c9RIEUR CHIC<\/h1>\n\n\n\n<h2 class=\"wp-block-heading has-text-align-center\">BE-Okay vous propose une large gamme de meubles de bar du plus industriel au plus moderne<\/h2>\n\n\n\n<p class=\"has-text-align-center\">Rien de tel qu\u2019un beau meuble de bar pour appr\u00e9cier de temps \u00e0 autre un petit ap\u00e9ro. La vaste collection de meubles de bar de BE-Okay vous garantit un rangement pratique pour vos bouteilles, verres et ustensiles. Blanc, noir, ouvert ou ferm\u00e9, un design exub\u00e9rant ou plut\u00f4t petit et compact&nbsp;? D\u00e9couvrez les diff\u00e9rents styles dans nos salles d\u2019exposition \u00e0 Deerlijk et Mouscron. Sant\u00e9&nbsp;!<\/p>\n\n\n\n<div class=\"wp-block-buttons is-content-justification-center is-layout-flex wp-container-core-buttons-is-layout-16018d1d wp-block-buttons-is-layout-flex\">\n<div class=\"wp-block-button\"><a class=\"wp-block-button__link wp-element-button\" href=\"https:\/\/be-okay.be\/fr\/contact\/\">CONSULTEZ LES HEURES D\u2019OUVERTURE<\/a><\/div>\n<\/div>\n\n\n\n<div style=\"height:40px\" aria-hidden=\"true\" class=\"wp-block-spacer\"><\/div>\n\n\n\n<h2 class=\"wp-block-heading\">Puisez l&rsquo;inspiration dans nos meubles de bar<\/h2>\n\n\n\n<figure class=\"wp-block-gallery has-nested-images columns-4 is-cropped wp-block-gallery-1 is-layout-flex wp-block-gallery-is-layout-flex\">\n<figure class=\"wp-block-image size-large\"><img decoding=\"async\" width=\"1500\" height=\"1500\" data-id=\"4214\" data-src=\"https:\/\/be-okay.be\/wp-content\/uploads\/2022\/12\/BEOKAY_Woonkamer_Corner_Tenzo_2-1500x1500.jpg\" alt=\"\" class=\"wp-image-4214 lazyload\" data-srcset=\"https:\/\/be-okay.be\/wp-content\/uploads\/2022\/12\/BEOKAY_Woonkamer_Corner_Tenzo_2.jpg 1500w, https:\/\/be-okay.be\/wp-content\/uploads\/2022\/12\/BEOKAY_Woonkamer_Corner_Tenzo_2-300x300.jpg 300w, https:\/\/be-okay.be\/wp-content\/uploads\/2022\/12\/BEOKAY_Woonkamer_Corner_Tenzo_2-150x150.jpg 150w, https:\/\/be-okay.be\/wp-content\/uploads\/2022\/12\/BEOKAY_Woonkamer_Corner_Tenzo_2-768x768.jpg 768w\" data-sizes=\"(max-width: 1500px) 100vw, 1500px\" src=\"data:image\/svg+xml;base64,PHN2ZyB3aWR0aD0iMSIgaGVpZ2h0PSIxIiB4bWxucz0iaHR0cDovL3d3dy53My5vcmcvMjAwMC9zdmciPjwvc3ZnPg==\" style=\"--smush-placeholder-width: 1500px; --smush-placeholder-aspect-ratio: 1500\/1500;\" \/><\/figure>\n\n\n\n<figure class=\"wp-block-image size-large\"><img decoding=\"async\" width=\"1500\" height=\"1373\" data-id=\"4194\" data-src=\"https:\/\/be-okay.be\/wp-content\/uploads\/2022\/12\/BEOKAY_Woonkamer_Corner_Tenzo_3.jpg\" alt=\"\" class=\"wp-image-4194 lazyload\" data-srcset=\"https:\/\/be-okay.be\/wp-content\/uploads\/2022\/12\/BEOKAY_Woonkamer_Corner_Tenzo_3.jpg 1500w, https:\/\/be-okay.be\/wp-content\/uploads\/2022\/12\/BEOKAY_Woonkamer_Corner_Tenzo_3-300x275.jpg 300w, https:\/\/be-okay.be\/wp-content\/uploads\/2022\/12\/BEOKAY_Woonkamer_Corner_Tenzo_3-768x703.jpg 768w\" data-sizes=\"(max-width: 1500px) 100vw, 1500px\" src=\"data:image\/svg+xml;base64,PHN2ZyB3aWR0aD0iMSIgaGVpZ2h0PSIxIiB4bWxucz0iaHR0cDovL3d3dy53My5vcmcvMjAwMC9zdmciPjwvc3ZnPg==\" style=\"--smush-placeholder-width: 1500px; --smush-placeholder-aspect-ratio: 1500\/1373;\" \/><\/figure>\n\n\n\n<figure class=\"wp-block-image size-large\"><img decoding=\"async\" width=\"1500\" height=\"1061\" data-id=\"4207\" data-src=\"https:\/\/be-okay.be\/wp-content\/uploads\/2022\/12\/BEOKAY_Woonkamer_Kast_Malibu_Tenzo_3.jpg\" alt=\"\" class=\"wp-image-4207 lazyload\" data-srcset=\"https:\/\/be-okay.be\/wp-content\/uploads\/2022\/12\/BEOKAY_Woonkamer_Kast_Malibu_Tenzo_3.jpg 1500w, https:\/\/be-okay.be\/wp-content\/uploads\/2022\/12\/BEOKAY_Woonkamer_Kast_Malibu_Tenzo_3-300x212.jpg 300w, https:\/\/be-okay.be\/wp-content\/uploads\/2022\/12\/BEOKAY_Woonkamer_Kast_Malibu_Tenzo_3-768x543.jpg 768w\" data-sizes=\"(max-width: 1500px) 100vw, 1500px\" src=\"data:image\/svg+xml;base64,PHN2ZyB3aWR0aD0iMSIgaGVpZ2h0PSIxIiB4bWxucz0iaHR0cDovL3d3dy53My5vcmcvMjAwMC9zdmciPjwvc3ZnPg==\" style=\"--smush-placeholder-width: 1500px; --smush-placeholder-aspect-ratio: 1500\/1061;\" \/><\/figure>\n\n\n\n<figure class=\"wp-block-image size-large\"><img decoding=\"async\" width=\"1500\" height=\"1061\" data-id=\"4217\" data-src=\"https:\/\/be-okay.be\/wp-content\/uploads\/2022\/12\/BEOKAY_Woonkamer_Kast_Malibu_Tenzo.jpg\" alt=\"\" class=\"wp-image-4217 lazyload\" data-srcset=\"https:\/\/be-okay.be\/wp-content\/uploads\/2022\/12\/BEOKAY_Woonkamer_Kast_Malibu_Tenzo.jpg 1500w, https:\/\/be-okay.be\/wp-content\/uploads\/2022\/12\/BEOKAY_Woonkamer_Kast_Malibu_Tenzo-300x212.jpg 300w, https:\/\/be-okay.be\/wp-content\/uploads\/2022\/12\/BEOKAY_Woonkamer_Kast_Malibu_Tenzo-768x543.jpg 768w\" data-sizes=\"(max-width: 1500px) 100vw, 1500px\" src=\"data:image\/svg+xml;base64,PHN2ZyB3aWR0aD0iMSIgaGVpZ2h0PSIxIiB4bWxucz0iaHR0cDovL3d3dy53My5vcmcvMjAwMC9zdmciPjwvc3ZnPg==\" style=\"--smush-placeholder-width: 1500px; --smush-placeholder-aspect-ratio: 1500\/1061;\" \/><\/figure>\n\n\n\n<figure class=\"wp-block-image size-full\"><img decoding=\"async\" width=\"1080\" height=\"1080\" data-id=\"7195\" data-src=\"http:\/\/be-okay.be\/wp-content\/uploads\/2025\/03\/BEOKAY_Woonkamer_Barkast_Volterra_1_Evan.jpg\" alt=\"Meuble bar industriel en bois avec des accents noirs. Il dispose de deux portes, un tiroir et une niche ouverte avec \u00e9clairage LED int\u00e9gr\u00e9. Son design robuste s\u2019adapte parfaitement aux int\u00e9rieurs modernes.\" class=\"wp-image-7195 lazyload\" data-srcset=\"https:\/\/be-okay.be\/wp-content\/uploads\/2025\/03\/BEOKAY_Woonkamer_Barkast_Volterra_1_Evan.jpg 1080w, https:\/\/be-okay.be\/wp-content\/uploads\/2025\/03\/BEOKAY_Woonkamer_Barkast_Volterra_1_Evan-300x300.jpg 300w, https:\/\/be-okay.be\/wp-content\/uploads\/2025\/03\/BEOKAY_Woonkamer_Barkast_Volterra_1_Evan-150x150.jpg 150w, https:\/\/be-okay.be\/wp-content\/uploads\/2025\/03\/BEOKAY_Woonkamer_Barkast_Volterra_1_Evan-768x768.jpg 768w\" data-sizes=\"(max-width: 1080px) 100vw, 1080px\" src=\"data:image\/svg+xml;base64,PHN2ZyB3aWR0aD0iMSIgaGVpZ2h0PSIxIiB4bWxucz0iaHR0cDovL3d3dy53My5vcmcvMjAwMC9zdmciPjwvc3ZnPg==\" style=\"--smush-placeholder-width: 1080px; --smush-placeholder-aspect-ratio: 1080\/1080;\" \/><\/figure>\n\n\n\n<figure class=\"wp-block-image size-full\"><img decoding=\"async\" width=\"1080\" height=\"1080\" data-id=\"7197\" data-src=\"http:\/\/be-okay.be\/wp-content\/uploads\/2025\/03\/BEOKAY_Woonkamer_Barkast_Volterra_2_Evan.jpg\" alt=\"Meuble bar industriel en bois avec des touches noires. Il comprend deux portes, un tiroir et une niche ouverte avec LED. Son design fonctionnel allie espace de rangement et \u00e9l\u00e9gance.\" class=\"wp-image-7197 lazyload\" data-srcset=\"https:\/\/be-okay.be\/wp-content\/uploads\/2025\/03\/BEOKAY_Woonkamer_Barkast_Volterra_2_Evan.jpg 1080w, https:\/\/be-okay.be\/wp-content\/uploads\/2025\/03\/BEOKAY_Woonkamer_Barkast_Volterra_2_Evan-300x300.jpg 300w, https:\/\/be-okay.be\/wp-content\/uploads\/2025\/03\/BEOKAY_Woonkamer_Barkast_Volterra_2_Evan-150x150.jpg 150w, https:\/\/be-okay.be\/wp-content\/uploads\/2025\/03\/BEOKAY_Woonkamer_Barkast_Volterra_2_Evan-768x768.jpg 768w\" data-sizes=\"(max-width: 1080px) 100vw, 1080px\" src=\"data:image\/svg+xml;base64,PHN2ZyB3aWR0aD0iMSIgaGVpZ2h0PSIxIiB4bWxucz0iaHR0cDovL3d3dy53My5vcmcvMjAwMC9zdmciPjwvc3ZnPg==\" style=\"--smush-placeholder-width: 1080px; --smush-placeholder-aspect-ratio: 1080\/1080;\" \/><\/figure>\n\n\n\n<figure class=\"wp-block-image size-full\"><img decoding=\"async\" width=\"1080\" height=\"1080\" data-id=\"7188\" data-src=\"http:\/\/be-okay.be\/wp-content\/uploads\/2025\/03\/BEOKAY_Woonkamer_Barkast_Natural_Meubar.jpg\" alt=\"Meuble bar moderne en bois aux teintes chaleureuses, dot\u00e9 de trois portes, deux tiroirs et une niche ouverte avec \u00e9clairage LED. Son design \u00e9pur\u00e9 s\u2019int\u00e8gre parfaitement dans un int\u00e9rieur contemporain.\" class=\"wp-image-7188 lazyload\" data-srcset=\"https:\/\/be-okay.be\/wp-content\/uploads\/2025\/03\/BEOKAY_Woonkamer_Barkast_Natural_Meubar.jpg 1080w, https:\/\/be-okay.be\/wp-content\/uploads\/2025\/03\/BEOKAY_Woonkamer_Barkast_Natural_Meubar-300x300.jpg 300w, https:\/\/be-okay.be\/wp-content\/uploads\/2025\/03\/BEOKAY_Woonkamer_Barkast_Natural_Meubar-150x150.jpg 150w, https:\/\/be-okay.be\/wp-content\/uploads\/2025\/03\/BEOKAY_Woonkamer_Barkast_Natural_Meubar-768x768.jpg 768w\" data-sizes=\"(max-width: 1080px) 100vw, 1080px\" src=\"data:image\/svg+xml;base64,PHN2ZyB3aWR0aD0iMSIgaGVpZ2h0PSIxIiB4bWxucz0iaHR0cDovL3d3dy53My5vcmcvMjAwMC9zdmciPjwvc3ZnPg==\" style=\"--smush-placeholder-width: 1080px; --smush-placeholder-aspect-ratio: 1080\/1080;\" \/><\/figure>\n\n\n\n<figure class=\"wp-block-image size-full\"><img decoding=\"async\" width=\"1080\" height=\"1080\" data-id=\"7186\" data-src=\"http:\/\/be-okay.be\/wp-content\/uploads\/2025\/03\/BEOKAY_Woonkamer_Barkast_Lago_Meubar.jpg\" alt=\"Haut buffet raffin\u00e9 en bois clair avec des angles arrondis. Il est dot\u00e9 de trois portes, deux tiroirs et une niche ouverte avec \u00e9clairage LED chaleureux pour mettre en valeur des objets d\u00e9coratifs.\" class=\"wp-image-7186 lazyload\" data-srcset=\"https:\/\/be-okay.be\/wp-content\/uploads\/2025\/03\/BEOKAY_Woonkamer_Barkast_Lago_Meubar.jpg 1080w, https:\/\/be-okay.be\/wp-content\/uploads\/2025\/03\/BEOKAY_Woonkamer_Barkast_Lago_Meubar-300x300.jpg 300w, https:\/\/be-okay.be\/wp-content\/uploads\/2025\/03\/BEOKAY_Woonkamer_Barkast_Lago_Meubar-150x150.jpg 150w, https:\/\/be-okay.be\/wp-content\/uploads\/2025\/03\/BEOKAY_Woonkamer_Barkast_Lago_Meubar-768x768.jpg 768w\" data-sizes=\"(max-width: 1080px) 100vw, 1080px\" src=\"data:image\/svg+xml;base64,PHN2ZyB3aWR0aD0iMSIgaGVpZ2h0PSIxIiB4bWxucz0iaHR0cDovL3d3dy53My5vcmcvMjAwMC9zdmciPjwvc3ZnPg==\" style=\"--smush-placeholder-width: 1080px; --smush-placeholder-aspect-ratio: 1080\/1080;\" \/><\/figure>\n\n\n\n<figure class=\"wp-block-image size-full\"><img decoding=\"async\" width=\"1080\" height=\"1080\" data-id=\"7193\" data-src=\"http:\/\/be-okay.be\/wp-content\/uploads\/2025\/03\/BEOKAY_Woonkamer_Barkast_Veneto_Meubar.jpg\" alt=\"Meuble bar minimaliste en noir avec un cadre m\u00e9tallique robuste. Il comprend deux portes, un vaste agencement ouvert et une combinaison d\u2019espaces de rangement ouverts et ferm\u00e9s.\" class=\"wp-image-7193 lazyload\" data-srcset=\"https:\/\/be-okay.be\/wp-content\/uploads\/2025\/03\/BEOKAY_Woonkamer_Barkast_Veneto_Meubar.jpg 1080w, https:\/\/be-okay.be\/wp-content\/uploads\/2025\/03\/BEOKAY_Woonkamer_Barkast_Veneto_Meubar-300x300.jpg 300w, https:\/\/be-okay.be\/wp-content\/uploads\/2025\/03\/BEOKAY_Woonkamer_Barkast_Veneto_Meubar-150x150.jpg 150w, https:\/\/be-okay.be\/wp-content\/uploads\/2025\/03\/BEOKAY_Woonkamer_Barkast_Veneto_Meubar-768x768.jpg 768w\" data-sizes=\"(max-width: 1080px) 100vw, 1080px\" src=\"data:image\/svg+xml;base64,PHN2ZyB3aWR0aD0iMSIgaGVpZ2h0PSIxIiB4bWxucz0iaHR0cDovL3d3dy53My5vcmcvMjAwMC9zdmciPjwvc3ZnPg==\" style=\"--smush-placeholder-width: 1080px; --smush-placeholder-aspect-ratio: 1080\/1080;\" \/><\/figure>\n\n\n\n<figure class=\"wp-block-image size-full\"><img decoding=\"async\" width=\"1080\" height=\"1080\" data-id=\"7199\" data-src=\"http:\/\/be-okay.be\/wp-content\/uploads\/2025\/03\/BEOKAY_Woonkamer_Barkast_Dunes_1_Dez.jpg\" alt=\"Meuble bar unique avec des lattes verticales en bois et un design a\u00e9rien. Il est dot\u00e9 de deux grandes portes dissimulant un syst\u00e8me de rangement cach\u00e9 et repose sur un pi\u00e8tement en m\u00e9tal noir.\" class=\"wp-image-7199 lazyload\" data-srcset=\"https:\/\/be-okay.be\/wp-content\/uploads\/2025\/03\/BEOKAY_Woonkamer_Barkast_Dunes_1_Dez.jpg 1080w, https:\/\/be-okay.be\/wp-content\/uploads\/2025\/03\/BEOKAY_Woonkamer_Barkast_Dunes_1_Dez-300x300.jpg 300w, https:\/\/be-okay.be\/wp-content\/uploads\/2025\/03\/BEOKAY_Woonkamer_Barkast_Dunes_1_Dez-150x150.jpg 150w, https:\/\/be-okay.be\/wp-content\/uploads\/2025\/03\/BEOKAY_Woonkamer_Barkast_Dunes_1_Dez-768x768.jpg 768w\" data-sizes=\"(max-width: 1080px) 100vw, 1080px\" src=\"data:image\/svg+xml;base64,PHN2ZyB3aWR0aD0iMSIgaGVpZ2h0PSIxIiB4bWxucz0iaHR0cDovL3d3dy53My5vcmcvMjAwMC9zdmciPjwvc3ZnPg==\" style=\"--smush-placeholder-width: 1080px; --smush-placeholder-aspect-ratio: 1080\/1080;\" \/><\/figure>\n\n\n\n<figure class=\"wp-block-image size-full\"><img decoding=\"async\" width=\"1080\" height=\"1080\" data-id=\"7201\" data-src=\"http:\/\/be-okay.be\/wp-content\/uploads\/2025\/03\/BEOKAY_Woonkamer_Barkast_Dunes_2_Dez.jpg\" alt=\"Meuble bar bas en bois avec un design ludique en lattes. Il comprend une niche ouverte, une porte et un large compartiment de rangement, parfait pour un int\u00e9rieur moderne.\" class=\"wp-image-7201 lazyload\" data-srcset=\"https:\/\/be-okay.be\/wp-content\/uploads\/2025\/03\/BEOKAY_Woonkamer_Barkast_Dunes_2_Dez.jpg 1080w, https:\/\/be-okay.be\/wp-content\/uploads\/2025\/03\/BEOKAY_Woonkamer_Barkast_Dunes_2_Dez-300x300.jpg 300w, https:\/\/be-okay.be\/wp-content\/uploads\/2025\/03\/BEOKAY_Woonkamer_Barkast_Dunes_2_Dez-150x150.jpg 150w, https:\/\/be-okay.be\/wp-content\/uploads\/2025\/03\/BEOKAY_Woonkamer_Barkast_Dunes_2_Dez-768x768.jpg 768w\" data-sizes=\"(max-width: 1080px) 100vw, 1080px\" src=\"data:image\/svg+xml;base64,PHN2ZyB3aWR0aD0iMSIgaGVpZ2h0PSIxIiB4bWxucz0iaHR0cDovL3d3dy53My5vcmcvMjAwMC9zdmciPjwvc3ZnPg==\" style=\"--smush-placeholder-width: 1080px; --smush-placeholder-aspect-ratio: 1080\/1080;\" \/><\/figure>\n\n\n\n<figure class=\"wp-block-image size-full\"><img decoding=\"async\" width=\"1080\" height=\"1080\" data-id=\"7190\" data-src=\"http:\/\/be-okay.be\/wp-content\/uploads\/2025\/03\/BEOKAY_Woonkamer_Barkast_Trentino_Meubar.jpg\" alt=\"Meuble bar \u00e9l\u00e9gant en bois fonc\u00e9 avec trois \u00e9tag\u00e8res ouvertes, un compartiment ferm\u00e9 et deux portes coulissantes en bas. \u00c9quip\u00e9 d\u2019un \u00e9clairage LED d\u2019ambiance.\" class=\"wp-image-7190 lazyload\" data-srcset=\"https:\/\/be-okay.be\/wp-content\/uploads\/2025\/03\/BEOKAY_Woonkamer_Barkast_Trentino_Meubar.jpg 1080w, https:\/\/be-okay.be\/wp-content\/uploads\/2025\/03\/BEOKAY_Woonkamer_Barkast_Trentino_Meubar-300x300.jpg 300w, https:\/\/be-okay.be\/wp-content\/uploads\/2025\/03\/BEOKAY_Woonkamer_Barkast_Trentino_Meubar-150x150.jpg 150w, https:\/\/be-okay.be\/wp-content\/uploads\/2025\/03\/BEOKAY_Woonkamer_Barkast_Trentino_Meubar-768x768.jpg 768w\" data-sizes=\"(max-width: 1080px) 100vw, 1080px\" src=\"data:image\/svg+xml;base64,PHN2ZyB3aWR0aD0iMSIgaGVpZ2h0PSIxIiB4bWxucz0iaHR0cDovL3d3dy53My5vcmcvMjAwMC9zdmciPjwvc3ZnPg==\" style=\"--smush-placeholder-width: 1080px; --smush-placeholder-aspect-ratio: 1080\/1080;\" \/><\/figure>\n<\/figure>\n\n\n\n<p><\/p>\n","protected":false},"excerpt":{"rendered":"<p>DE BEAUX MEUBLES DE BAR POUR UN INT\u00c9RIEUR CHIC BE-Okay vous propose une large gamme de meubles de bar du plus industriel au plus moderne Rien de tel qu\u2019un beau meuble de bar pour appr\u00e9cier de temps \u00e0 autre un petit ap\u00e9ro. La vaste collection de meubles de bar de BE-Okay vous garantit un rangement [&hellip;]<\/p>\n","protected":false},"author":2,"featured_media":7190,"parent":4807,"menu_order":8,"comment_status":"closed","ping_status":"closed","template":"template_collectie_single.php","meta":{"_acf_changed":false,"footnotes":""},"class_list":["post-4815","page","type-page","status-publish","has-post-thumbnail","hentry"],"acf":[],"yoast_head":"<!-- This site is optimized with the Yoast SEO plugin v27.3 - https:\/\/yoast.com\/product\/yoast-seo-wordpress\/ -->\n<title>Meubles de bar | Meubles de bar modernes | BE-Okay Deerlijk &amp; Mouscron<\/title>\n<meta name=\"description\" content=\"Meubles de bar : industriels, modernes ou design. D\u00e9couvrez notre collection de meubles de bar en ligne ou en magasin chez BE-Okay.\" \/>\n<meta name=\"robots\" content=\"index, follow, max-snippet:-1, max-image-preview:large, max-video-preview:-1\" \/>\n<link rel=\"canonical\" href=\"https:\/\/be-okay.be\/fr\/collection\/living\/meuble-bar\/\" \/>\n<meta property=\"og:locale\" content=\"fr_FR\" \/>\n<meta property=\"og:type\" content=\"article\" \/>\n<meta property=\"og:title\" content=\"Meubles de bar | Meubles de bar modernes | BE-Okay Deerlijk &amp; Mouscron\" \/>\n<meta property=\"og:description\" content=\"Meubles de bar : industriels, modernes ou design. D\u00e9couvrez notre collection de meubles de bar en ligne ou en magasin chez BE-Okay.\" \/>\n<meta property=\"og:url\" content=\"https:\/\/be-okay.be\/fr\/collection\/living\/meuble-bar\/\" \/>\n<meta property=\"og:site_name\" content=\"BE-Okay\" \/>\n<meta property=\"article:modified_time\" content=\"2025-03-12T14:21:12+00:00\" \/>\n<meta property=\"og:image\" content=\"http:\/\/be-okay.be\/wp-content\/uploads\/2025\/03\/BEOKAY_Woonkamer_Barkast_Trentino_Meubar.jpg\" \/>\n\t<meta property=\"og:image:width\" content=\"1080\" \/>\n\t<meta property=\"og:image:height\" content=\"1080\" \/>\n\t<meta property=\"og:image:type\" content=\"image\/jpeg\" \/>\n<meta name=\"twitter:card\" content=\"summary_large_image\" \/>\n<meta name=\"twitter:label1\" content=\"Dur\u00e9e de lecture estim\u00e9e\" \/>\n\t<meta name=\"twitter:data1\" content=\"4 minutes\" \/>\n<script type=\"application\/ld+json\" class=\"yoast-schema-graph\">{\"@context\":\"https:\\\/\\\/schema.org\",\"@graph\":[{\"@type\":\"WebPage\",\"@id\":\"https:\\\/\\\/be-okay.be\\\/fr\\\/collection\\\/living\\\/meuble-bar\\\/\",\"url\":\"https:\\\/\\\/be-okay.be\\\/fr\\\/collection\\\/living\\\/meuble-bar\\\/\",\"name\":\"Meubles de bar | Meubles de bar modernes | BE-Okay Deerlijk & Mouscron\",\"isPartOf\":{\"@id\":\"https:\\\/\\\/be-okay.be\\\/fr\\\/#website\"},\"primaryImageOfPage\":{\"@id\":\"https:\\\/\\\/be-okay.be\\\/fr\\\/collection\\\/living\\\/meuble-bar\\\/#primaryimage\"},\"image\":{\"@id\":\"https:\\\/\\\/be-okay.be\\\/fr\\\/collection\\\/living\\\/meuble-bar\\\/#primaryimage\"},\"thumbnailUrl\":\"https:\\\/\\\/be-okay.be\\\/wp-content\\\/uploads\\\/2025\\\/03\\\/BEOKAY_Woonkamer_Barkast_Trentino_Meubar.jpg\",\"datePublished\":\"2021-11-30T09:14:18+00:00\",\"dateModified\":\"2025-03-12T14:21:12+00:00\",\"description\":\"Meubles de bar : industriels, modernes ou design. D\u00e9couvrez notre collection de meubles de bar en ligne ou en magasin chez BE-Okay.\",\"breadcrumb\":{\"@id\":\"https:\\\/\\\/be-okay.be\\\/fr\\\/collection\\\/living\\\/meuble-bar\\\/#breadcrumb\"},\"inLanguage\":\"fr-FR\",\"potentialAction\":[{\"@type\":\"ReadAction\",\"target\":[\"https:\\\/\\\/be-okay.be\\\/fr\\\/collection\\\/living\\\/meuble-bar\\\/\"]}]},{\"@type\":\"ImageObject\",\"inLanguage\":\"fr-FR\",\"@id\":\"https:\\\/\\\/be-okay.be\\\/fr\\\/collection\\\/living\\\/meuble-bar\\\/#primaryimage\",\"url\":\"https:\\\/\\\/be-okay.be\\\/wp-content\\\/uploads\\\/2025\\\/03\\\/BEOKAY_Woonkamer_Barkast_Trentino_Meubar.jpg\",\"contentUrl\":\"https:\\\/\\\/be-okay.be\\\/wp-content\\\/uploads\\\/2025\\\/03\\\/BEOKAY_Woonkamer_Barkast_Trentino_Meubar.jpg\",\"width\":1080,\"height\":1080},{\"@type\":\"BreadcrumbList\",\"@id\":\"https:\\\/\\\/be-okay.be\\\/fr\\\/collection\\\/living\\\/meuble-bar\\\/#breadcrumb\",\"itemListElement\":[{\"@type\":\"ListItem\",\"position\":1,\"name\":\"Collection\",\"item\":\"https:\\\/\\\/be-okay.be\\\/fr\\\/collection\\\/\"},{\"@type\":\"ListItem\",\"position\":2,\"name\":\"Living\",\"item\":\"https:\\\/\\\/be-okay.be\\\/fr\\\/collection\\\/living\\\/\"},{\"@type\":\"ListItem\",\"position\":3,\"name\":\"Meubles de bar\"}]},{\"@type\":\"WebSite\",\"@id\":\"https:\\\/\\\/be-okay.be\\\/fr\\\/#website\",\"url\":\"https:\\\/\\\/be-okay.be\\\/fr\\\/\",\"name\":\"BE-Okay\",\"description\":\"Young living concept - meubelwinkel Deerlijk &amp; Moeskroen\",\"potentialAction\":[{\"@type\":\"SearchAction\",\"target\":{\"@type\":\"EntryPoint\",\"urlTemplate\":\"https:\\\/\\\/be-okay.be\\\/fr\\\/?s={search_term_string}\"},\"query-input\":{\"@type\":\"PropertyValueSpecification\",\"valueRequired\":true,\"valueName\":\"search_term_string\"}}],\"inLanguage\":\"fr-FR\"}]}<\/script>\n<!-- \/ Yoast SEO plugin. -->","yoast_head_json":{"title":"Meubles de bar | Meubles de bar modernes | BE-Okay Deerlijk & Mouscron","description":"Meubles de bar : industriels, modernes ou design. D\u00e9couvrez notre collection de meubles de bar en ligne ou en magasin chez BE-Okay.","robots":{"index":"index","follow":"follow","max-snippet":"max-snippet:-1","max-image-preview":"max-image-preview:large","max-video-preview":"max-video-preview:-1"},"canonical":"https:\/\/be-okay.be\/fr\/collection\/living\/meuble-bar\/","og_locale":"fr_FR","og_type":"article","og_title":"Meubles de bar | Meubles de bar modernes | BE-Okay Deerlijk & Mouscron","og_description":"Meubles de bar : industriels, modernes ou design. D\u00e9couvrez notre collection de meubles de bar en ligne ou en magasin chez BE-Okay.","og_url":"https:\/\/be-okay.be\/fr\/collection\/living\/meuble-bar\/","og_site_name":"BE-Okay","article_modified_time":"2025-03-12T14:21:12+00:00","og_image":[{"width":1080,"height":1080,"url":"http:\/\/be-okay.be\/wp-content\/uploads\/2025\/03\/BEOKAY_Woonkamer_Barkast_Trentino_Meubar.jpg","type":"image\/jpeg"}],"twitter_card":"summary_large_image","twitter_misc":{"Dur\u00e9e de lecture estim\u00e9e":"4 minutes"},"schema":{"@context":"https:\/\/schema.org","@graph":[{"@type":"WebPage","@id":"https:\/\/be-okay.be\/fr\/collection\/living\/meuble-bar\/","url":"https:\/\/be-okay.be\/fr\/collection\/living\/meuble-bar\/","name":"Meubles de bar | Meubles de bar modernes | BE-Okay Deerlijk & Mouscron","isPartOf":{"@id":"https:\/\/be-okay.be\/fr\/#website"},"primaryImageOfPage":{"@id":"https:\/\/be-okay.be\/fr\/collection\/living\/meuble-bar\/#primaryimage"},"image":{"@id":"https:\/\/be-okay.be\/fr\/collection\/living\/meuble-bar\/#primaryimage"},"thumbnailUrl":"https:\/\/be-okay.be\/wp-content\/uploads\/2025\/03\/BEOKAY_Woonkamer_Barkast_Trentino_Meubar.jpg","datePublished":"2021-11-30T09:14:18+00:00","dateModified":"2025-03-12T14:21:12+00:00","description":"Meubles de bar : industriels, modernes ou design. D\u00e9couvrez notre collection de meubles de bar en ligne ou en magasin chez BE-Okay.","breadcrumb":{"@id":"https:\/\/be-okay.be\/fr\/collection\/living\/meuble-bar\/#breadcrumb"},"inLanguage":"fr-FR","potentialAction":[{"@type":"ReadAction","target":["https:\/\/be-okay.be\/fr\/collection\/living\/meuble-bar\/"]}]},{"@type":"ImageObject","inLanguage":"fr-FR","@id":"https:\/\/be-okay.be\/fr\/collection\/living\/meuble-bar\/#primaryimage","url":"https:\/\/be-okay.be\/wp-content\/uploads\/2025\/03\/BEOKAY_Woonkamer_Barkast_Trentino_Meubar.jpg","contentUrl":"https:\/\/be-okay.be\/wp-content\/uploads\/2025\/03\/BEOKAY_Woonkamer_Barkast_Trentino_Meubar.jpg","width":1080,"height":1080},{"@type":"BreadcrumbList","@id":"https:\/\/be-okay.be\/fr\/collection\/living\/meuble-bar\/#breadcrumb","itemListElement":[{"@type":"ListItem","position":1,"name":"Collection","item":"https:\/\/be-okay.be\/fr\/collection\/"},{"@type":"ListItem","position":2,"name":"Living","item":"https:\/\/be-okay.be\/fr\/collection\/living\/"},{"@type":"ListItem","position":3,"name":"Meubles de bar"}]},{"@type":"WebSite","@id":"https:\/\/be-okay.be\/fr\/#website","url":"https:\/\/be-okay.be\/fr\/","name":"BE-Okay","description":"Young living concept - meubelwinkel Deerlijk &amp; Moeskroen","potentialAction":[{"@type":"SearchAction","target":{"@type":"EntryPoint","urlTemplate":"https:\/\/be-okay.be\/fr\/?s={search_term_string}"},"query-input":{"@type":"PropertyValueSpecification","valueRequired":true,"valueName":"search_term_string"}}],"inLanguage":"fr-FR"}]}},"_links":{"self":[{"href":"https:\/\/be-okay.be\/fr\/wp-json\/wp\/v2\/pages\/4815","targetHints":{"allow":["GET"]}}],"collection":[{"href":"https:\/\/be-okay.be\/fr\/wp-json\/wp\/v2\/pages"}],"about":[{"href":"https:\/\/be-okay.be\/fr\/wp-json\/wp\/v2\/types\/page"}],"author":[{"embeddable":true,"href":"https:\/\/be-okay.be\/fr\/wp-json\/wp\/v2\/users\/2"}],"replies":[{"embeddable":true,"href":"https:\/\/be-okay.be\/fr\/wp-json\/wp\/v2\/comments?post=4815"}],"version-history":[{"count":5,"href":"https:\/\/be-okay.be\/fr\/wp-json\/wp\/v2\/pages\/4815\/revisions"}],"predecessor-version":[{"id":7206,"href":"https:\/\/be-okay.be\/fr\/wp-json\/wp\/v2\/pages\/4815\/revisions\/7206"}],"up":[{"embeddable":true,"href":"https:\/\/be-okay.be\/fr\/wp-json\/wp\/v2\/pages\/4807"}],"wp:featuredmedia":[{"embeddable":true,"href":"https:\/\/be-okay.be\/fr\/wp-json\/wp\/v2\/media\/7190"}],"wp:attachment":[{"href":"https:\/\/be-okay.be\/fr\/wp-json\/wp\/v2\/media?parent=4815"}],"curies":[{"name":"wp","href":"https:\/\/api.w.org\/{rel}","templated":true}]}}