{"id":4824,"date":"2021-09-16T12:52:49","date_gmt":"2021-09-16T12:52:49","guid":{"rendered":"https:\/\/be-okay.be\/collectie\/slaapkamer\/"},"modified":"2023-02-23T08:25:18","modified_gmt":"2023-02-23T08:25:18","slug":"chambre-a-coucher","status":"publish","type":"page","link":"https:\/\/be-okay.be\/fr\/collection\/chambre-a-coucher\/","title":{"rendered":"Chambre \u00e0 coucher"},"content":{"rendered":"\n<div class=\"wp-block-media-text alignwide is-stacked-on-mobile is-image-fill\"><figure class=\"wp-block-media-text__media lazyload\" style=\"background-image:inherit;background-position:74% 51%\" data-bg-image=\"url(http:\/\/be-okay.be\/wp-content\/uploads\/2022\/12\/BEOKAY_Slaapkamer.jpg)\"><img decoding=\"async\" width=\"1500\" height=\"998\" data-src=\"http:\/\/be-okay.be\/wp-content\/uploads\/2022\/12\/BEOKAY_Slaapkamer.jpg\" alt=\"\" class=\"wp-image-4054 size-full lazyload\" data-srcset=\"https:\/\/be-okay.be\/wp-content\/uploads\/2022\/12\/BEOKAY_Slaapkamer.jpg 1500w, https:\/\/be-okay.be\/wp-content\/uploads\/2022\/12\/BEOKAY_Slaapkamer-300x200.jpg 300w, https:\/\/be-okay.be\/wp-content\/uploads\/2022\/12\/BEOKAY_Slaapkamer-768x511.jpg 768w\" data-sizes=\"(max-width: 1500px) 100vw, 1500px\" src=\"data:image\/svg+xml;base64,PHN2ZyB3aWR0aD0iMSIgaGVpZ2h0PSIxIiB4bWxucz0iaHR0cDovL3d3dy53My5vcmcvMjAwMC9zdmciPjwvc3ZnPg==\" style=\"--smush-placeholder-width: 1500px; --smush-placeholder-aspect-ratio: 1500\/998;\" \/><\/figure><div class=\"wp-block-media-text__content\">\n<h1 class=\"wp-block-heading\">LA CHAMBRE LA PLUS COMPL\u00c8TE<\/h1>\n\n\n\n<p>Am\u00e9nager et d\u00e9corer sa premi\u00e8re chambre, c\u2019est toujours excitant\u00a0! Dans nos salles d\u2019exposition, vous pouvez trouver l\u2019inspiration pour meubler toute votre chambre \u00e0 coucher. Vous y d\u00e9couvrirez imm\u00e9diatement les derni\u00e8res tendances. Cr\u00e9ez vous-m\u00eame la combinaison parfaite et jouez avec le choix de vos meubles. Explosion de couleurs ou minimalisme : m\u00e9langez et associez diff\u00e9rentes mati\u00e8res et teintes, et profitez de la chambre \u00e0 coucher la plus agr\u00e9able. En solo ou en duo.<\/p>\n\n\n\n<p>Vous trouverez une gamme compl\u00e8te chez BE-Okay, y compris des chambres d\u2019enfants et d\u2019ados.<\/p>\n\n\n\n<div class=\"wp-block-buttons is-layout-flex wp-block-buttons-is-layout-flex\">\n<div class=\"wp-block-button\"><a class=\"wp-block-button__link wp-element-button\" href=\"https:\/\/be-okay.be\/fr\/contact\/\">VISITEZ NOTRE SALLE D&rsquo;EXPOSITION<\/a><\/div>\n\n\n\n<div class=\"wp-block-button\"><a class=\"wp-block-button__link wp-element-button\" href=\"https:\/\/be-okay.be\/fr\/promotions\/\">D\u00c9COUVREZ LES PROMOTIONS<\/a><\/div>\n<\/div>\n<\/div><\/div>\n","protected":false},"excerpt":{"rendered":"","protected":false},"author":1,"featured_media":5865,"parent":4805,"menu_order":3,"comment_status":"closed","ping_status":"closed","template":"template_collectieSub.php","meta":{"_acf_changed":false,"footnotes":""},"class_list":["post-4824","page","type-page","status-publish","has-post-thumbnail","hentry"],"acf":[],"yoast_head":"<!-- This site is optimized with the Yoast SEO plugin v27.4 - https:\/\/yoast.com\/product\/yoast-seo-wordpress\/ -->\n<title>Chambres \u00e0 coucher compl\u00e8tes | Id\u00e9es d\u2019am\u00e9nagement et de d\u00e9coration | BE-Okay<\/title>\n<meta name=\"description\" content=\"Vous voulez am\u00e9nager votre chambre \u00e0 coucher ou vous cherchez un nouveau lit, une armoire ou une table de chevet ? Ou une chambre d\u2019enfants compl\u00e8te ? Passez chez BE-Okay pour les d\u00e9couvrir\" \/>\n<meta name=\"robots\" content=\"index, follow, max-snippet:-1, max-image-preview:large, max-video-preview:-1\" \/>\n<link rel=\"canonical\" href=\"https:\/\/be-okay.be\/fr\/collection\/chambre-a-coucher\/\" \/>\n<meta property=\"og:locale\" content=\"fr_FR\" \/>\n<meta property=\"og:type\" content=\"article\" \/>\n<meta property=\"og:title\" content=\"Chambres \u00e0 coucher compl\u00e8tes | Id\u00e9es d\u2019am\u00e9nagement et de d\u00e9coration | BE-Okay\" \/>\n<meta property=\"og:description\" content=\"Vous voulez am\u00e9nager votre chambre \u00e0 coucher ou vous cherchez un nouveau lit, une armoire ou une table de chevet ? Ou une chambre d\u2019enfants compl\u00e8te ? Passez chez BE-Okay pour les d\u00e9couvrir\" \/>\n<meta property=\"og:url\" content=\"https:\/\/be-okay.be\/fr\/collection\/chambre-a-coucher\/\" \/>\n<meta property=\"og:site_name\" content=\"BE-Okay\" \/>\n<meta property=\"article:modified_time\" content=\"2023-02-23T08:25:18+00:00\" \/>\n<meta property=\"og:image\" content=\"http:\/\/be-okay.be\/wp-content\/uploads\/2022\/02\/SLAAPKAMER_1.jpg\" \/>\n\t<meta property=\"og:image:width\" content=\"2000\" \/>\n\t<meta property=\"og:image:height\" content=\"1471\" \/>\n\t<meta property=\"og:image:type\" content=\"image\/jpeg\" \/>\n<meta name=\"twitter:card\" content=\"summary_large_image\" \/>\n<meta name=\"twitter:label1\" content=\"Dur\u00e9e de lecture estim\u00e9e\" \/>\n\t<meta name=\"twitter:data1\" content=\"1 minute\" \/>\n<script type=\"application\/ld+json\" class=\"yoast-schema-graph\">{\"@context\":\"https:\\\/\\\/schema.org\",\"@graph\":[{\"@type\":\"WebPage\",\"@id\":\"https:\\\/\\\/be-okay.be\\\/fr\\\/collection\\\/chambre-a-coucher\\\/\",\"url\":\"https:\\\/\\\/be-okay.be\\\/fr\\\/collection\\\/chambre-a-coucher\\\/\",\"name\":\"Chambres \u00e0 coucher compl\u00e8tes | Id\u00e9es d\u2019am\u00e9nagement et de d\u00e9coration | BE-Okay\",\"isPartOf\":{\"@id\":\"https:\\\/\\\/be-okay.be\\\/fr\\\/#website\"},\"primaryImageOfPage\":{\"@id\":\"https:\\\/\\\/be-okay.be\\\/fr\\\/collection\\\/chambre-a-coucher\\\/#primaryimage\"},\"image\":{\"@id\":\"https:\\\/\\\/be-okay.be\\\/fr\\\/collection\\\/chambre-a-coucher\\\/#primaryimage\"},\"thumbnailUrl\":\"https:\\\/\\\/be-okay.be\\\/wp-content\\\/uploads\\\/2023\\\/09\\\/BEOKAY_SLAAPKAMER-scaled.jpg\",\"datePublished\":\"2021-09-16T12:52:49+00:00\",\"dateModified\":\"2023-02-23T08:25:18+00:00\",\"description\":\"Vous voulez am\u00e9nager votre chambre \u00e0 coucher ou vous cherchez un nouveau lit, une armoire ou une table de chevet ? Ou une chambre d\u2019enfants compl\u00e8te ? Passez chez BE-Okay pour les d\u00e9couvrir\",\"breadcrumb\":{\"@id\":\"https:\\\/\\\/be-okay.be\\\/fr\\\/collection\\\/chambre-a-coucher\\\/#breadcrumb\"},\"inLanguage\":\"fr-FR\",\"potentialAction\":[{\"@type\":\"ReadAction\",\"target\":[\"https:\\\/\\\/be-okay.be\\\/fr\\\/collection\\\/chambre-a-coucher\\\/\"]}]},{\"@type\":\"ImageObject\",\"inLanguage\":\"fr-FR\",\"@id\":\"https:\\\/\\\/be-okay.be\\\/fr\\\/collection\\\/chambre-a-coucher\\\/#primaryimage\",\"url\":\"https:\\\/\\\/be-okay.be\\\/wp-content\\\/uploads\\\/2023\\\/09\\\/BEOKAY_SLAAPKAMER-scaled.jpg\",\"contentUrl\":\"https:\\\/\\\/be-okay.be\\\/wp-content\\\/uploads\\\/2023\\\/09\\\/BEOKAY_SLAAPKAMER-scaled.jpg\",\"width\":2018,\"height\":2560},{\"@type\":\"BreadcrumbList\",\"@id\":\"https:\\\/\\\/be-okay.be\\\/fr\\\/collection\\\/chambre-a-coucher\\\/#breadcrumb\",\"itemListElement\":[{\"@type\":\"ListItem\",\"position\":1,\"name\":\"Collection\",\"item\":\"https:\\\/\\\/be-okay.be\\\/fr\\\/collection\\\/\"},{\"@type\":\"ListItem\",\"position\":2,\"name\":\"Chambre \u00e0 coucher\"}]},{\"@type\":\"WebSite\",\"@id\":\"https:\\\/\\\/be-okay.be\\\/fr\\\/#website\",\"url\":\"https:\\\/\\\/be-okay.be\\\/fr\\\/\",\"name\":\"BE-Okay\",\"description\":\"Young living concept - meubelwinkel Deerlijk &amp; Moeskroen\",\"potentialAction\":[{\"@type\":\"SearchAction\",\"target\":{\"@type\":\"EntryPoint\",\"urlTemplate\":\"https:\\\/\\\/be-okay.be\\\/fr\\\/?s={search_term_string}\"},\"query-input\":{\"@type\":\"PropertyValueSpecification\",\"valueRequired\":true,\"valueName\":\"search_term_string\"}}],\"inLanguage\":\"fr-FR\"}]}<\/script>\n<!-- \/ Yoast SEO plugin. -->","yoast_head_json":{"title":"Chambres \u00e0 coucher compl\u00e8tes | Id\u00e9es d\u2019am\u00e9nagement et de d\u00e9coration | BE-Okay","description":"Vous voulez am\u00e9nager votre chambre \u00e0 coucher ou vous cherchez un nouveau lit, une armoire ou une table de chevet ? Ou une chambre d\u2019enfants compl\u00e8te ? Passez chez BE-Okay pour les d\u00e9couvrir","robots":{"index":"index","follow":"follow","max-snippet":"max-snippet:-1","max-image-preview":"max-image-preview:large","max-video-preview":"max-video-preview:-1"},"canonical":"https:\/\/be-okay.be\/fr\/collection\/chambre-a-coucher\/","og_locale":"fr_FR","og_type":"article","og_title":"Chambres \u00e0 coucher compl\u00e8tes | Id\u00e9es d\u2019am\u00e9nagement et de d\u00e9coration | BE-Okay","og_description":"Vous voulez am\u00e9nager votre chambre \u00e0 coucher ou vous cherchez un nouveau lit, une armoire ou une table de chevet ? Ou une chambre d\u2019enfants compl\u00e8te ? Passez chez BE-Okay pour les d\u00e9couvrir","og_url":"https:\/\/be-okay.be\/fr\/collection\/chambre-a-coucher\/","og_site_name":"BE-Okay","article_modified_time":"2023-02-23T08:25:18+00:00","og_image":[{"width":2000,"height":1471,"url":"http:\/\/be-okay.be\/wp-content\/uploads\/2022\/02\/SLAAPKAMER_1.jpg","type":"image\/jpeg"}],"twitter_card":"summary_large_image","twitter_misc":{"Dur\u00e9e de lecture estim\u00e9e":"1 minute"},"schema":{"@context":"https:\/\/schema.org","@graph":[{"@type":"WebPage","@id":"https:\/\/be-okay.be\/fr\/collection\/chambre-a-coucher\/","url":"https:\/\/be-okay.be\/fr\/collection\/chambre-a-coucher\/","name":"Chambres \u00e0 coucher compl\u00e8tes | Id\u00e9es d\u2019am\u00e9nagement et de d\u00e9coration | BE-Okay","isPartOf":{"@id":"https:\/\/be-okay.be\/fr\/#website"},"primaryImageOfPage":{"@id":"https:\/\/be-okay.be\/fr\/collection\/chambre-a-coucher\/#primaryimage"},"image":{"@id":"https:\/\/be-okay.be\/fr\/collection\/chambre-a-coucher\/#primaryimage"},"thumbnailUrl":"https:\/\/be-okay.be\/wp-content\/uploads\/2023\/09\/BEOKAY_SLAAPKAMER-scaled.jpg","datePublished":"2021-09-16T12:52:49+00:00","dateModified":"2023-02-23T08:25:18+00:00","description":"Vous voulez am\u00e9nager votre chambre \u00e0 coucher ou vous cherchez un nouveau lit, une armoire ou une table de chevet ? Ou une chambre d\u2019enfants compl\u00e8te ? Passez chez BE-Okay pour les d\u00e9couvrir","breadcrumb":{"@id":"https:\/\/be-okay.be\/fr\/collection\/chambre-a-coucher\/#breadcrumb"},"inLanguage":"fr-FR","potentialAction":[{"@type":"ReadAction","target":["https:\/\/be-okay.be\/fr\/collection\/chambre-a-coucher\/"]}]},{"@type":"ImageObject","inLanguage":"fr-FR","@id":"https:\/\/be-okay.be\/fr\/collection\/chambre-a-coucher\/#primaryimage","url":"https:\/\/be-okay.be\/wp-content\/uploads\/2023\/09\/BEOKAY_SLAAPKAMER-scaled.jpg","contentUrl":"https:\/\/be-okay.be\/wp-content\/uploads\/2023\/09\/BEOKAY_SLAAPKAMER-scaled.jpg","width":2018,"height":2560},{"@type":"BreadcrumbList","@id":"https:\/\/be-okay.be\/fr\/collection\/chambre-a-coucher\/#breadcrumb","itemListElement":[{"@type":"ListItem","position":1,"name":"Collection","item":"https:\/\/be-okay.be\/fr\/collection\/"},{"@type":"ListItem","position":2,"name":"Chambre \u00e0 coucher"}]},{"@type":"WebSite","@id":"https:\/\/be-okay.be\/fr\/#website","url":"https:\/\/be-okay.be\/fr\/","name":"BE-Okay","description":"Young living concept - meubelwinkel Deerlijk &amp; Moeskroen","potentialAction":[{"@type":"SearchAction","target":{"@type":"EntryPoint","urlTemplate":"https:\/\/be-okay.be\/fr\/?s={search_term_string}"},"query-input":{"@type":"PropertyValueSpecification","valueRequired":true,"valueName":"search_term_string"}}],"inLanguage":"fr-FR"}]}},"_links":{"self":[{"href":"https:\/\/be-okay.be\/fr\/wp-json\/wp\/v2\/pages\/4824","targetHints":{"allow":["GET"]}}],"collection":[{"href":"https:\/\/be-okay.be\/fr\/wp-json\/wp\/v2\/pages"}],"about":[{"href":"https:\/\/be-okay.be\/fr\/wp-json\/wp\/v2\/types\/page"}],"author":[{"embeddable":true,"href":"https:\/\/be-okay.be\/fr\/wp-json\/wp\/v2\/users\/1"}],"replies":[{"embeddable":true,"href":"https:\/\/be-okay.be\/fr\/wp-json\/wp\/v2\/comments?post=4824"}],"version-history":[{"count":4,"href":"https:\/\/be-okay.be\/fr\/wp-json\/wp\/v2\/pages\/4824\/revisions"}],"predecessor-version":[{"id":5021,"href":"https:\/\/be-okay.be\/fr\/wp-json\/wp\/v2\/pages\/4824\/revisions\/5021"}],"up":[{"embeddable":true,"href":"https:\/\/be-okay.be\/fr\/wp-json\/wp\/v2\/pages\/4805"}],"wp:featuredmedia":[{"embeddable":true,"href":"https:\/\/be-okay.be\/fr\/wp-json\/wp\/v2\/media\/5865"}],"wp:attachment":[{"href":"https:\/\/be-okay.be\/fr\/wp-json\/wp\/v2\/media?parent=4824"}],"curies":[{"name":"wp","href":"https:\/\/api.w.org\/{rel}","templated":true}]}}