{"id":4825,"date":"2021-09-16T12:55:19","date_gmt":"2021-09-16T12:55:19","guid":{"rendered":"https:\/\/be-okay.be\/collectie\/slaapkamer\/bedden\/"},"modified":"2025-03-18T10:16:28","modified_gmt":"2025-03-18T10:16:28","slug":"lits","status":"publish","type":"page","link":"https:\/\/be-okay.be\/fr\/collection\/chambre-a-coucher\/lits\/","title":{"rendered":"Lits"},"content":{"rendered":"\n<h1 class=\"wp-block-heading\">BIENVENUE AU PAYS DES DOUX R\u00caVES DANS LES LITS DE BE-OKAY<\/h1>\n\n\n\n<h2 class=\"wp-block-heading\">Acheter un lit chez BE-Okay&nbsp;: aussi pour les lits 1 place et demie<\/h2>\n\n\n\n<p>Moins de temps pour piquer un roupillon&nbsp;? La qualit\u00e9 de votre sommeil d\u00e9pend dans une large mesure de la qualit\u00e9 de votre lit. Il est donc important d\u2019acheter le lit adapt\u00e9 \u00e0 votre situation et \u00e0 votre morphologie.<\/p>\n\n\n\n<p>Adieu les cauchemars&nbsp;! BE-Okay propose une gamme de lits de qualit\u00e9 parmi les stars absolues. Vous trouverez ici le lit de vos r\u00eaves&nbsp;: lits doubles, lits simples, lits 1 place et demie, lits superpos\u00e9s&#8230;<\/p>\n\n\n\n<p>Vous voulez d\u2019abord voir un lit en vrai&nbsp;? Visitez nos salles d\u2019exposition.<\/p>\n\n\n\n<div class=\"wp-block-buttons is-content-justification-center is-layout-flex wp-container-core-buttons-is-layout-16018d1d wp-block-buttons-is-layout-flex\">\n<div class=\"wp-block-button\"><a class=\"wp-block-button__link wp-element-button\" href=\"https:\/\/be-okay.be\/fr\/contact\/\">CONSULTEZ LES HEURES D\u2019OUVERTURE<\/a><\/div>\n<\/div>\n\n\n\n<div style=\"height:40px\" aria-hidden=\"true\" class=\"wp-block-spacer\"><\/div>\n\n\n\n<h2 class=\"wp-block-heading\">Puisez l&rsquo;inspiration dans nos lits<\/h2>\n\n\n\n<figure class=\"wp-block-gallery has-nested-images columns-default is-cropped wp-block-gallery-1 is-layout-flex wp-block-gallery-is-layout-flex\">\n<figure class=\"wp-block-image size-large\"><img decoding=\"async\" width=\"1000\" height=\"666\" data-id=\"822\" data-src=\"https:\/\/be-okay.be\/wp-content\/uploads\/2022\/04\/SLAAPKAMER_Bedden_Sirius_Forte_1.jpg\" alt=\"\" class=\"wp-image-822 lazyload\" data-srcset=\"https:\/\/be-okay.be\/wp-content\/uploads\/2022\/04\/SLAAPKAMER_Bedden_Sirius_Forte_1.jpg 1000w, https:\/\/be-okay.be\/wp-content\/uploads\/2022\/04\/SLAAPKAMER_Bedden_Sirius_Forte_1-300x200.jpg 300w, https:\/\/be-okay.be\/wp-content\/uploads\/2022\/04\/SLAAPKAMER_Bedden_Sirius_Forte_1-768x511.jpg 768w\" data-sizes=\"(max-width: 1000px) 100vw, 1000px\" src=\"data:image\/svg+xml;base64,PHN2ZyB3aWR0aD0iMSIgaGVpZ2h0PSIxIiB4bWxucz0iaHR0cDovL3d3dy53My5vcmcvMjAwMC9zdmciPjwvc3ZnPg==\" style=\"--smush-placeholder-width: 1000px; --smush-placeholder-aspect-ratio: 1000\/666;\" \/><\/figure>\n\n\n\n<figure class=\"wp-block-image size-large\"><img decoding=\"async\" width=\"1000\" height=\"548\" data-id=\"818\" data-src=\"https:\/\/be-okay.be\/wp-content\/uploads\/2022\/04\/SLAAPKAMER_Bedden_Trondheim_Forte_1.2.jpg\" alt=\"\" class=\"wp-image-818 lazyload\" data-srcset=\"https:\/\/be-okay.be\/wp-content\/uploads\/2022\/04\/SLAAPKAMER_Bedden_Trondheim_Forte_1.2.jpg 1000w, https:\/\/be-okay.be\/wp-content\/uploads\/2022\/04\/SLAAPKAMER_Bedden_Trondheim_Forte_1.2-300x164.jpg 300w, https:\/\/be-okay.be\/wp-content\/uploads\/2022\/04\/SLAAPKAMER_Bedden_Trondheim_Forte_1.2-768x421.jpg 768w\" data-sizes=\"(max-width: 1000px) 100vw, 1000px\" src=\"data:image\/svg+xml;base64,PHN2ZyB3aWR0aD0iMSIgaGVpZ2h0PSIxIiB4bWxucz0iaHR0cDovL3d3dy53My5vcmcvMjAwMC9zdmciPjwvc3ZnPg==\" style=\"--smush-placeholder-width: 1000px; --smush-placeholder-aspect-ratio: 1000\/548;\" \/><\/figure>\n\n\n\n<figure class=\"wp-block-image size-large\"><img decoding=\"async\" width=\"1500\" height=\"1000\" data-id=\"4048\" data-src=\"https:\/\/be-okay.be\/wp-content\/uploads\/2022\/12\/BEOKAY_Slaapkamer_Rauch.jpg\" alt=\"\" class=\"wp-image-4048 lazyload\" data-srcset=\"https:\/\/be-okay.be\/wp-content\/uploads\/2022\/12\/BEOKAY_Slaapkamer_Rauch.jpg 1500w, https:\/\/be-okay.be\/wp-content\/uploads\/2022\/12\/BEOKAY_Slaapkamer_Rauch-300x200.jpg 300w, https:\/\/be-okay.be\/wp-content\/uploads\/2022\/12\/BEOKAY_Slaapkamer_Rauch-768x512.jpg 768w\" data-sizes=\"(max-width: 1500px) 100vw, 1500px\" src=\"data:image\/svg+xml;base64,PHN2ZyB3aWR0aD0iMSIgaGVpZ2h0PSIxIiB4bWxucz0iaHR0cDovL3d3dy53My5vcmcvMjAwMC9zdmciPjwvc3ZnPg==\" style=\"--smush-placeholder-width: 1500px; --smush-placeholder-aspect-ratio: 1500\/1000;\" \/><\/figure>\n\n\n\n<figure class=\"wp-block-image size-full\"><img decoding=\"async\" width=\"1080\" height=\"1080\" data-id=\"7291\" data-src=\"http:\/\/be-okay.be\/wp-content\/uploads\/2025\/03\/BEOAY__Slaapkamer_Bedden_Savona_Forte.jpg\" alt=\"Lit double \u00e9l\u00e9gant en aspect bois avec un socle \u00e9clair\u00e9 et une t\u00eate de lit rembourr\u00e9e, parfait pour une chambre moderne.\" class=\"wp-image-7291 lazyload\" data-srcset=\"https:\/\/be-okay.be\/wp-content\/uploads\/2025\/03\/BEOAY__Slaapkamer_Bedden_Savona_Forte.jpg 1080w, https:\/\/be-okay.be\/wp-content\/uploads\/2025\/03\/BEOAY__Slaapkamer_Bedden_Savona_Forte-300x300.jpg 300w, https:\/\/be-okay.be\/wp-content\/uploads\/2025\/03\/BEOAY__Slaapkamer_Bedden_Savona_Forte-150x150.jpg 150w, https:\/\/be-okay.be\/wp-content\/uploads\/2025\/03\/BEOAY__Slaapkamer_Bedden_Savona_Forte-768x768.jpg 768w\" data-sizes=\"(max-width: 1080px) 100vw, 1080px\" src=\"data:image\/svg+xml;base64,PHN2ZyB3aWR0aD0iMSIgaGVpZ2h0PSIxIiB4bWxucz0iaHR0cDovL3d3dy53My5vcmcvMjAwMC9zdmciPjwvc3ZnPg==\" style=\"--smush-placeholder-width: 1080px; --smush-placeholder-aspect-ratio: 1080\/1080;\" \/><\/figure>\n\n\n\n<figure class=\"wp-block-image size-full\"><img decoding=\"async\" width=\"1080\" height=\"1080\" data-id=\"7289\" data-src=\"http:\/\/be-okay.be\/wp-content\/uploads\/2025\/03\/BEOAY__Slaapkamer_Bedden_Aditio_Rauch.jpg\" alt=\"Lit coffre moderne de couleur claire avec tiroirs int\u00e9gr\u00e9s, dot\u00e9 d'une t\u00eate de lit rembourr\u00e9e et accompagn\u00e9 d'une table de nuit assortie.\" class=\"wp-image-7289 lazyload\" data-srcset=\"https:\/\/be-okay.be\/wp-content\/uploads\/2025\/03\/BEOAY__Slaapkamer_Bedden_Aditio_Rauch.jpg 1080w, https:\/\/be-okay.be\/wp-content\/uploads\/2025\/03\/BEOAY__Slaapkamer_Bedden_Aditio_Rauch-300x300.jpg 300w, https:\/\/be-okay.be\/wp-content\/uploads\/2025\/03\/BEOAY__Slaapkamer_Bedden_Aditio_Rauch-150x150.jpg 150w, https:\/\/be-okay.be\/wp-content\/uploads\/2025\/03\/BEOAY__Slaapkamer_Bedden_Aditio_Rauch-768x768.jpg 768w\" data-sizes=\"(max-width: 1080px) 100vw, 1080px\" src=\"data:image\/svg+xml;base64,PHN2ZyB3aWR0aD0iMSIgaGVpZ2h0PSIxIiB4bWxucz0iaHR0cDovL3d3dy53My5vcmcvMjAwMC9zdmciPjwvc3ZnPg==\" style=\"--smush-placeholder-width: 1080px; --smush-placeholder-aspect-ratio: 1080\/1080;\" \/><\/figure>\n\n\n\n<figure class=\"wp-block-image size-large\"><img decoding=\"async\" width=\"1500\" height=\"1071\" data-id=\"4052\" data-src=\"https:\/\/be-okay.be\/wp-content\/uploads\/2022\/12\/BEOKAY_Slaapkamer_Bedden_Maximin_Gautier_1.jpg\" alt=\"\" class=\"wp-image-4052 lazyload\" data-srcset=\"https:\/\/be-okay.be\/wp-content\/uploads\/2022\/12\/BEOKAY_Slaapkamer_Bedden_Maximin_Gautier_1.jpg 1500w, https:\/\/be-okay.be\/wp-content\/uploads\/2022\/12\/BEOKAY_Slaapkamer_Bedden_Maximin_Gautier_1-300x214.jpg 300w, https:\/\/be-okay.be\/wp-content\/uploads\/2022\/12\/BEOKAY_Slaapkamer_Bedden_Maximin_Gautier_1-768x548.jpg 768w\" data-sizes=\"(max-width: 1500px) 100vw, 1500px\" src=\"data:image\/svg+xml;base64,PHN2ZyB3aWR0aD0iMSIgaGVpZ2h0PSIxIiB4bWxucz0iaHR0cDovL3d3dy53My5vcmcvMjAwMC9zdmciPjwvc3ZnPg==\" style=\"--smush-placeholder-width: 1500px; --smush-placeholder-aspect-ratio: 1500\/1071;\" \/><\/figure>\n\n\n\n<figure class=\"wp-block-image size-large\"><img decoding=\"async\" width=\"1500\" height=\"1050\" data-id=\"6362\" data-src=\"https:\/\/be-okay.be\/wp-content\/uploads\/2024\/01\/BEOKAY_FORTE_HIGHROCK_6-1500x1050.jpg\" alt=\"\" class=\"wp-image-6362 lazyload\" data-srcset=\"https:\/\/be-okay.be\/wp-content\/uploads\/2024\/01\/BEOKAY_FORTE_HIGHROCK_6-1500x1050.jpg 1500w, https:\/\/be-okay.be\/wp-content\/uploads\/2024\/01\/BEOKAY_FORTE_HIGHROCK_6-300x210.jpg 300w, https:\/\/be-okay.be\/wp-content\/uploads\/2024\/01\/BEOKAY_FORTE_HIGHROCK_6-768x538.jpg 768w, https:\/\/be-okay.be\/wp-content\/uploads\/2024\/01\/BEOKAY_FORTE_HIGHROCK_6-1536x1075.jpg 1536w, https:\/\/be-okay.be\/wp-content\/uploads\/2024\/01\/BEOKAY_FORTE_HIGHROCK_6-2048x1434.jpg 2048w\" data-sizes=\"(max-width: 1500px) 100vw, 1500px\" src=\"data:image\/svg+xml;base64,PHN2ZyB3aWR0aD0iMSIgaGVpZ2h0PSIxIiB4bWxucz0iaHR0cDovL3d3dy53My5vcmcvMjAwMC9zdmciPjwvc3ZnPg==\" style=\"--smush-placeholder-width: 1500px; --smush-placeholder-aspect-ratio: 1500\/1050;\" \/><\/figure>\n\n\n\n<figure class=\"wp-block-image size-large\"><img decoding=\"async\" width=\"1500\" height=\"849\" data-id=\"6364\" data-src=\"https:\/\/be-okay.be\/wp-content\/uploads\/2024\/01\/BEOKAY_SLAAPKAMER_FORTE_HIGHROCK-1500x849.jpg\" alt=\"\" class=\"wp-image-6364 lazyload\" data-srcset=\"https:\/\/be-okay.be\/wp-content\/uploads\/2024\/01\/BEOKAY_SLAAPKAMER_FORTE_HIGHROCK-1500x849.jpg 1500w, https:\/\/be-okay.be\/wp-content\/uploads\/2024\/01\/BEOKAY_SLAAPKAMER_FORTE_HIGHROCK-300x170.jpg 300w, https:\/\/be-okay.be\/wp-content\/uploads\/2024\/01\/BEOKAY_SLAAPKAMER_FORTE_HIGHROCK-768x435.jpg 768w, https:\/\/be-okay.be\/wp-content\/uploads\/2024\/01\/BEOKAY_SLAAPKAMER_FORTE_HIGHROCK-1536x869.jpg 1536w, https:\/\/be-okay.be\/wp-content\/uploads\/2024\/01\/BEOKAY_SLAAPKAMER_FORTE_HIGHROCK-2048x1159.jpg 2048w\" data-sizes=\"(max-width: 1500px) 100vw, 1500px\" src=\"data:image\/svg+xml;base64,PHN2ZyB3aWR0aD0iMSIgaGVpZ2h0PSIxIiB4bWxucz0iaHR0cDovL3d3dy53My5vcmcvMjAwMC9zdmciPjwvc3ZnPg==\" style=\"--smush-placeholder-width: 1500px; --smush-placeholder-aspect-ratio: 1500\/849;\" \/><\/figure>\n\n\n\n<figure class=\"wp-block-image size-large\"><img decoding=\"async\" width=\"1500\" height=\"889\" data-id=\"6367\" data-src=\"https:\/\/be-okay.be\/wp-content\/uploads\/2024\/01\/BEOKAY_SLAAPKAMER_BED_FREETOWN_FORTE-1500x889.jpg\" alt=\"\" class=\"wp-image-6367 lazyload\" data-srcset=\"https:\/\/be-okay.be\/wp-content\/uploads\/2024\/01\/BEOKAY_SLAAPKAMER_BED_FREETOWN_FORTE-1500x889.jpg 1500w, https:\/\/be-okay.be\/wp-content\/uploads\/2024\/01\/BEOKAY_SLAAPKAMER_BED_FREETOWN_FORTE-300x178.jpg 300w, https:\/\/be-okay.be\/wp-content\/uploads\/2024\/01\/BEOKAY_SLAAPKAMER_BED_FREETOWN_FORTE-768x455.jpg 768w, https:\/\/be-okay.be\/wp-content\/uploads\/2024\/01\/BEOKAY_SLAAPKAMER_BED_FREETOWN_FORTE-1536x910.jpg 1536w, https:\/\/be-okay.be\/wp-content\/uploads\/2024\/01\/BEOKAY_SLAAPKAMER_BED_FREETOWN_FORTE-2048x1213.jpg 2048w\" data-sizes=\"(max-width: 1500px) 100vw, 1500px\" src=\"data:image\/svg+xml;base64,PHN2ZyB3aWR0aD0iMSIgaGVpZ2h0PSIxIiB4bWxucz0iaHR0cDovL3d3dy53My5vcmcvMjAwMC9zdmciPjwvc3ZnPg==\" style=\"--smush-placeholder-width: 1500px; --smush-placeholder-aspect-ratio: 1500\/889;\" \/><\/figure>\n<\/figure>\n","protected":false},"excerpt":{"rendered":"<p>BIENVENUE AU PAYS DES DOUX R\u00caVES DANS LES LITS DE BE-OKAY Acheter un lit chez BE-Okay&nbsp;: aussi pour les lits 1 place et demie Moins de temps pour piquer un roupillon&nbsp;? La qualit\u00e9 de votre sommeil d\u00e9pend dans une large mesure de la qualit\u00e9 de votre lit. Il est donc important d\u2019acheter le lit adapt\u00e9 [&hellip;]<\/p>\n","protected":false},"author":1,"featured_media":4050,"parent":4824,"menu_order":1,"comment_status":"closed","ping_status":"closed","template":"template_collectie_single.php","meta":{"_acf_changed":false,"footnotes":""},"class_list":["post-4825","page","type-page","status-publish","has-post-thumbnail","hentry"],"acf":[],"yoast_head":"<!-- This site is optimized with the Yoast SEO plugin v27.4 - https:\/\/yoast.com\/product\/yoast-seo-wordpress\/ -->\n<title>Lits | Lits 1 personne | Lits 2 personnes | BE-Okay<\/title>\n<meta name=\"description\" content=\"Lit 1 personne, lit 2 personnes ou lit 1 place et demie : chez BE-Okay, vous trouverez le lit id\u00e9al pour votre chambre. Une bonne nuit de sommeil commence ici !\" \/>\n<meta name=\"robots\" content=\"index, follow, max-snippet:-1, max-image-preview:large, max-video-preview:-1\" \/>\n<link rel=\"canonical\" href=\"https:\/\/be-okay.be\/fr\/collection\/chambre-a-coucher\/lits\/\" \/>\n<meta property=\"og:locale\" content=\"fr_FR\" \/>\n<meta property=\"og:type\" content=\"article\" \/>\n<meta property=\"og:title\" content=\"Lits | Lits 1 personne | Lits 2 personnes | BE-Okay\" \/>\n<meta property=\"og:description\" content=\"Lit 1 personne, lit 2 personnes ou lit 1 place et demie : chez BE-Okay, vous trouverez le lit id\u00e9al pour votre chambre. Une bonne nuit de sommeil commence ici !\" \/>\n<meta property=\"og:url\" content=\"https:\/\/be-okay.be\/fr\/collection\/chambre-a-coucher\/lits\/\" \/>\n<meta property=\"og:site_name\" content=\"BE-Okay\" \/>\n<meta property=\"article:modified_time\" content=\"2025-03-18T10:16:28+00:00\" \/>\n<meta property=\"og:image\" content=\"http:\/\/be-okay.be\/wp-content\/uploads\/2022\/12\/BEOKAY_Slaapkamer_Rauch.jpg\" \/>\n\t<meta property=\"og:image:width\" content=\"1500\" \/>\n\t<meta property=\"og:image:height\" content=\"1000\" \/>\n\t<meta property=\"og:image:type\" content=\"image\/jpeg\" \/>\n<meta name=\"twitter:card\" content=\"summary_large_image\" \/>\n<meta name=\"twitter:label1\" content=\"Dur\u00e9e de lecture estim\u00e9e\" \/>\n\t<meta name=\"twitter:data1\" content=\"3 minutes\" \/>\n<script type=\"application\/ld+json\" class=\"yoast-schema-graph\">{\"@context\":\"https:\\\/\\\/schema.org\",\"@graph\":[{\"@type\":\"WebPage\",\"@id\":\"https:\\\/\\\/be-okay.be\\\/fr\\\/collection\\\/chambre-a-coucher\\\/lits\\\/\",\"url\":\"https:\\\/\\\/be-okay.be\\\/fr\\\/collection\\\/chambre-a-coucher\\\/lits\\\/\",\"name\":\"Lits | Lits 1 personne | Lits 2 personnes | BE-Okay\",\"isPartOf\":{\"@id\":\"https:\\\/\\\/be-okay.be\\\/fr\\\/#website\"},\"primaryImageOfPage\":{\"@id\":\"https:\\\/\\\/be-okay.be\\\/fr\\\/collection\\\/chambre-a-coucher\\\/lits\\\/#primaryimage\"},\"image\":{\"@id\":\"https:\\\/\\\/be-okay.be\\\/fr\\\/collection\\\/chambre-a-coucher\\\/lits\\\/#primaryimage\"},\"thumbnailUrl\":\"https:\\\/\\\/be-okay.be\\\/wp-content\\\/uploads\\\/2022\\\/12\\\/BEOKAY_Slaapkamer_Rauch.jpg\",\"datePublished\":\"2021-09-16T12:55:19+00:00\",\"dateModified\":\"2025-03-18T10:16:28+00:00\",\"description\":\"Lit 1 personne, lit 2 personnes ou lit 1 place et demie : chez BE-Okay, vous trouverez le lit id\u00e9al pour votre chambre. Une bonne nuit de sommeil commence ici !\",\"breadcrumb\":{\"@id\":\"https:\\\/\\\/be-okay.be\\\/fr\\\/collection\\\/chambre-a-coucher\\\/lits\\\/#breadcrumb\"},\"inLanguage\":\"fr-FR\",\"potentialAction\":[{\"@type\":\"ReadAction\",\"target\":[\"https:\\\/\\\/be-okay.be\\\/fr\\\/collection\\\/chambre-a-coucher\\\/lits\\\/\"]}]},{\"@type\":\"ImageObject\",\"inLanguage\":\"fr-FR\",\"@id\":\"https:\\\/\\\/be-okay.be\\\/fr\\\/collection\\\/chambre-a-coucher\\\/lits\\\/#primaryimage\",\"url\":\"https:\\\/\\\/be-okay.be\\\/wp-content\\\/uploads\\\/2022\\\/12\\\/BEOKAY_Slaapkamer_Rauch.jpg\",\"contentUrl\":\"https:\\\/\\\/be-okay.be\\\/wp-content\\\/uploads\\\/2022\\\/12\\\/BEOKAY_Slaapkamer_Rauch.jpg\",\"width\":1500,\"height\":1000},{\"@type\":\"BreadcrumbList\",\"@id\":\"https:\\\/\\\/be-okay.be\\\/fr\\\/collection\\\/chambre-a-coucher\\\/lits\\\/#breadcrumb\",\"itemListElement\":[{\"@type\":\"ListItem\",\"position\":1,\"name\":\"Collection\",\"item\":\"https:\\\/\\\/be-okay.be\\\/fr\\\/collection\\\/\"},{\"@type\":\"ListItem\",\"position\":2,\"name\":\"Chambre \u00e0 coucher\",\"item\":\"https:\\\/\\\/be-okay.be\\\/fr\\\/collection\\\/chambre-a-coucher\\\/\"},{\"@type\":\"ListItem\",\"position\":3,\"name\":\"Lits\"}]},{\"@type\":\"WebSite\",\"@id\":\"https:\\\/\\\/be-okay.be\\\/fr\\\/#website\",\"url\":\"https:\\\/\\\/be-okay.be\\\/fr\\\/\",\"name\":\"BE-Okay\",\"description\":\"Young living concept - meubelwinkel Deerlijk &amp; Moeskroen\",\"potentialAction\":[{\"@type\":\"SearchAction\",\"target\":{\"@type\":\"EntryPoint\",\"urlTemplate\":\"https:\\\/\\\/be-okay.be\\\/fr\\\/?s={search_term_string}\"},\"query-input\":{\"@type\":\"PropertyValueSpecification\",\"valueRequired\":true,\"valueName\":\"search_term_string\"}}],\"inLanguage\":\"fr-FR\"}]}<\/script>\n<!-- \/ Yoast SEO plugin. -->","yoast_head_json":{"title":"Lits | Lits 1 personne | Lits 2 personnes | BE-Okay","description":"Lit 1 personne, lit 2 personnes ou lit 1 place et demie : chez BE-Okay, vous trouverez le lit id\u00e9al pour votre chambre. Une bonne nuit de sommeil commence ici !","robots":{"index":"index","follow":"follow","max-snippet":"max-snippet:-1","max-image-preview":"max-image-preview:large","max-video-preview":"max-video-preview:-1"},"canonical":"https:\/\/be-okay.be\/fr\/collection\/chambre-a-coucher\/lits\/","og_locale":"fr_FR","og_type":"article","og_title":"Lits | Lits 1 personne | Lits 2 personnes | BE-Okay","og_description":"Lit 1 personne, lit 2 personnes ou lit 1 place et demie : chez BE-Okay, vous trouverez le lit id\u00e9al pour votre chambre. Une bonne nuit de sommeil commence ici !","og_url":"https:\/\/be-okay.be\/fr\/collection\/chambre-a-coucher\/lits\/","og_site_name":"BE-Okay","article_modified_time":"2025-03-18T10:16:28+00:00","og_image":[{"width":1500,"height":1000,"url":"http:\/\/be-okay.be\/wp-content\/uploads\/2022\/12\/BEOKAY_Slaapkamer_Rauch.jpg","type":"image\/jpeg"}],"twitter_card":"summary_large_image","twitter_misc":{"Dur\u00e9e de lecture estim\u00e9e":"3 minutes"},"schema":{"@context":"https:\/\/schema.org","@graph":[{"@type":"WebPage","@id":"https:\/\/be-okay.be\/fr\/collection\/chambre-a-coucher\/lits\/","url":"https:\/\/be-okay.be\/fr\/collection\/chambre-a-coucher\/lits\/","name":"Lits | Lits 1 personne | Lits 2 personnes | BE-Okay","isPartOf":{"@id":"https:\/\/be-okay.be\/fr\/#website"},"primaryImageOfPage":{"@id":"https:\/\/be-okay.be\/fr\/collection\/chambre-a-coucher\/lits\/#primaryimage"},"image":{"@id":"https:\/\/be-okay.be\/fr\/collection\/chambre-a-coucher\/lits\/#primaryimage"},"thumbnailUrl":"https:\/\/be-okay.be\/wp-content\/uploads\/2022\/12\/BEOKAY_Slaapkamer_Rauch.jpg","datePublished":"2021-09-16T12:55:19+00:00","dateModified":"2025-03-18T10:16:28+00:00","description":"Lit 1 personne, lit 2 personnes ou lit 1 place et demie : chez BE-Okay, vous trouverez le lit id\u00e9al pour votre chambre. Une bonne nuit de sommeil commence ici !","breadcrumb":{"@id":"https:\/\/be-okay.be\/fr\/collection\/chambre-a-coucher\/lits\/#breadcrumb"},"inLanguage":"fr-FR","potentialAction":[{"@type":"ReadAction","target":["https:\/\/be-okay.be\/fr\/collection\/chambre-a-coucher\/lits\/"]}]},{"@type":"ImageObject","inLanguage":"fr-FR","@id":"https:\/\/be-okay.be\/fr\/collection\/chambre-a-coucher\/lits\/#primaryimage","url":"https:\/\/be-okay.be\/wp-content\/uploads\/2022\/12\/BEOKAY_Slaapkamer_Rauch.jpg","contentUrl":"https:\/\/be-okay.be\/wp-content\/uploads\/2022\/12\/BEOKAY_Slaapkamer_Rauch.jpg","width":1500,"height":1000},{"@type":"BreadcrumbList","@id":"https:\/\/be-okay.be\/fr\/collection\/chambre-a-coucher\/lits\/#breadcrumb","itemListElement":[{"@type":"ListItem","position":1,"name":"Collection","item":"https:\/\/be-okay.be\/fr\/collection\/"},{"@type":"ListItem","position":2,"name":"Chambre \u00e0 coucher","item":"https:\/\/be-okay.be\/fr\/collection\/chambre-a-coucher\/"},{"@type":"ListItem","position":3,"name":"Lits"}]},{"@type":"WebSite","@id":"https:\/\/be-okay.be\/fr\/#website","url":"https:\/\/be-okay.be\/fr\/","name":"BE-Okay","description":"Young living concept - meubelwinkel Deerlijk &amp; Moeskroen","potentialAction":[{"@type":"SearchAction","target":{"@type":"EntryPoint","urlTemplate":"https:\/\/be-okay.be\/fr\/?s={search_term_string}"},"query-input":{"@type":"PropertyValueSpecification","valueRequired":true,"valueName":"search_term_string"}}],"inLanguage":"fr-FR"}]}},"_links":{"self":[{"href":"https:\/\/be-okay.be\/fr\/wp-json\/wp\/v2\/pages\/4825","targetHints":{"allow":["GET"]}}],"collection":[{"href":"https:\/\/be-okay.be\/fr\/wp-json\/wp\/v2\/pages"}],"about":[{"href":"https:\/\/be-okay.be\/fr\/wp-json\/wp\/v2\/types\/page"}],"author":[{"embeddable":true,"href":"https:\/\/be-okay.be\/fr\/wp-json\/wp\/v2\/users\/1"}],"replies":[{"embeddable":true,"href":"https:\/\/be-okay.be\/fr\/wp-json\/wp\/v2\/comments?post=4825"}],"version-history":[{"count":5,"href":"https:\/\/be-okay.be\/fr\/wp-json\/wp\/v2\/pages\/4825\/revisions"}],"predecessor-version":[{"id":7294,"href":"https:\/\/be-okay.be\/fr\/wp-json\/wp\/v2\/pages\/4825\/revisions\/7294"}],"up":[{"embeddable":true,"href":"https:\/\/be-okay.be\/fr\/wp-json\/wp\/v2\/pages\/4824"}],"wp:featuredmedia":[{"embeddable":true,"href":"https:\/\/be-okay.be\/fr\/wp-json\/wp\/v2\/media\/4050"}],"wp:attachment":[{"href":"https:\/\/be-okay.be\/fr\/wp-json\/wp\/v2\/media?parent=4825"}],"curies":[{"name":"wp","href":"https:\/\/api.w.org\/{rel}","templated":true}]}}