{"id":4826,"date":"2021-10-26T07:53:33","date_gmt":"2021-10-26T07:53:33","guid":{"rendered":"https:\/\/be-okay.be\/collectie\/slaapkamer\/boxsprings\/"},"modified":"2023-02-28T07:50:37","modified_gmt":"2023-02-28T07:50:37","slug":"boxsprings","status":"publish","type":"page","link":"https:\/\/be-okay.be\/fr\/collection\/chambre-a-coucher\/boxsprings\/","title":{"rendered":"Boxsprings"},"content":{"rendered":"\n<h1 class=\"wp-block-heading\">TROUVEZ LE SOMMEIL DE VOS R\u00caVES AVEC UN BOXSPRING<\/h1>\n\n\n\n<h2 class=\"wp-block-heading\">Dormez en toute l\u00e9g\u00e8ret\u00e9 gr\u00e2ce \u00e0 votre boxspring avec ressorts ensach\u00e9s<\/h2>\n\n\n\n<p>Recharger ses batteries pour le lendemain matin est tr\u00e8s important. Achetez un boxspring confortable de BE-Okay et d\u00e9couvrez une qualit\u00e9 de sommeil in\u00e9dite&nbsp;! Profitez du soutien que le matelas offre \u00e0 votre corps. Une bonne nuit de sommeil sur un boxspring ergonomique de BE-Okay s\u2019apparente \u00e0 une renaissance.<\/p>\n\n\n\n<p>D\u00e9couvrez diff\u00e9rentes tailles de boxsprings (140\u00d7200, 160\u00d7200, 180\u00d7200) via notre collection ci-dessous ou visitez nos salles d\u2019exposition \u00e0 Deerlijk ou Mouscron.<\/p>\n\n\n\n<div class=\"wp-block-buttons is-content-justification-center is-layout-flex wp-container-core-buttons-is-layout-16018d1d wp-block-buttons-is-layout-flex\">\n<div class=\"wp-block-button\"><a class=\"wp-block-button__link wp-element-button\" href=\"https:\/\/be-okay.be\/fr\/contact\/\">CONSULTEZ LES HEURES D\u2019OUVERTURE<\/a><\/div>\n<\/div>\n\n\n\n<div style=\"height:40px\" aria-hidden=\"true\" class=\"wp-block-spacer\"><\/div>\n\n\n\n<h2 class=\"wp-block-heading\">Puisez l&rsquo;inspiration dans nos sommiers tapissiers<\/h2>\n\n\n\n<figure class=\"wp-block-gallery has-nested-images columns-4 is-cropped wp-block-gallery-1 is-layout-flex wp-block-gallery-is-layout-flex\">\n<figure class=\"wp-block-image size-large\"><img decoding=\"async\" width=\"1000\" height=\"1377\" data-id=\"833\" data-src=\"https:\/\/be-okay.be\/wp-content\/uploads\/2022\/04\/SLAAPKAMER_Boxsprings_Azzuro_Dominari_1.2.jpg\" alt=\"\" class=\"wp-image-833 lazyload\" data-srcset=\"https:\/\/be-okay.be\/wp-content\/uploads\/2022\/04\/SLAAPKAMER_Boxsprings_Azzuro_Dominari_1.2.jpg 1000w, https:\/\/be-okay.be\/wp-content\/uploads\/2022\/04\/SLAAPKAMER_Boxsprings_Azzuro_Dominari_1.2-218x300.jpg 218w, https:\/\/be-okay.be\/wp-content\/uploads\/2022\/04\/SLAAPKAMER_Boxsprings_Azzuro_Dominari_1.2-768x1058.jpg 768w\" data-sizes=\"(max-width: 1000px) 100vw, 1000px\" src=\"data:image\/svg+xml;base64,PHN2ZyB3aWR0aD0iMSIgaGVpZ2h0PSIxIiB4bWxucz0iaHR0cDovL3d3dy53My5vcmcvMjAwMC9zdmciPjwvc3ZnPg==\" style=\"--smush-placeholder-width: 1000px; --smush-placeholder-aspect-ratio: 1000\/1377;\" \/><\/figure>\n\n\n\n<figure class=\"wp-block-image size-large\"><img decoding=\"async\" width=\"1000\" height=\"749\" data-id=\"830\" data-src=\"https:\/\/be-okay.be\/wp-content\/uploads\/2022\/04\/SLAAPKAMER_Boxsprings_Breez_Boxtrade_1.jpg\" alt=\"\" class=\"wp-image-830 lazyload\" data-srcset=\"https:\/\/be-okay.be\/wp-content\/uploads\/2022\/04\/SLAAPKAMER_Boxsprings_Breez_Boxtrade_1.jpg 1000w, https:\/\/be-okay.be\/wp-content\/uploads\/2022\/04\/SLAAPKAMER_Boxsprings_Breez_Boxtrade_1-300x225.jpg 300w, https:\/\/be-okay.be\/wp-content\/uploads\/2022\/04\/SLAAPKAMER_Boxsprings_Breez_Boxtrade_1-768x575.jpg 768w\" data-sizes=\"(max-width: 1000px) 100vw, 1000px\" src=\"data:image\/svg+xml;base64,PHN2ZyB3aWR0aD0iMSIgaGVpZ2h0PSIxIiB4bWxucz0iaHR0cDovL3d3dy53My5vcmcvMjAwMC9zdmciPjwvc3ZnPg==\" style=\"--smush-placeholder-width: 1000px; --smush-placeholder-aspect-ratio: 1000\/749;\" \/><\/figure>\n\n\n\n<figure class=\"wp-block-image size-full\"><img decoding=\"async\" width=\"1500\" height=\"1349\" data-id=\"4418\" data-src=\"https:\/\/be-okay.be\/wp-content\/uploads\/2022\/12\/BEOKAY_Slaapkamer_Boxsprings_Trvilita.jpg\" alt=\"\" class=\"wp-image-4418 lazyload\" data-srcset=\"https:\/\/be-okay.be\/wp-content\/uploads\/2022\/12\/BEOKAY_Slaapkamer_Boxsprings_Trvilita.jpg 1500w, https:\/\/be-okay.be\/wp-content\/uploads\/2022\/12\/BEOKAY_Slaapkamer_Boxsprings_Trvilita-300x270.jpg 300w, https:\/\/be-okay.be\/wp-content\/uploads\/2022\/12\/BEOKAY_Slaapkamer_Boxsprings_Trvilita-768x691.jpg 768w\" data-sizes=\"(max-width: 1500px) 100vw, 1500px\" src=\"data:image\/svg+xml;base64,PHN2ZyB3aWR0aD0iMSIgaGVpZ2h0PSIxIiB4bWxucz0iaHR0cDovL3d3dy53My5vcmcvMjAwMC9zdmciPjwvc3ZnPg==\" style=\"--smush-placeholder-width: 1500px; --smush-placeholder-aspect-ratio: 1500\/1349;\" \/><\/figure>\n\n\n\n<figure class=\"wp-block-image size-large\"><img decoding=\"async\" width=\"1500\" height=\"1080\" data-id=\"4046\" data-src=\"http:\/\/be-okay.be\/wp-content\/uploads\/2022\/12\/BEOKAY_Slaapkamer_Ellie_Trivilita.jpg\" alt=\"\" class=\"wp-image-4046 lazyload\" data-srcset=\"https:\/\/be-okay.be\/wp-content\/uploads\/2022\/12\/BEOKAY_Slaapkamer_Ellie_Trivilita.jpg 1500w, https:\/\/be-okay.be\/wp-content\/uploads\/2022\/12\/BEOKAY_Slaapkamer_Ellie_Trivilita-300x216.jpg 300w, https:\/\/be-okay.be\/wp-content\/uploads\/2022\/12\/BEOKAY_Slaapkamer_Ellie_Trivilita-768x553.jpg 768w\" data-sizes=\"(max-width: 1500px) 100vw, 1500px\" src=\"data:image\/svg+xml;base64,PHN2ZyB3aWR0aD0iMSIgaGVpZ2h0PSIxIiB4bWxucz0iaHR0cDovL3d3dy53My5vcmcvMjAwMC9zdmciPjwvc3ZnPg==\" style=\"--smush-placeholder-width: 1500px; --smush-placeholder-aspect-ratio: 1500\/1080;\" \/><\/figure>\n<\/figure>\n","protected":false},"excerpt":{"rendered":"<p>TROUVEZ LE SOMMEIL DE VOS R\u00caVES AVEC UN BOXSPRING Dormez en toute l\u00e9g\u00e8ret\u00e9 gr\u00e2ce \u00e0 votre boxspring avec ressorts ensach\u00e9s Recharger ses batteries pour le lendemain matin est tr\u00e8s important. Achetez un boxspring confortable de BE-Okay et d\u00e9couvrez une qualit\u00e9 de sommeil in\u00e9dite&nbsp;! Profitez du soutien que le matelas offre \u00e0 votre corps. Une bonne [&hellip;]<\/p>\n","protected":false},"author":2,"featured_media":1535,"parent":4824,"menu_order":2,"comment_status":"closed","ping_status":"closed","template":"template_collectie_single.php","meta":{"_acf_changed":false,"footnotes":""},"class_list":["post-4826","page","type-page","status-publish","has-post-thumbnail","hentry"],"acf":[],"yoast_head":"<!-- This site is optimized with the Yoast SEO plugin v27.4 - https:\/\/yoast.com\/product\/yoast-seo-wordpress\/ -->\n<title>Lits Boxspring | Sommiers Tapissiers | BE-Okay Mouscron<\/title>\n<meta name=\"description\" content=\"Le temps est-il venu d\u2019acheter un nouveau boxspring ? D\u00e9couvrez nos sommiers tapissiers en ligne ou dans notre salle d\u2019exposition \u00e0 Mouscron.\" \/>\n<meta name=\"robots\" content=\"index, follow, max-snippet:-1, max-image-preview:large, max-video-preview:-1\" \/>\n<link rel=\"canonical\" href=\"https:\/\/be-okay.be\/fr\/collection\/chambre-a-coucher\/boxsprings\/\" \/>\n<meta property=\"og:locale\" content=\"fr_FR\" \/>\n<meta property=\"og:type\" content=\"article\" \/>\n<meta property=\"og:title\" content=\"Lits Boxspring | Sommiers Tapissiers | BE-Okay Mouscron\" \/>\n<meta property=\"og:description\" content=\"Le temps est-il venu d\u2019acheter un nouveau boxspring ? D\u00e9couvrez nos sommiers tapissiers en ligne ou dans notre salle d\u2019exposition \u00e0 Mouscron.\" \/>\n<meta property=\"og:url\" content=\"https:\/\/be-okay.be\/fr\/collection\/chambre-a-coucher\/boxsprings\/\" \/>\n<meta property=\"og:site_name\" content=\"BE-Okay\" \/>\n<meta property=\"article:modified_time\" content=\"2023-02-28T07:50:37+00:00\" \/>\n<meta property=\"og:image\" content=\"http:\/\/be-okay.be\/wp-content\/uploads\/2022\/04\/SLAAPKAMER_Boxsprings_Breez_Boxtrade_1.jpg\" \/>\n\t<meta property=\"og:image:width\" content=\"1000\" \/>\n\t<meta property=\"og:image:height\" content=\"749\" \/>\n\t<meta property=\"og:image:type\" content=\"image\/jpeg\" \/>\n<meta name=\"twitter:card\" content=\"summary_large_image\" \/>\n<meta name=\"twitter:label1\" content=\"Dur\u00e9e de lecture estim\u00e9e\" \/>\n\t<meta name=\"twitter:data1\" content=\"2 minutes\" \/>\n<script type=\"application\/ld+json\" class=\"yoast-schema-graph\">{\"@context\":\"https:\\\/\\\/schema.org\",\"@graph\":[{\"@type\":\"WebPage\",\"@id\":\"https:\\\/\\\/be-okay.be\\\/fr\\\/collection\\\/chambre-a-coucher\\\/boxsprings\\\/\",\"url\":\"https:\\\/\\\/be-okay.be\\\/fr\\\/collection\\\/chambre-a-coucher\\\/boxsprings\\\/\",\"name\":\"Lits Boxspring | Sommiers Tapissiers | BE-Okay Mouscron\",\"isPartOf\":{\"@id\":\"https:\\\/\\\/be-okay.be\\\/fr\\\/#website\"},\"primaryImageOfPage\":{\"@id\":\"https:\\\/\\\/be-okay.be\\\/fr\\\/collection\\\/chambre-a-coucher\\\/boxsprings\\\/#primaryimage\"},\"image\":{\"@id\":\"https:\\\/\\\/be-okay.be\\\/fr\\\/collection\\\/chambre-a-coucher\\\/boxsprings\\\/#primaryimage\"},\"thumbnailUrl\":\"https:\\\/\\\/be-okay.be\\\/wp-content\\\/uploads\\\/2022\\\/04\\\/SLAAPKAMER_Boxsprings_Breez_Boxtrade_1.jpg\",\"datePublished\":\"2021-10-26T07:53:33+00:00\",\"dateModified\":\"2023-02-28T07:50:37+00:00\",\"description\":\"Le temps est-il venu d\u2019acheter un nouveau boxspring ? D\u00e9couvrez nos sommiers tapissiers en ligne ou dans notre salle d\u2019exposition \u00e0 Mouscron.\",\"breadcrumb\":{\"@id\":\"https:\\\/\\\/be-okay.be\\\/fr\\\/collection\\\/chambre-a-coucher\\\/boxsprings\\\/#breadcrumb\"},\"inLanguage\":\"fr-FR\",\"potentialAction\":[{\"@type\":\"ReadAction\",\"target\":[\"https:\\\/\\\/be-okay.be\\\/fr\\\/collection\\\/chambre-a-coucher\\\/boxsprings\\\/\"]}]},{\"@type\":\"ImageObject\",\"inLanguage\":\"fr-FR\",\"@id\":\"https:\\\/\\\/be-okay.be\\\/fr\\\/collection\\\/chambre-a-coucher\\\/boxsprings\\\/#primaryimage\",\"url\":\"https:\\\/\\\/be-okay.be\\\/wp-content\\\/uploads\\\/2022\\\/04\\\/SLAAPKAMER_Boxsprings_Breez_Boxtrade_1.jpg\",\"contentUrl\":\"https:\\\/\\\/be-okay.be\\\/wp-content\\\/uploads\\\/2022\\\/04\\\/SLAAPKAMER_Boxsprings_Breez_Boxtrade_1.jpg\",\"width\":1000,\"height\":749},{\"@type\":\"BreadcrumbList\",\"@id\":\"https:\\\/\\\/be-okay.be\\\/fr\\\/collection\\\/chambre-a-coucher\\\/boxsprings\\\/#breadcrumb\",\"itemListElement\":[{\"@type\":\"ListItem\",\"position\":1,\"name\":\"Collection\",\"item\":\"https:\\\/\\\/be-okay.be\\\/fr\\\/collection\\\/\"},{\"@type\":\"ListItem\",\"position\":2,\"name\":\"Chambre \u00e0 coucher\",\"item\":\"https:\\\/\\\/be-okay.be\\\/fr\\\/collection\\\/chambre-a-coucher\\\/\"},{\"@type\":\"ListItem\",\"position\":3,\"name\":\"Boxsprings\"}]},{\"@type\":\"WebSite\",\"@id\":\"https:\\\/\\\/be-okay.be\\\/fr\\\/#website\",\"url\":\"https:\\\/\\\/be-okay.be\\\/fr\\\/\",\"name\":\"BE-Okay\",\"description\":\"Young living concept - meubelwinkel Deerlijk &amp; Moeskroen\",\"potentialAction\":[{\"@type\":\"SearchAction\",\"target\":{\"@type\":\"EntryPoint\",\"urlTemplate\":\"https:\\\/\\\/be-okay.be\\\/fr\\\/?s={search_term_string}\"},\"query-input\":{\"@type\":\"PropertyValueSpecification\",\"valueRequired\":true,\"valueName\":\"search_term_string\"}}],\"inLanguage\":\"fr-FR\"}]}<\/script>\n<!-- \/ Yoast SEO plugin. -->","yoast_head_json":{"title":"Lits Boxspring | Sommiers Tapissiers | BE-Okay Mouscron","description":"Le temps est-il venu d\u2019acheter un nouveau boxspring ? D\u00e9couvrez nos sommiers tapissiers en ligne ou dans notre salle d\u2019exposition \u00e0 Mouscron.","robots":{"index":"index","follow":"follow","max-snippet":"max-snippet:-1","max-image-preview":"max-image-preview:large","max-video-preview":"max-video-preview:-1"},"canonical":"https:\/\/be-okay.be\/fr\/collection\/chambre-a-coucher\/boxsprings\/","og_locale":"fr_FR","og_type":"article","og_title":"Lits Boxspring | Sommiers Tapissiers | BE-Okay Mouscron","og_description":"Le temps est-il venu d\u2019acheter un nouveau boxspring ? D\u00e9couvrez nos sommiers tapissiers en ligne ou dans notre salle d\u2019exposition \u00e0 Mouscron.","og_url":"https:\/\/be-okay.be\/fr\/collection\/chambre-a-coucher\/boxsprings\/","og_site_name":"BE-Okay","article_modified_time":"2023-02-28T07:50:37+00:00","og_image":[{"width":1000,"height":749,"url":"http:\/\/be-okay.be\/wp-content\/uploads\/2022\/04\/SLAAPKAMER_Boxsprings_Breez_Boxtrade_1.jpg","type":"image\/jpeg"}],"twitter_card":"summary_large_image","twitter_misc":{"Dur\u00e9e de lecture estim\u00e9e":"2 minutes"},"schema":{"@context":"https:\/\/schema.org","@graph":[{"@type":"WebPage","@id":"https:\/\/be-okay.be\/fr\/collection\/chambre-a-coucher\/boxsprings\/","url":"https:\/\/be-okay.be\/fr\/collection\/chambre-a-coucher\/boxsprings\/","name":"Lits Boxspring | Sommiers Tapissiers | BE-Okay Mouscron","isPartOf":{"@id":"https:\/\/be-okay.be\/fr\/#website"},"primaryImageOfPage":{"@id":"https:\/\/be-okay.be\/fr\/collection\/chambre-a-coucher\/boxsprings\/#primaryimage"},"image":{"@id":"https:\/\/be-okay.be\/fr\/collection\/chambre-a-coucher\/boxsprings\/#primaryimage"},"thumbnailUrl":"https:\/\/be-okay.be\/wp-content\/uploads\/2022\/04\/SLAAPKAMER_Boxsprings_Breez_Boxtrade_1.jpg","datePublished":"2021-10-26T07:53:33+00:00","dateModified":"2023-02-28T07:50:37+00:00","description":"Le temps est-il venu d\u2019acheter un nouveau boxspring ? D\u00e9couvrez nos sommiers tapissiers en ligne ou dans notre salle d\u2019exposition \u00e0 Mouscron.","breadcrumb":{"@id":"https:\/\/be-okay.be\/fr\/collection\/chambre-a-coucher\/boxsprings\/#breadcrumb"},"inLanguage":"fr-FR","potentialAction":[{"@type":"ReadAction","target":["https:\/\/be-okay.be\/fr\/collection\/chambre-a-coucher\/boxsprings\/"]}]},{"@type":"ImageObject","inLanguage":"fr-FR","@id":"https:\/\/be-okay.be\/fr\/collection\/chambre-a-coucher\/boxsprings\/#primaryimage","url":"https:\/\/be-okay.be\/wp-content\/uploads\/2022\/04\/SLAAPKAMER_Boxsprings_Breez_Boxtrade_1.jpg","contentUrl":"https:\/\/be-okay.be\/wp-content\/uploads\/2022\/04\/SLAAPKAMER_Boxsprings_Breez_Boxtrade_1.jpg","width":1000,"height":749},{"@type":"BreadcrumbList","@id":"https:\/\/be-okay.be\/fr\/collection\/chambre-a-coucher\/boxsprings\/#breadcrumb","itemListElement":[{"@type":"ListItem","position":1,"name":"Collection","item":"https:\/\/be-okay.be\/fr\/collection\/"},{"@type":"ListItem","position":2,"name":"Chambre \u00e0 coucher","item":"https:\/\/be-okay.be\/fr\/collection\/chambre-a-coucher\/"},{"@type":"ListItem","position":3,"name":"Boxsprings"}]},{"@type":"WebSite","@id":"https:\/\/be-okay.be\/fr\/#website","url":"https:\/\/be-okay.be\/fr\/","name":"BE-Okay","description":"Young living concept - meubelwinkel Deerlijk &amp; Moeskroen","potentialAction":[{"@type":"SearchAction","target":{"@type":"EntryPoint","urlTemplate":"https:\/\/be-okay.be\/fr\/?s={search_term_string}"},"query-input":{"@type":"PropertyValueSpecification","valueRequired":true,"valueName":"search_term_string"}}],"inLanguage":"fr-FR"}]}},"_links":{"self":[{"href":"https:\/\/be-okay.be\/fr\/wp-json\/wp\/v2\/pages\/4826","targetHints":{"allow":["GET"]}}],"collection":[{"href":"https:\/\/be-okay.be\/fr\/wp-json\/wp\/v2\/pages"}],"about":[{"href":"https:\/\/be-okay.be\/fr\/wp-json\/wp\/v2\/types\/page"}],"author":[{"embeddable":true,"href":"https:\/\/be-okay.be\/fr\/wp-json\/wp\/v2\/users\/2"}],"replies":[{"embeddable":true,"href":"https:\/\/be-okay.be\/fr\/wp-json\/wp\/v2\/comments?post=4826"}],"version-history":[{"count":3,"href":"https:\/\/be-okay.be\/fr\/wp-json\/wp\/v2\/pages\/4826\/revisions"}],"predecessor-version":[{"id":5242,"href":"https:\/\/be-okay.be\/fr\/wp-json\/wp\/v2\/pages\/4826\/revisions\/5242"}],"up":[{"embeddable":true,"href":"https:\/\/be-okay.be\/fr\/wp-json\/wp\/v2\/pages\/4824"}],"wp:featuredmedia":[{"embeddable":true,"href":"https:\/\/be-okay.be\/fr\/wp-json\/wp\/v2\/media\/1535"}],"wp:attachment":[{"href":"https:\/\/be-okay.be\/fr\/wp-json\/wp\/v2\/media?parent=4826"}],"curies":[{"name":"wp","href":"https:\/\/api.w.org\/{rel}","templated":true}]}}