{"id":4828,"date":"2021-11-30T09:24:39","date_gmt":"2021-11-30T09:24:39","guid":{"rendered":"https:\/\/be-okay.be\/collectie\/slaapkamer\/lattenbodems\/"},"modified":"2023-02-23T08:30:42","modified_gmt":"2023-02-23T08:30:42","slug":"sommiers-a-lattes","status":"publish","type":"page","link":"https:\/\/be-okay.be\/fr\/collection\/chambre-a-coucher\/sommiers-a-lattes\/","title":{"rendered":"Sommiers \u00e0 lattes"},"content":{"rendered":"\n<h1 class=\"wp-block-heading\">SOMMEIL OPTIMAL GR\u00c2CE \u00c0 UN SOMMIER \u00c0 LATTES<\/h1>\n\n\n\n<h2 class=\"wp-block-heading\">Sommiers \u00e0 lattes r\u00e9glables de qualit\u00e9 sup\u00e9rieure<\/h2>\n\n\n\n<p>Le sommier \u00e0 latte n\u2019est pas la premi\u00e8re chose qui nous vient \u00e0 l\u2019esprit quand on pense \u00e0 un sommeil de qualit\u00e9. Pourtant, il est tr\u00e8s important pour vous offrir un confort de sommeil optimal.<\/p>\n\n\n\n<p>En plus de garantir une bonne nuit de sommeil, ils attirent peu de poussi\u00e8re et de salet\u00e9. Les sommiers \u00e0 lattes sont tr\u00e8s faciles \u00e0 entretenir.<\/p>\n\n\n\n<p>Vous pouvez consulter notre collection de sommiers \u00e0 lattes dans nos salles d\u2019exposition.<\/p>\n\n\n\n<div class=\"wp-block-buttons is-content-justification-center is-layout-flex wp-container-core-buttons-is-layout-16018d1d wp-block-buttons-is-layout-flex\">\n<div class=\"wp-block-button\"><a class=\"wp-block-button__link wp-element-button\" href=\"https:\/\/be-okay.be\/fr\/contact\/\">CONSULTEZ LES HEURES D\u2019OUVERTURE<\/a><\/div>\n<\/div>\n\n\n\n<div style=\"height:40px\" aria-hidden=\"true\" class=\"wp-block-spacer\"><\/div>\n","protected":false},"excerpt":{"rendered":"<p>SOMMEIL OPTIMAL GR\u00c2CE \u00c0 UN SOMMIER \u00c0 LATTES Sommiers \u00e0 lattes r\u00e9glables de qualit\u00e9 sup\u00e9rieure Le sommier \u00e0 latte n\u2019est pas la premi\u00e8re chose qui nous vient \u00e0 l\u2019esprit quand on pense \u00e0 un sommeil de qualit\u00e9. Pourtant, il est tr\u00e8s important pour vous offrir un confort de sommeil optimal. En plus de garantir une [&hellip;]<\/p>\n","protected":false},"author":2,"featured_media":4520,"parent":4824,"menu_order":5,"comment_status":"closed","ping_status":"closed","template":"template_collectie_single.php","meta":{"_acf_changed":false,"footnotes":""},"class_list":["post-4828","page","type-page","status-publish","has-post-thumbnail","hentry"],"acf":[],"yoast_head":"<!-- This site is optimized with the Yoast SEO plugin v27.4 - https:\/\/yoast.com\/product\/yoast-seo-wordpress\/ -->\n<title>Sommiers \u00e0 lattes pour votre lit | BE-Okay, Deerlijk &amp; Mouscron<\/title>\n<meta name=\"description\" content=\"Le temps est-il venu de remplacer votre sommier \u00e0 lattes ? BE-Okay vous propose des sommiers \u00e0 lattes r\u00e9glables et \u00e9lectriques de diff\u00e9rentes tailles.\" \/>\n<meta name=\"robots\" content=\"index, follow, max-snippet:-1, max-image-preview:large, max-video-preview:-1\" \/>\n<link rel=\"canonical\" href=\"https:\/\/be-okay.be\/fr\/collection\/chambre-a-coucher\/sommiers-a-lattes\/\" \/>\n<meta property=\"og:locale\" content=\"fr_FR\" \/>\n<meta property=\"og:type\" content=\"article\" \/>\n<meta property=\"og:title\" content=\"Sommiers \u00e0 lattes pour votre lit | BE-Okay, Deerlijk &amp; Mouscron\" \/>\n<meta property=\"og:description\" content=\"Le temps est-il venu de remplacer votre sommier \u00e0 lattes ? BE-Okay vous propose des sommiers \u00e0 lattes r\u00e9glables et \u00e9lectriques de diff\u00e9rentes tailles.\" \/>\n<meta property=\"og:url\" content=\"https:\/\/be-okay.be\/fr\/collection\/chambre-a-coucher\/sommiers-a-lattes\/\" \/>\n<meta property=\"og:site_name\" content=\"BE-Okay\" \/>\n<meta property=\"article:modified_time\" content=\"2023-02-23T08:30:42+00:00\" \/>\n<meta property=\"og:image\" content=\"http:\/\/be-okay.be\/wp-content\/uploads\/2022\/12\/BEOKAY_Slaapkamer_Lattenbodems_1-e1671637337720.jpg\" \/>\n\t<meta property=\"og:image:width\" content=\"750\" \/>\n\t<meta property=\"og:image:height\" content=\"1000\" \/>\n\t<meta property=\"og:image:type\" content=\"image\/jpeg\" \/>\n<meta name=\"twitter:card\" content=\"summary_large_image\" \/>\n<meta name=\"twitter:label1\" content=\"Dur\u00e9e de lecture estim\u00e9e\" \/>\n\t<meta name=\"twitter:data1\" content=\"1 minute\" \/>\n<script type=\"application\/ld+json\" class=\"yoast-schema-graph\">{\"@context\":\"https:\\\/\\\/schema.org\",\"@graph\":[{\"@type\":\"WebPage\",\"@id\":\"https:\\\/\\\/be-okay.be\\\/fr\\\/collection\\\/chambre-a-coucher\\\/sommiers-a-lattes\\\/\",\"url\":\"https:\\\/\\\/be-okay.be\\\/fr\\\/collection\\\/chambre-a-coucher\\\/sommiers-a-lattes\\\/\",\"name\":\"Sommiers \u00e0 lattes pour votre lit | BE-Okay, Deerlijk & Mouscron\",\"isPartOf\":{\"@id\":\"https:\\\/\\\/be-okay.be\\\/fr\\\/#website\"},\"primaryImageOfPage\":{\"@id\":\"https:\\\/\\\/be-okay.be\\\/fr\\\/collection\\\/chambre-a-coucher\\\/sommiers-a-lattes\\\/#primaryimage\"},\"image\":{\"@id\":\"https:\\\/\\\/be-okay.be\\\/fr\\\/collection\\\/chambre-a-coucher\\\/sommiers-a-lattes\\\/#primaryimage\"},\"thumbnailUrl\":\"https:\\\/\\\/be-okay.be\\\/wp-content\\\/uploads\\\/2022\\\/12\\\/BEOKAY_Slaapkamer_Lattenbodems_1-e1671637337720.jpg\",\"datePublished\":\"2021-11-30T09:24:39+00:00\",\"dateModified\":\"2023-02-23T08:30:42+00:00\",\"description\":\"Le temps est-il venu de remplacer votre sommier \u00e0 lattes ? BE-Okay vous propose des sommiers \u00e0 lattes r\u00e9glables et \u00e9lectriques de diff\u00e9rentes tailles.\",\"breadcrumb\":{\"@id\":\"https:\\\/\\\/be-okay.be\\\/fr\\\/collection\\\/chambre-a-coucher\\\/sommiers-a-lattes\\\/#breadcrumb\"},\"inLanguage\":\"fr-FR\",\"potentialAction\":[{\"@type\":\"ReadAction\",\"target\":[\"https:\\\/\\\/be-okay.be\\\/fr\\\/collection\\\/chambre-a-coucher\\\/sommiers-a-lattes\\\/\"]}]},{\"@type\":\"ImageObject\",\"inLanguage\":\"fr-FR\",\"@id\":\"https:\\\/\\\/be-okay.be\\\/fr\\\/collection\\\/chambre-a-coucher\\\/sommiers-a-lattes\\\/#primaryimage\",\"url\":\"https:\\\/\\\/be-okay.be\\\/wp-content\\\/uploads\\\/2022\\\/12\\\/BEOKAY_Slaapkamer_Lattenbodems_1-e1671637337720.jpg\",\"contentUrl\":\"https:\\\/\\\/be-okay.be\\\/wp-content\\\/uploads\\\/2022\\\/12\\\/BEOKAY_Slaapkamer_Lattenbodems_1-e1671637337720.jpg\",\"width\":750,\"height\":1000},{\"@type\":\"BreadcrumbList\",\"@id\":\"https:\\\/\\\/be-okay.be\\\/fr\\\/collection\\\/chambre-a-coucher\\\/sommiers-a-lattes\\\/#breadcrumb\",\"itemListElement\":[{\"@type\":\"ListItem\",\"position\":1,\"name\":\"Collection\",\"item\":\"https:\\\/\\\/be-okay.be\\\/fr\\\/collection\\\/\"},{\"@type\":\"ListItem\",\"position\":2,\"name\":\"Chambre \u00e0 coucher\",\"item\":\"https:\\\/\\\/be-okay.be\\\/fr\\\/collection\\\/chambre-a-coucher\\\/\"},{\"@type\":\"ListItem\",\"position\":3,\"name\":\"Sommiers \u00e0 lattes\"}]},{\"@type\":\"WebSite\",\"@id\":\"https:\\\/\\\/be-okay.be\\\/fr\\\/#website\",\"url\":\"https:\\\/\\\/be-okay.be\\\/fr\\\/\",\"name\":\"BE-Okay\",\"description\":\"Young living concept - meubelwinkel Deerlijk &amp; Moeskroen\",\"potentialAction\":[{\"@type\":\"SearchAction\",\"target\":{\"@type\":\"EntryPoint\",\"urlTemplate\":\"https:\\\/\\\/be-okay.be\\\/fr\\\/?s={search_term_string}\"},\"query-input\":{\"@type\":\"PropertyValueSpecification\",\"valueRequired\":true,\"valueName\":\"search_term_string\"}}],\"inLanguage\":\"fr-FR\"}]}<\/script>\n<!-- \/ Yoast SEO plugin. -->","yoast_head_json":{"title":"Sommiers \u00e0 lattes pour votre lit | BE-Okay, Deerlijk & Mouscron","description":"Le temps est-il venu de remplacer votre sommier \u00e0 lattes ? BE-Okay vous propose des sommiers \u00e0 lattes r\u00e9glables et \u00e9lectriques de diff\u00e9rentes tailles.","robots":{"index":"index","follow":"follow","max-snippet":"max-snippet:-1","max-image-preview":"max-image-preview:large","max-video-preview":"max-video-preview:-1"},"canonical":"https:\/\/be-okay.be\/fr\/collection\/chambre-a-coucher\/sommiers-a-lattes\/","og_locale":"fr_FR","og_type":"article","og_title":"Sommiers \u00e0 lattes pour votre lit | BE-Okay, Deerlijk & Mouscron","og_description":"Le temps est-il venu de remplacer votre sommier \u00e0 lattes ? BE-Okay vous propose des sommiers \u00e0 lattes r\u00e9glables et \u00e9lectriques de diff\u00e9rentes tailles.","og_url":"https:\/\/be-okay.be\/fr\/collection\/chambre-a-coucher\/sommiers-a-lattes\/","og_site_name":"BE-Okay","article_modified_time":"2023-02-23T08:30:42+00:00","og_image":[{"width":750,"height":1000,"url":"http:\/\/be-okay.be\/wp-content\/uploads\/2022\/12\/BEOKAY_Slaapkamer_Lattenbodems_1-e1671637337720.jpg","type":"image\/jpeg"}],"twitter_card":"summary_large_image","twitter_misc":{"Dur\u00e9e de lecture estim\u00e9e":"1 minute"},"schema":{"@context":"https:\/\/schema.org","@graph":[{"@type":"WebPage","@id":"https:\/\/be-okay.be\/fr\/collection\/chambre-a-coucher\/sommiers-a-lattes\/","url":"https:\/\/be-okay.be\/fr\/collection\/chambre-a-coucher\/sommiers-a-lattes\/","name":"Sommiers \u00e0 lattes pour votre lit | BE-Okay, Deerlijk & Mouscron","isPartOf":{"@id":"https:\/\/be-okay.be\/fr\/#website"},"primaryImageOfPage":{"@id":"https:\/\/be-okay.be\/fr\/collection\/chambre-a-coucher\/sommiers-a-lattes\/#primaryimage"},"image":{"@id":"https:\/\/be-okay.be\/fr\/collection\/chambre-a-coucher\/sommiers-a-lattes\/#primaryimage"},"thumbnailUrl":"https:\/\/be-okay.be\/wp-content\/uploads\/2022\/12\/BEOKAY_Slaapkamer_Lattenbodems_1-e1671637337720.jpg","datePublished":"2021-11-30T09:24:39+00:00","dateModified":"2023-02-23T08:30:42+00:00","description":"Le temps est-il venu de remplacer votre sommier \u00e0 lattes ? BE-Okay vous propose des sommiers \u00e0 lattes r\u00e9glables et \u00e9lectriques de diff\u00e9rentes tailles.","breadcrumb":{"@id":"https:\/\/be-okay.be\/fr\/collection\/chambre-a-coucher\/sommiers-a-lattes\/#breadcrumb"},"inLanguage":"fr-FR","potentialAction":[{"@type":"ReadAction","target":["https:\/\/be-okay.be\/fr\/collection\/chambre-a-coucher\/sommiers-a-lattes\/"]}]},{"@type":"ImageObject","inLanguage":"fr-FR","@id":"https:\/\/be-okay.be\/fr\/collection\/chambre-a-coucher\/sommiers-a-lattes\/#primaryimage","url":"https:\/\/be-okay.be\/wp-content\/uploads\/2022\/12\/BEOKAY_Slaapkamer_Lattenbodems_1-e1671637337720.jpg","contentUrl":"https:\/\/be-okay.be\/wp-content\/uploads\/2022\/12\/BEOKAY_Slaapkamer_Lattenbodems_1-e1671637337720.jpg","width":750,"height":1000},{"@type":"BreadcrumbList","@id":"https:\/\/be-okay.be\/fr\/collection\/chambre-a-coucher\/sommiers-a-lattes\/#breadcrumb","itemListElement":[{"@type":"ListItem","position":1,"name":"Collection","item":"https:\/\/be-okay.be\/fr\/collection\/"},{"@type":"ListItem","position":2,"name":"Chambre \u00e0 coucher","item":"https:\/\/be-okay.be\/fr\/collection\/chambre-a-coucher\/"},{"@type":"ListItem","position":3,"name":"Sommiers \u00e0 lattes"}]},{"@type":"WebSite","@id":"https:\/\/be-okay.be\/fr\/#website","url":"https:\/\/be-okay.be\/fr\/","name":"BE-Okay","description":"Young living concept - meubelwinkel Deerlijk &amp; Moeskroen","potentialAction":[{"@type":"SearchAction","target":{"@type":"EntryPoint","urlTemplate":"https:\/\/be-okay.be\/fr\/?s={search_term_string}"},"query-input":{"@type":"PropertyValueSpecification","valueRequired":true,"valueName":"search_term_string"}}],"inLanguage":"fr-FR"}]}},"_links":{"self":[{"href":"https:\/\/be-okay.be\/fr\/wp-json\/wp\/v2\/pages\/4828","targetHints":{"allow":["GET"]}}],"collection":[{"href":"https:\/\/be-okay.be\/fr\/wp-json\/wp\/v2\/pages"}],"about":[{"href":"https:\/\/be-okay.be\/fr\/wp-json\/wp\/v2\/types\/page"}],"author":[{"embeddable":true,"href":"https:\/\/be-okay.be\/fr\/wp-json\/wp\/v2\/users\/2"}],"replies":[{"embeddable":true,"href":"https:\/\/be-okay.be\/fr\/wp-json\/wp\/v2\/comments?post=4828"}],"version-history":[{"count":2,"href":"https:\/\/be-okay.be\/fr\/wp-json\/wp\/v2\/pages\/4828\/revisions"}],"predecessor-version":[{"id":5027,"href":"https:\/\/be-okay.be\/fr\/wp-json\/wp\/v2\/pages\/4828\/revisions\/5027"}],"up":[{"embeddable":true,"href":"https:\/\/be-okay.be\/fr\/wp-json\/wp\/v2\/pages\/4824"}],"wp:featuredmedia":[{"embeddable":true,"href":"https:\/\/be-okay.be\/fr\/wp-json\/wp\/v2\/media\/4520"}],"wp:attachment":[{"href":"https:\/\/be-okay.be\/fr\/wp-json\/wp\/v2\/media?parent=4828"}],"curies":[{"name":"wp","href":"https:\/\/api.w.org\/{rel}","templated":true}]}}