{"id":4830,"date":"2021-11-30T09:27:28","date_gmt":"2021-11-30T09:27:28","guid":{"rendered":"https:\/\/be-okay.be\/collectie\/slaapkamer\/kasten\/"},"modified":"2025-03-18T09:31:10","modified_gmt":"2025-03-18T09:31:10","slug":"armoires","status":"publish","type":"page","link":"https:\/\/be-okay.be\/fr\/collection\/chambre-a-coucher\/armoires\/","title":{"rendered":"Armoires"},"content":{"rendered":"\n<h1 class=\"wp-block-heading\">ARMOIRES DE CHAMBRE \u00c0 COUCHER<\/h1>\n\n\n\n<h2 class=\"wp-block-heading\">Une large gamme d\u2019armoires<\/h2>\n\n\n\n<p>Que seraient nos habitations sans armoire&nbsp;? Elles seraient nettement moins belles, non&nbsp;? Nous avons de la chance que les commodes et les garde-robes existent. Au fil du temps, les armoires se sont d\u00e9clin\u00e9es dans les formes et les dimensions les plus vari\u00e9es.<\/p>\n\n\n\n<p>BE-Okay vous propose une large gamme de garde-robes, d\u2019armoires d\u2019angle, de commodes, d\u2019\u00e9tag\u00e8res et de rayonnages. D\u00e9couvrez notre grande collection sur le site web ou visitez nos salles d\u2019exposition.<\/p>\n\n\n\n<div class=\"wp-block-buttons is-content-justification-center is-layout-flex wp-container-core-buttons-is-layout-16018d1d wp-block-buttons-is-layout-flex\">\n<div class=\"wp-block-button\"><a class=\"wp-block-button__link wp-element-button\" href=\"https:\/\/be-okay.be\/fr\/contact\/\">CONSULTEZ LES HEURES D\u2019OUVERTURE<\/a><\/div>\n<\/div>\n\n\n\n<div style=\"height:40px\" aria-hidden=\"true\" class=\"wp-block-spacer\"><\/div>\n\n\n\n<h2 class=\"wp-block-heading\">Puisez l&rsquo;inspiration dans nos armoires<\/h2>\n\n\n\n<figure class=\"wp-block-gallery has-nested-images columns-3 is-cropped wp-block-gallery-1 is-layout-flex wp-block-gallery-is-layout-flex\">\n<figure class=\"wp-block-image size-full\"><img decoding=\"async\" width=\"1080\" height=\"1080\" data-id=\"7254\" data-src=\"http:\/\/be-okay.be\/wp-content\/uploads\/2025\/03\/BEOKAY_Slaapkamer_Kasten_Alabama_1_Rauch.png\" alt=\"Houten kleerkast met vier deuren en drie lades, voorzien van lange handgrepen, in een moderne slaapkamer.\" class=\"wp-image-7254 lazyload\" data-srcset=\"https:\/\/be-okay.be\/wp-content\/uploads\/2025\/03\/BEOKAY_Slaapkamer_Kasten_Alabama_1_Rauch.png 1080w, https:\/\/be-okay.be\/wp-content\/uploads\/2025\/03\/BEOKAY_Slaapkamer_Kasten_Alabama_1_Rauch-300x300.png 300w, https:\/\/be-okay.be\/wp-content\/uploads\/2025\/03\/BEOKAY_Slaapkamer_Kasten_Alabama_1_Rauch-150x150.png 150w, https:\/\/be-okay.be\/wp-content\/uploads\/2025\/03\/BEOKAY_Slaapkamer_Kasten_Alabama_1_Rauch-768x768.png 768w\" data-sizes=\"(max-width: 1080px) 100vw, 1080px\" src=\"data:image\/svg+xml;base64,PHN2ZyB3aWR0aD0iMSIgaGVpZ2h0PSIxIiB4bWxucz0iaHR0cDovL3d3dy53My5vcmcvMjAwMC9zdmciPjwvc3ZnPg==\" style=\"--smush-placeholder-width: 1080px; --smush-placeholder-aspect-ratio: 1080\/1080;\" \/><\/figure>\n\n\n\n<figure class=\"wp-block-image size-full\"><img decoding=\"async\" width=\"1080\" height=\"1080\" data-id=\"7275\" data-src=\"http:\/\/be-okay.be\/wp-content\/uploads\/2025\/03\/BEOKAY_Slaapkamer_Kasten_Level_6_Wimex.png\" alt=\"Strakke donkergrijze schuifdeurkast met drie brede panelen, perfect voor een minimalistische slaapkamer.\" class=\"wp-image-7275 lazyload\" data-srcset=\"https:\/\/be-okay.be\/wp-content\/uploads\/2025\/03\/BEOKAY_Slaapkamer_Kasten_Level_6_Wimex.png 1080w, https:\/\/be-okay.be\/wp-content\/uploads\/2025\/03\/BEOKAY_Slaapkamer_Kasten_Level_6_Wimex-300x300.png 300w, https:\/\/be-okay.be\/wp-content\/uploads\/2025\/03\/BEOKAY_Slaapkamer_Kasten_Level_6_Wimex-150x150.png 150w, https:\/\/be-okay.be\/wp-content\/uploads\/2025\/03\/BEOKAY_Slaapkamer_Kasten_Level_6_Wimex-768x768.png 768w\" data-sizes=\"(max-width: 1080px) 100vw, 1080px\" src=\"data:image\/svg+xml;base64,PHN2ZyB3aWR0aD0iMSIgaGVpZ2h0PSIxIiB4bWxucz0iaHR0cDovL3d3dy53My5vcmcvMjAwMC9zdmciPjwvc3ZnPg==\" style=\"--smush-placeholder-width: 1080px; --smush-placeholder-aspect-ratio: 1080\/1080;\" \/><\/figure>\n\n\n\n<figure class=\"wp-block-image size-full\"><img decoding=\"async\" width=\"1500\" height=\"1061\" data-id=\"5906\" data-src=\"http:\/\/be-okay.be\/wp-content\/uploads\/2023\/09\/image007.jpg\" alt=\"\" class=\"wp-image-5906 lazyload\" data-srcset=\"https:\/\/be-okay.be\/wp-content\/uploads\/2023\/09\/image007.jpg 1500w, https:\/\/be-okay.be\/wp-content\/uploads\/2023\/09\/image007-300x212.jpg 300w, https:\/\/be-okay.be\/wp-content\/uploads\/2023\/09\/image007-768x543.jpg 768w\" data-sizes=\"(max-width: 1500px) 100vw, 1500px\" src=\"data:image\/svg+xml;base64,PHN2ZyB3aWR0aD0iMSIgaGVpZ2h0PSIxIiB4bWxucz0iaHR0cDovL3d3dy53My5vcmcvMjAwMC9zdmciPjwvc3ZnPg==\" style=\"--smush-placeholder-width: 1500px; --smush-placeholder-aspect-ratio: 1500\/1061;\" \/><\/figure>\n\n\n\n<figure class=\"wp-block-image size-full\"><img decoding=\"async\" width=\"1080\" height=\"1080\" data-id=\"7260\" data-src=\"http:\/\/be-okay.be\/wp-content\/uploads\/2025\/03\/BEOKAY_Slaapkamer_Kasten_Fifty_Rauch.png\" alt=\"Moderne witte schuifdeurkast met hoogglans afwerking en een ge\u00efntegreerde spiegel, geplaatst in een stijlvolle slaapkamer.\" class=\"wp-image-7260 lazyload\" data-srcset=\"https:\/\/be-okay.be\/wp-content\/uploads\/2025\/03\/BEOKAY_Slaapkamer_Kasten_Fifty_Rauch.png 1080w, https:\/\/be-okay.be\/wp-content\/uploads\/2025\/03\/BEOKAY_Slaapkamer_Kasten_Fifty_Rauch-300x300.png 300w, https:\/\/be-okay.be\/wp-content\/uploads\/2025\/03\/BEOKAY_Slaapkamer_Kasten_Fifty_Rauch-150x150.png 150w, https:\/\/be-okay.be\/wp-content\/uploads\/2025\/03\/BEOKAY_Slaapkamer_Kasten_Fifty_Rauch-768x768.png 768w\" data-sizes=\"(max-width: 1080px) 100vw, 1080px\" src=\"data:image\/svg+xml;base64,PHN2ZyB3aWR0aD0iMSIgaGVpZ2h0PSIxIiB4bWxucz0iaHR0cDovL3d3dy53My5vcmcvMjAwMC9zdmciPjwvc3ZnPg==\" style=\"--smush-placeholder-width: 1080px; --smush-placeholder-aspect-ratio: 1080\/1080;\" \/><\/figure>\n\n\n\n<figure class=\"wp-block-image size-large\"><img decoding=\"async\" width=\"1500\" height=\"1500\" data-id=\"4442\" data-src=\"https:\/\/be-okay.be\/wp-content\/uploads\/2022\/12\/BEOKAY_Woonkamer_Kast_Billy_Spinder-1500x1500.jpg\" alt=\"\" class=\"wp-image-4442 lazyload\" data-srcset=\"https:\/\/be-okay.be\/wp-content\/uploads\/2022\/12\/BEOKAY_Woonkamer_Kast_Billy_Spinder.jpg 1500w, https:\/\/be-okay.be\/wp-content\/uploads\/2022\/12\/BEOKAY_Woonkamer_Kast_Billy_Spinder-300x300.jpg 300w, https:\/\/be-okay.be\/wp-content\/uploads\/2022\/12\/BEOKAY_Woonkamer_Kast_Billy_Spinder-150x150.jpg 150w, https:\/\/be-okay.be\/wp-content\/uploads\/2022\/12\/BEOKAY_Woonkamer_Kast_Billy_Spinder-768x768.jpg 768w\" data-sizes=\"(max-width: 1500px) 100vw, 1500px\" src=\"data:image\/svg+xml;base64,PHN2ZyB3aWR0aD0iMSIgaGVpZ2h0PSIxIiB4bWxucz0iaHR0cDovL3d3dy53My5vcmcvMjAwMC9zdmciPjwvc3ZnPg==\" style=\"--smush-placeholder-width: 1500px; --smush-placeholder-aspect-ratio: 1500\/1500;\" \/><\/figure>\n\n\n\n<figure class=\"wp-block-image size-full\"><img decoding=\"async\" width=\"1080\" height=\"1080\" data-id=\"7256\" data-src=\"http:\/\/be-okay.be\/wp-content\/uploads\/2025\/03\/BEOKAY_Slaapkamer_Kasten_Alabama_2_Rauch.png\" alt=\"Minimalistische witte kleerkast met twee deuren en een strakke handgreep in een moderne slaapkamer.\" class=\"wp-image-7256 lazyload\" data-srcset=\"https:\/\/be-okay.be\/wp-content\/uploads\/2025\/03\/BEOKAY_Slaapkamer_Kasten_Alabama_2_Rauch.png 1080w, https:\/\/be-okay.be\/wp-content\/uploads\/2025\/03\/BEOKAY_Slaapkamer_Kasten_Alabama_2_Rauch-300x300.png 300w, https:\/\/be-okay.be\/wp-content\/uploads\/2025\/03\/BEOKAY_Slaapkamer_Kasten_Alabama_2_Rauch-150x150.png 150w, https:\/\/be-okay.be\/wp-content\/uploads\/2025\/03\/BEOKAY_Slaapkamer_Kasten_Alabama_2_Rauch-768x768.png 768w\" data-sizes=\"(max-width: 1080px) 100vw, 1080px\" src=\"data:image\/svg+xml;base64,PHN2ZyB3aWR0aD0iMSIgaGVpZ2h0PSIxIiB4bWxucz0iaHR0cDovL3d3dy53My5vcmcvMjAwMC9zdmciPjwvc3ZnPg==\" style=\"--smush-placeholder-width: 1080px; --smush-placeholder-aspect-ratio: 1080\/1080;\" \/><\/figure>\n\n\n\n<figure class=\"wp-block-image size-full\"><img decoding=\"async\" width=\"1080\" height=\"1080\" data-id=\"7223\" data-src=\"http:\/\/be-okay.be\/wp-content\/uploads\/2025\/03\/BEOKAY_Woonkamer_Dressoir_Lago_Meubar.jpg\" alt=\"Licht houten dressoir met vier deuren en een afgeronde afwerking. Het zwarte onderstel zorgt voor een luchtige en moderne uitstraling.\" class=\"wp-image-7223 lazyload\" data-srcset=\"https:\/\/be-okay.be\/wp-content\/uploads\/2025\/03\/BEOKAY_Woonkamer_Dressoir_Lago_Meubar.jpg 1080w, https:\/\/be-okay.be\/wp-content\/uploads\/2025\/03\/BEOKAY_Woonkamer_Dressoir_Lago_Meubar-300x300.jpg 300w, https:\/\/be-okay.be\/wp-content\/uploads\/2025\/03\/BEOKAY_Woonkamer_Dressoir_Lago_Meubar-150x150.jpg 150w, https:\/\/be-okay.be\/wp-content\/uploads\/2025\/03\/BEOKAY_Woonkamer_Dressoir_Lago_Meubar-768x768.jpg 768w\" data-sizes=\"(max-width: 1080px) 100vw, 1080px\" src=\"data:image\/svg+xml;base64,PHN2ZyB3aWR0aD0iMSIgaGVpZ2h0PSIxIiB4bWxucz0iaHR0cDovL3d3dy53My5vcmcvMjAwMC9zdmciPjwvc3ZnPg==\" style=\"--smush-placeholder-width: 1080px; --smush-placeholder-aspect-ratio: 1080\/1080;\" \/><\/figure>\n\n\n\n<figure class=\"wp-block-image size-full\"><img decoding=\"async\" width=\"1080\" height=\"1080\" data-id=\"7269\" data-src=\"http:\/\/be-okay.be\/wp-content\/uploads\/2025\/03\/BEOKAY_Slaapkamer_Kasten_Level_3_Wimex.png\" alt=\"Strakke witte kleerkast met drie deuren en zwarte handgrepen, perfect voor een moderne slaapkamer.\" class=\"wp-image-7269 lazyload\" data-srcset=\"https:\/\/be-okay.be\/wp-content\/uploads\/2025\/03\/BEOKAY_Slaapkamer_Kasten_Level_3_Wimex.png 1080w, https:\/\/be-okay.be\/wp-content\/uploads\/2025\/03\/BEOKAY_Slaapkamer_Kasten_Level_3_Wimex-300x300.png 300w, https:\/\/be-okay.be\/wp-content\/uploads\/2025\/03\/BEOKAY_Slaapkamer_Kasten_Level_3_Wimex-150x150.png 150w, https:\/\/be-okay.be\/wp-content\/uploads\/2025\/03\/BEOKAY_Slaapkamer_Kasten_Level_3_Wimex-768x768.png 768w\" data-sizes=\"(max-width: 1080px) 100vw, 1080px\" src=\"data:image\/svg+xml;base64,PHN2ZyB3aWR0aD0iMSIgaGVpZ2h0PSIxIiB4bWxucz0iaHR0cDovL3d3dy53My5vcmcvMjAwMC9zdmciPjwvc3ZnPg==\" style=\"--smush-placeholder-width: 1080px; --smush-placeholder-aspect-ratio: 1080\/1080;\" \/><\/figure>\n\n\n\n<figure class=\"wp-block-image size-full\"><img decoding=\"async\" width=\"1500\" height=\"1373\" data-id=\"4195\" data-src=\"http:\/\/be-okay.be\/wp-content\/uploads\/2022\/12\/BEOKAY_Woonkamer_Corner_Tenzo_3.jpg\" alt=\"\" class=\"wp-image-4195 lazyload\" data-srcset=\"https:\/\/be-okay.be\/wp-content\/uploads\/2022\/12\/BEOKAY_Woonkamer_Corner_Tenzo_3.jpg 1500w, https:\/\/be-okay.be\/wp-content\/uploads\/2022\/12\/BEOKAY_Woonkamer_Corner_Tenzo_3-300x275.jpg 300w, https:\/\/be-okay.be\/wp-content\/uploads\/2022\/12\/BEOKAY_Woonkamer_Corner_Tenzo_3-768x703.jpg 768w\" data-sizes=\"(max-width: 1500px) 100vw, 1500px\" src=\"data:image\/svg+xml;base64,PHN2ZyB3aWR0aD0iMSIgaGVpZ2h0PSIxIiB4bWxucz0iaHR0cDovL3d3dy53My5vcmcvMjAwMC9zdmciPjwvc3ZnPg==\" style=\"--smush-placeholder-width: 1500px; --smush-placeholder-aspect-ratio: 1500\/1373;\" \/><\/figure>\n<\/figure>\n","protected":false},"excerpt":{"rendered":"<p>ARMOIRES DE CHAMBRE \u00c0 COUCHER Une large gamme d\u2019armoires Que seraient nos habitations sans armoire&nbsp;? Elles seraient nettement moins belles, non&nbsp;? Nous avons de la chance que les commodes et les garde-robes existent. Au fil du temps, les armoires se sont d\u00e9clin\u00e9es dans les formes et les dimensions les plus vari\u00e9es. BE-Okay vous propose une [&hellip;]<\/p>\n","protected":false},"author":2,"featured_media":4195,"parent":4824,"menu_order":7,"comment_status":"closed","ping_status":"closed","template":"template_collectie_single.php","meta":{"_acf_changed":false,"footnotes":""},"class_list":["post-4830","page","type-page","status-publish","has-post-thumbnail","hentry"],"acf":[],"yoast_head":"<!-- This site is optimized with the Yoast SEO plugin v27.3 - https:\/\/yoast.com\/product\/yoast-seo-wordpress\/ -->\n<title>Armoires | Commode | Armoires de chambre \u00e0 coucher | BE-Okay<\/title>\n<meta name=\"description\" content=\"Avez-vous besoin d\u2019un espace de rangement suppl\u00e9mentaire dans votre chambre ? D\u00e9couvrez nos commodes et autres armoires de chambre \u00e0 coucher en ligne et dans notre salle d\u2019exposition.\" \/>\n<meta name=\"robots\" content=\"index, follow, max-snippet:-1, max-image-preview:large, max-video-preview:-1\" \/>\n<link rel=\"canonical\" href=\"https:\/\/be-okay.be\/fr\/collection\/chambre-a-coucher\/armoires\/\" \/>\n<meta property=\"og:locale\" content=\"fr_FR\" \/>\n<meta property=\"og:type\" content=\"article\" \/>\n<meta property=\"og:title\" content=\"Armoires | Commode | Armoires de chambre \u00e0 coucher | BE-Okay\" \/>\n<meta property=\"og:description\" content=\"Avez-vous besoin d\u2019un espace de rangement suppl\u00e9mentaire dans votre chambre ? D\u00e9couvrez nos commodes et autres armoires de chambre \u00e0 coucher en ligne et dans notre salle d\u2019exposition.\" \/>\n<meta property=\"og:url\" content=\"https:\/\/be-okay.be\/fr\/collection\/chambre-a-coucher\/armoires\/\" \/>\n<meta property=\"og:site_name\" content=\"BE-Okay\" \/>\n<meta property=\"article:modified_time\" content=\"2025-03-18T09:31:10+00:00\" \/>\n<meta property=\"og:image\" content=\"http:\/\/be-okay.be\/wp-content\/uploads\/2022\/12\/BEOKAY_Woonkamer_Corner_Tenzo_3.jpg\" \/>\n\t<meta property=\"og:image:width\" content=\"1500\" \/>\n\t<meta property=\"og:image:height\" content=\"1373\" \/>\n\t<meta property=\"og:image:type\" content=\"image\/jpeg\" \/>\n<meta name=\"twitter:card\" content=\"summary_large_image\" \/>\n<meta name=\"twitter:label1\" content=\"Dur\u00e9e de lecture estim\u00e9e\" \/>\n\t<meta name=\"twitter:data1\" content=\"3 minutes\" \/>\n<script type=\"application\/ld+json\" class=\"yoast-schema-graph\">{\"@context\":\"https:\\\/\\\/schema.org\",\"@graph\":[{\"@type\":\"WebPage\",\"@id\":\"https:\\\/\\\/be-okay.be\\\/fr\\\/collection\\\/chambre-a-coucher\\\/armoires\\\/\",\"url\":\"https:\\\/\\\/be-okay.be\\\/fr\\\/collection\\\/chambre-a-coucher\\\/armoires\\\/\",\"name\":\"Armoires | Commode | Armoires de chambre \u00e0 coucher | BE-Okay\",\"isPartOf\":{\"@id\":\"https:\\\/\\\/be-okay.be\\\/fr\\\/#website\"},\"primaryImageOfPage\":{\"@id\":\"https:\\\/\\\/be-okay.be\\\/fr\\\/collection\\\/chambre-a-coucher\\\/armoires\\\/#primaryimage\"},\"image\":{\"@id\":\"https:\\\/\\\/be-okay.be\\\/fr\\\/collection\\\/chambre-a-coucher\\\/armoires\\\/#primaryimage\"},\"thumbnailUrl\":\"https:\\\/\\\/be-okay.be\\\/wp-content\\\/uploads\\\/2022\\\/12\\\/BEOKAY_Woonkamer_Corner_Tenzo_3.jpg\",\"datePublished\":\"2021-11-30T09:27:28+00:00\",\"dateModified\":\"2025-03-18T09:31:10+00:00\",\"description\":\"Avez-vous besoin d\u2019un espace de rangement suppl\u00e9mentaire dans votre chambre ? D\u00e9couvrez nos commodes et autres armoires de chambre \u00e0 coucher en ligne et dans notre salle d\u2019exposition.\",\"breadcrumb\":{\"@id\":\"https:\\\/\\\/be-okay.be\\\/fr\\\/collection\\\/chambre-a-coucher\\\/armoires\\\/#breadcrumb\"},\"inLanguage\":\"fr-FR\",\"potentialAction\":[{\"@type\":\"ReadAction\",\"target\":[\"https:\\\/\\\/be-okay.be\\\/fr\\\/collection\\\/chambre-a-coucher\\\/armoires\\\/\"]}]},{\"@type\":\"ImageObject\",\"inLanguage\":\"fr-FR\",\"@id\":\"https:\\\/\\\/be-okay.be\\\/fr\\\/collection\\\/chambre-a-coucher\\\/armoires\\\/#primaryimage\",\"url\":\"https:\\\/\\\/be-okay.be\\\/wp-content\\\/uploads\\\/2022\\\/12\\\/BEOKAY_Woonkamer_Corner_Tenzo_3.jpg\",\"contentUrl\":\"https:\\\/\\\/be-okay.be\\\/wp-content\\\/uploads\\\/2022\\\/12\\\/BEOKAY_Woonkamer_Corner_Tenzo_3.jpg\",\"width\":1500,\"height\":1373},{\"@type\":\"BreadcrumbList\",\"@id\":\"https:\\\/\\\/be-okay.be\\\/fr\\\/collection\\\/chambre-a-coucher\\\/armoires\\\/#breadcrumb\",\"itemListElement\":[{\"@type\":\"ListItem\",\"position\":1,\"name\":\"Collection\",\"item\":\"https:\\\/\\\/be-okay.be\\\/fr\\\/collection\\\/\"},{\"@type\":\"ListItem\",\"position\":2,\"name\":\"Chambre \u00e0 coucher\",\"item\":\"https:\\\/\\\/be-okay.be\\\/fr\\\/collection\\\/chambre-a-coucher\\\/\"},{\"@type\":\"ListItem\",\"position\":3,\"name\":\"Armoires\"}]},{\"@type\":\"WebSite\",\"@id\":\"https:\\\/\\\/be-okay.be\\\/fr\\\/#website\",\"url\":\"https:\\\/\\\/be-okay.be\\\/fr\\\/\",\"name\":\"BE-Okay\",\"description\":\"Young living concept - meubelwinkel Deerlijk &amp; Moeskroen\",\"potentialAction\":[{\"@type\":\"SearchAction\",\"target\":{\"@type\":\"EntryPoint\",\"urlTemplate\":\"https:\\\/\\\/be-okay.be\\\/fr\\\/?s={search_term_string}\"},\"query-input\":{\"@type\":\"PropertyValueSpecification\",\"valueRequired\":true,\"valueName\":\"search_term_string\"}}],\"inLanguage\":\"fr-FR\"}]}<\/script>\n<!-- \/ Yoast SEO plugin. -->","yoast_head_json":{"title":"Armoires | Commode | Armoires de chambre \u00e0 coucher | BE-Okay","description":"Avez-vous besoin d\u2019un espace de rangement suppl\u00e9mentaire dans votre chambre ? D\u00e9couvrez nos commodes et autres armoires de chambre \u00e0 coucher en ligne et dans notre salle d\u2019exposition.","robots":{"index":"index","follow":"follow","max-snippet":"max-snippet:-1","max-image-preview":"max-image-preview:large","max-video-preview":"max-video-preview:-1"},"canonical":"https:\/\/be-okay.be\/fr\/collection\/chambre-a-coucher\/armoires\/","og_locale":"fr_FR","og_type":"article","og_title":"Armoires | Commode | Armoires de chambre \u00e0 coucher | BE-Okay","og_description":"Avez-vous besoin d\u2019un espace de rangement suppl\u00e9mentaire dans votre chambre ? D\u00e9couvrez nos commodes et autres armoires de chambre \u00e0 coucher en ligne et dans notre salle d\u2019exposition.","og_url":"https:\/\/be-okay.be\/fr\/collection\/chambre-a-coucher\/armoires\/","og_site_name":"BE-Okay","article_modified_time":"2025-03-18T09:31:10+00:00","og_image":[{"width":1500,"height":1373,"url":"http:\/\/be-okay.be\/wp-content\/uploads\/2022\/12\/BEOKAY_Woonkamer_Corner_Tenzo_3.jpg","type":"image\/jpeg"}],"twitter_card":"summary_large_image","twitter_misc":{"Dur\u00e9e de lecture estim\u00e9e":"3 minutes"},"schema":{"@context":"https:\/\/schema.org","@graph":[{"@type":"WebPage","@id":"https:\/\/be-okay.be\/fr\/collection\/chambre-a-coucher\/armoires\/","url":"https:\/\/be-okay.be\/fr\/collection\/chambre-a-coucher\/armoires\/","name":"Armoires | Commode | Armoires de chambre \u00e0 coucher | BE-Okay","isPartOf":{"@id":"https:\/\/be-okay.be\/fr\/#website"},"primaryImageOfPage":{"@id":"https:\/\/be-okay.be\/fr\/collection\/chambre-a-coucher\/armoires\/#primaryimage"},"image":{"@id":"https:\/\/be-okay.be\/fr\/collection\/chambre-a-coucher\/armoires\/#primaryimage"},"thumbnailUrl":"https:\/\/be-okay.be\/wp-content\/uploads\/2022\/12\/BEOKAY_Woonkamer_Corner_Tenzo_3.jpg","datePublished":"2021-11-30T09:27:28+00:00","dateModified":"2025-03-18T09:31:10+00:00","description":"Avez-vous besoin d\u2019un espace de rangement suppl\u00e9mentaire dans votre chambre ? D\u00e9couvrez nos commodes et autres armoires de chambre \u00e0 coucher en ligne et dans notre salle d\u2019exposition.","breadcrumb":{"@id":"https:\/\/be-okay.be\/fr\/collection\/chambre-a-coucher\/armoires\/#breadcrumb"},"inLanguage":"fr-FR","potentialAction":[{"@type":"ReadAction","target":["https:\/\/be-okay.be\/fr\/collection\/chambre-a-coucher\/armoires\/"]}]},{"@type":"ImageObject","inLanguage":"fr-FR","@id":"https:\/\/be-okay.be\/fr\/collection\/chambre-a-coucher\/armoires\/#primaryimage","url":"https:\/\/be-okay.be\/wp-content\/uploads\/2022\/12\/BEOKAY_Woonkamer_Corner_Tenzo_3.jpg","contentUrl":"https:\/\/be-okay.be\/wp-content\/uploads\/2022\/12\/BEOKAY_Woonkamer_Corner_Tenzo_3.jpg","width":1500,"height":1373},{"@type":"BreadcrumbList","@id":"https:\/\/be-okay.be\/fr\/collection\/chambre-a-coucher\/armoires\/#breadcrumb","itemListElement":[{"@type":"ListItem","position":1,"name":"Collection","item":"https:\/\/be-okay.be\/fr\/collection\/"},{"@type":"ListItem","position":2,"name":"Chambre \u00e0 coucher","item":"https:\/\/be-okay.be\/fr\/collection\/chambre-a-coucher\/"},{"@type":"ListItem","position":3,"name":"Armoires"}]},{"@type":"WebSite","@id":"https:\/\/be-okay.be\/fr\/#website","url":"https:\/\/be-okay.be\/fr\/","name":"BE-Okay","description":"Young living concept - meubelwinkel Deerlijk &amp; Moeskroen","potentialAction":[{"@type":"SearchAction","target":{"@type":"EntryPoint","urlTemplate":"https:\/\/be-okay.be\/fr\/?s={search_term_string}"},"query-input":{"@type":"PropertyValueSpecification","valueRequired":true,"valueName":"search_term_string"}}],"inLanguage":"fr-FR"}]}},"_links":{"self":[{"href":"https:\/\/be-okay.be\/fr\/wp-json\/wp\/v2\/pages\/4830","targetHints":{"allow":["GET"]}}],"collection":[{"href":"https:\/\/be-okay.be\/fr\/wp-json\/wp\/v2\/pages"}],"about":[{"href":"https:\/\/be-okay.be\/fr\/wp-json\/wp\/v2\/types\/page"}],"author":[{"embeddable":true,"href":"https:\/\/be-okay.be\/fr\/wp-json\/wp\/v2\/users\/2"}],"replies":[{"embeddable":true,"href":"https:\/\/be-okay.be\/fr\/wp-json\/wp\/v2\/comments?post=4830"}],"version-history":[{"count":4,"href":"https:\/\/be-okay.be\/fr\/wp-json\/wp\/v2\/pages\/4830\/revisions"}],"predecessor-version":[{"id":7286,"href":"https:\/\/be-okay.be\/fr\/wp-json\/wp\/v2\/pages\/4830\/revisions\/7286"}],"up":[{"embeddable":true,"href":"https:\/\/be-okay.be\/fr\/wp-json\/wp\/v2\/pages\/4824"}],"wp:featuredmedia":[{"embeddable":true,"href":"https:\/\/be-okay.be\/fr\/wp-json\/wp\/v2\/media\/4195"}],"wp:attachment":[{"href":"https:\/\/be-okay.be\/fr\/wp-json\/wp\/v2\/media?parent=4830"}],"curies":[{"name":"wp","href":"https:\/\/api.w.org\/{rel}","templated":true}]}}