{"id":4834,"date":"2021-11-30T09:38:50","date_gmt":"2021-11-30T09:38:50","guid":{"rendered":"https:\/\/be-okay.be\/collectie\/slaapkamer\/beddengoed\/"},"modified":"2024-01-29T09:44:56","modified_gmt":"2024-01-29T09:44:56","slug":"draps-et-housses-de-couette","status":"publish","type":"page","link":"https:\/\/be-okay.be\/fr\/collection\/chambre-a-coucher\/draps-et-housses-de-couette\/","title":{"rendered":"Draps et housses de couette"},"content":{"rendered":"\n<h1 class=\"wp-block-heading\">TROUVEZ LE SOMMEIL DANS DES DRAPS ET HOUSSES DE COUETTE DE QUALIT\u00c9<\/h1>\n\n\n\n<h2 class=\"wp-block-heading\">Faire de doux r\u00eaves dans des draps et housses de couette en coton ou en flanelle<\/h2>\n\n\n\n<p>Se r\u00e9veiller chaque matin dans de superbes draps et housses de couette, dans un oc\u00e9an de confort&#8230; Peut-on r\u00eaver mieux pour commencer la journ\u00e9e du bon pied ? Choisissez une housse de couette et des draps-housses assortis qui vous invitent au sommeil. Vous pr\u00e9f\u00e9rez vous glisser dans une housse de couette en lin fonc\u00e9 ou rejoindre le pays des songes dans des draps roses et doux ?<\/p>\n\n\n\n<h2 class=\"wp-block-heading\">\u00c9dredons sympas pour lits d\u2019enfants<\/h2>\n\n\n\n<p>Donnez de la couleur \u00e0 la chambre de vos enfants avec BE-Okay ! Laissez vos enfants choisir parmi une belle collection de draps et housses de couette color\u00e9s et ludiques pour leurs petits lits.<\/p>\n\n\n\n<p>Venez d\u00e9couvrir notre large gamme de parures de lit dans un de nos magasins.<\/p>\n\n\n\n<div class=\"wp-block-buttons is-content-justification-center is-layout-flex wp-container-core-buttons-is-layout-16018d1d wp-block-buttons-is-layout-flex\">\n<div class=\"wp-block-button\"><a class=\"wp-block-button__link wp-element-button\" href=\"https:\/\/be-okay.be\/fr\/contact\/\">CONSULTEZ LES HEURES D\u2019OUVERTURE<\/a><\/div>\n<\/div>\n\n\n\n<div style=\"height:40px\" aria-hidden=\"true\" class=\"wp-block-spacer\"><\/div>\n\n\n\n<h2 class=\"wp-block-heading\">Puisez l\u2019inspiration dans nos parures de lit<\/h2>\n\n\n\n<figure class=\"wp-block-gallery has-nested-images columns-default is-cropped wp-block-gallery-1 is-layout-flex wp-block-gallery-is-layout-flex\">\n<figure class=\"wp-block-image size-large\"><img decoding=\"async\" width=\"1000\" height=\"800\" data-id=\"4655\" data-src=\"https:\/\/be-okay.be\/wp-content\/uploads\/2023\/01\/BEOKAY_Slaapkamer_Beddengoed_RoyalTextile_1_14.jpg\" alt=\"\" class=\"wp-image-4655 lazyload\" data-srcset=\"https:\/\/be-okay.be\/wp-content\/uploads\/2023\/01\/BEOKAY_Slaapkamer_Beddengoed_RoyalTextile_1_14.jpg 1000w, https:\/\/be-okay.be\/wp-content\/uploads\/2023\/01\/BEOKAY_Slaapkamer_Beddengoed_RoyalTextile_1_14-300x240.jpg 300w, https:\/\/be-okay.be\/wp-content\/uploads\/2023\/01\/BEOKAY_Slaapkamer_Beddengoed_RoyalTextile_1_14-768x614.jpg 768w\" data-sizes=\"(max-width: 1000px) 100vw, 1000px\" src=\"data:image\/svg+xml;base64,PHN2ZyB3aWR0aD0iMSIgaGVpZ2h0PSIxIiB4bWxucz0iaHR0cDovL3d3dy53My5vcmcvMjAwMC9zdmciPjwvc3ZnPg==\" style=\"--smush-placeholder-width: 1000px; --smush-placeholder-aspect-ratio: 1000\/800;\" \/><\/figure>\n\n\n\n<figure class=\"wp-block-image size-large\"><img decoding=\"async\" width=\"1000\" height=\"803\" data-id=\"4629\" data-src=\"https:\/\/be-okay.be\/wp-content\/uploads\/2023\/01\/BEOKAY_Slaapkamer_Beddengoed_RoyalTextile_1_1.jpg\" alt=\"\" class=\"wp-image-4629 lazyload\" data-srcset=\"https:\/\/be-okay.be\/wp-content\/uploads\/2023\/01\/BEOKAY_Slaapkamer_Beddengoed_RoyalTextile_1_1.jpg 1000w, https:\/\/be-okay.be\/wp-content\/uploads\/2023\/01\/BEOKAY_Slaapkamer_Beddengoed_RoyalTextile_1_1-300x241.jpg 300w, https:\/\/be-okay.be\/wp-content\/uploads\/2023\/01\/BEOKAY_Slaapkamer_Beddengoed_RoyalTextile_1_1-768x617.jpg 768w\" data-sizes=\"(max-width: 1000px) 100vw, 1000px\" src=\"data:image\/svg+xml;base64,PHN2ZyB3aWR0aD0iMSIgaGVpZ2h0PSIxIiB4bWxucz0iaHR0cDovL3d3dy53My5vcmcvMjAwMC9zdmciPjwvc3ZnPg==\" style=\"--smush-placeholder-width: 1000px; --smush-placeholder-aspect-ratio: 1000\/803;\" \/><\/figure>\n\n\n\n<figure class=\"wp-block-image size-large\"><img decoding=\"async\" width=\"1000\" height=\"800\" data-id=\"4657\" data-src=\"https:\/\/be-okay.be\/wp-content\/uploads\/2023\/01\/BEOKAY_Slaapkamer_Beddengoed_RoyalTextile_1.jpg\" alt=\"\" class=\"wp-image-4657 lazyload\" data-srcset=\"https:\/\/be-okay.be\/wp-content\/uploads\/2023\/01\/BEOKAY_Slaapkamer_Beddengoed_RoyalTextile_1.jpg 1000w, https:\/\/be-okay.be\/wp-content\/uploads\/2023\/01\/BEOKAY_Slaapkamer_Beddengoed_RoyalTextile_1-300x240.jpg 300w, https:\/\/be-okay.be\/wp-content\/uploads\/2023\/01\/BEOKAY_Slaapkamer_Beddengoed_RoyalTextile_1-768x614.jpg 768w\" data-sizes=\"(max-width: 1000px) 100vw, 1000px\" src=\"data:image\/svg+xml;base64,PHN2ZyB3aWR0aD0iMSIgaGVpZ2h0PSIxIiB4bWxucz0iaHR0cDovL3d3dy53My5vcmcvMjAwMC9zdmciPjwvc3ZnPg==\" style=\"--smush-placeholder-width: 1000px; --smush-placeholder-aspect-ratio: 1000\/800;\" \/><\/figure>\n\n\n\n<figure class=\"wp-block-image size-full\"><img decoding=\"async\" width=\"1000\" height=\"800\" data-id=\"4633\" data-src=\"http:\/\/be-okay.be\/wp-content\/uploads\/2023\/01\/BEOKAY_Slaapkamer_Beddengoed_RoyalTextile_1_3.jpg\" alt=\"\" class=\"wp-image-4633 lazyload\" data-srcset=\"https:\/\/be-okay.be\/wp-content\/uploads\/2023\/01\/BEOKAY_Slaapkamer_Beddengoed_RoyalTextile_1_3.jpg 1000w, https:\/\/be-okay.be\/wp-content\/uploads\/2023\/01\/BEOKAY_Slaapkamer_Beddengoed_RoyalTextile_1_3-300x240.jpg 300w, https:\/\/be-okay.be\/wp-content\/uploads\/2023\/01\/BEOKAY_Slaapkamer_Beddengoed_RoyalTextile_1_3-768x614.jpg 768w\" data-sizes=\"(max-width: 1000px) 100vw, 1000px\" src=\"data:image\/svg+xml;base64,PHN2ZyB3aWR0aD0iMSIgaGVpZ2h0PSIxIiB4bWxucz0iaHR0cDovL3d3dy53My5vcmcvMjAwMC9zdmciPjwvc3ZnPg==\" style=\"--smush-placeholder-width: 1000px; --smush-placeholder-aspect-ratio: 1000\/800;\" \/><\/figure>\n\n\n\n<figure class=\"wp-block-image size-large\"><img decoding=\"async\" width=\"1500\" height=\"1500\" data-id=\"4678\" data-src=\"https:\/\/be-okay.be\/wp-content\/uploads\/2023\/01\/BEOKAY_Slaapkamers_Bedtextiel_Bananas-1500x1500.jpg\" alt=\"\" class=\"wp-image-4678 lazyload\" data-srcset=\"https:\/\/be-okay.be\/wp-content\/uploads\/2023\/01\/BEOKAY_Slaapkamers_Bedtextiel_Bananas-1500x1500.jpg 1500w, https:\/\/be-okay.be\/wp-content\/uploads\/2023\/01\/BEOKAY_Slaapkamers_Bedtextiel_Bananas-300x300.jpg 300w, https:\/\/be-okay.be\/wp-content\/uploads\/2023\/01\/BEOKAY_Slaapkamers_Bedtextiel_Bananas-150x150.jpg 150w, https:\/\/be-okay.be\/wp-content\/uploads\/2023\/01\/BEOKAY_Slaapkamers_Bedtextiel_Bananas-768x768.jpg 768w, https:\/\/be-okay.be\/wp-content\/uploads\/2023\/01\/BEOKAY_Slaapkamers_Bedtextiel_Bananas-1536x1536.jpg 1536w, https:\/\/be-okay.be\/wp-content\/uploads\/2023\/01\/BEOKAY_Slaapkamers_Bedtextiel_Bananas-2048x2048.jpg 2048w\" data-sizes=\"(max-width: 1500px) 100vw, 1500px\" src=\"data:image\/svg+xml;base64,PHN2ZyB3aWR0aD0iMSIgaGVpZ2h0PSIxIiB4bWxucz0iaHR0cDovL3d3dy53My5vcmcvMjAwMC9zdmciPjwvc3ZnPg==\" style=\"--smush-placeholder-width: 1500px; --smush-placeholder-aspect-ratio: 1500\/1500;\" \/><\/figure>\n\n\n\n<figure class=\"wp-block-image size-large\"><img decoding=\"async\" width=\"1500\" height=\"1500\" data-id=\"4676\" data-src=\"https:\/\/be-okay.be\/wp-content\/uploads\/2023\/01\/BEOKAY_Slaapkamers_Bedtextiel_Lama-1500x1500.jpg\" alt=\"\" class=\"wp-image-4676 lazyload\" data-srcset=\"https:\/\/be-okay.be\/wp-content\/uploads\/2023\/01\/BEOKAY_Slaapkamers_Bedtextiel_Lama-1500x1500.jpg 1500w, https:\/\/be-okay.be\/wp-content\/uploads\/2023\/01\/BEOKAY_Slaapkamers_Bedtextiel_Lama-300x300.jpg 300w, https:\/\/be-okay.be\/wp-content\/uploads\/2023\/01\/BEOKAY_Slaapkamers_Bedtextiel_Lama-150x150.jpg 150w, https:\/\/be-okay.be\/wp-content\/uploads\/2023\/01\/BEOKAY_Slaapkamers_Bedtextiel_Lama-768x768.jpg 768w, https:\/\/be-okay.be\/wp-content\/uploads\/2023\/01\/BEOKAY_Slaapkamers_Bedtextiel_Lama-1536x1536.jpg 1536w, https:\/\/be-okay.be\/wp-content\/uploads\/2023\/01\/BEOKAY_Slaapkamers_Bedtextiel_Lama-2048x2048.jpg 2048w\" data-sizes=\"(max-width: 1500px) 100vw, 1500px\" src=\"data:image\/svg+xml;base64,PHN2ZyB3aWR0aD0iMSIgaGVpZ2h0PSIxIiB4bWxucz0iaHR0cDovL3d3dy53My5vcmcvMjAwMC9zdmciPjwvc3ZnPg==\" style=\"--smush-placeholder-width: 1500px; --smush-placeholder-aspect-ratio: 1500\/1500;\" \/><\/figure>\n\n\n\n<figure class=\"wp-block-image size-large\"><img decoding=\"async\" width=\"1500\" height=\"1500\" data-id=\"4682\" data-src=\"https:\/\/be-okay.be\/wp-content\/uploads\/2023\/01\/BEOKAY_Slaapkamers_Bedtextiel_Monster-1500x1500.jpg\" alt=\"\" class=\"wp-image-4682 lazyload\" data-srcset=\"https:\/\/be-okay.be\/wp-content\/uploads\/2023\/01\/BEOKAY_Slaapkamers_Bedtextiel_Monster-1500x1500.jpg 1500w, https:\/\/be-okay.be\/wp-content\/uploads\/2023\/01\/BEOKAY_Slaapkamers_Bedtextiel_Monster-300x300.jpg 300w, https:\/\/be-okay.be\/wp-content\/uploads\/2023\/01\/BEOKAY_Slaapkamers_Bedtextiel_Monster-150x150.jpg 150w, https:\/\/be-okay.be\/wp-content\/uploads\/2023\/01\/BEOKAY_Slaapkamers_Bedtextiel_Monster-768x768.jpg 768w, https:\/\/be-okay.be\/wp-content\/uploads\/2023\/01\/BEOKAY_Slaapkamers_Bedtextiel_Monster-1536x1536.jpg 1536w, https:\/\/be-okay.be\/wp-content\/uploads\/2023\/01\/BEOKAY_Slaapkamers_Bedtextiel_Monster-2048x2048.jpg 2048w\" data-sizes=\"(max-width: 1500px) 100vw, 1500px\" src=\"data:image\/svg+xml;base64,PHN2ZyB3aWR0aD0iMSIgaGVpZ2h0PSIxIiB4bWxucz0iaHR0cDovL3d3dy53My5vcmcvMjAwMC9zdmciPjwvc3ZnPg==\" style=\"--smush-placeholder-width: 1500px; --smush-placeholder-aspect-ratio: 1500\/1500;\" \/><\/figure>\n\n\n\n<figure class=\"wp-block-image size-large\"><img decoding=\"async\" width=\"1500\" height=\"1500\" data-id=\"4680\" data-src=\"https:\/\/be-okay.be\/wp-content\/uploads\/2023\/01\/BEOKAY_Slaapkamers_Bedtextiel_Dino-1500x1500.jpg\" alt=\"\" class=\"wp-image-4680 lazyload\" data-srcset=\"https:\/\/be-okay.be\/wp-content\/uploads\/2023\/01\/BEOKAY_Slaapkamers_Bedtextiel_Dino-1500x1500.jpg 1500w, https:\/\/be-okay.be\/wp-content\/uploads\/2023\/01\/BEOKAY_Slaapkamers_Bedtextiel_Dino-300x300.jpg 300w, https:\/\/be-okay.be\/wp-content\/uploads\/2023\/01\/BEOKAY_Slaapkamers_Bedtextiel_Dino-150x150.jpg 150w, https:\/\/be-okay.be\/wp-content\/uploads\/2023\/01\/BEOKAY_Slaapkamers_Bedtextiel_Dino-768x768.jpg 768w, https:\/\/be-okay.be\/wp-content\/uploads\/2023\/01\/BEOKAY_Slaapkamers_Bedtextiel_Dino-1536x1536.jpg 1536w, https:\/\/be-okay.be\/wp-content\/uploads\/2023\/01\/BEOKAY_Slaapkamers_Bedtextiel_Dino-2048x2048.jpg 2048w\" data-sizes=\"(max-width: 1500px) 100vw, 1500px\" src=\"data:image\/svg+xml;base64,PHN2ZyB3aWR0aD0iMSIgaGVpZ2h0PSIxIiB4bWxucz0iaHR0cDovL3d3dy53My5vcmcvMjAwMC9zdmciPjwvc3ZnPg==\" style=\"--smush-placeholder-width: 1500px; --smush-placeholder-aspect-ratio: 1500\/1500;\" \/><\/figure>\n<\/figure>\n","protected":false},"excerpt":{"rendered":"<p>TROUVEZ LE SOMMEIL DANS DES DRAPS ET HOUSSES DE COUETTE DE QUALIT\u00c9 Faire de doux r\u00eaves dans des draps et housses de couette en coton ou en flanelle Se r\u00e9veiller chaque matin dans de superbes draps et housses de couette, dans un oc\u00e9an de confort&#8230; Peut-on r\u00eaver mieux pour commencer la journ\u00e9e du bon pied [&hellip;]<\/p>\n","protected":false},"author":2,"featured_media":4650,"parent":4824,"menu_order":11,"comment_status":"closed","ping_status":"closed","template":"template_collectie_single.php","meta":{"_acf_changed":false,"footnotes":""},"class_list":["post-4834","page","type-page","status-publish","has-post-thumbnail","hentry"],"acf":[],"yoast_head":"<!-- This site is optimized with the Yoast SEO plugin v27.4 - https:\/\/yoast.com\/product\/yoast-seo-wordpress\/ -->\n<title>Parures de lit | Housses de couette | Linge de lit | BE-Okay<\/title>\n<meta name=\"description\" content=\"Housse de couette en flanelle, en lin et en satin. D\u00e9couvrez notre collection de linges de liten ligne ou dans la salle d\u2019exposition.\" \/>\n<meta name=\"robots\" content=\"index, follow, max-snippet:-1, max-image-preview:large, max-video-preview:-1\" \/>\n<link rel=\"canonical\" href=\"https:\/\/be-okay.be\/fr\/collection\/chambre-a-coucher\/draps-et-housses-de-couette\/\" \/>\n<meta property=\"og:locale\" content=\"fr_FR\" \/>\n<meta property=\"og:type\" content=\"article\" \/>\n<meta property=\"og:title\" content=\"Parures de lit | Housses de couette | Linge de lit | BE-Okay\" \/>\n<meta property=\"og:description\" content=\"Housse de couette en flanelle, en lin et en satin. D\u00e9couvrez notre collection de linges de liten ligne ou dans la salle d\u2019exposition.\" \/>\n<meta property=\"og:url\" content=\"https:\/\/be-okay.be\/fr\/collection\/chambre-a-coucher\/draps-et-housses-de-couette\/\" \/>\n<meta property=\"og:site_name\" content=\"BE-Okay\" \/>\n<meta property=\"article:modified_time\" content=\"2024-01-29T09:44:56+00:00\" \/>\n<meta property=\"og:image\" content=\"http:\/\/be-okay.be\/wp-content\/uploads\/2023\/01\/BEOKAY_Slaapkamer_Beddengoed_RoyalTextile_1_11.jpg\" \/>\n\t<meta property=\"og:image:width\" content=\"1000\" \/>\n\t<meta property=\"og:image:height\" content=\"800\" \/>\n\t<meta property=\"og:image:type\" content=\"image\/jpeg\" \/>\n<meta name=\"twitter:card\" content=\"summary_large_image\" \/>\n<meta name=\"twitter:label1\" content=\"Dur\u00e9e de lecture estim\u00e9e\" \/>\n\t<meta name=\"twitter:data1\" content=\"3 minutes\" \/>\n<script type=\"application\/ld+json\" class=\"yoast-schema-graph\">{\"@context\":\"https:\\\/\\\/schema.org\",\"@graph\":[{\"@type\":\"WebPage\",\"@id\":\"https:\\\/\\\/be-okay.be\\\/fr\\\/collection\\\/chambre-a-coucher\\\/draps-et-housses-de-couette\\\/\",\"url\":\"https:\\\/\\\/be-okay.be\\\/fr\\\/collection\\\/chambre-a-coucher\\\/draps-et-housses-de-couette\\\/\",\"name\":\"Parures de lit | Housses de couette | Linge de lit | BE-Okay\",\"isPartOf\":{\"@id\":\"https:\\\/\\\/be-okay.be\\\/fr\\\/#website\"},\"primaryImageOfPage\":{\"@id\":\"https:\\\/\\\/be-okay.be\\\/fr\\\/collection\\\/chambre-a-coucher\\\/draps-et-housses-de-couette\\\/#primaryimage\"},\"image\":{\"@id\":\"https:\\\/\\\/be-okay.be\\\/fr\\\/collection\\\/chambre-a-coucher\\\/draps-et-housses-de-couette\\\/#primaryimage\"},\"thumbnailUrl\":\"https:\\\/\\\/be-okay.be\\\/wp-content\\\/uploads\\\/2023\\\/01\\\/BEOKAY_Slaapkamer_Beddengoed_RoyalTextile_1_11.jpg\",\"datePublished\":\"2021-11-30T09:38:50+00:00\",\"dateModified\":\"2024-01-29T09:44:56+00:00\",\"description\":\"Housse de couette en flanelle, en lin et en satin. D\u00e9couvrez notre collection de linges de liten ligne ou dans la salle d\u2019exposition.\",\"breadcrumb\":{\"@id\":\"https:\\\/\\\/be-okay.be\\\/fr\\\/collection\\\/chambre-a-coucher\\\/draps-et-housses-de-couette\\\/#breadcrumb\"},\"inLanguage\":\"fr-FR\",\"potentialAction\":[{\"@type\":\"ReadAction\",\"target\":[\"https:\\\/\\\/be-okay.be\\\/fr\\\/collection\\\/chambre-a-coucher\\\/draps-et-housses-de-couette\\\/\"]}]},{\"@type\":\"ImageObject\",\"inLanguage\":\"fr-FR\",\"@id\":\"https:\\\/\\\/be-okay.be\\\/fr\\\/collection\\\/chambre-a-coucher\\\/draps-et-housses-de-couette\\\/#primaryimage\",\"url\":\"https:\\\/\\\/be-okay.be\\\/wp-content\\\/uploads\\\/2023\\\/01\\\/BEOKAY_Slaapkamer_Beddengoed_RoyalTextile_1_11.jpg\",\"contentUrl\":\"https:\\\/\\\/be-okay.be\\\/wp-content\\\/uploads\\\/2023\\\/01\\\/BEOKAY_Slaapkamer_Beddengoed_RoyalTextile_1_11.jpg\",\"width\":1000,\"height\":800},{\"@type\":\"BreadcrumbList\",\"@id\":\"https:\\\/\\\/be-okay.be\\\/fr\\\/collection\\\/chambre-a-coucher\\\/draps-et-housses-de-couette\\\/#breadcrumb\",\"itemListElement\":[{\"@type\":\"ListItem\",\"position\":1,\"name\":\"Collection\",\"item\":\"https:\\\/\\\/be-okay.be\\\/fr\\\/collection\\\/\"},{\"@type\":\"ListItem\",\"position\":2,\"name\":\"Chambre \u00e0 coucher\",\"item\":\"https:\\\/\\\/be-okay.be\\\/fr\\\/collection\\\/chambre-a-coucher\\\/\"},{\"@type\":\"ListItem\",\"position\":3,\"name\":\"Draps et housses de couette\"}]},{\"@type\":\"WebSite\",\"@id\":\"https:\\\/\\\/be-okay.be\\\/fr\\\/#website\",\"url\":\"https:\\\/\\\/be-okay.be\\\/fr\\\/\",\"name\":\"BE-Okay\",\"description\":\"Young living concept - meubelwinkel Deerlijk &amp; Moeskroen\",\"potentialAction\":[{\"@type\":\"SearchAction\",\"target\":{\"@type\":\"EntryPoint\",\"urlTemplate\":\"https:\\\/\\\/be-okay.be\\\/fr\\\/?s={search_term_string}\"},\"query-input\":{\"@type\":\"PropertyValueSpecification\",\"valueRequired\":true,\"valueName\":\"search_term_string\"}}],\"inLanguage\":\"fr-FR\"}]}<\/script>\n<!-- \/ Yoast SEO plugin. -->","yoast_head_json":{"title":"Parures de lit | Housses de couette | Linge de lit | BE-Okay","description":"Housse de couette en flanelle, en lin et en satin. D\u00e9couvrez notre collection de linges de liten ligne ou dans la salle d\u2019exposition.","robots":{"index":"index","follow":"follow","max-snippet":"max-snippet:-1","max-image-preview":"max-image-preview:large","max-video-preview":"max-video-preview:-1"},"canonical":"https:\/\/be-okay.be\/fr\/collection\/chambre-a-coucher\/draps-et-housses-de-couette\/","og_locale":"fr_FR","og_type":"article","og_title":"Parures de lit | Housses de couette | Linge de lit | BE-Okay","og_description":"Housse de couette en flanelle, en lin et en satin. D\u00e9couvrez notre collection de linges de liten ligne ou dans la salle d\u2019exposition.","og_url":"https:\/\/be-okay.be\/fr\/collection\/chambre-a-coucher\/draps-et-housses-de-couette\/","og_site_name":"BE-Okay","article_modified_time":"2024-01-29T09:44:56+00:00","og_image":[{"width":1000,"height":800,"url":"http:\/\/be-okay.be\/wp-content\/uploads\/2023\/01\/BEOKAY_Slaapkamer_Beddengoed_RoyalTextile_1_11.jpg","type":"image\/jpeg"}],"twitter_card":"summary_large_image","twitter_misc":{"Dur\u00e9e de lecture estim\u00e9e":"3 minutes"},"schema":{"@context":"https:\/\/schema.org","@graph":[{"@type":"WebPage","@id":"https:\/\/be-okay.be\/fr\/collection\/chambre-a-coucher\/draps-et-housses-de-couette\/","url":"https:\/\/be-okay.be\/fr\/collection\/chambre-a-coucher\/draps-et-housses-de-couette\/","name":"Parures de lit | Housses de couette | Linge de lit | BE-Okay","isPartOf":{"@id":"https:\/\/be-okay.be\/fr\/#website"},"primaryImageOfPage":{"@id":"https:\/\/be-okay.be\/fr\/collection\/chambre-a-coucher\/draps-et-housses-de-couette\/#primaryimage"},"image":{"@id":"https:\/\/be-okay.be\/fr\/collection\/chambre-a-coucher\/draps-et-housses-de-couette\/#primaryimage"},"thumbnailUrl":"https:\/\/be-okay.be\/wp-content\/uploads\/2023\/01\/BEOKAY_Slaapkamer_Beddengoed_RoyalTextile_1_11.jpg","datePublished":"2021-11-30T09:38:50+00:00","dateModified":"2024-01-29T09:44:56+00:00","description":"Housse de couette en flanelle, en lin et en satin. D\u00e9couvrez notre collection de linges de liten ligne ou dans la salle d\u2019exposition.","breadcrumb":{"@id":"https:\/\/be-okay.be\/fr\/collection\/chambre-a-coucher\/draps-et-housses-de-couette\/#breadcrumb"},"inLanguage":"fr-FR","potentialAction":[{"@type":"ReadAction","target":["https:\/\/be-okay.be\/fr\/collection\/chambre-a-coucher\/draps-et-housses-de-couette\/"]}]},{"@type":"ImageObject","inLanguage":"fr-FR","@id":"https:\/\/be-okay.be\/fr\/collection\/chambre-a-coucher\/draps-et-housses-de-couette\/#primaryimage","url":"https:\/\/be-okay.be\/wp-content\/uploads\/2023\/01\/BEOKAY_Slaapkamer_Beddengoed_RoyalTextile_1_11.jpg","contentUrl":"https:\/\/be-okay.be\/wp-content\/uploads\/2023\/01\/BEOKAY_Slaapkamer_Beddengoed_RoyalTextile_1_11.jpg","width":1000,"height":800},{"@type":"BreadcrumbList","@id":"https:\/\/be-okay.be\/fr\/collection\/chambre-a-coucher\/draps-et-housses-de-couette\/#breadcrumb","itemListElement":[{"@type":"ListItem","position":1,"name":"Collection","item":"https:\/\/be-okay.be\/fr\/collection\/"},{"@type":"ListItem","position":2,"name":"Chambre \u00e0 coucher","item":"https:\/\/be-okay.be\/fr\/collection\/chambre-a-coucher\/"},{"@type":"ListItem","position":3,"name":"Draps et housses de couette"}]},{"@type":"WebSite","@id":"https:\/\/be-okay.be\/fr\/#website","url":"https:\/\/be-okay.be\/fr\/","name":"BE-Okay","description":"Young living concept - meubelwinkel Deerlijk &amp; Moeskroen","potentialAction":[{"@type":"SearchAction","target":{"@type":"EntryPoint","urlTemplate":"https:\/\/be-okay.be\/fr\/?s={search_term_string}"},"query-input":{"@type":"PropertyValueSpecification","valueRequired":true,"valueName":"search_term_string"}}],"inLanguage":"fr-FR"}]}},"_links":{"self":[{"href":"https:\/\/be-okay.be\/fr\/wp-json\/wp\/v2\/pages\/4834","targetHints":{"allow":["GET"]}}],"collection":[{"href":"https:\/\/be-okay.be\/fr\/wp-json\/wp\/v2\/pages"}],"about":[{"href":"https:\/\/be-okay.be\/fr\/wp-json\/wp\/v2\/types\/page"}],"author":[{"embeddable":true,"href":"https:\/\/be-okay.be\/fr\/wp-json\/wp\/v2\/users\/2"}],"replies":[{"embeddable":true,"href":"https:\/\/be-okay.be\/fr\/wp-json\/wp\/v2\/comments?post=4834"}],"version-history":[{"count":5,"href":"https:\/\/be-okay.be\/fr\/wp-json\/wp\/v2\/pages\/4834\/revisions"}],"predecessor-version":[{"id":6403,"href":"https:\/\/be-okay.be\/fr\/wp-json\/wp\/v2\/pages\/4834\/revisions\/6403"}],"up":[{"embeddable":true,"href":"https:\/\/be-okay.be\/fr\/wp-json\/wp\/v2\/pages\/4824"}],"wp:featuredmedia":[{"embeddable":true,"href":"https:\/\/be-okay.be\/fr\/wp-json\/wp\/v2\/media\/4650"}],"wp:attachment":[{"href":"https:\/\/be-okay.be\/fr\/wp-json\/wp\/v2\/media?parent=4834"}],"curies":[{"name":"wp","href":"https:\/\/api.w.org\/{rel}","templated":true}]}}