{"id":4837,"date":"2021-09-16T12:56:50","date_gmt":"2021-09-16T12:56:50","guid":{"rendered":"https:\/\/be-okay.be\/collectie\/bureau\/bureaustoelen\/"},"modified":"2023-02-23T08:48:34","modified_gmt":"2023-02-23T08:48:34","slug":"chaises-de-bureau","status":"publish","type":"page","link":"https:\/\/be-okay.be\/fr\/collection\/bureau\/chaises-de-bureau\/","title":{"rendered":"Chaises de bureau"},"content":{"rendered":"\n<h1 class=\"wp-block-heading\">CHAISES DE BUREAU POUR TOUS LES DOS<\/h1>\n\n\n\n<h2 class=\"wp-block-heading\">Chaises de bureau ergonomiques pour une position assise optimale<\/h2>\n\n\n\n<p>Les personnes s\u00e9dentaires et les \u00e9tudiants restent souvent assis sur leur chaise de bureau pendant de longues heures\u2026 Une chaise de bureau ergonomique est essentielle pour contrecarrer d\u2019\u00e9ventuels probl\u00e8mes physiques naissants. Une chaise de bureau avec accoudoir et un bon soutien du dos est recommand\u00e9e pour un meilleur confort d\u2019assise. Vos muscles du cou, des \u00e9paules et du dos vous en seront \u00e0 jamais reconnaissants\u00a0!<\/p>\n\n\n\n<p>Vous \u00eates \u00e0 la recherche d\u2019un si\u00e8ge baquet de bureau tendance et abordable\u00a0? Il y a alors de fortes chances que vous craquiez pour les chaises de bureau de notre gamme.<\/p>\n\n\n\n<p>Bien entendu, vous n\u2019ach\u00e8terez pas la premi\u00e8re chaise de bureau venue. Venez essayer diff\u00e9rents mod\u00e8les dans les salles d\u2019exposition BE-Okay \u00e0 Deerlijk ou Mouscron.<\/p>\n\n\n\n<div class=\"wp-block-buttons is-content-justification-center is-layout-flex wp-container-core-buttons-is-layout-16018d1d wp-block-buttons-is-layout-flex\">\n<div class=\"wp-block-button\"><a class=\"wp-block-button__link wp-element-button\" href=\"https:\/\/be-okay.be\/fr\/contact\/\">CONSULTEZ LES HEURES D\u2019OUVERTURE<\/a><\/div>\n<\/div>\n\n\n\n<div style=\"height:40px\" aria-hidden=\"true\" class=\"wp-block-spacer\"><\/div>\n\n\n\n<h2 class=\"wp-block-heading\">Puisez l&rsquo;inspiration dans nos chaises de bureau<\/h2>\n\n\n\n<figure class=\"wp-block-gallery has-nested-images columns-4 is-cropped wp-block-gallery-1 is-layout-flex wp-block-gallery-is-layout-flex\">\n<figure class=\"wp-block-image size-large\"><img decoding=\"async\" width=\"1500\" height=\"1500\" data-id=\"4231\" data-src=\"http:\/\/be-okay.be\/wp-content\/uploads\/2022\/12\/BEOKAY_Bureau_Bureaustoelen_Bora_Pergalis_1.jpg\" alt=\"\" class=\"wp-image-4231 lazyload\" data-srcset=\"https:\/\/be-okay.be\/wp-content\/uploads\/2022\/12\/BEOKAY_Bureau_Bureaustoelen_Bora_Pergalis_1.jpg 1500w, https:\/\/be-okay.be\/wp-content\/uploads\/2022\/12\/BEOKAY_Bureau_Bureaustoelen_Bora_Pergalis_1-300x300.jpg 300w, https:\/\/be-okay.be\/wp-content\/uploads\/2022\/12\/BEOKAY_Bureau_Bureaustoelen_Bora_Pergalis_1-150x150.jpg 150w, https:\/\/be-okay.be\/wp-content\/uploads\/2022\/12\/BEOKAY_Bureau_Bureaustoelen_Bora_Pergalis_1-768x768.jpg 768w\" data-sizes=\"(max-width: 1500px) 100vw, 1500px\" src=\"data:image\/svg+xml;base64,PHN2ZyB3aWR0aD0iMSIgaGVpZ2h0PSIxIiB4bWxucz0iaHR0cDovL3d3dy53My5vcmcvMjAwMC9zdmciPjwvc3ZnPg==\" style=\"--smush-placeholder-width: 1500px; --smush-placeholder-aspect-ratio: 1500\/1500;\" \/><\/figure>\n\n\n\n<figure class=\"wp-block-image size-large\"><img decoding=\"async\" width=\"1350\" height=\"1500\" data-id=\"4233\" data-src=\"http:\/\/be-okay.be\/wp-content\/uploads\/2022\/12\/BEOKAY_Bureau_Bureaustoelen_Bora_Pergalis.jpg\" alt=\"\" class=\"wp-image-4233 lazyload\" data-srcset=\"https:\/\/be-okay.be\/wp-content\/uploads\/2022\/12\/BEOKAY_Bureau_Bureaustoelen_Bora_Pergalis.jpg 1350w, https:\/\/be-okay.be\/wp-content\/uploads\/2022\/12\/BEOKAY_Bureau_Bureaustoelen_Bora_Pergalis-270x300.jpg 270w, https:\/\/be-okay.be\/wp-content\/uploads\/2022\/12\/BEOKAY_Bureau_Bureaustoelen_Bora_Pergalis-768x853.jpg 768w\" data-sizes=\"(max-width: 1350px) 100vw, 1350px\" src=\"data:image\/svg+xml;base64,PHN2ZyB3aWR0aD0iMSIgaGVpZ2h0PSIxIiB4bWxucz0iaHR0cDovL3d3dy53My5vcmcvMjAwMC9zdmciPjwvc3ZnPg==\" style=\"--smush-placeholder-width: 1350px; --smush-placeholder-aspect-ratio: 1350\/1500;\" \/><\/figure>\n\n\n\n<figure class=\"wp-block-image size-large\"><img decoding=\"async\" width=\"1500\" height=\"1000\" data-id=\"4410\" data-src=\"https:\/\/be-okay.be\/wp-content\/uploads\/2022\/12\/GAVERZICHT_Bureau_Bureaustoelen_Topstar.jpg\" alt=\"\" class=\"wp-image-4410 lazyload\" data-srcset=\"https:\/\/be-okay.be\/wp-content\/uploads\/2022\/12\/GAVERZICHT_Bureau_Bureaustoelen_Topstar.jpg 1500w, https:\/\/be-okay.be\/wp-content\/uploads\/2022\/12\/GAVERZICHT_Bureau_Bureaustoelen_Topstar-300x200.jpg 300w, https:\/\/be-okay.be\/wp-content\/uploads\/2022\/12\/GAVERZICHT_Bureau_Bureaustoelen_Topstar-768x512.jpg 768w\" data-sizes=\"(max-width: 1500px) 100vw, 1500px\" src=\"data:image\/svg+xml;base64,PHN2ZyB3aWR0aD0iMSIgaGVpZ2h0PSIxIiB4bWxucz0iaHR0cDovL3d3dy53My5vcmcvMjAwMC9zdmciPjwvc3ZnPg==\" style=\"--smush-placeholder-width: 1500px; --smush-placeholder-aspect-ratio: 1500\/1000;\" \/><\/figure>\n<\/figure>\n","protected":false},"excerpt":{"rendered":"<p>CHAISES DE BUREAU POUR TOUS LES DOS Chaises de bureau ergonomiques pour une position assise optimale Les personnes s\u00e9dentaires et les \u00e9tudiants restent souvent assis sur leur chaise de bureau pendant de longues heures\u2026 Une chaise de bureau ergonomique est essentielle pour contrecarrer d\u2019\u00e9ventuels probl\u00e8mes physiques naissants. Une chaise de bureau avec accoudoir et un [&hellip;]<\/p>\n","protected":false},"author":1,"featured_media":4237,"parent":4835,"menu_order":2,"comment_status":"closed","ping_status":"closed","template":"template_collectie_single.php","meta":{"_acf_changed":false,"footnotes":""},"class_list":["post-4837","page","type-page","status-publish","has-post-thumbnail","hentry"],"acf":[],"yoast_head":"<!-- This site is optimized with the Yoast SEO plugin v27.3 - https:\/\/yoast.com\/product\/yoast-seo-wordpress\/ -->\n<title>Chaises de bureau ergonomiques | BE-Okay Mouscron &amp; Deerlijk<\/title>\n<meta name=\"description\" content=\"Chaises de bureau ergonomiques pour une posture d\u2019assise optimale. Vous trouverez des chaises de bureau abordables chez BE-Okay \u00e0 Deerlijk et Mouscron.\" \/>\n<meta name=\"robots\" content=\"index, follow, max-snippet:-1, max-image-preview:large, max-video-preview:-1\" \/>\n<link rel=\"canonical\" href=\"https:\/\/be-okay.be\/fr\/collection\/bureau\/chaises-de-bureau\/\" \/>\n<meta property=\"og:locale\" content=\"fr_FR\" \/>\n<meta property=\"og:type\" content=\"article\" \/>\n<meta property=\"og:title\" content=\"Chaises de bureau ergonomiques | BE-Okay Mouscron &amp; Deerlijk\" \/>\n<meta property=\"og:description\" content=\"Chaises de bureau ergonomiques pour une posture d\u2019assise optimale. Vous trouverez des chaises de bureau abordables chez BE-Okay \u00e0 Deerlijk et Mouscron.\" \/>\n<meta property=\"og:url\" content=\"https:\/\/be-okay.be\/fr\/collection\/bureau\/chaises-de-bureau\/\" \/>\n<meta property=\"og:site_name\" content=\"BE-Okay\" \/>\n<meta property=\"article:modified_time\" content=\"2023-02-23T08:48:34+00:00\" \/>\n<meta property=\"og:image\" content=\"http:\/\/be-okay.be\/wp-content\/uploads\/2022\/12\/BEOKAY_Bureau_Bureaustoelen_Bora_Pergalis_1-1-e1671531554253.jpg\" \/>\n\t<meta property=\"og:image:width\" content=\"1500\" \/>\n\t<meta property=\"og:image:height\" content=\"1500\" \/>\n\t<meta property=\"og:image:type\" content=\"image\/jpeg\" \/>\n<meta name=\"twitter:card\" content=\"summary_large_image\" \/>\n<meta name=\"twitter:label1\" content=\"Dur\u00e9e de lecture estim\u00e9e\" \/>\n\t<meta name=\"twitter:data1\" content=\"2 minutes\" \/>\n<script type=\"application\/ld+json\" class=\"yoast-schema-graph\">{\"@context\":\"https:\\\/\\\/schema.org\",\"@graph\":[{\"@type\":\"WebPage\",\"@id\":\"https:\\\/\\\/be-okay.be\\\/fr\\\/collection\\\/bureau\\\/chaises-de-bureau\\\/\",\"url\":\"https:\\\/\\\/be-okay.be\\\/fr\\\/collection\\\/bureau\\\/chaises-de-bureau\\\/\",\"name\":\"Chaises de bureau ergonomiques | BE-Okay Mouscron & Deerlijk\",\"isPartOf\":{\"@id\":\"https:\\\/\\\/be-okay.be\\\/fr\\\/#website\"},\"primaryImageOfPage\":{\"@id\":\"https:\\\/\\\/be-okay.be\\\/fr\\\/collection\\\/bureau\\\/chaises-de-bureau\\\/#primaryimage\"},\"image\":{\"@id\":\"https:\\\/\\\/be-okay.be\\\/fr\\\/collection\\\/bureau\\\/chaises-de-bureau\\\/#primaryimage\"},\"thumbnailUrl\":\"https:\\\/\\\/be-okay.be\\\/wp-content\\\/uploads\\\/2022\\\/12\\\/BEOKAY_Bureau_Bureaustoelen_Bora_Pergalis_1-1-e1671531554253.jpg\",\"datePublished\":\"2021-09-16T12:56:50+00:00\",\"dateModified\":\"2023-02-23T08:48:34+00:00\",\"description\":\"Chaises de bureau ergonomiques pour une posture d\u2019assise optimale. Vous trouverez des chaises de bureau abordables chez BE-Okay \u00e0 Deerlijk et Mouscron.\",\"breadcrumb\":{\"@id\":\"https:\\\/\\\/be-okay.be\\\/fr\\\/collection\\\/bureau\\\/chaises-de-bureau\\\/#breadcrumb\"},\"inLanguage\":\"fr-FR\",\"potentialAction\":[{\"@type\":\"ReadAction\",\"target\":[\"https:\\\/\\\/be-okay.be\\\/fr\\\/collection\\\/bureau\\\/chaises-de-bureau\\\/\"]}]},{\"@type\":\"ImageObject\",\"inLanguage\":\"fr-FR\",\"@id\":\"https:\\\/\\\/be-okay.be\\\/fr\\\/collection\\\/bureau\\\/chaises-de-bureau\\\/#primaryimage\",\"url\":\"https:\\\/\\\/be-okay.be\\\/wp-content\\\/uploads\\\/2022\\\/12\\\/BEOKAY_Bureau_Bureaustoelen_Bora_Pergalis_1-1-e1671531554253.jpg\",\"contentUrl\":\"https:\\\/\\\/be-okay.be\\\/wp-content\\\/uploads\\\/2022\\\/12\\\/BEOKAY_Bureau_Bureaustoelen_Bora_Pergalis_1-1-e1671531554253.jpg\",\"width\":1500,\"height\":1500},{\"@type\":\"BreadcrumbList\",\"@id\":\"https:\\\/\\\/be-okay.be\\\/fr\\\/collection\\\/bureau\\\/chaises-de-bureau\\\/#breadcrumb\",\"itemListElement\":[{\"@type\":\"ListItem\",\"position\":1,\"name\":\"Collection\",\"item\":\"https:\\\/\\\/be-okay.be\\\/fr\\\/collection\\\/\"},{\"@type\":\"ListItem\",\"position\":2,\"name\":\"Bureau\",\"item\":\"https:\\\/\\\/be-okay.be\\\/fr\\\/collection\\\/bureau\\\/\"},{\"@type\":\"ListItem\",\"position\":3,\"name\":\"Chaises de bureau\"}]},{\"@type\":\"WebSite\",\"@id\":\"https:\\\/\\\/be-okay.be\\\/fr\\\/#website\",\"url\":\"https:\\\/\\\/be-okay.be\\\/fr\\\/\",\"name\":\"BE-Okay\",\"description\":\"Young living concept - meubelwinkel Deerlijk &amp; Moeskroen\",\"potentialAction\":[{\"@type\":\"SearchAction\",\"target\":{\"@type\":\"EntryPoint\",\"urlTemplate\":\"https:\\\/\\\/be-okay.be\\\/fr\\\/?s={search_term_string}\"},\"query-input\":{\"@type\":\"PropertyValueSpecification\",\"valueRequired\":true,\"valueName\":\"search_term_string\"}}],\"inLanguage\":\"fr-FR\"}]}<\/script>\n<!-- \/ Yoast SEO plugin. -->","yoast_head_json":{"title":"Chaises de bureau ergonomiques | BE-Okay Mouscron & Deerlijk","description":"Chaises de bureau ergonomiques pour une posture d\u2019assise optimale. Vous trouverez des chaises de bureau abordables chez BE-Okay \u00e0 Deerlijk et Mouscron.","robots":{"index":"index","follow":"follow","max-snippet":"max-snippet:-1","max-image-preview":"max-image-preview:large","max-video-preview":"max-video-preview:-1"},"canonical":"https:\/\/be-okay.be\/fr\/collection\/bureau\/chaises-de-bureau\/","og_locale":"fr_FR","og_type":"article","og_title":"Chaises de bureau ergonomiques | BE-Okay Mouscron & Deerlijk","og_description":"Chaises de bureau ergonomiques pour une posture d\u2019assise optimale. Vous trouverez des chaises de bureau abordables chez BE-Okay \u00e0 Deerlijk et Mouscron.","og_url":"https:\/\/be-okay.be\/fr\/collection\/bureau\/chaises-de-bureau\/","og_site_name":"BE-Okay","article_modified_time":"2023-02-23T08:48:34+00:00","og_image":[{"width":1500,"height":1500,"url":"http:\/\/be-okay.be\/wp-content\/uploads\/2022\/12\/BEOKAY_Bureau_Bureaustoelen_Bora_Pergalis_1-1-e1671531554253.jpg","type":"image\/jpeg"}],"twitter_card":"summary_large_image","twitter_misc":{"Dur\u00e9e de lecture estim\u00e9e":"2 minutes"},"schema":{"@context":"https:\/\/schema.org","@graph":[{"@type":"WebPage","@id":"https:\/\/be-okay.be\/fr\/collection\/bureau\/chaises-de-bureau\/","url":"https:\/\/be-okay.be\/fr\/collection\/bureau\/chaises-de-bureau\/","name":"Chaises de bureau ergonomiques | BE-Okay Mouscron & Deerlijk","isPartOf":{"@id":"https:\/\/be-okay.be\/fr\/#website"},"primaryImageOfPage":{"@id":"https:\/\/be-okay.be\/fr\/collection\/bureau\/chaises-de-bureau\/#primaryimage"},"image":{"@id":"https:\/\/be-okay.be\/fr\/collection\/bureau\/chaises-de-bureau\/#primaryimage"},"thumbnailUrl":"https:\/\/be-okay.be\/wp-content\/uploads\/2022\/12\/BEOKAY_Bureau_Bureaustoelen_Bora_Pergalis_1-1-e1671531554253.jpg","datePublished":"2021-09-16T12:56:50+00:00","dateModified":"2023-02-23T08:48:34+00:00","description":"Chaises de bureau ergonomiques pour une posture d\u2019assise optimale. Vous trouverez des chaises de bureau abordables chez BE-Okay \u00e0 Deerlijk et Mouscron.","breadcrumb":{"@id":"https:\/\/be-okay.be\/fr\/collection\/bureau\/chaises-de-bureau\/#breadcrumb"},"inLanguage":"fr-FR","potentialAction":[{"@type":"ReadAction","target":["https:\/\/be-okay.be\/fr\/collection\/bureau\/chaises-de-bureau\/"]}]},{"@type":"ImageObject","inLanguage":"fr-FR","@id":"https:\/\/be-okay.be\/fr\/collection\/bureau\/chaises-de-bureau\/#primaryimage","url":"https:\/\/be-okay.be\/wp-content\/uploads\/2022\/12\/BEOKAY_Bureau_Bureaustoelen_Bora_Pergalis_1-1-e1671531554253.jpg","contentUrl":"https:\/\/be-okay.be\/wp-content\/uploads\/2022\/12\/BEOKAY_Bureau_Bureaustoelen_Bora_Pergalis_1-1-e1671531554253.jpg","width":1500,"height":1500},{"@type":"BreadcrumbList","@id":"https:\/\/be-okay.be\/fr\/collection\/bureau\/chaises-de-bureau\/#breadcrumb","itemListElement":[{"@type":"ListItem","position":1,"name":"Collection","item":"https:\/\/be-okay.be\/fr\/collection\/"},{"@type":"ListItem","position":2,"name":"Bureau","item":"https:\/\/be-okay.be\/fr\/collection\/bureau\/"},{"@type":"ListItem","position":3,"name":"Chaises de bureau"}]},{"@type":"WebSite","@id":"https:\/\/be-okay.be\/fr\/#website","url":"https:\/\/be-okay.be\/fr\/","name":"BE-Okay","description":"Young living concept - meubelwinkel Deerlijk &amp; Moeskroen","potentialAction":[{"@type":"SearchAction","target":{"@type":"EntryPoint","urlTemplate":"https:\/\/be-okay.be\/fr\/?s={search_term_string}"},"query-input":{"@type":"PropertyValueSpecification","valueRequired":true,"valueName":"search_term_string"}}],"inLanguage":"fr-FR"}]}},"_links":{"self":[{"href":"https:\/\/be-okay.be\/fr\/wp-json\/wp\/v2\/pages\/4837","targetHints":{"allow":["GET"]}}],"collection":[{"href":"https:\/\/be-okay.be\/fr\/wp-json\/wp\/v2\/pages"}],"about":[{"href":"https:\/\/be-okay.be\/fr\/wp-json\/wp\/v2\/types\/page"}],"author":[{"embeddable":true,"href":"https:\/\/be-okay.be\/fr\/wp-json\/wp\/v2\/users\/1"}],"replies":[{"embeddable":true,"href":"https:\/\/be-okay.be\/fr\/wp-json\/wp\/v2\/comments?post=4837"}],"version-history":[{"count":2,"href":"https:\/\/be-okay.be\/fr\/wp-json\/wp\/v2\/pages\/4837\/revisions"}],"predecessor-version":[{"id":5045,"href":"https:\/\/be-okay.be\/fr\/wp-json\/wp\/v2\/pages\/4837\/revisions\/5045"}],"up":[{"embeddable":true,"href":"https:\/\/be-okay.be\/fr\/wp-json\/wp\/v2\/pages\/4835"}],"wp:featuredmedia":[{"embeddable":true,"href":"https:\/\/be-okay.be\/fr\/wp-json\/wp\/v2\/media\/4237"}],"wp:attachment":[{"href":"https:\/\/be-okay.be\/fr\/wp-json\/wp\/v2\/media?parent=4837"}],"curies":[{"name":"wp","href":"https:\/\/api.w.org\/{rel}","templated":true}]}}