{"id":4838,"date":"2021-09-16T12:53:11","date_gmt":"2021-09-16T12:53:11","guid":{"rendered":"https:\/\/be-okay.be\/collectie\/badkamer\/"},"modified":"2023-05-05T11:15:47","modified_gmt":"2023-05-05T11:15:47","slug":"salle-de-bains","status":"publish","type":"page","link":"https:\/\/be-okay.be\/fr\/collection\/salle-de-bains\/","title":{"rendered":"Salle de bains"},"content":{"rendered":"\n<div class=\"wp-block-media-text alignwide is-stacked-on-mobile is-image-fill\"><figure class=\"wp-block-media-text__media lazyload\" style=\"background-image:inherit;background-position:50% 50%\" data-bg-image=\"url(http:\/\/be-okay.be\/wp-content\/uploads\/2022\/02\/BADKAMER_1-1445x1500.jpg)\"><img decoding=\"async\" width=\"1445\" height=\"1500\" data-src=\"http:\/\/be-okay.be\/wp-content\/uploads\/2022\/02\/BADKAMER_1-1445x1500.jpg\" alt=\"\" class=\"wp-image-651 size-full lazyload\" data-srcset=\"https:\/\/be-okay.be\/wp-content\/uploads\/2022\/02\/BADKAMER_1-1445x1500.jpg 1445w, https:\/\/be-okay.be\/wp-content\/uploads\/2022\/02\/BADKAMER_1-289x300.jpg 289w, https:\/\/be-okay.be\/wp-content\/uploads\/2022\/02\/BADKAMER_1-768x797.jpg 768w, https:\/\/be-okay.be\/wp-content\/uploads\/2022\/02\/BADKAMER_1-1480x1536.jpg 1480w, https:\/\/be-okay.be\/wp-content\/uploads\/2022\/02\/BADKAMER_1.jpg 1927w\" data-sizes=\"(max-width: 1445px) 100vw, 1445px\" src=\"data:image\/svg+xml;base64,PHN2ZyB3aWR0aD0iMSIgaGVpZ2h0PSIxIiB4bWxucz0iaHR0cDovL3d3dy53My5vcmcvMjAwMC9zdmciPjwvc3ZnPg==\" style=\"--smush-placeholder-width: 1445px; --smush-placeholder-aspect-ratio: 1445\/1500;\" \/><\/figure><div class=\"wp-block-media-text__content\">\n<h1 class=\"wp-block-heading\">LES BONS ACCESSOIRES POUR VOTRE SALLE DE BAINS<\/h1>\n\n\n\n<p>Une salle de bains joliment d\u00e9cor\u00e9e rend les rituels du matin et du soir encore plus agr\u00e9ables. Hop, c\u2019est pratique ! Rangez votre maquillage et rassemblez tous vos flacons de shampoing et de gel douche en un seul endroit. Profitez plus longtemps de votre bain gr\u00e2ce \u00e0 notre vaste collection de linges de bain. Pratique et joli \u00e0 regarder, que demander de plus&nbsp;? Combinez les \u00e9l\u00e9ments de notre gamme jusqu\u2019\u00e0 ce que vous trouviez le style parfait.<\/p>\n\n\n\n<div class=\"wp-block-buttons is-layout-flex wp-block-buttons-is-layout-flex\">\n<div class=\"wp-block-button\"><a class=\"wp-block-button__link wp-element-button\" href=\"https:\/\/be-okay.be\/fr\/contact\/\">VISITEZ NOTRE SALLE D&rsquo;EXPOSITION<\/a><\/div>\n\n\n\n<div class=\"wp-block-button\"><a class=\"wp-block-button__link wp-element-button\" href=\"https:\/\/be-okay.be\/fr\/promotions\/\">D\u00c9COUVREZ LES PROMOTIONS<\/a><\/div>\n<\/div>\n<\/div><\/div>\n\n\n\n<div class=\"wp-block-columns is-layout-flex wp-container-core-columns-is-layout-9d6595d7 wp-block-columns-is-layout-flex\">\n<div class=\"wp-block-column is-layout-flow wp-block-column-is-layout-flow\">\n<h2 class=\"wp-block-heading\">Magazine de salle de bains<\/h2>\n\n\n\n<p>Les salles de bains constituent de plus en plus une composante essentielle de l&rsquo;int\u00e9rieur. C&rsquo;est une bonne chose, car on y passe mal de temps, apr\u00e8s tout. Les accessoires d\u00e9coratifs assortis y mettent une sensation d&rsquo;h\u00f4tel de luxe ou de nature sauvage. Vous souhaitez vous aussi un am\u00e9nagement moderne et tendance de votre salle de bains ?<\/p>\n\n\n\n<p>Feuilletez ce magazine d\u00e9bordant d&rsquo;accessoires amusants pour la salle de bains, ou venez nous voir dans l&rsquo;un de nos magasins de Mouscron ou Deerlijk.<\/p>\n\n\n\n<div class=\"wp-block-buttons is-layout-flex wp-block-buttons-is-layout-flex\">\n<div class=\"wp-block-button\"><a class=\"wp-block-button__link wp-element-button\" href=\"https:\/\/indd.adobe.com\/view\/36615889-2fb9-4984-9af6-395e98714db5\" target=\"_blank\" rel=\"noreferrer noopener\">D\u00e9pliant<\/a><\/div>\n<\/div>\n<\/div>\n\n\n\n<div class=\"wp-block-column is-layout-flow wp-block-column-is-layout-flow\">\n<figure class=\"wp-block-image size-full\"><a href=\"https:\/\/indd.adobe.com\/view\/36615889-2fb9-4984-9af6-395e98714db5\" target=\"_blank\" rel=\"noreferrer noopener\"><img decoding=\"async\" width=\"900\" height=\"900\" data-src=\"http:\/\/be-okay.be\/wp-content\/uploads\/2023\/05\/BEOKAY_FOLDER_BADKAMER_FR-1.png\" alt=\"\" class=\"wp-image-5483 lazyload\" data-srcset=\"https:\/\/be-okay.be\/wp-content\/uploads\/2023\/05\/BEOKAY_FOLDER_BADKAMER_FR-1.png 900w, https:\/\/be-okay.be\/wp-content\/uploads\/2023\/05\/BEOKAY_FOLDER_BADKAMER_FR-1-300x300.png 300w, https:\/\/be-okay.be\/wp-content\/uploads\/2023\/05\/BEOKAY_FOLDER_BADKAMER_FR-1-150x150.png 150w, https:\/\/be-okay.be\/wp-content\/uploads\/2023\/05\/BEOKAY_FOLDER_BADKAMER_FR-1-768x768.png 768w\" data-sizes=\"(max-width: 900px) 100vw, 900px\" src=\"data:image\/svg+xml;base64,PHN2ZyB3aWR0aD0iMSIgaGVpZ2h0PSIxIiB4bWxucz0iaHR0cDovL3d3dy53My5vcmcvMjAwMC9zdmciPjwvc3ZnPg==\" style=\"--smush-placeholder-width: 900px; --smush-placeholder-aspect-ratio: 900\/900;\" \/><\/a><\/figure>\n<\/div>\n<\/div>\n","protected":false},"excerpt":{"rendered":"<p>Magazine de salle de bains Les salles de bains constituent de plus en plus une composante essentielle de l&rsquo;int\u00e9rieur. C&rsquo;est une bonne chose, car on y passe mal de temps, apr\u00e8s tout. Les accessoires d\u00e9coratifs assortis y mettent une sensation d&rsquo;h\u00f4tel de luxe ou de nature sauvage. Vous souhaitez vous aussi un am\u00e9nagement moderne et [&hellip;]<\/p>\n","protected":false},"author":1,"featured_media":1418,"parent":4805,"menu_order":5,"comment_status":"closed","ping_status":"closed","template":"template_collectieSub.php","meta":{"_acf_changed":false,"footnotes":""},"class_list":["post-4838","page","type-page","status-publish","has-post-thumbnail","hentry"],"acf":[],"yoast_head":"<!-- This site is optimized with the Yoast SEO plugin v27.4 - https:\/\/yoast.com\/product\/yoast-seo-wordpress\/ -->\n<title>Tout pour am\u00e9nager votre salle de bains | Linge de bain et plus encore | BE-Okay<\/title>\n<meta name=\"description\" content=\"Cr\u00e9er une salle de bains propre et belle n\u00e9cessite des accessoires et des supports pratiques, des serviettes douces et des paniers \u00e0 linge modernes. En panne d&#039;inspiration ? Trouvez-la chez BE-Okay\u2003\" \/>\n<meta name=\"robots\" content=\"index, follow, max-snippet:-1, max-image-preview:large, max-video-preview:-1\" \/>\n<link rel=\"canonical\" href=\"https:\/\/be-okay.be\/fr\/collection\/salle-de-bains\/\" \/>\n<meta property=\"og:locale\" content=\"fr_FR\" \/>\n<meta property=\"og:type\" content=\"article\" \/>\n<meta property=\"og:title\" content=\"Tout pour am\u00e9nager votre salle de bains | Linge de bain et plus encore | BE-Okay\" \/>\n<meta property=\"og:description\" content=\"Cr\u00e9er une salle de bains propre et belle n\u00e9cessite des accessoires et des supports pratiques, des serviettes douces et des paniers \u00e0 linge modernes. En panne d&#039;inspiration ? Trouvez-la chez BE-Okay\u2003\" \/>\n<meta property=\"og:url\" content=\"https:\/\/be-okay.be\/fr\/collection\/salle-de-bains\/\" \/>\n<meta property=\"og:site_name\" content=\"BE-Okay\" \/>\n<meta property=\"article:modified_time\" content=\"2023-05-05T11:15:47+00:00\" \/>\n<meta property=\"og:image\" content=\"http:\/\/be-okay.be\/wp-content\/uploads\/2022\/02\/BADKAMER_1.jpg\" \/>\n\t<meta property=\"og:image:width\" content=\"1927\" \/>\n\t<meta property=\"og:image:height\" content=\"2000\" \/>\n\t<meta property=\"og:image:type\" content=\"image\/jpeg\" \/>\n<meta name=\"twitter:card\" content=\"summary_large_image\" \/>\n<meta name=\"twitter:label1\" content=\"Dur\u00e9e de lecture estim\u00e9e\" \/>\n\t<meta name=\"twitter:data1\" content=\"2 minutes\" \/>\n<script type=\"application\/ld+json\" class=\"yoast-schema-graph\">{\"@context\":\"https:\\\/\\\/schema.org\",\"@graph\":[{\"@type\":\"WebPage\",\"@id\":\"https:\\\/\\\/be-okay.be\\\/fr\\\/collection\\\/salle-de-bains\\\/\",\"url\":\"https:\\\/\\\/be-okay.be\\\/fr\\\/collection\\\/salle-de-bains\\\/\",\"name\":\"Tout pour am\u00e9nager votre salle de bains | Linge de bain et plus encore | BE-Okay\",\"isPartOf\":{\"@id\":\"https:\\\/\\\/be-okay.be\\\/fr\\\/#website\"},\"primaryImageOfPage\":{\"@id\":\"https:\\\/\\\/be-okay.be\\\/fr\\\/collection\\\/salle-de-bains\\\/#primaryimage\"},\"image\":{\"@id\":\"https:\\\/\\\/be-okay.be\\\/fr\\\/collection\\\/salle-de-bains\\\/#primaryimage\"},\"thumbnailUrl\":\"https:\\\/\\\/be-okay.be\\\/wp-content\\\/uploads\\\/2022\\\/02\\\/BADKAMER_1.jpg\",\"datePublished\":\"2021-09-16T12:53:11+00:00\",\"dateModified\":\"2023-05-05T11:15:47+00:00\",\"description\":\"Cr\u00e9er une salle de bains propre et belle n\u00e9cessite des accessoires et des supports pratiques, des serviettes douces et des paniers \u00e0 linge modernes. En panne d'inspiration ? Trouvez-la chez BE-Okay\u2003\",\"breadcrumb\":{\"@id\":\"https:\\\/\\\/be-okay.be\\\/fr\\\/collection\\\/salle-de-bains\\\/#breadcrumb\"},\"inLanguage\":\"fr-FR\",\"potentialAction\":[{\"@type\":\"ReadAction\",\"target\":[\"https:\\\/\\\/be-okay.be\\\/fr\\\/collection\\\/salle-de-bains\\\/\"]}]},{\"@type\":\"ImageObject\",\"inLanguage\":\"fr-FR\",\"@id\":\"https:\\\/\\\/be-okay.be\\\/fr\\\/collection\\\/salle-de-bains\\\/#primaryimage\",\"url\":\"https:\\\/\\\/be-okay.be\\\/wp-content\\\/uploads\\\/2022\\\/02\\\/BADKAMER_1.jpg\",\"contentUrl\":\"https:\\\/\\\/be-okay.be\\\/wp-content\\\/uploads\\\/2022\\\/02\\\/BADKAMER_1.jpg\",\"width\":1927,\"height\":2000},{\"@type\":\"BreadcrumbList\",\"@id\":\"https:\\\/\\\/be-okay.be\\\/fr\\\/collection\\\/salle-de-bains\\\/#breadcrumb\",\"itemListElement\":[{\"@type\":\"ListItem\",\"position\":1,\"name\":\"Collection\",\"item\":\"https:\\\/\\\/be-okay.be\\\/fr\\\/collection\\\/\"},{\"@type\":\"ListItem\",\"position\":2,\"name\":\"Salle de bains\"}]},{\"@type\":\"WebSite\",\"@id\":\"https:\\\/\\\/be-okay.be\\\/fr\\\/#website\",\"url\":\"https:\\\/\\\/be-okay.be\\\/fr\\\/\",\"name\":\"BE-Okay\",\"description\":\"Young living concept - meubelwinkel Deerlijk &amp; Moeskroen\",\"potentialAction\":[{\"@type\":\"SearchAction\",\"target\":{\"@type\":\"EntryPoint\",\"urlTemplate\":\"https:\\\/\\\/be-okay.be\\\/fr\\\/?s={search_term_string}\"},\"query-input\":{\"@type\":\"PropertyValueSpecification\",\"valueRequired\":true,\"valueName\":\"search_term_string\"}}],\"inLanguage\":\"fr-FR\"}]}<\/script>\n<!-- \/ Yoast SEO plugin. -->","yoast_head_json":{"title":"Tout pour am\u00e9nager votre salle de bains | Linge de bain et plus encore | BE-Okay","description":"Cr\u00e9er une salle de bains propre et belle n\u00e9cessite des accessoires et des supports pratiques, des serviettes douces et des paniers \u00e0 linge modernes. En panne d'inspiration ? Trouvez-la chez BE-Okay\u2003","robots":{"index":"index","follow":"follow","max-snippet":"max-snippet:-1","max-image-preview":"max-image-preview:large","max-video-preview":"max-video-preview:-1"},"canonical":"https:\/\/be-okay.be\/fr\/collection\/salle-de-bains\/","og_locale":"fr_FR","og_type":"article","og_title":"Tout pour am\u00e9nager votre salle de bains | Linge de bain et plus encore | BE-Okay","og_description":"Cr\u00e9er une salle de bains propre et belle n\u00e9cessite des accessoires et des supports pratiques, des serviettes douces et des paniers \u00e0 linge modernes. En panne d'inspiration ? Trouvez-la chez BE-Okay\u2003","og_url":"https:\/\/be-okay.be\/fr\/collection\/salle-de-bains\/","og_site_name":"BE-Okay","article_modified_time":"2023-05-05T11:15:47+00:00","og_image":[{"width":1927,"height":2000,"url":"http:\/\/be-okay.be\/wp-content\/uploads\/2022\/02\/BADKAMER_1.jpg","type":"image\/jpeg"}],"twitter_card":"summary_large_image","twitter_misc":{"Dur\u00e9e de lecture estim\u00e9e":"2 minutes"},"schema":{"@context":"https:\/\/schema.org","@graph":[{"@type":"WebPage","@id":"https:\/\/be-okay.be\/fr\/collection\/salle-de-bains\/","url":"https:\/\/be-okay.be\/fr\/collection\/salle-de-bains\/","name":"Tout pour am\u00e9nager votre salle de bains | Linge de bain et plus encore | BE-Okay","isPartOf":{"@id":"https:\/\/be-okay.be\/fr\/#website"},"primaryImageOfPage":{"@id":"https:\/\/be-okay.be\/fr\/collection\/salle-de-bains\/#primaryimage"},"image":{"@id":"https:\/\/be-okay.be\/fr\/collection\/salle-de-bains\/#primaryimage"},"thumbnailUrl":"https:\/\/be-okay.be\/wp-content\/uploads\/2022\/02\/BADKAMER_1.jpg","datePublished":"2021-09-16T12:53:11+00:00","dateModified":"2023-05-05T11:15:47+00:00","description":"Cr\u00e9er une salle de bains propre et belle n\u00e9cessite des accessoires et des supports pratiques, des serviettes douces et des paniers \u00e0 linge modernes. En panne d'inspiration ? Trouvez-la chez BE-Okay\u2003","breadcrumb":{"@id":"https:\/\/be-okay.be\/fr\/collection\/salle-de-bains\/#breadcrumb"},"inLanguage":"fr-FR","potentialAction":[{"@type":"ReadAction","target":["https:\/\/be-okay.be\/fr\/collection\/salle-de-bains\/"]}]},{"@type":"ImageObject","inLanguage":"fr-FR","@id":"https:\/\/be-okay.be\/fr\/collection\/salle-de-bains\/#primaryimage","url":"https:\/\/be-okay.be\/wp-content\/uploads\/2022\/02\/BADKAMER_1.jpg","contentUrl":"https:\/\/be-okay.be\/wp-content\/uploads\/2022\/02\/BADKAMER_1.jpg","width":1927,"height":2000},{"@type":"BreadcrumbList","@id":"https:\/\/be-okay.be\/fr\/collection\/salle-de-bains\/#breadcrumb","itemListElement":[{"@type":"ListItem","position":1,"name":"Collection","item":"https:\/\/be-okay.be\/fr\/collection\/"},{"@type":"ListItem","position":2,"name":"Salle de bains"}]},{"@type":"WebSite","@id":"https:\/\/be-okay.be\/fr\/#website","url":"https:\/\/be-okay.be\/fr\/","name":"BE-Okay","description":"Young living concept - meubelwinkel Deerlijk &amp; Moeskroen","potentialAction":[{"@type":"SearchAction","target":{"@type":"EntryPoint","urlTemplate":"https:\/\/be-okay.be\/fr\/?s={search_term_string}"},"query-input":{"@type":"PropertyValueSpecification","valueRequired":true,"valueName":"search_term_string"}}],"inLanguage":"fr-FR"}]}},"_links":{"self":[{"href":"https:\/\/be-okay.be\/fr\/wp-json\/wp\/v2\/pages\/4838","targetHints":{"allow":["GET"]}}],"collection":[{"href":"https:\/\/be-okay.be\/fr\/wp-json\/wp\/v2\/pages"}],"about":[{"href":"https:\/\/be-okay.be\/fr\/wp-json\/wp\/v2\/types\/page"}],"author":[{"embeddable":true,"href":"https:\/\/be-okay.be\/fr\/wp-json\/wp\/v2\/users\/1"}],"replies":[{"embeddable":true,"href":"https:\/\/be-okay.be\/fr\/wp-json\/wp\/v2\/comments?post=4838"}],"version-history":[{"count":4,"href":"https:\/\/be-okay.be\/fr\/wp-json\/wp\/v2\/pages\/4838\/revisions"}],"predecessor-version":[{"id":5492,"href":"https:\/\/be-okay.be\/fr\/wp-json\/wp\/v2\/pages\/4838\/revisions\/5492"}],"up":[{"embeddable":true,"href":"https:\/\/be-okay.be\/fr\/wp-json\/wp\/v2\/pages\/4805"}],"wp:featuredmedia":[{"embeddable":true,"href":"https:\/\/be-okay.be\/fr\/wp-json\/wp\/v2\/media\/1418"}],"wp:attachment":[{"href":"https:\/\/be-okay.be\/fr\/wp-json\/wp\/v2\/media?parent=4838"}],"curies":[{"name":"wp","href":"https:\/\/api.w.org\/{rel}","templated":true}]}}