{"id":4839,"date":"2021-11-30T09:47:38","date_gmt":"2021-11-30T09:47:38","guid":{"rendered":"https:\/\/be-okay.be\/collectie\/badkamer\/douche-bad\/"},"modified":"2024-01-29T09:37:38","modified_gmt":"2024-01-29T09:37:38","slug":"accessoires-de-douche-et-de-baignoire","status":"publish","type":"page","link":"https:\/\/be-okay.be\/fr\/collection\/salle-de-bains\/accessoires-de-douche-et-de-baignoire\/","title":{"rendered":"Accessoires de douche et de baignoire"},"content":{"rendered":"\n<h1 class=\"wp-block-heading\">DES ACCESSOIRES UTILES POUR VOTRE DOUCHE OU VOTRE BAIGNOIRE<\/h1>\n\n\n\n<h2 class=\"wp-block-heading\">Raclettes de douche et autres incontournables<\/h2>\n\n\n\n<p>Enfin un peu de temps pour vous. L\u2019eau diffus\u00e9e par le pommeau de douche vous d\u00e9barrasse aussi de vos soucis et de votre stress&nbsp;? Apr\u00e8s avoir pass\u00e9 un certain temps dans votre baignoire, vous avez l\u2019impression que votre corps rena\u00eet&nbsp;? Chez BE-Okay, vous trouverez une large gamme d\u2019accessoires pour rendre votre douche ou votre baignoire encore plus agr\u00e9able.<\/p>\n\n\n\n<div style=\"height:40px\" aria-hidden=\"true\" class=\"wp-block-spacer\"><\/div>\n\n\n\n<h2 class=\"wp-block-heading has-text-align-center\">Puisez l&rsquo;inspiration dans nos accessoires de douche et de baignoire<\/h2>\n\n\n\n<figure class=\"wp-block-gallery has-nested-images columns-4 is-cropped wp-block-gallery-1 is-layout-flex wp-block-gallery-is-layout-flex\">\n<figure class=\"wp-block-image size-large\"><img decoding=\"async\" width=\"1200\" height=\"1500\" data-id=\"3592\" data-src=\"http:\/\/be-okay.be\/wp-content\/uploads\/2022\/12\/BEOKAY_Badkamer_DoucheBad_Umbra.jpg\" alt=\"\" class=\"wp-image-3592 lazyload\" data-srcset=\"https:\/\/be-okay.be\/wp-content\/uploads\/2022\/12\/BEOKAY_Badkamer_DoucheBad_Umbra.jpg 1200w, https:\/\/be-okay.be\/wp-content\/uploads\/2022\/12\/BEOKAY_Badkamer_DoucheBad_Umbra-240x300.jpg 240w, https:\/\/be-okay.be\/wp-content\/uploads\/2022\/12\/BEOKAY_Badkamer_DoucheBad_Umbra-768x960.jpg 768w\" data-sizes=\"(max-width: 1200px) 100vw, 1200px\" src=\"data:image\/svg+xml;base64,PHN2ZyB3aWR0aD0iMSIgaGVpZ2h0PSIxIiB4bWxucz0iaHR0cDovL3d3dy53My5vcmcvMjAwMC9zdmciPjwvc3ZnPg==\" style=\"--smush-placeholder-width: 1200px; --smush-placeholder-aspect-ratio: 1200\/1500;\" \/><\/figure>\n\n\n\n<figure class=\"wp-block-image size-large\"><img decoding=\"async\" width=\"1500\" height=\"1000\" data-id=\"3588\" data-src=\"http:\/\/be-okay.be\/wp-content\/uploads\/2022\/12\/BEOKAY_Badkamer_DoucheBad_Koziol.jpg\" alt=\"\" class=\"wp-image-3588 lazyload\" data-srcset=\"https:\/\/be-okay.be\/wp-content\/uploads\/2022\/12\/BEOKAY_Badkamer_DoucheBad_Koziol.jpg 1500w, https:\/\/be-okay.be\/wp-content\/uploads\/2022\/12\/BEOKAY_Badkamer_DoucheBad_Koziol-300x200.jpg 300w, https:\/\/be-okay.be\/wp-content\/uploads\/2022\/12\/BEOKAY_Badkamer_DoucheBad_Koziol-768x512.jpg 768w\" data-sizes=\"(max-width: 1500px) 100vw, 1500px\" src=\"data:image\/svg+xml;base64,PHN2ZyB3aWR0aD0iMSIgaGVpZ2h0PSIxIiB4bWxucz0iaHR0cDovL3d3dy53My5vcmcvMjAwMC9zdmciPjwvc3ZnPg==\" style=\"--smush-placeholder-width: 1500px; --smush-placeholder-aspect-ratio: 1500\/1000;\" \/><\/figure>\n\n\n\n<figure class=\"wp-block-image size-large\"><img decoding=\"async\" width=\"1500\" height=\"1000\" data-id=\"3586\" data-src=\"http:\/\/be-okay.be\/wp-content\/uploads\/2022\/12\/BEOKAY_Badkamer_DoucheBad_Koziol_1.jpg\" alt=\"\" class=\"wp-image-3586 lazyload\" data-srcset=\"https:\/\/be-okay.be\/wp-content\/uploads\/2022\/12\/BEOKAY_Badkamer_DoucheBad_Koziol_1.jpg 1500w, https:\/\/be-okay.be\/wp-content\/uploads\/2022\/12\/BEOKAY_Badkamer_DoucheBad_Koziol_1-300x200.jpg 300w, https:\/\/be-okay.be\/wp-content\/uploads\/2022\/12\/BEOKAY_Badkamer_DoucheBad_Koziol_1-768x512.jpg 768w\" data-sizes=\"(max-width: 1500px) 100vw, 1500px\" src=\"data:image\/svg+xml;base64,PHN2ZyB3aWR0aD0iMSIgaGVpZ2h0PSIxIiB4bWxucz0iaHR0cDovL3d3dy53My5vcmcvMjAwMC9zdmciPjwvc3ZnPg==\" style=\"--smush-placeholder-width: 1500px; --smush-placeholder-aspect-ratio: 1500\/1000;\" \/><\/figure>\n<\/figure>\n","protected":false},"excerpt":{"rendered":"<p>DES ACCESSOIRES UTILES POUR VOTRE DOUCHE OU VOTRE BAIGNOIRE Raclettes de douche et autres incontournables Enfin un peu de temps pour vous. L\u2019eau diffus\u00e9e par le pommeau de douche vous d\u00e9barrasse aussi de vos soucis et de votre stress&nbsp;? Apr\u00e8s avoir pass\u00e9 un certain temps dans votre baignoire, vous avez l\u2019impression que votre corps rena\u00eet&nbsp;? [&hellip;]<\/p>\n","protected":false},"author":2,"featured_media":3601,"parent":4838,"menu_order":1,"comment_status":"closed","ping_status":"closed","template":"template_collectie_single.php","meta":{"_acf_changed":false,"footnotes":""},"class_list":["post-4839","page","type-page","status-publish","has-post-thumbnail","hentry"],"acf":[],"yoast_head":"<!-- This site is optimized with the Yoast SEO plugin v27.4 - https:\/\/yoast.com\/product\/yoast-seo-wordpress\/ -->\n<title>Accessoires de salle de bains | \u00c9tag\u00e8re douche | Porte-papier toilette | BE-Okay<\/title>\n<meta name=\"description\" content=\"Vous cherchez des accessoires de salle de bains ? De l\u2019\u00e9tag\u00e8re de douche au porte-papier toilette : vous trouverez un large \u00e9ventail d\u2019accessoires de salle de bains dans notre magasin.\" \/>\n<meta name=\"robots\" content=\"index, follow, max-snippet:-1, max-image-preview:large, max-video-preview:-1\" \/>\n<link rel=\"canonical\" href=\"https:\/\/be-okay.be\/fr\/collection\/salle-de-bains\/accessoires-de-douche-et-de-baignoire\/\" \/>\n<meta property=\"og:locale\" content=\"fr_FR\" \/>\n<meta property=\"og:type\" content=\"article\" \/>\n<meta property=\"og:title\" content=\"Accessoires de salle de bains | \u00c9tag\u00e8re douche | Porte-papier toilette | BE-Okay\" \/>\n<meta property=\"og:description\" content=\"Vous cherchez des accessoires de salle de bains ? De l\u2019\u00e9tag\u00e8re de douche au porte-papier toilette : vous trouverez un large \u00e9ventail d\u2019accessoires de salle de bains dans notre magasin.\" \/>\n<meta property=\"og:url\" content=\"https:\/\/be-okay.be\/fr\/collection\/salle-de-bains\/accessoires-de-douche-et-de-baignoire\/\" \/>\n<meta property=\"og:site_name\" content=\"BE-Okay\" \/>\n<meta property=\"article:modified_time\" content=\"2024-01-29T09:37:38+00:00\" \/>\n<meta property=\"og:image\" content=\"http:\/\/be-okay.be\/wp-content\/uploads\/2022\/12\/BEOKAY_Badkamer_DoucheBad_Koziol-2-e1671457236531.jpg\" \/>\n\t<meta property=\"og:image:width\" content=\"1000\" \/>\n\t<meta property=\"og:image:height\" content=\"1500\" \/>\n\t<meta property=\"og:image:type\" content=\"image\/jpeg\" \/>\n<meta name=\"twitter:card\" content=\"summary_large_image\" \/>\n<meta name=\"twitter:label1\" content=\"Dur\u00e9e de lecture estim\u00e9e\" \/>\n\t<meta name=\"twitter:data1\" content=\"2 minutes\" \/>\n<script type=\"application\/ld+json\" class=\"yoast-schema-graph\">{\"@context\":\"https:\\\/\\\/schema.org\",\"@graph\":[{\"@type\":\"WebPage\",\"@id\":\"https:\\\/\\\/be-okay.be\\\/fr\\\/collection\\\/salle-de-bains\\\/accessoires-de-douche-et-de-baignoire\\\/\",\"url\":\"https:\\\/\\\/be-okay.be\\\/fr\\\/collection\\\/salle-de-bains\\\/accessoires-de-douche-et-de-baignoire\\\/\",\"name\":\"Accessoires de salle de bains | \u00c9tag\u00e8re douche | Porte-papier toilette | BE-Okay\",\"isPartOf\":{\"@id\":\"https:\\\/\\\/be-okay.be\\\/fr\\\/#website\"},\"primaryImageOfPage\":{\"@id\":\"https:\\\/\\\/be-okay.be\\\/fr\\\/collection\\\/salle-de-bains\\\/accessoires-de-douche-et-de-baignoire\\\/#primaryimage\"},\"image\":{\"@id\":\"https:\\\/\\\/be-okay.be\\\/fr\\\/collection\\\/salle-de-bains\\\/accessoires-de-douche-et-de-baignoire\\\/#primaryimage\"},\"thumbnailUrl\":\"https:\\\/\\\/be-okay.be\\\/wp-content\\\/uploads\\\/2022\\\/12\\\/BEOKAY_Badkamer_DoucheBad_Koziol-2-e1671457236531.jpg\",\"datePublished\":\"2021-11-30T09:47:38+00:00\",\"dateModified\":\"2024-01-29T09:37:38+00:00\",\"description\":\"Vous cherchez des accessoires de salle de bains ? De l\u2019\u00e9tag\u00e8re de douche au porte-papier toilette : vous trouverez un large \u00e9ventail d\u2019accessoires de salle de bains dans notre magasin.\",\"breadcrumb\":{\"@id\":\"https:\\\/\\\/be-okay.be\\\/fr\\\/collection\\\/salle-de-bains\\\/accessoires-de-douche-et-de-baignoire\\\/#breadcrumb\"},\"inLanguage\":\"fr-FR\",\"potentialAction\":[{\"@type\":\"ReadAction\",\"target\":[\"https:\\\/\\\/be-okay.be\\\/fr\\\/collection\\\/salle-de-bains\\\/accessoires-de-douche-et-de-baignoire\\\/\"]}]},{\"@type\":\"ImageObject\",\"inLanguage\":\"fr-FR\",\"@id\":\"https:\\\/\\\/be-okay.be\\\/fr\\\/collection\\\/salle-de-bains\\\/accessoires-de-douche-et-de-baignoire\\\/#primaryimage\",\"url\":\"https:\\\/\\\/be-okay.be\\\/wp-content\\\/uploads\\\/2022\\\/12\\\/BEOKAY_Badkamer_DoucheBad_Koziol-2-e1671457236531.jpg\",\"contentUrl\":\"https:\\\/\\\/be-okay.be\\\/wp-content\\\/uploads\\\/2022\\\/12\\\/BEOKAY_Badkamer_DoucheBad_Koziol-2-e1671457236531.jpg\",\"width\":1000,\"height\":1500},{\"@type\":\"BreadcrumbList\",\"@id\":\"https:\\\/\\\/be-okay.be\\\/fr\\\/collection\\\/salle-de-bains\\\/accessoires-de-douche-et-de-baignoire\\\/#breadcrumb\",\"itemListElement\":[{\"@type\":\"ListItem\",\"position\":1,\"name\":\"Collection\",\"item\":\"https:\\\/\\\/be-okay.be\\\/fr\\\/collection\\\/\"},{\"@type\":\"ListItem\",\"position\":2,\"name\":\"Salle de bains\",\"item\":\"https:\\\/\\\/be-okay.be\\\/fr\\\/collection\\\/salle-de-bains\\\/\"},{\"@type\":\"ListItem\",\"position\":3,\"name\":\"Accessoires de douche et de baignoire\"}]},{\"@type\":\"WebSite\",\"@id\":\"https:\\\/\\\/be-okay.be\\\/fr\\\/#website\",\"url\":\"https:\\\/\\\/be-okay.be\\\/fr\\\/\",\"name\":\"BE-Okay\",\"description\":\"Young living concept - meubelwinkel Deerlijk &amp; Moeskroen\",\"potentialAction\":[{\"@type\":\"SearchAction\",\"target\":{\"@type\":\"EntryPoint\",\"urlTemplate\":\"https:\\\/\\\/be-okay.be\\\/fr\\\/?s={search_term_string}\"},\"query-input\":{\"@type\":\"PropertyValueSpecification\",\"valueRequired\":true,\"valueName\":\"search_term_string\"}}],\"inLanguage\":\"fr-FR\"}]}<\/script>\n<!-- \/ Yoast SEO plugin. -->","yoast_head_json":{"title":"Accessoires de salle de bains | \u00c9tag\u00e8re douche | Porte-papier toilette | BE-Okay","description":"Vous cherchez des accessoires de salle de bains ? De l\u2019\u00e9tag\u00e8re de douche au porte-papier toilette : vous trouverez un large \u00e9ventail d\u2019accessoires de salle de bains dans notre magasin.","robots":{"index":"index","follow":"follow","max-snippet":"max-snippet:-1","max-image-preview":"max-image-preview:large","max-video-preview":"max-video-preview:-1"},"canonical":"https:\/\/be-okay.be\/fr\/collection\/salle-de-bains\/accessoires-de-douche-et-de-baignoire\/","og_locale":"fr_FR","og_type":"article","og_title":"Accessoires de salle de bains | \u00c9tag\u00e8re douche | Porte-papier toilette | BE-Okay","og_description":"Vous cherchez des accessoires de salle de bains ? De l\u2019\u00e9tag\u00e8re de douche au porte-papier toilette : vous trouverez un large \u00e9ventail d\u2019accessoires de salle de bains dans notre magasin.","og_url":"https:\/\/be-okay.be\/fr\/collection\/salle-de-bains\/accessoires-de-douche-et-de-baignoire\/","og_site_name":"BE-Okay","article_modified_time":"2024-01-29T09:37:38+00:00","og_image":[{"width":1000,"height":1500,"url":"http:\/\/be-okay.be\/wp-content\/uploads\/2022\/12\/BEOKAY_Badkamer_DoucheBad_Koziol-2-e1671457236531.jpg","type":"image\/jpeg"}],"twitter_card":"summary_large_image","twitter_misc":{"Dur\u00e9e de lecture estim\u00e9e":"2 minutes"},"schema":{"@context":"https:\/\/schema.org","@graph":[{"@type":"WebPage","@id":"https:\/\/be-okay.be\/fr\/collection\/salle-de-bains\/accessoires-de-douche-et-de-baignoire\/","url":"https:\/\/be-okay.be\/fr\/collection\/salle-de-bains\/accessoires-de-douche-et-de-baignoire\/","name":"Accessoires de salle de bains | \u00c9tag\u00e8re douche | Porte-papier toilette | BE-Okay","isPartOf":{"@id":"https:\/\/be-okay.be\/fr\/#website"},"primaryImageOfPage":{"@id":"https:\/\/be-okay.be\/fr\/collection\/salle-de-bains\/accessoires-de-douche-et-de-baignoire\/#primaryimage"},"image":{"@id":"https:\/\/be-okay.be\/fr\/collection\/salle-de-bains\/accessoires-de-douche-et-de-baignoire\/#primaryimage"},"thumbnailUrl":"https:\/\/be-okay.be\/wp-content\/uploads\/2022\/12\/BEOKAY_Badkamer_DoucheBad_Koziol-2-e1671457236531.jpg","datePublished":"2021-11-30T09:47:38+00:00","dateModified":"2024-01-29T09:37:38+00:00","description":"Vous cherchez des accessoires de salle de bains ? De l\u2019\u00e9tag\u00e8re de douche au porte-papier toilette : vous trouverez un large \u00e9ventail d\u2019accessoires de salle de bains dans notre magasin.","breadcrumb":{"@id":"https:\/\/be-okay.be\/fr\/collection\/salle-de-bains\/accessoires-de-douche-et-de-baignoire\/#breadcrumb"},"inLanguage":"fr-FR","potentialAction":[{"@type":"ReadAction","target":["https:\/\/be-okay.be\/fr\/collection\/salle-de-bains\/accessoires-de-douche-et-de-baignoire\/"]}]},{"@type":"ImageObject","inLanguage":"fr-FR","@id":"https:\/\/be-okay.be\/fr\/collection\/salle-de-bains\/accessoires-de-douche-et-de-baignoire\/#primaryimage","url":"https:\/\/be-okay.be\/wp-content\/uploads\/2022\/12\/BEOKAY_Badkamer_DoucheBad_Koziol-2-e1671457236531.jpg","contentUrl":"https:\/\/be-okay.be\/wp-content\/uploads\/2022\/12\/BEOKAY_Badkamer_DoucheBad_Koziol-2-e1671457236531.jpg","width":1000,"height":1500},{"@type":"BreadcrumbList","@id":"https:\/\/be-okay.be\/fr\/collection\/salle-de-bains\/accessoires-de-douche-et-de-baignoire\/#breadcrumb","itemListElement":[{"@type":"ListItem","position":1,"name":"Collection","item":"https:\/\/be-okay.be\/fr\/collection\/"},{"@type":"ListItem","position":2,"name":"Salle de bains","item":"https:\/\/be-okay.be\/fr\/collection\/salle-de-bains\/"},{"@type":"ListItem","position":3,"name":"Accessoires de douche et de baignoire"}]},{"@type":"WebSite","@id":"https:\/\/be-okay.be\/fr\/#website","url":"https:\/\/be-okay.be\/fr\/","name":"BE-Okay","description":"Young living concept - meubelwinkel Deerlijk &amp; Moeskroen","potentialAction":[{"@type":"SearchAction","target":{"@type":"EntryPoint","urlTemplate":"https:\/\/be-okay.be\/fr\/?s={search_term_string}"},"query-input":{"@type":"PropertyValueSpecification","valueRequired":true,"valueName":"search_term_string"}}],"inLanguage":"fr-FR"}]}},"_links":{"self":[{"href":"https:\/\/be-okay.be\/fr\/wp-json\/wp\/v2\/pages\/4839","targetHints":{"allow":["GET"]}}],"collection":[{"href":"https:\/\/be-okay.be\/fr\/wp-json\/wp\/v2\/pages"}],"about":[{"href":"https:\/\/be-okay.be\/fr\/wp-json\/wp\/v2\/types\/page"}],"author":[{"embeddable":true,"href":"https:\/\/be-okay.be\/fr\/wp-json\/wp\/v2\/users\/2"}],"replies":[{"embeddable":true,"href":"https:\/\/be-okay.be\/fr\/wp-json\/wp\/v2\/comments?post=4839"}],"version-history":[{"count":4,"href":"https:\/\/be-okay.be\/fr\/wp-json\/wp\/v2\/pages\/4839\/revisions"}],"predecessor-version":[{"id":6396,"href":"https:\/\/be-okay.be\/fr\/wp-json\/wp\/v2\/pages\/4839\/revisions\/6396"}],"up":[{"embeddable":true,"href":"https:\/\/be-okay.be\/fr\/wp-json\/wp\/v2\/pages\/4838"}],"wp:featuredmedia":[{"embeddable":true,"href":"https:\/\/be-okay.be\/fr\/wp-json\/wp\/v2\/media\/3601"}],"wp:attachment":[{"href":"https:\/\/be-okay.be\/fr\/wp-json\/wp\/v2\/media?parent=4839"}],"curies":[{"name":"wp","href":"https:\/\/api.w.org\/{rel}","templated":true}]}}