{"id":4841,"date":"2021-09-16T12:57:16","date_gmt":"2021-09-16T12:57:16","guid":{"rendered":"https:\/\/be-okay.be\/collectie\/badkamer\/hangaccessoires\/"},"modified":"2024-01-29T09:40:28","modified_gmt":"2024-01-29T09:40:28","slug":"accessoires-salle-de-bains","status":"publish","type":"page","link":"https:\/\/be-okay.be\/fr\/collection\/salle-de-bains\/accessoires-salle-de-bains\/","title":{"rendered":"S\u00e9choirs, portants, porte-serviettes &amp; co."},"content":{"rendered":"\n<h1 class=\"wp-block-heading\">PLUS RIEN NE PEUT TOMBER DANS LA SALLE DE BAINS&nbsp;: GR\u00c2CE AUX ACCESSOIRES POUR PENDRE, \u00c9TENDRE ET S\u00c9CHER<\/h1>\n\n\n\n<h2 class=\"wp-block-heading\">\u00c9tag\u00e8res de douche et portemanteaux de salle de bains<\/h2>\n\n\n\n<p>Vous ne l\u2019avez plus et votre monde s\u2019\u00e9croule&#8230; Ce constat s\u2019applique parfaitement aux \u00e9tendoirs, porte-serviettes et autres portants. Un porte-serviette est indispensable avant, pendant et apr\u00e8s votre douche. Joignez l\u2019utile \u00e0 l\u2019agr\u00e9able avec une \u00e9tag\u00e8re de douche \u00e9l\u00e9gante sign\u00e9e BE-Okay. Pendez vos v\u00eatements sur l\u2019un de nos portemanteaux utiles et design. Vous trouverez \u00e9galement des \u00e9tendoirs \u00e0 linge compacts chez BE-Okay.<\/p>\n\n\n\n<p>Visitez nos salles d\u2019exposition \u00e0 Deerlijk ou \u00e0 Mouscron et d\u00e9couvrez la gamme compl\u00e8te.<\/p>\n\n\n\n<div style=\"height:40px\" aria-hidden=\"true\" class=\"wp-block-spacer\"><\/div>\n\n\n\n<h2 class=\"wp-block-heading has-text-align-center\">Puisez l\u2019inspiration dans nos s\u00e9choirs, portants, porte-serviettes &amp; co.<\/h2>\n\n\n\n<figure class=\"wp-block-gallery has-nested-images columns-3 is-cropped wp-block-gallery-1 is-layout-flex wp-block-gallery-is-layout-flex\">\n<figure class=\"wp-block-image size-large\"><img decoding=\"async\" data-id=\"3647\" data-src=\"http:\/\/be-okay.be\/wp-content\/uploads\/2022\/12\/BEOKAY_Badkamer_Hangaccessoires_Kledingrek_Brabantia_1.jpg\" alt=\"\" class=\"wp-image-3647 lazyload\" src=\"data:image\/svg+xml;base64,PHN2ZyB3aWR0aD0iMSIgaGVpZ2h0PSIxIiB4bWxucz0iaHR0cDovL3d3dy53My5vcmcvMjAwMC9zdmciPjwvc3ZnPg==\" style=\"--smush-placeholder-width: 1500px; --smush-placeholder-aspect-ratio: 1500\/1000;\" \/><\/figure>\n\n\n\n<figure class=\"wp-block-image size-large\"><img decoding=\"async\" width=\"1500\" height=\"1000\" data-id=\"3651\" data-src=\"http:\/\/be-okay.be\/wp-content\/uploads\/2022\/12\/BEOKAY_Badkamer_Hangaccessoires_Kledingrek_Brabantia.jpg\" alt=\"\" class=\"wp-image-3651 lazyload\" data-srcset=\"https:\/\/be-okay.be\/wp-content\/uploads\/2022\/12\/BEOKAY_Badkamer_Hangaccessoires_Kledingrek_Brabantia.jpg 1500w, https:\/\/be-okay.be\/wp-content\/uploads\/2022\/12\/BEOKAY_Badkamer_Hangaccessoires_Kledingrek_Brabantia-300x200.jpg 300w, https:\/\/be-okay.be\/wp-content\/uploads\/2022\/12\/BEOKAY_Badkamer_Hangaccessoires_Kledingrek_Brabantia-768x512.jpg 768w\" data-sizes=\"(max-width: 1500px) 100vw, 1500px\" src=\"data:image\/svg+xml;base64,PHN2ZyB3aWR0aD0iMSIgaGVpZ2h0PSIxIiB4bWxucz0iaHR0cDovL3d3dy53My5vcmcvMjAwMC9zdmciPjwvc3ZnPg==\" style=\"--smush-placeholder-width: 1500px; --smush-placeholder-aspect-ratio: 1500\/1000;\" \/><\/figure>\n\n\n\n<figure class=\"wp-block-image size-large\"><img decoding=\"async\" width=\"1500\" height=\"1000\" data-id=\"3649\" data-src=\"http:\/\/be-okay.be\/wp-content\/uploads\/2022\/12\/BEOKAY_Badkamer_Hangaccessoires_Kledingrek_Brabantia_2.jpg\" alt=\"\" class=\"wp-image-3649 lazyload\" data-srcset=\"https:\/\/be-okay.be\/wp-content\/uploads\/2022\/12\/BEOKAY_Badkamer_Hangaccessoires_Kledingrek_Brabantia_2.jpg 1500w, https:\/\/be-okay.be\/wp-content\/uploads\/2022\/12\/BEOKAY_Badkamer_Hangaccessoires_Kledingrek_Brabantia_2-300x200.jpg 300w, https:\/\/be-okay.be\/wp-content\/uploads\/2022\/12\/BEOKAY_Badkamer_Hangaccessoires_Kledingrek_Brabantia_2-768x512.jpg 768w\" data-sizes=\"(max-width: 1500px) 100vw, 1500px\" src=\"data:image\/svg+xml;base64,PHN2ZyB3aWR0aD0iMSIgaGVpZ2h0PSIxIiB4bWxucz0iaHR0cDovL3d3dy53My5vcmcvMjAwMC9zdmciPjwvc3ZnPg==\" style=\"--smush-placeholder-width: 1500px; --smush-placeholder-aspect-ratio: 1500\/1000;\" \/><\/figure>\n\n\n\n<figure class=\"wp-block-image size-large\"><img decoding=\"async\" width=\"1500\" height=\"1000\" data-id=\"3653\" data-src=\"http:\/\/be-okay.be\/wp-content\/uploads\/2022\/12\/BEOKAY_Badkamer_Hangaccessoires_Wasrek_Brabantia_1.jpg\" alt=\"\" class=\"wp-image-3653 lazyload\" data-srcset=\"https:\/\/be-okay.be\/wp-content\/uploads\/2022\/12\/BEOKAY_Badkamer_Hangaccessoires_Wasrek_Brabantia_1.jpg 1500w, https:\/\/be-okay.be\/wp-content\/uploads\/2022\/12\/BEOKAY_Badkamer_Hangaccessoires_Wasrek_Brabantia_1-300x200.jpg 300w, https:\/\/be-okay.be\/wp-content\/uploads\/2022\/12\/BEOKAY_Badkamer_Hangaccessoires_Wasrek_Brabantia_1-768x512.jpg 768w\" data-sizes=\"(max-width: 1500px) 100vw, 1500px\" src=\"data:image\/svg+xml;base64,PHN2ZyB3aWR0aD0iMSIgaGVpZ2h0PSIxIiB4bWxucz0iaHR0cDovL3d3dy53My5vcmcvMjAwMC9zdmciPjwvc3ZnPg==\" style=\"--smush-placeholder-width: 1500px; --smush-placeholder-aspect-ratio: 1500\/1000;\" \/><\/figure>\n\n\n\n<figure class=\"wp-block-image size-large\"><img decoding=\"async\" width=\"1500\" height=\"1000\" data-id=\"3657\" data-src=\"http:\/\/be-okay.be\/wp-content\/uploads\/2022\/12\/BEOKAY_Badkamer_Hangaccessoires_Wasrek_Brabantia_3.jpg\" alt=\"\" class=\"wp-image-3657 lazyload\" data-srcset=\"https:\/\/be-okay.be\/wp-content\/uploads\/2022\/12\/BEOKAY_Badkamer_Hangaccessoires_Wasrek_Brabantia_3.jpg 1500w, https:\/\/be-okay.be\/wp-content\/uploads\/2022\/12\/BEOKAY_Badkamer_Hangaccessoires_Wasrek_Brabantia_3-300x200.jpg 300w, https:\/\/be-okay.be\/wp-content\/uploads\/2022\/12\/BEOKAY_Badkamer_Hangaccessoires_Wasrek_Brabantia_3-768x512.jpg 768w\" data-sizes=\"(max-width: 1500px) 100vw, 1500px\" src=\"data:image\/svg+xml;base64,PHN2ZyB3aWR0aD0iMSIgaGVpZ2h0PSIxIiB4bWxucz0iaHR0cDovL3d3dy53My5vcmcvMjAwMC9zdmciPjwvc3ZnPg==\" style=\"--smush-placeholder-width: 1500px; --smush-placeholder-aspect-ratio: 1500\/1000;\" \/><\/figure>\n<\/figure>\n","protected":false},"excerpt":{"rendered":"<p>PLUS RIEN NE PEUT TOMBER DANS LA SALLE DE BAINS&nbsp;: GR\u00c2CE AUX ACCESSOIRES POUR PENDRE, \u00c9TENDRE ET S\u00c9CHER \u00c9tag\u00e8res de douche et portemanteaux de salle de bains Vous ne l\u2019avez plus et votre monde s\u2019\u00e9croule&#8230; Ce constat s\u2019applique parfaitement aux \u00e9tendoirs, porte-serviettes et autres portants. Un porte-serviette est indispensable avant, pendant et apr\u00e8s votre douche. [&hellip;]<\/p>\n","protected":false},"author":1,"featured_media":1667,"parent":4838,"menu_order":3,"comment_status":"closed","ping_status":"closed","template":"template_collectie_single.php","meta":{"_acf_changed":false,"footnotes":""},"class_list":["post-4841","page","type-page","status-publish","has-post-thumbnail","hentry"],"acf":[],"yoast_head":"<!-- This site is optimized with the Yoast SEO plugin v27.4 - https:\/\/yoast.com\/product\/yoast-seo-wordpress\/ -->\n<title>S\u00e9choirs, portants, porte-serviettes &amp; co. | BE- Okay, Deerlijk &amp; Mouscron<\/title>\n<meta name=\"description\" content=\"Vous cherchez des \u00e9tag\u00e8res de douches ou des portemanteaux pour votre salle de bains ? D\u00e9couvrez notre collection d\u2019accessoires pour s\u00e9cher et pendre vos serviettes et v\u00eatements en ligne ou dans la salle d&#039;exposition\" \/>\n<meta name=\"robots\" content=\"index, follow, max-snippet:-1, max-image-preview:large, max-video-preview:-1\" \/>\n<link rel=\"canonical\" href=\"https:\/\/be-okay.be\/fr\/collection\/salle-de-bains\/accessoires-salle-de-bains\/\" \/>\n<meta property=\"og:locale\" content=\"fr_FR\" \/>\n<meta property=\"og:type\" content=\"article\" \/>\n<meta property=\"og:title\" content=\"S\u00e9choirs, portants, porte-serviettes &amp; co. | BE- Okay, Deerlijk &amp; Mouscron\" \/>\n<meta property=\"og:description\" content=\"Vous cherchez des \u00e9tag\u00e8res de douches ou des portemanteaux pour votre salle de bains ? D\u00e9couvrez notre collection d\u2019accessoires pour s\u00e9cher et pendre vos serviettes et v\u00eatements en ligne ou dans la salle d&#039;exposition\" \/>\n<meta property=\"og:url\" content=\"https:\/\/be-okay.be\/fr\/collection\/salle-de-bains\/accessoires-salle-de-bains\/\" \/>\n<meta property=\"og:site_name\" content=\"BE-Okay\" \/>\n<meta property=\"article:modified_time\" content=\"2024-01-29T09:40:28+00:00\" \/>\n<meta property=\"og:image\" content=\"http:\/\/be-okay.be\/wp-content\/uploads\/2022\/04\/BADKAMER_Hangaccessoires_Handdoekrek_Brabantia_1.jpg\" \/>\n\t<meta property=\"og:image:width\" content=\"900\" \/>\n\t<meta property=\"og:image:height\" content=\"1200\" \/>\n\t<meta property=\"og:image:type\" content=\"image\/jpeg\" \/>\n<meta name=\"twitter:card\" content=\"summary_large_image\" \/>\n<meta name=\"twitter:label1\" content=\"Dur\u00e9e de lecture estim\u00e9e\" \/>\n\t<meta name=\"twitter:data1\" content=\"2 minutes\" \/>\n<script type=\"application\/ld+json\" class=\"yoast-schema-graph\">{\"@context\":\"https:\\\/\\\/schema.org\",\"@graph\":[{\"@type\":\"WebPage\",\"@id\":\"https:\\\/\\\/be-okay.be\\\/fr\\\/collection\\\/salle-de-bains\\\/accessoires-salle-de-bains\\\/\",\"url\":\"https:\\\/\\\/be-okay.be\\\/fr\\\/collection\\\/salle-de-bains\\\/accessoires-salle-de-bains\\\/\",\"name\":\"S\u00e9choirs, portants, porte-serviettes & co. | BE- Okay, Deerlijk & Mouscron\",\"isPartOf\":{\"@id\":\"https:\\\/\\\/be-okay.be\\\/fr\\\/#website\"},\"primaryImageOfPage\":{\"@id\":\"https:\\\/\\\/be-okay.be\\\/fr\\\/collection\\\/salle-de-bains\\\/accessoires-salle-de-bains\\\/#primaryimage\"},\"image\":{\"@id\":\"https:\\\/\\\/be-okay.be\\\/fr\\\/collection\\\/salle-de-bains\\\/accessoires-salle-de-bains\\\/#primaryimage\"},\"thumbnailUrl\":\"https:\\\/\\\/be-okay.be\\\/wp-content\\\/uploads\\\/2022\\\/04\\\/BADKAMER_Hangaccessoires_Handdoekrek_Brabantia_1.jpg\",\"datePublished\":\"2021-09-16T12:57:16+00:00\",\"dateModified\":\"2024-01-29T09:40:28+00:00\",\"description\":\"Vous cherchez des \u00e9tag\u00e8res de douches ou des portemanteaux pour votre salle de bains ? D\u00e9couvrez notre collection d\u2019accessoires pour s\u00e9cher et pendre vos serviettes et v\u00eatements en ligne ou dans la salle d'exposition\",\"breadcrumb\":{\"@id\":\"https:\\\/\\\/be-okay.be\\\/fr\\\/collection\\\/salle-de-bains\\\/accessoires-salle-de-bains\\\/#breadcrumb\"},\"inLanguage\":\"fr-FR\",\"potentialAction\":[{\"@type\":\"ReadAction\",\"target\":[\"https:\\\/\\\/be-okay.be\\\/fr\\\/collection\\\/salle-de-bains\\\/accessoires-salle-de-bains\\\/\"]}]},{\"@type\":\"ImageObject\",\"inLanguage\":\"fr-FR\",\"@id\":\"https:\\\/\\\/be-okay.be\\\/fr\\\/collection\\\/salle-de-bains\\\/accessoires-salle-de-bains\\\/#primaryimage\",\"url\":\"https:\\\/\\\/be-okay.be\\\/wp-content\\\/uploads\\\/2022\\\/04\\\/BADKAMER_Hangaccessoires_Handdoekrek_Brabantia_1.jpg\",\"contentUrl\":\"https:\\\/\\\/be-okay.be\\\/wp-content\\\/uploads\\\/2022\\\/04\\\/BADKAMER_Hangaccessoires_Handdoekrek_Brabantia_1.jpg\",\"width\":900,\"height\":1200},{\"@type\":\"BreadcrumbList\",\"@id\":\"https:\\\/\\\/be-okay.be\\\/fr\\\/collection\\\/salle-de-bains\\\/accessoires-salle-de-bains\\\/#breadcrumb\",\"itemListElement\":[{\"@type\":\"ListItem\",\"position\":1,\"name\":\"Collection\",\"item\":\"https:\\\/\\\/be-okay.be\\\/fr\\\/collection\\\/\"},{\"@type\":\"ListItem\",\"position\":2,\"name\":\"Salle de bains\",\"item\":\"https:\\\/\\\/be-okay.be\\\/fr\\\/collection\\\/salle-de-bains\\\/\"},{\"@type\":\"ListItem\",\"position\":3,\"name\":\"S\u00e9choirs, portants, porte-serviettes &amp; co.\"}]},{\"@type\":\"WebSite\",\"@id\":\"https:\\\/\\\/be-okay.be\\\/fr\\\/#website\",\"url\":\"https:\\\/\\\/be-okay.be\\\/fr\\\/\",\"name\":\"BE-Okay\",\"description\":\"Young living concept - meubelwinkel Deerlijk &amp; Moeskroen\",\"potentialAction\":[{\"@type\":\"SearchAction\",\"target\":{\"@type\":\"EntryPoint\",\"urlTemplate\":\"https:\\\/\\\/be-okay.be\\\/fr\\\/?s={search_term_string}\"},\"query-input\":{\"@type\":\"PropertyValueSpecification\",\"valueRequired\":true,\"valueName\":\"search_term_string\"}}],\"inLanguage\":\"fr-FR\"}]}<\/script>\n<!-- \/ Yoast SEO plugin. -->","yoast_head_json":{"title":"S\u00e9choirs, portants, porte-serviettes & co. | BE- Okay, Deerlijk & Mouscron","description":"Vous cherchez des \u00e9tag\u00e8res de douches ou des portemanteaux pour votre salle de bains ? D\u00e9couvrez notre collection d\u2019accessoires pour s\u00e9cher et pendre vos serviettes et v\u00eatements en ligne ou dans la salle d'exposition","robots":{"index":"index","follow":"follow","max-snippet":"max-snippet:-1","max-image-preview":"max-image-preview:large","max-video-preview":"max-video-preview:-1"},"canonical":"https:\/\/be-okay.be\/fr\/collection\/salle-de-bains\/accessoires-salle-de-bains\/","og_locale":"fr_FR","og_type":"article","og_title":"S\u00e9choirs, portants, porte-serviettes & co. | BE- Okay, Deerlijk & Mouscron","og_description":"Vous cherchez des \u00e9tag\u00e8res de douches ou des portemanteaux pour votre salle de bains ? D\u00e9couvrez notre collection d\u2019accessoires pour s\u00e9cher et pendre vos serviettes et v\u00eatements en ligne ou dans la salle d'exposition","og_url":"https:\/\/be-okay.be\/fr\/collection\/salle-de-bains\/accessoires-salle-de-bains\/","og_site_name":"BE-Okay","article_modified_time":"2024-01-29T09:40:28+00:00","og_image":[{"width":900,"height":1200,"url":"http:\/\/be-okay.be\/wp-content\/uploads\/2022\/04\/BADKAMER_Hangaccessoires_Handdoekrek_Brabantia_1.jpg","type":"image\/jpeg"}],"twitter_card":"summary_large_image","twitter_misc":{"Dur\u00e9e de lecture estim\u00e9e":"2 minutes"},"schema":{"@context":"https:\/\/schema.org","@graph":[{"@type":"WebPage","@id":"https:\/\/be-okay.be\/fr\/collection\/salle-de-bains\/accessoires-salle-de-bains\/","url":"https:\/\/be-okay.be\/fr\/collection\/salle-de-bains\/accessoires-salle-de-bains\/","name":"S\u00e9choirs, portants, porte-serviettes & co. | BE- Okay, Deerlijk & Mouscron","isPartOf":{"@id":"https:\/\/be-okay.be\/fr\/#website"},"primaryImageOfPage":{"@id":"https:\/\/be-okay.be\/fr\/collection\/salle-de-bains\/accessoires-salle-de-bains\/#primaryimage"},"image":{"@id":"https:\/\/be-okay.be\/fr\/collection\/salle-de-bains\/accessoires-salle-de-bains\/#primaryimage"},"thumbnailUrl":"https:\/\/be-okay.be\/wp-content\/uploads\/2022\/04\/BADKAMER_Hangaccessoires_Handdoekrek_Brabantia_1.jpg","datePublished":"2021-09-16T12:57:16+00:00","dateModified":"2024-01-29T09:40:28+00:00","description":"Vous cherchez des \u00e9tag\u00e8res de douches ou des portemanteaux pour votre salle de bains ? D\u00e9couvrez notre collection d\u2019accessoires pour s\u00e9cher et pendre vos serviettes et v\u00eatements en ligne ou dans la salle d'exposition","breadcrumb":{"@id":"https:\/\/be-okay.be\/fr\/collection\/salle-de-bains\/accessoires-salle-de-bains\/#breadcrumb"},"inLanguage":"fr-FR","potentialAction":[{"@type":"ReadAction","target":["https:\/\/be-okay.be\/fr\/collection\/salle-de-bains\/accessoires-salle-de-bains\/"]}]},{"@type":"ImageObject","inLanguage":"fr-FR","@id":"https:\/\/be-okay.be\/fr\/collection\/salle-de-bains\/accessoires-salle-de-bains\/#primaryimage","url":"https:\/\/be-okay.be\/wp-content\/uploads\/2022\/04\/BADKAMER_Hangaccessoires_Handdoekrek_Brabantia_1.jpg","contentUrl":"https:\/\/be-okay.be\/wp-content\/uploads\/2022\/04\/BADKAMER_Hangaccessoires_Handdoekrek_Brabantia_1.jpg","width":900,"height":1200},{"@type":"BreadcrumbList","@id":"https:\/\/be-okay.be\/fr\/collection\/salle-de-bains\/accessoires-salle-de-bains\/#breadcrumb","itemListElement":[{"@type":"ListItem","position":1,"name":"Collection","item":"https:\/\/be-okay.be\/fr\/collection\/"},{"@type":"ListItem","position":2,"name":"Salle de bains","item":"https:\/\/be-okay.be\/fr\/collection\/salle-de-bains\/"},{"@type":"ListItem","position":3,"name":"S\u00e9choirs, portants, porte-serviettes &amp; co."}]},{"@type":"WebSite","@id":"https:\/\/be-okay.be\/fr\/#website","url":"https:\/\/be-okay.be\/fr\/","name":"BE-Okay","description":"Young living concept - meubelwinkel Deerlijk &amp; Moeskroen","potentialAction":[{"@type":"SearchAction","target":{"@type":"EntryPoint","urlTemplate":"https:\/\/be-okay.be\/fr\/?s={search_term_string}"},"query-input":{"@type":"PropertyValueSpecification","valueRequired":true,"valueName":"search_term_string"}}],"inLanguage":"fr-FR"}]}},"_links":{"self":[{"href":"https:\/\/be-okay.be\/fr\/wp-json\/wp\/v2\/pages\/4841","targetHints":{"allow":["GET"]}}],"collection":[{"href":"https:\/\/be-okay.be\/fr\/wp-json\/wp\/v2\/pages"}],"about":[{"href":"https:\/\/be-okay.be\/fr\/wp-json\/wp\/v2\/types\/page"}],"author":[{"embeddable":true,"href":"https:\/\/be-okay.be\/fr\/wp-json\/wp\/v2\/users\/1"}],"replies":[{"embeddable":true,"href":"https:\/\/be-okay.be\/fr\/wp-json\/wp\/v2\/comments?post=4841"}],"version-history":[{"count":5,"href":"https:\/\/be-okay.be\/fr\/wp-json\/wp\/v2\/pages\/4841\/revisions"}],"predecessor-version":[{"id":6399,"href":"https:\/\/be-okay.be\/fr\/wp-json\/wp\/v2\/pages\/4841\/revisions\/6399"}],"up":[{"embeddable":true,"href":"https:\/\/be-okay.be\/fr\/wp-json\/wp\/v2\/pages\/4838"}],"wp:featuredmedia":[{"embeddable":true,"href":"https:\/\/be-okay.be\/fr\/wp-json\/wp\/v2\/media\/1667"}],"wp:attachment":[{"href":"https:\/\/be-okay.be\/fr\/wp-json\/wp\/v2\/media?parent=4841"}],"curies":[{"name":"wp","href":"https:\/\/api.w.org\/{rel}","templated":true}]}}