{"id":4842,"date":"2021-09-16T12:57:29","date_gmt":"2021-09-16T12:57:29","guid":{"rendered":"https:\/\/be-okay.be\/collectie\/badkamer\/badtextiel\/"},"modified":"2023-02-24T08:23:19","modified_gmt":"2023-02-24T08:23:19","slug":"linge-de-bain","status":"publish","type":"page","link":"https:\/\/be-okay.be\/fr\/collection\/salle-de-bains\/linge-de-bain\/","title":{"rendered":"Linge de bain"},"content":{"rendered":"\n<h1 class=\"wp-block-heading\">UN LINGE DE BAIN DOUX COMME UNE CARRESSE<\/h1>\n\n\n\n<h2 class=\"wp-block-heading\">D\u00e9couvrez le confort moelleux de serviettes de bain toutes neuves<\/h2>\n\n\n\n<p>Lorsque vous sortez de la douche, rien ne vaut une serviette neuve et douce. Nos serviettes de qualit\u00e9 h\u00f4teli\u00e8re vous feront oublier le quotidien un court instant. C\u2019est comme si vous \u00e9tiez en vacances&nbsp;! Il existe un large choix de linges de bain. Que pr\u00e9f\u00e9rez-vous ? Un noir classique ou votre couleur f\u00e9tiche&nbsp;?<\/p>\n\n\n\n<div style=\"height:40px\" aria-hidden=\"true\" class=\"wp-block-spacer\"><\/div>\n\n\n\n<h2 class=\"wp-block-heading\">Puisez l\u2019inspiration dans nos linges de bain<\/h2>\n\n\n\n<figure class=\"wp-block-gallery has-nested-images columns-3 is-cropped wp-block-gallery-1 is-layout-flex wp-block-gallery-is-layout-flex\">\n<figure class=\"wp-block-image size-large\"><img decoding=\"async\" width=\"1500\" height=\"976\" data-id=\"3578\" data-src=\"https:\/\/be-okay.be\/wp-content\/uploads\/2022\/12\/BEOKAY_Badkamer_Badtextiel.jpg\" alt=\"\" class=\"wp-image-3578 lazyload\" data-srcset=\"https:\/\/be-okay.be\/wp-content\/uploads\/2022\/12\/BEOKAY_Badkamer_Badtextiel.jpg 1500w, https:\/\/be-okay.be\/wp-content\/uploads\/2022\/12\/BEOKAY_Badkamer_Badtextiel-300x195.jpg 300w, https:\/\/be-okay.be\/wp-content\/uploads\/2022\/12\/BEOKAY_Badkamer_Badtextiel-768x500.jpg 768w\" data-sizes=\"(max-width: 1500px) 100vw, 1500px\" src=\"data:image\/svg+xml;base64,PHN2ZyB3aWR0aD0iMSIgaGVpZ2h0PSIxIiB4bWxucz0iaHR0cDovL3d3dy53My5vcmcvMjAwMC9zdmciPjwvc3ZnPg==\" style=\"--smush-placeholder-width: 1500px; --smush-placeholder-aspect-ratio: 1500\/976;\" \/><\/figure>\n<\/figure>\n","protected":false},"excerpt":{"rendered":"<p>UN LINGE DE BAIN DOUX COMME UNE CARRESSE D\u00e9couvrez le confort moelleux de serviettes de bain toutes neuves Lorsque vous sortez de la douche, rien ne vaut une serviette neuve et douce. Nos serviettes de qualit\u00e9 h\u00f4teli\u00e8re vous feront oublier le quotidien un court instant. C\u2019est comme si vous \u00e9tiez en vacances&nbsp;! Il existe un [&hellip;]<\/p>\n","protected":false},"author":1,"featured_media":3583,"parent":4838,"menu_order":4,"comment_status":"closed","ping_status":"closed","template":"template_collectie_single.php","meta":{"_acf_changed":false,"footnotes":""},"class_list":["post-4842","page","type-page","status-publish","has-post-thumbnail","hentry"],"acf":[],"yoast_head":"<!-- This site is optimized with the Yoast SEO plugin v27.3 - https:\/\/yoast.com\/product\/yoast-seo-wordpress\/ -->\n<title>Serviettes et linges de bain | BE-Okay \u00e0 Deerlijk &amp; Mouscron<\/title>\n<meta name=\"description\" content=\"Vous cherchez du linge de bain ou des serviettes ? Chez BE-Okay, vous trouverez des serviettes de qualit\u00e9 h\u00f4teli\u00e8re dans toutes sortes de couleurs. Consultez notre aper\u00e7u.\" \/>\n<meta name=\"robots\" content=\"index, follow, max-snippet:-1, max-image-preview:large, max-video-preview:-1\" \/>\n<link rel=\"canonical\" href=\"https:\/\/be-okay.be\/fr\/collection\/salle-de-bains\/linge-de-bain\/\" \/>\n<meta property=\"og:locale\" content=\"fr_FR\" \/>\n<meta property=\"og:type\" content=\"article\" \/>\n<meta property=\"og:title\" content=\"Serviettes et linges de bain | BE-Okay \u00e0 Deerlijk &amp; Mouscron\" \/>\n<meta property=\"og:description\" content=\"Vous cherchez du linge de bain ou des serviettes ? Chez BE-Okay, vous trouverez des serviettes de qualit\u00e9 h\u00f4teli\u00e8re dans toutes sortes de couleurs. Consultez notre aper\u00e7u.\" \/>\n<meta property=\"og:url\" content=\"https:\/\/be-okay.be\/fr\/collection\/salle-de-bains\/linge-de-bain\/\" \/>\n<meta property=\"og:site_name\" content=\"BE-Okay\" \/>\n<meta property=\"article:modified_time\" content=\"2023-02-24T08:23:19+00:00\" \/>\n<meta property=\"og:image\" content=\"http:\/\/be-okay.be\/wp-content\/uploads\/2022\/12\/BEOKAY_Badkamer_Badtextiel_1.jpg\" \/>\n\t<meta property=\"og:image:width\" content=\"1404\" \/>\n\t<meta property=\"og:image:height\" content=\"1500\" \/>\n\t<meta property=\"og:image:type\" content=\"image\/jpeg\" \/>\n<meta name=\"twitter:card\" content=\"summary_large_image\" \/>\n<meta name=\"twitter:label1\" content=\"Dur\u00e9e de lecture estim\u00e9e\" \/>\n\t<meta name=\"twitter:data1\" content=\"1 minute\" \/>\n<script type=\"application\/ld+json\" class=\"yoast-schema-graph\">{\"@context\":\"https:\\\/\\\/schema.org\",\"@graph\":[{\"@type\":\"WebPage\",\"@id\":\"https:\\\/\\\/be-okay.be\\\/fr\\\/collection\\\/salle-de-bains\\\/linge-de-bain\\\/\",\"url\":\"https:\\\/\\\/be-okay.be\\\/fr\\\/collection\\\/salle-de-bains\\\/linge-de-bain\\\/\",\"name\":\"Serviettes et linges de bain | BE-Okay \u00e0 Deerlijk & Mouscron\",\"isPartOf\":{\"@id\":\"https:\\\/\\\/be-okay.be\\\/fr\\\/#website\"},\"primaryImageOfPage\":{\"@id\":\"https:\\\/\\\/be-okay.be\\\/fr\\\/collection\\\/salle-de-bains\\\/linge-de-bain\\\/#primaryimage\"},\"image\":{\"@id\":\"https:\\\/\\\/be-okay.be\\\/fr\\\/collection\\\/salle-de-bains\\\/linge-de-bain\\\/#primaryimage\"},\"thumbnailUrl\":\"https:\\\/\\\/be-okay.be\\\/wp-content\\\/uploads\\\/2022\\\/12\\\/BEOKAY_Badkamer_Badtextiel_1.jpg\",\"datePublished\":\"2021-09-16T12:57:29+00:00\",\"dateModified\":\"2023-02-24T08:23:19+00:00\",\"description\":\"Vous cherchez du linge de bain ou des serviettes ? Chez BE-Okay, vous trouverez des serviettes de qualit\u00e9 h\u00f4teli\u00e8re dans toutes sortes de couleurs. Consultez notre aper\u00e7u.\",\"breadcrumb\":{\"@id\":\"https:\\\/\\\/be-okay.be\\\/fr\\\/collection\\\/salle-de-bains\\\/linge-de-bain\\\/#breadcrumb\"},\"inLanguage\":\"fr-FR\",\"potentialAction\":[{\"@type\":\"ReadAction\",\"target\":[\"https:\\\/\\\/be-okay.be\\\/fr\\\/collection\\\/salle-de-bains\\\/linge-de-bain\\\/\"]}]},{\"@type\":\"ImageObject\",\"inLanguage\":\"fr-FR\",\"@id\":\"https:\\\/\\\/be-okay.be\\\/fr\\\/collection\\\/salle-de-bains\\\/linge-de-bain\\\/#primaryimage\",\"url\":\"https:\\\/\\\/be-okay.be\\\/wp-content\\\/uploads\\\/2022\\\/12\\\/BEOKAY_Badkamer_Badtextiel_1.jpg\",\"contentUrl\":\"https:\\\/\\\/be-okay.be\\\/wp-content\\\/uploads\\\/2022\\\/12\\\/BEOKAY_Badkamer_Badtextiel_1.jpg\",\"width\":1404,\"height\":1500},{\"@type\":\"BreadcrumbList\",\"@id\":\"https:\\\/\\\/be-okay.be\\\/fr\\\/collection\\\/salle-de-bains\\\/linge-de-bain\\\/#breadcrumb\",\"itemListElement\":[{\"@type\":\"ListItem\",\"position\":1,\"name\":\"Collection\",\"item\":\"https:\\\/\\\/be-okay.be\\\/fr\\\/collection\\\/\"},{\"@type\":\"ListItem\",\"position\":2,\"name\":\"Salle de bains\",\"item\":\"https:\\\/\\\/be-okay.be\\\/fr\\\/collection\\\/salle-de-bains\\\/\"},{\"@type\":\"ListItem\",\"position\":3,\"name\":\"Linge de bain\"}]},{\"@type\":\"WebSite\",\"@id\":\"https:\\\/\\\/be-okay.be\\\/fr\\\/#website\",\"url\":\"https:\\\/\\\/be-okay.be\\\/fr\\\/\",\"name\":\"BE-Okay\",\"description\":\"Young living concept - meubelwinkel Deerlijk &amp; Moeskroen\",\"potentialAction\":[{\"@type\":\"SearchAction\",\"target\":{\"@type\":\"EntryPoint\",\"urlTemplate\":\"https:\\\/\\\/be-okay.be\\\/fr\\\/?s={search_term_string}\"},\"query-input\":{\"@type\":\"PropertyValueSpecification\",\"valueRequired\":true,\"valueName\":\"search_term_string\"}}],\"inLanguage\":\"fr-FR\"}]}<\/script>\n<!-- \/ Yoast SEO plugin. -->","yoast_head_json":{"title":"Serviettes et linges de bain | BE-Okay \u00e0 Deerlijk & Mouscron","description":"Vous cherchez du linge de bain ou des serviettes ? Chez BE-Okay, vous trouverez des serviettes de qualit\u00e9 h\u00f4teli\u00e8re dans toutes sortes de couleurs. Consultez notre aper\u00e7u.","robots":{"index":"index","follow":"follow","max-snippet":"max-snippet:-1","max-image-preview":"max-image-preview:large","max-video-preview":"max-video-preview:-1"},"canonical":"https:\/\/be-okay.be\/fr\/collection\/salle-de-bains\/linge-de-bain\/","og_locale":"fr_FR","og_type":"article","og_title":"Serviettes et linges de bain | BE-Okay \u00e0 Deerlijk & Mouscron","og_description":"Vous cherchez du linge de bain ou des serviettes ? Chez BE-Okay, vous trouverez des serviettes de qualit\u00e9 h\u00f4teli\u00e8re dans toutes sortes de couleurs. Consultez notre aper\u00e7u.","og_url":"https:\/\/be-okay.be\/fr\/collection\/salle-de-bains\/linge-de-bain\/","og_site_name":"BE-Okay","article_modified_time":"2023-02-24T08:23:19+00:00","og_image":[{"width":1404,"height":1500,"url":"http:\/\/be-okay.be\/wp-content\/uploads\/2022\/12\/BEOKAY_Badkamer_Badtextiel_1.jpg","type":"image\/jpeg"}],"twitter_card":"summary_large_image","twitter_misc":{"Dur\u00e9e de lecture estim\u00e9e":"1 minute"},"schema":{"@context":"https:\/\/schema.org","@graph":[{"@type":"WebPage","@id":"https:\/\/be-okay.be\/fr\/collection\/salle-de-bains\/linge-de-bain\/","url":"https:\/\/be-okay.be\/fr\/collection\/salle-de-bains\/linge-de-bain\/","name":"Serviettes et linges de bain | BE-Okay \u00e0 Deerlijk & Mouscron","isPartOf":{"@id":"https:\/\/be-okay.be\/fr\/#website"},"primaryImageOfPage":{"@id":"https:\/\/be-okay.be\/fr\/collection\/salle-de-bains\/linge-de-bain\/#primaryimage"},"image":{"@id":"https:\/\/be-okay.be\/fr\/collection\/salle-de-bains\/linge-de-bain\/#primaryimage"},"thumbnailUrl":"https:\/\/be-okay.be\/wp-content\/uploads\/2022\/12\/BEOKAY_Badkamer_Badtextiel_1.jpg","datePublished":"2021-09-16T12:57:29+00:00","dateModified":"2023-02-24T08:23:19+00:00","description":"Vous cherchez du linge de bain ou des serviettes ? Chez BE-Okay, vous trouverez des serviettes de qualit\u00e9 h\u00f4teli\u00e8re dans toutes sortes de couleurs. Consultez notre aper\u00e7u.","breadcrumb":{"@id":"https:\/\/be-okay.be\/fr\/collection\/salle-de-bains\/linge-de-bain\/#breadcrumb"},"inLanguage":"fr-FR","potentialAction":[{"@type":"ReadAction","target":["https:\/\/be-okay.be\/fr\/collection\/salle-de-bains\/linge-de-bain\/"]}]},{"@type":"ImageObject","inLanguage":"fr-FR","@id":"https:\/\/be-okay.be\/fr\/collection\/salle-de-bains\/linge-de-bain\/#primaryimage","url":"https:\/\/be-okay.be\/wp-content\/uploads\/2022\/12\/BEOKAY_Badkamer_Badtextiel_1.jpg","contentUrl":"https:\/\/be-okay.be\/wp-content\/uploads\/2022\/12\/BEOKAY_Badkamer_Badtextiel_1.jpg","width":1404,"height":1500},{"@type":"BreadcrumbList","@id":"https:\/\/be-okay.be\/fr\/collection\/salle-de-bains\/linge-de-bain\/#breadcrumb","itemListElement":[{"@type":"ListItem","position":1,"name":"Collection","item":"https:\/\/be-okay.be\/fr\/collection\/"},{"@type":"ListItem","position":2,"name":"Salle de bains","item":"https:\/\/be-okay.be\/fr\/collection\/salle-de-bains\/"},{"@type":"ListItem","position":3,"name":"Linge de bain"}]},{"@type":"WebSite","@id":"https:\/\/be-okay.be\/fr\/#website","url":"https:\/\/be-okay.be\/fr\/","name":"BE-Okay","description":"Young living concept - meubelwinkel Deerlijk &amp; Moeskroen","potentialAction":[{"@type":"SearchAction","target":{"@type":"EntryPoint","urlTemplate":"https:\/\/be-okay.be\/fr\/?s={search_term_string}"},"query-input":{"@type":"PropertyValueSpecification","valueRequired":true,"valueName":"search_term_string"}}],"inLanguage":"fr-FR"}]}},"_links":{"self":[{"href":"https:\/\/be-okay.be\/fr\/wp-json\/wp\/v2\/pages\/4842","targetHints":{"allow":["GET"]}}],"collection":[{"href":"https:\/\/be-okay.be\/fr\/wp-json\/wp\/v2\/pages"}],"about":[{"href":"https:\/\/be-okay.be\/fr\/wp-json\/wp\/v2\/types\/page"}],"author":[{"embeddable":true,"href":"https:\/\/be-okay.be\/fr\/wp-json\/wp\/v2\/users\/1"}],"replies":[{"embeddable":true,"href":"https:\/\/be-okay.be\/fr\/wp-json\/wp\/v2\/comments?post=4842"}],"version-history":[{"count":2,"href":"https:\/\/be-okay.be\/fr\/wp-json\/wp\/v2\/pages\/4842\/revisions"}],"predecessor-version":[{"id":5155,"href":"https:\/\/be-okay.be\/fr\/wp-json\/wp\/v2\/pages\/4842\/revisions\/5155"}],"up":[{"embeddable":true,"href":"https:\/\/be-okay.be\/fr\/wp-json\/wp\/v2\/pages\/4838"}],"wp:featuredmedia":[{"embeddable":true,"href":"https:\/\/be-okay.be\/fr\/wp-json\/wp\/v2\/media\/3583"}],"wp:attachment":[{"href":"https:\/\/be-okay.be\/fr\/wp-json\/wp\/v2\/media?parent=4842"}],"curies":[{"name":"wp","href":"https:\/\/api.w.org\/{rel}","templated":true}]}}