{"id":4844,"date":"2021-09-16T12:57:53","date_gmt":"2021-09-16T12:57:53","guid":{"rendered":"https:\/\/be-okay.be\/collectie\/badkamer\/opbergen\/"},"modified":"2024-01-29T09:41:56","modified_gmt":"2024-01-29T09:41:56","slug":"rangements","status":"publish","type":"page","link":"https:\/\/be-okay.be\/fr\/collection\/salle-de-bains\/rangements\/","title":{"rendered":"Rangements"},"content":{"rendered":"\n<h1 class=\"wp-block-heading\">DES RANGEMENTS POUR UNE SALLE DE BAINS EN ORDRE<\/h1>\n\n\n\n<h2 class=\"wp-block-heading\">Bo\u00eetes de rangement, paniers et bacs de diff\u00e9rentes tailles<\/h2>\n\n\n\n<p>N\u2019est-il pas toujours plus agr\u00e9able de se doucher dans une salle de bains propre et bien rang\u00e9e&nbsp;? Sans compter qu\u2019un espace mieux organis\u00e9 est \u00e9galement plus efficace. Vous cherchez toujours vos boucles d\u2019oreilles ou vos bagues juste avant de partir&nbsp;? Ce temps est d\u00e9sormais r\u00e9volu avec un porte-bijoux. Triez efficacement dans votre salle de bains avec des bo\u00eetes pratiques pour votre maquillage, vos cotons d\u00e9maquillants, vos cotons-tiges&#8230;<\/p>\n\n\n\n<p>BE-Okay propose une large gamme de paniers, bacs et bo\u00eetes de rangement. D\u00e9couvrez-les sur le site web ou dans une de nos salles d\u2019exposition.<\/p>\n\n\n\n<div style=\"height:40px\" aria-hidden=\"true\" class=\"wp-block-spacer\"><\/div>\n\n\n\n<h2 class=\"wp-block-heading has-text-align-center\">Puisez l&rsquo;inspiration dans nos accessoires de rangement<\/h2>\n\n\n\n<figure class=\"wp-block-gallery has-nested-images columns-default is-cropped wp-block-gallery-1 is-layout-flex wp-block-gallery-is-layout-flex\">\n<figure class=\"wp-block-image size-large\"><img decoding=\"async\" width=\"1500\" height=\"1125\" data-id=\"3664\" data-src=\"http:\/\/be-okay.be\/wp-content\/uploads\/2022\/12\/BEOKAY_Badkamer_Opbergen_Broos_8.jpg\" alt=\"\" class=\"wp-image-3664 lazyload\" data-srcset=\"https:\/\/be-okay.be\/wp-content\/uploads\/2022\/12\/BEOKAY_Badkamer_Opbergen_Broos_8.jpg 1500w, https:\/\/be-okay.be\/wp-content\/uploads\/2022\/12\/BEOKAY_Badkamer_Opbergen_Broos_8-300x225.jpg 300w, https:\/\/be-okay.be\/wp-content\/uploads\/2022\/12\/BEOKAY_Badkamer_Opbergen_Broos_8-768x576.jpg 768w\" data-sizes=\"(max-width: 1500px) 100vw, 1500px\" src=\"data:image\/svg+xml;base64,PHN2ZyB3aWR0aD0iMSIgaGVpZ2h0PSIxIiB4bWxucz0iaHR0cDovL3d3dy53My5vcmcvMjAwMC9zdmciPjwvc3ZnPg==\" style=\"--smush-placeholder-width: 1500px; --smush-placeholder-aspect-ratio: 1500\/1125;\" \/><\/figure>\n\n\n\n<figure class=\"wp-block-image size-large\"><img decoding=\"async\" width=\"1500\" height=\"998\" data-id=\"3673\" data-src=\"http:\/\/be-okay.be\/wp-content\/uploads\/2022\/12\/BEOKAY_Badkamer_Opbergen_Zone_3.jpg\" alt=\"\" class=\"wp-image-3673 lazyload\" data-srcset=\"https:\/\/be-okay.be\/wp-content\/uploads\/2022\/12\/BEOKAY_Badkamer_Opbergen_Zone_3.jpg 1500w, https:\/\/be-okay.be\/wp-content\/uploads\/2022\/12\/BEOKAY_Badkamer_Opbergen_Zone_3-300x200.jpg 300w, https:\/\/be-okay.be\/wp-content\/uploads\/2022\/12\/BEOKAY_Badkamer_Opbergen_Zone_3-768x511.jpg 768w\" data-sizes=\"(max-width: 1500px) 100vw, 1500px\" src=\"data:image\/svg+xml;base64,PHN2ZyB3aWR0aD0iMSIgaGVpZ2h0PSIxIiB4bWxucz0iaHR0cDovL3d3dy53My5vcmcvMjAwMC9zdmciPjwvc3ZnPg==\" style=\"--smush-placeholder-width: 1500px; --smush-placeholder-aspect-ratio: 1500\/998;\" \/><\/figure>\n\n\n\n<figure class=\"wp-block-image size-full\"><img decoding=\"async\" width=\"1500\" height=\"1000\" data-id=\"3684\" data-src=\"https:\/\/be-okay.be\/wp-content\/uploads\/2022\/12\/BEOKAY_Badkamer_Opbergen_Wadmanden_Koziol.jpg\" alt=\"\" class=\"wp-image-3684 lazyload\" data-srcset=\"https:\/\/be-okay.be\/wp-content\/uploads\/2022\/12\/BEOKAY_Badkamer_Opbergen_Wadmanden_Koziol.jpg 1500w, https:\/\/be-okay.be\/wp-content\/uploads\/2022\/12\/BEOKAY_Badkamer_Opbergen_Wadmanden_Koziol-300x200.jpg 300w, https:\/\/be-okay.be\/wp-content\/uploads\/2022\/12\/BEOKAY_Badkamer_Opbergen_Wadmanden_Koziol-768x512.jpg 768w\" data-sizes=\"(max-width: 1500px) 100vw, 1500px\" src=\"data:image\/svg+xml;base64,PHN2ZyB3aWR0aD0iMSIgaGVpZ2h0PSIxIiB4bWxucz0iaHR0cDovL3d3dy53My5vcmcvMjAwMC9zdmciPjwvc3ZnPg==\" style=\"--smush-placeholder-width: 1500px; --smush-placeholder-aspect-ratio: 1500\/1000;\" \/><\/figure>\n\n\n\n<figure class=\"wp-block-image size-large\"><img decoding=\"async\" width=\"1500\" height=\"1500\" data-id=\"3679\" data-src=\"https:\/\/be-okay.be\/wp-content\/uploads\/2022\/12\/BEOKAY_Badkamer_Opbergen_Glamorganizer_Umbra-1500x1500.jpg\" alt=\"\" class=\"wp-image-3679 lazyload\" data-srcset=\"https:\/\/be-okay.be\/wp-content\/uploads\/2022\/12\/BEOKAY_Badkamer_Opbergen_Glamorganizer_Umbra.jpg 1500w, https:\/\/be-okay.be\/wp-content\/uploads\/2022\/12\/BEOKAY_Badkamer_Opbergen_Glamorganizer_Umbra-300x300.jpg 300w, https:\/\/be-okay.be\/wp-content\/uploads\/2022\/12\/BEOKAY_Badkamer_Opbergen_Glamorganizer_Umbra-150x150.jpg 150w, https:\/\/be-okay.be\/wp-content\/uploads\/2022\/12\/BEOKAY_Badkamer_Opbergen_Glamorganizer_Umbra-768x768.jpg 768w\" data-sizes=\"(max-width: 1500px) 100vw, 1500px\" src=\"data:image\/svg+xml;base64,PHN2ZyB3aWR0aD0iMSIgaGVpZ2h0PSIxIiB4bWxucz0iaHR0cDovL3d3dy53My5vcmcvMjAwMC9zdmciPjwvc3ZnPg==\" style=\"--smush-placeholder-width: 1500px; --smush-placeholder-aspect-ratio: 1500\/1500;\" \/><\/figure>\n\n\n\n<figure class=\"wp-block-image size-large\"><img decoding=\"async\" width=\"1500\" height=\"1000\" data-id=\"3677\" data-src=\"https:\/\/be-okay.be\/wp-content\/uploads\/2022\/12\/BEOKAY_Badkamer_Opbergen_Rek_Boa_Koziol.jpg\" alt=\"\" class=\"wp-image-3677 lazyload\" data-srcset=\"https:\/\/be-okay.be\/wp-content\/uploads\/2022\/12\/BEOKAY_Badkamer_Opbergen_Rek_Boa_Koziol.jpg 1500w, https:\/\/be-okay.be\/wp-content\/uploads\/2022\/12\/BEOKAY_Badkamer_Opbergen_Rek_Boa_Koziol-300x200.jpg 300w, https:\/\/be-okay.be\/wp-content\/uploads\/2022\/12\/BEOKAY_Badkamer_Opbergen_Rek_Boa_Koziol-768x512.jpg 768w\" data-sizes=\"(max-width: 1500px) 100vw, 1500px\" src=\"data:image\/svg+xml;base64,PHN2ZyB3aWR0aD0iMSIgaGVpZ2h0PSIxIiB4bWxucz0iaHR0cDovL3d3dy53My5vcmcvMjAwMC9zdmciPjwvc3ZnPg==\" style=\"--smush-placeholder-width: 1500px; --smush-placeholder-aspect-ratio: 1500\/1000;\" \/><\/figure>\n<\/figure>\n","protected":false},"excerpt":{"rendered":"<p>DES RANGEMENTS POUR UNE SALLE DE BAINS EN ORDRE Bo\u00eetes de rangement, paniers et bacs de diff\u00e9rentes tailles N\u2019est-il pas toujours plus agr\u00e9able de se doucher dans une salle de bains propre et bien rang\u00e9e&nbsp;? Sans compter qu\u2019un espace mieux organis\u00e9 est \u00e9galement plus efficace. Vous cherchez toujours vos boucles d\u2019oreilles ou vos bagues juste [&hellip;]<\/p>\n","protected":false},"author":1,"featured_media":1673,"parent":4838,"menu_order":5,"comment_status":"closed","ping_status":"closed","template":"template_collectie_single.php","meta":{"_acf_changed":false,"footnotes":""},"class_list":["post-4844","page","type-page","status-publish","has-post-thumbnail","hentry"],"acf":[],"yoast_head":"<!-- This site is optimized with the Yoast SEO plugin v27.5 - https:\/\/yoast.com\/product\/yoast-seo-wordpress\/ -->\n<title>Rangement pour la salle de bains | BE-Okay Deerlijk et Mouscron<\/title>\n<meta name=\"description\" content=\"Des \u00e9tag\u00e8res murales, des bo\u00eetes de rangement et des solutions de rangements \u00e9l\u00e9gants pour votre salle de bains. D\u00e9couvrez toutes nos solutions de rangement en ligne ou dans notre salle d\u2019exposition.\" \/>\n<meta name=\"robots\" content=\"index, follow, max-snippet:-1, max-image-preview:large, max-video-preview:-1\" \/>\n<link rel=\"canonical\" href=\"https:\/\/be-okay.be\/fr\/collection\/salle-de-bains\/rangements\/\" \/>\n<meta property=\"og:locale\" content=\"fr_FR\" \/>\n<meta property=\"og:type\" content=\"article\" \/>\n<meta property=\"og:title\" content=\"Rangement pour la salle de bains | BE-Okay Deerlijk et Mouscron\" \/>\n<meta property=\"og:description\" content=\"Des \u00e9tag\u00e8res murales, des bo\u00eetes de rangement et des solutions de rangements \u00e9l\u00e9gants pour votre salle de bains. D\u00e9couvrez toutes nos solutions de rangement en ligne ou dans notre salle d\u2019exposition.\" \/>\n<meta property=\"og:url\" content=\"https:\/\/be-okay.be\/fr\/collection\/salle-de-bains\/rangements\/\" \/>\n<meta property=\"og:site_name\" content=\"BE-Okay\" \/>\n<meta property=\"article:modified_time\" content=\"2024-01-29T09:41:56+00:00\" \/>\n<meta property=\"og:image\" content=\"http:\/\/be-okay.be\/wp-content\/uploads\/2022\/04\/BADKAMER_Opbergen_Mand_ZoneDenmark_1.jpg\" \/>\n\t<meta property=\"og:image:width\" content=\"2000\" \/>\n\t<meta property=\"og:image:height\" content=\"1331\" \/>\n\t<meta property=\"og:image:type\" content=\"image\/jpeg\" \/>\n<meta name=\"twitter:card\" content=\"summary_large_image\" \/>\n<meta name=\"twitter:label1\" content=\"Dur\u00e9e de lecture estim\u00e9e\" \/>\n\t<meta name=\"twitter:data1\" content=\"1 minute\" \/>\n<script type=\"application\/ld+json\" class=\"yoast-schema-graph\">{\"@context\":\"https:\\\/\\\/schema.org\",\"@graph\":[{\"@type\":\"WebPage\",\"@id\":\"https:\\\/\\\/be-okay.be\\\/fr\\\/collection\\\/salle-de-bains\\\/rangements\\\/\",\"url\":\"https:\\\/\\\/be-okay.be\\\/fr\\\/collection\\\/salle-de-bains\\\/rangements\\\/\",\"name\":\"Rangement pour la salle de bains | BE-Okay Deerlijk et Mouscron\",\"isPartOf\":{\"@id\":\"https:\\\/\\\/be-okay.be\\\/fr\\\/#website\"},\"primaryImageOfPage\":{\"@id\":\"https:\\\/\\\/be-okay.be\\\/fr\\\/collection\\\/salle-de-bains\\\/rangements\\\/#primaryimage\"},\"image\":{\"@id\":\"https:\\\/\\\/be-okay.be\\\/fr\\\/collection\\\/salle-de-bains\\\/rangements\\\/#primaryimage\"},\"thumbnailUrl\":\"https:\\\/\\\/be-okay.be\\\/wp-content\\\/uploads\\\/2022\\\/04\\\/BADKAMER_Opbergen_Mand_ZoneDenmark_1.jpg\",\"datePublished\":\"2021-09-16T12:57:53+00:00\",\"dateModified\":\"2024-01-29T09:41:56+00:00\",\"description\":\"Des \u00e9tag\u00e8res murales, des bo\u00eetes de rangement et des solutions de rangements \u00e9l\u00e9gants pour votre salle de bains. D\u00e9couvrez toutes nos solutions de rangement en ligne ou dans notre salle d\u2019exposition.\",\"breadcrumb\":{\"@id\":\"https:\\\/\\\/be-okay.be\\\/fr\\\/collection\\\/salle-de-bains\\\/rangements\\\/#breadcrumb\"},\"inLanguage\":\"fr-FR\",\"potentialAction\":[{\"@type\":\"ReadAction\",\"target\":[\"https:\\\/\\\/be-okay.be\\\/fr\\\/collection\\\/salle-de-bains\\\/rangements\\\/\"]}]},{\"@type\":\"ImageObject\",\"inLanguage\":\"fr-FR\",\"@id\":\"https:\\\/\\\/be-okay.be\\\/fr\\\/collection\\\/salle-de-bains\\\/rangements\\\/#primaryimage\",\"url\":\"https:\\\/\\\/be-okay.be\\\/wp-content\\\/uploads\\\/2022\\\/04\\\/BADKAMER_Opbergen_Mand_ZoneDenmark_1.jpg\",\"contentUrl\":\"https:\\\/\\\/be-okay.be\\\/wp-content\\\/uploads\\\/2022\\\/04\\\/BADKAMER_Opbergen_Mand_ZoneDenmark_1.jpg\",\"width\":2000,\"height\":1331},{\"@type\":\"BreadcrumbList\",\"@id\":\"https:\\\/\\\/be-okay.be\\\/fr\\\/collection\\\/salle-de-bains\\\/rangements\\\/#breadcrumb\",\"itemListElement\":[{\"@type\":\"ListItem\",\"position\":1,\"name\":\"Collection\",\"item\":\"https:\\\/\\\/be-okay.be\\\/fr\\\/collection\\\/\"},{\"@type\":\"ListItem\",\"position\":2,\"name\":\"Salle de bains\",\"item\":\"https:\\\/\\\/be-okay.be\\\/fr\\\/collection\\\/salle-de-bains\\\/\"},{\"@type\":\"ListItem\",\"position\":3,\"name\":\"Rangements\"}]},{\"@type\":\"WebSite\",\"@id\":\"https:\\\/\\\/be-okay.be\\\/fr\\\/#website\",\"url\":\"https:\\\/\\\/be-okay.be\\\/fr\\\/\",\"name\":\"BE-Okay\",\"description\":\"Young living concept - meubelwinkel Deerlijk &amp; Moeskroen\",\"potentialAction\":[{\"@type\":\"SearchAction\",\"target\":{\"@type\":\"EntryPoint\",\"urlTemplate\":\"https:\\\/\\\/be-okay.be\\\/fr\\\/?s={search_term_string}\"},\"query-input\":{\"@type\":\"PropertyValueSpecification\",\"valueRequired\":true,\"valueName\":\"search_term_string\"}}],\"inLanguage\":\"fr-FR\"}]}<\/script>\n<!-- \/ Yoast SEO plugin. -->","yoast_head_json":{"title":"Rangement pour la salle de bains | BE-Okay Deerlijk et Mouscron","description":"Des \u00e9tag\u00e8res murales, des bo\u00eetes de rangement et des solutions de rangements \u00e9l\u00e9gants pour votre salle de bains. D\u00e9couvrez toutes nos solutions de rangement en ligne ou dans notre salle d\u2019exposition.","robots":{"index":"index","follow":"follow","max-snippet":"max-snippet:-1","max-image-preview":"max-image-preview:large","max-video-preview":"max-video-preview:-1"},"canonical":"https:\/\/be-okay.be\/fr\/collection\/salle-de-bains\/rangements\/","og_locale":"fr_FR","og_type":"article","og_title":"Rangement pour la salle de bains | BE-Okay Deerlijk et Mouscron","og_description":"Des \u00e9tag\u00e8res murales, des bo\u00eetes de rangement et des solutions de rangements \u00e9l\u00e9gants pour votre salle de bains. D\u00e9couvrez toutes nos solutions de rangement en ligne ou dans notre salle d\u2019exposition.","og_url":"https:\/\/be-okay.be\/fr\/collection\/salle-de-bains\/rangements\/","og_site_name":"BE-Okay","article_modified_time":"2024-01-29T09:41:56+00:00","og_image":[{"width":2000,"height":1331,"url":"http:\/\/be-okay.be\/wp-content\/uploads\/2022\/04\/BADKAMER_Opbergen_Mand_ZoneDenmark_1.jpg","type":"image\/jpeg"}],"twitter_card":"summary_large_image","twitter_misc":{"Dur\u00e9e de lecture estim\u00e9e":"1 minute"},"schema":{"@context":"https:\/\/schema.org","@graph":[{"@type":"WebPage","@id":"https:\/\/be-okay.be\/fr\/collection\/salle-de-bains\/rangements\/","url":"https:\/\/be-okay.be\/fr\/collection\/salle-de-bains\/rangements\/","name":"Rangement pour la salle de bains | BE-Okay Deerlijk et Mouscron","isPartOf":{"@id":"https:\/\/be-okay.be\/fr\/#website"},"primaryImageOfPage":{"@id":"https:\/\/be-okay.be\/fr\/collection\/salle-de-bains\/rangements\/#primaryimage"},"image":{"@id":"https:\/\/be-okay.be\/fr\/collection\/salle-de-bains\/rangements\/#primaryimage"},"thumbnailUrl":"https:\/\/be-okay.be\/wp-content\/uploads\/2022\/04\/BADKAMER_Opbergen_Mand_ZoneDenmark_1.jpg","datePublished":"2021-09-16T12:57:53+00:00","dateModified":"2024-01-29T09:41:56+00:00","description":"Des \u00e9tag\u00e8res murales, des bo\u00eetes de rangement et des solutions de rangements \u00e9l\u00e9gants pour votre salle de bains. D\u00e9couvrez toutes nos solutions de rangement en ligne ou dans notre salle d\u2019exposition.","breadcrumb":{"@id":"https:\/\/be-okay.be\/fr\/collection\/salle-de-bains\/rangements\/#breadcrumb"},"inLanguage":"fr-FR","potentialAction":[{"@type":"ReadAction","target":["https:\/\/be-okay.be\/fr\/collection\/salle-de-bains\/rangements\/"]}]},{"@type":"ImageObject","inLanguage":"fr-FR","@id":"https:\/\/be-okay.be\/fr\/collection\/salle-de-bains\/rangements\/#primaryimage","url":"https:\/\/be-okay.be\/wp-content\/uploads\/2022\/04\/BADKAMER_Opbergen_Mand_ZoneDenmark_1.jpg","contentUrl":"https:\/\/be-okay.be\/wp-content\/uploads\/2022\/04\/BADKAMER_Opbergen_Mand_ZoneDenmark_1.jpg","width":2000,"height":1331},{"@type":"BreadcrumbList","@id":"https:\/\/be-okay.be\/fr\/collection\/salle-de-bains\/rangements\/#breadcrumb","itemListElement":[{"@type":"ListItem","position":1,"name":"Collection","item":"https:\/\/be-okay.be\/fr\/collection\/"},{"@type":"ListItem","position":2,"name":"Salle de bains","item":"https:\/\/be-okay.be\/fr\/collection\/salle-de-bains\/"},{"@type":"ListItem","position":3,"name":"Rangements"}]},{"@type":"WebSite","@id":"https:\/\/be-okay.be\/fr\/#website","url":"https:\/\/be-okay.be\/fr\/","name":"BE-Okay","description":"Young living concept - meubelwinkel Deerlijk &amp; Moeskroen","potentialAction":[{"@type":"SearchAction","target":{"@type":"EntryPoint","urlTemplate":"https:\/\/be-okay.be\/fr\/?s={search_term_string}"},"query-input":{"@type":"PropertyValueSpecification","valueRequired":true,"valueName":"search_term_string"}}],"inLanguage":"fr-FR"}]}},"_links":{"self":[{"href":"https:\/\/be-okay.be\/fr\/wp-json\/wp\/v2\/pages\/4844","targetHints":{"allow":["GET"]}}],"collection":[{"href":"https:\/\/be-okay.be\/fr\/wp-json\/wp\/v2\/pages"}],"about":[{"href":"https:\/\/be-okay.be\/fr\/wp-json\/wp\/v2\/types\/page"}],"author":[{"embeddable":true,"href":"https:\/\/be-okay.be\/fr\/wp-json\/wp\/v2\/users\/1"}],"replies":[{"embeddable":true,"href":"https:\/\/be-okay.be\/fr\/wp-json\/wp\/v2\/comments?post=4844"}],"version-history":[{"count":3,"href":"https:\/\/be-okay.be\/fr\/wp-json\/wp\/v2\/pages\/4844\/revisions"}],"predecessor-version":[{"id":6401,"href":"https:\/\/be-okay.be\/fr\/wp-json\/wp\/v2\/pages\/4844\/revisions\/6401"}],"up":[{"embeddable":true,"href":"https:\/\/be-okay.be\/fr\/wp-json\/wp\/v2\/pages\/4838"}],"wp:featuredmedia":[{"embeddable":true,"href":"https:\/\/be-okay.be\/fr\/wp-json\/wp\/v2\/media\/1673"}],"wp:attachment":[{"href":"https:\/\/be-okay.be\/fr\/wp-json\/wp\/v2\/media?parent=4844"}],"curies":[{"name":"wp","href":"https:\/\/api.w.org\/{rel}","templated":true}]}}