{"id":4846,"date":"2021-09-16T12:53:22","date_gmt":"2021-09-16T12:53:22","guid":{"rendered":"https:\/\/be-okay.be\/collectie\/keuken\/"},"modified":"2023-02-28T07:56:19","modified_gmt":"2023-02-28T07:56:19","slug":"cuisine","status":"publish","type":"page","link":"https:\/\/be-okay.be\/fr\/collection\/cuisine\/","title":{"rendered":"Cuisine"},"content":{"rendered":"\n<div class=\"wp-block-media-text alignwide is-stacked-on-mobile is-image-fill\"><figure class=\"wp-block-media-text__media lazyload\" style=\"background-image:inherit;background-position:50% 50%\" data-bg-image=\"url(https:\/\/be-okay.be\/wp-content\/uploads\/2022\/12\/BEOKAY_Eetkamer_Perfecta_12.jpg)\"><img decoding=\"async\" width=\"1500\" height=\"1250\" data-src=\"https:\/\/be-okay.be\/wp-content\/uploads\/2022\/12\/BEOKAY_Eetkamer_Perfecta_12.jpg\" alt=\"\" class=\"wp-image-3330 size-full lazyload\" data-srcset=\"https:\/\/be-okay.be\/wp-content\/uploads\/2022\/12\/BEOKAY_Eetkamer_Perfecta_12.jpg 1500w, https:\/\/be-okay.be\/wp-content\/uploads\/2022\/12\/BEOKAY_Eetkamer_Perfecta_12-300x250.jpg 300w, https:\/\/be-okay.be\/wp-content\/uploads\/2022\/12\/BEOKAY_Eetkamer_Perfecta_12-768x640.jpg 768w\" data-sizes=\"(max-width: 1500px) 100vw, 1500px\" src=\"data:image\/svg+xml;base64,PHN2ZyB3aWR0aD0iMSIgaGVpZ2h0PSIxIiB4bWxucz0iaHR0cDovL3d3dy53My5vcmcvMjAwMC9zdmciPjwvc3ZnPg==\" style=\"--smush-placeholder-width: 1500px; --smush-placeholder-aspect-ratio: 1500\/1250;\" \/><\/figure><div class=\"wp-block-media-text__content\">\n<h1 class=\"wp-block-heading\">AM\u00c9NAGEZ UNE CUISINE OUVERTE AVEC GO\u00dbT<\/h1>\n\n\n\n<p>Choisir une cuisine est une exp\u00e9rience passionnante. Nos coll\u00e8gues de Cuisines Gaverzicht se feront un plaisir de vous aider dans votre d\u00e9marche pour un r\u00e9sultat sur mesure. La d\u00e9coration&nbsp;? Vous pouvez compter sur la collection abordable BE-Okay. Si vous avez choisi une cuisine ouverte, il est pratique d\u2019assortir vos accessoires, tables et chaises \u00e0 l\u2019espace de vie adjacent. Pr\u00e9f\u00e9rez-vous un style \u00e9pur\u00e9 et moderne, ou quelque chose de plus rustique ou romantique&nbsp;? Vous les trouverez chez nous, \u00e0 Deerlijk ou \u00e0 Mouscron.<\/p>\n\n\n\n<figure class=\"wp-block-image size-full\"><a href=\"https:\/\/shopping.gaverzicht.be\/nl\" target=\"_blank\" rel=\"noopener\"><img decoding=\"async\" width=\"220\" height=\"62\" data-src=\"http:\/\/be-okay.be\/wp-content\/uploads\/2021\/10\/pergalis-logo_0.png\" alt=\"\" class=\"wp-image-435 lazyload\" src=\"data:image\/svg+xml;base64,PHN2ZyB3aWR0aD0iMSIgaGVpZ2h0PSIxIiB4bWxucz0iaHR0cDovL3d3dy53My5vcmcvMjAwMC9zdmciPjwvc3ZnPg==\" style=\"--smush-placeholder-width: 220px; --smush-placeholder-aspect-ratio: 220\/62;\" \/><\/a><\/figure>\n\n\n\n<div style=\"height:40px\" aria-hidden=\"true\" class=\"wp-block-spacer\"><\/div>\n\n\n\n<div class=\"wp-block-buttons is-layout-flex wp-block-buttons-is-layout-flex\">\n<div class=\"wp-block-button\"><a class=\"wp-block-button__link wp-element-button\" href=\"https:\/\/be-okay.be\/fr\/contact\/\">VISITEZ NOTRE SALLE D&rsquo;EXPOSITION<\/a><\/div>\n\n\n\n<div class=\"wp-block-button\"><a class=\"wp-block-button__link wp-element-button\" href=\"https:\/\/be-okay.be\/fr\/promotions\/\">D\u00c9COUVREZ LES PROMOTIONS<\/a><\/div>\n<\/div>\n<\/div><\/div>\n\n\n\n<div class=\"wp-block-columns has-background is-layout-flex wp-container-core-columns-is-layout-9d6595d7 wp-block-columns-is-layout-flex\" style=\"background-color:#fcecea\">\n<div class=\"wp-block-column is-layout-flow wp-block-column-is-layout-flow\">\n<div class=\"wp-block-media-text alignwide has-media-on-the-right is-stacked-on-mobile is-image-fill\" style=\"grid-template-columns:auto 40%\"><div class=\"wp-block-media-text__content\">\n<h2 class=\"wp-block-heading\"><meta charset=\"utf-8\">CUSINES GAVERZICHT<\/h2>\n\n\n\n<p><meta charset=\"utf-8\">R\u00eavez-vous d\u2019une nouvelle cuisine&nbsp;? N\u2019oubliez pas de jeter un coup d\u2019\u0153il \u00e0 Gaverzicht. Vous y trouverez un grand d\u00e9partement avec des cuisines de toutes sortes de styles, du moderne au rustique.<\/p>\n\n\n\n<div style=\"height:40px\" aria-hidden=\"true\" class=\"wp-block-spacer\"><\/div>\n\n\n\n<div class=\"wp-block-buttons is-layout-flex wp-block-buttons-is-layout-flex\">\n<div class=\"wp-block-button\"><a class=\"wp-block-button__link wp-element-button\" href=\"https:\/\/gaverzicht.be\/collectie\/keukens\/\" target=\"_blank\" rel=\"noreferrer noopener\">D\u00c9COUVREZ LES CUISINES GAVERZICHT<\/a><\/div>\n<\/div>\n<\/div><figure class=\"wp-block-media-text__media lazyload\" style=\"background-image:inherit;background-position:55% 49%\" data-bg-image=\"url(http:\/\/be-okay.be\/wp-content\/uploads\/2022\/06\/KEUKENSGAVERZICHT_Modernekeuken_9-1500x995.jpg)\"><img decoding=\"async\" width=\"1500\" height=\"995\" data-src=\"http:\/\/be-okay.be\/wp-content\/uploads\/2022\/06\/KEUKENSGAVERZICHT_Modernekeuken_9-1500x995.jpg\" alt=\"\" class=\"wp-image-1790 size-full lazyload\" data-srcset=\"https:\/\/be-okay.be\/wp-content\/uploads\/2022\/06\/KEUKENSGAVERZICHT_Modernekeuken_9-1500x995.jpg 1500w, https:\/\/be-okay.be\/wp-content\/uploads\/2022\/06\/KEUKENSGAVERZICHT_Modernekeuken_9-300x199.jpg 300w, https:\/\/be-okay.be\/wp-content\/uploads\/2022\/06\/KEUKENSGAVERZICHT_Modernekeuken_9-768x509.jpg 768w, https:\/\/be-okay.be\/wp-content\/uploads\/2022\/06\/KEUKENSGAVERZICHT_Modernekeuken_9-1536x1018.jpg 1536w, https:\/\/be-okay.be\/wp-content\/uploads\/2022\/06\/KEUKENSGAVERZICHT_Modernekeuken_9.jpg 2000w\" data-sizes=\"(max-width: 1500px) 100vw, 1500px\" src=\"data:image\/svg+xml;base64,PHN2ZyB3aWR0aD0iMSIgaGVpZ2h0PSIxIiB4bWxucz0iaHR0cDovL3d3dy53My5vcmcvMjAwMC9zdmciPjwvc3ZnPg==\" style=\"--smush-placeholder-width: 1500px; --smush-placeholder-aspect-ratio: 1500\/995;\" \/><\/figure><\/div>\n<\/div>\n<\/div>\n\n\n\n<p><\/p>\n","protected":false},"excerpt":{"rendered":"<p>CUSINES GAVERZICHT R\u00eavez-vous d\u2019une nouvelle cuisine&nbsp;? N\u2019oubliez pas de jeter un coup d\u2019\u0153il \u00e0 Gaverzicht. Vous y trouverez un grand d\u00e9partement avec des cuisines de toutes sortes de styles, du moderne au rustique.<\/p>\n","protected":false},"author":1,"featured_media":5869,"parent":4805,"menu_order":6,"comment_status":"closed","ping_status":"closed","template":"template_collectieSub.php","meta":{"_acf_changed":false,"footnotes":""},"class_list":["post-4846","page","type-page","status-publish","has-post-thumbnail","hentry"],"acf":[],"yoast_head":"<!-- This site is optimized with the Yoast SEO plugin v27.4 - https:\/\/yoast.com\/product\/yoast-seo-wordpress\/ -->\n<title>Accessoires de cuisine abordables | Tables et chaises de cuisine | BE-Okay<\/title>\n<meta name=\"description\" content=\"Des accessoires de cuisine abordables apportent la touche finale \u00e0 votre cuisine. Chez BE-Okay, vous trouverez de nombreux accessoires de cuisine. Vous pouvez \u00e9galement y commander des tables et des chaises de cuisine.\" \/>\n<meta name=\"robots\" content=\"index, follow, max-snippet:-1, max-image-preview:large, max-video-preview:-1\" \/>\n<link rel=\"canonical\" href=\"https:\/\/be-okay.be\/fr\/collection\/cuisine\/\" \/>\n<meta property=\"og:locale\" content=\"fr_FR\" \/>\n<meta property=\"og:type\" content=\"article\" \/>\n<meta property=\"og:title\" content=\"Accessoires de cuisine abordables | Tables et chaises de cuisine | BE-Okay\" \/>\n<meta property=\"og:description\" content=\"Des accessoires de cuisine abordables apportent la touche finale \u00e0 votre cuisine. Chez BE-Okay, vous trouverez de nombreux accessoires de cuisine. Vous pouvez \u00e9galement y commander des tables et des chaises de cuisine.\" \/>\n<meta property=\"og:url\" content=\"https:\/\/be-okay.be\/fr\/collection\/cuisine\/\" \/>\n<meta property=\"og:site_name\" content=\"BE-Okay\" \/>\n<meta property=\"article:modified_time\" content=\"2023-02-28T07:56:19+00:00\" \/>\n<meta property=\"og:image\" content=\"http:\/\/be-okay.be\/wp-content\/uploads\/2022\/03\/KEUKEN_2.jpg\" \/>\n\t<meta property=\"og:image:width\" content=\"2000\" \/>\n\t<meta property=\"og:image:height\" content=\"1356\" \/>\n\t<meta property=\"og:image:type\" content=\"image\/jpeg\" \/>\n<meta name=\"twitter:card\" content=\"summary_large_image\" \/>\n<script type=\"application\/ld+json\" class=\"yoast-schema-graph\">{\"@context\":\"https:\\\/\\\/schema.org\",\"@graph\":[{\"@type\":\"WebPage\",\"@id\":\"https:\\\/\\\/be-okay.be\\\/fr\\\/collection\\\/cuisine\\\/\",\"url\":\"https:\\\/\\\/be-okay.be\\\/fr\\\/collection\\\/cuisine\\\/\",\"name\":\"Accessoires de cuisine abordables | Tables et chaises de cuisine | BE-Okay\",\"isPartOf\":{\"@id\":\"https:\\\/\\\/be-okay.be\\\/fr\\\/#website\"},\"primaryImageOfPage\":{\"@id\":\"https:\\\/\\\/be-okay.be\\\/fr\\\/collection\\\/cuisine\\\/#primaryimage\"},\"image\":{\"@id\":\"https:\\\/\\\/be-okay.be\\\/fr\\\/collection\\\/cuisine\\\/#primaryimage\"},\"thumbnailUrl\":\"https:\\\/\\\/be-okay.be\\\/wp-content\\\/uploads\\\/2023\\\/09\\\/BEOKAY_KEUKEN-scaled.jpg\",\"datePublished\":\"2021-09-16T12:53:22+00:00\",\"dateModified\":\"2023-02-28T07:56:19+00:00\",\"description\":\"Des accessoires de cuisine abordables apportent la touche finale \u00e0 votre cuisine. Chez BE-Okay, vous trouverez de nombreux accessoires de cuisine. Vous pouvez \u00e9galement y commander des tables et des chaises de cuisine.\",\"breadcrumb\":{\"@id\":\"https:\\\/\\\/be-okay.be\\\/fr\\\/collection\\\/cuisine\\\/#breadcrumb\"},\"inLanguage\":\"fr-FR\",\"potentialAction\":[{\"@type\":\"ReadAction\",\"target\":[\"https:\\\/\\\/be-okay.be\\\/fr\\\/collection\\\/cuisine\\\/\"]}]},{\"@type\":\"ImageObject\",\"inLanguage\":\"fr-FR\",\"@id\":\"https:\\\/\\\/be-okay.be\\\/fr\\\/collection\\\/cuisine\\\/#primaryimage\",\"url\":\"https:\\\/\\\/be-okay.be\\\/wp-content\\\/uploads\\\/2023\\\/09\\\/BEOKAY_KEUKEN-scaled.jpg\",\"contentUrl\":\"https:\\\/\\\/be-okay.be\\\/wp-content\\\/uploads\\\/2023\\\/09\\\/BEOKAY_KEUKEN-scaled.jpg\",\"width\":2560,\"height\":1813},{\"@type\":\"BreadcrumbList\",\"@id\":\"https:\\\/\\\/be-okay.be\\\/fr\\\/collection\\\/cuisine\\\/#breadcrumb\",\"itemListElement\":[{\"@type\":\"ListItem\",\"position\":1,\"name\":\"Collection\",\"item\":\"https:\\\/\\\/be-okay.be\\\/fr\\\/collection\\\/\"},{\"@type\":\"ListItem\",\"position\":2,\"name\":\"Cuisine\"}]},{\"@type\":\"WebSite\",\"@id\":\"https:\\\/\\\/be-okay.be\\\/fr\\\/#website\",\"url\":\"https:\\\/\\\/be-okay.be\\\/fr\\\/\",\"name\":\"BE-Okay\",\"description\":\"Young living concept - meubelwinkel Deerlijk &amp; Moeskroen\",\"potentialAction\":[{\"@type\":\"SearchAction\",\"target\":{\"@type\":\"EntryPoint\",\"urlTemplate\":\"https:\\\/\\\/be-okay.be\\\/fr\\\/?s={search_term_string}\"},\"query-input\":{\"@type\":\"PropertyValueSpecification\",\"valueRequired\":true,\"valueName\":\"search_term_string\"}}],\"inLanguage\":\"fr-FR\"}]}<\/script>\n<!-- \/ Yoast SEO plugin. -->","yoast_head_json":{"title":"Accessoires de cuisine abordables | Tables et chaises de cuisine | BE-Okay","description":"Des accessoires de cuisine abordables apportent la touche finale \u00e0 votre cuisine. Chez BE-Okay, vous trouverez de nombreux accessoires de cuisine. Vous pouvez \u00e9galement y commander des tables et des chaises de cuisine.","robots":{"index":"index","follow":"follow","max-snippet":"max-snippet:-1","max-image-preview":"max-image-preview:large","max-video-preview":"max-video-preview:-1"},"canonical":"https:\/\/be-okay.be\/fr\/collection\/cuisine\/","og_locale":"fr_FR","og_type":"article","og_title":"Accessoires de cuisine abordables | Tables et chaises de cuisine | BE-Okay","og_description":"Des accessoires de cuisine abordables apportent la touche finale \u00e0 votre cuisine. Chez BE-Okay, vous trouverez de nombreux accessoires de cuisine. Vous pouvez \u00e9galement y commander des tables et des chaises de cuisine.","og_url":"https:\/\/be-okay.be\/fr\/collection\/cuisine\/","og_site_name":"BE-Okay","article_modified_time":"2023-02-28T07:56:19+00:00","og_image":[{"width":2000,"height":1356,"url":"http:\/\/be-okay.be\/wp-content\/uploads\/2022\/03\/KEUKEN_2.jpg","type":"image\/jpeg"}],"twitter_card":"summary_large_image","schema":{"@context":"https:\/\/schema.org","@graph":[{"@type":"WebPage","@id":"https:\/\/be-okay.be\/fr\/collection\/cuisine\/","url":"https:\/\/be-okay.be\/fr\/collection\/cuisine\/","name":"Accessoires de cuisine abordables | Tables et chaises de cuisine | BE-Okay","isPartOf":{"@id":"https:\/\/be-okay.be\/fr\/#website"},"primaryImageOfPage":{"@id":"https:\/\/be-okay.be\/fr\/collection\/cuisine\/#primaryimage"},"image":{"@id":"https:\/\/be-okay.be\/fr\/collection\/cuisine\/#primaryimage"},"thumbnailUrl":"https:\/\/be-okay.be\/wp-content\/uploads\/2023\/09\/BEOKAY_KEUKEN-scaled.jpg","datePublished":"2021-09-16T12:53:22+00:00","dateModified":"2023-02-28T07:56:19+00:00","description":"Des accessoires de cuisine abordables apportent la touche finale \u00e0 votre cuisine. Chez BE-Okay, vous trouverez de nombreux accessoires de cuisine. Vous pouvez \u00e9galement y commander des tables et des chaises de cuisine.","breadcrumb":{"@id":"https:\/\/be-okay.be\/fr\/collection\/cuisine\/#breadcrumb"},"inLanguage":"fr-FR","potentialAction":[{"@type":"ReadAction","target":["https:\/\/be-okay.be\/fr\/collection\/cuisine\/"]}]},{"@type":"ImageObject","inLanguage":"fr-FR","@id":"https:\/\/be-okay.be\/fr\/collection\/cuisine\/#primaryimage","url":"https:\/\/be-okay.be\/wp-content\/uploads\/2023\/09\/BEOKAY_KEUKEN-scaled.jpg","contentUrl":"https:\/\/be-okay.be\/wp-content\/uploads\/2023\/09\/BEOKAY_KEUKEN-scaled.jpg","width":2560,"height":1813},{"@type":"BreadcrumbList","@id":"https:\/\/be-okay.be\/fr\/collection\/cuisine\/#breadcrumb","itemListElement":[{"@type":"ListItem","position":1,"name":"Collection","item":"https:\/\/be-okay.be\/fr\/collection\/"},{"@type":"ListItem","position":2,"name":"Cuisine"}]},{"@type":"WebSite","@id":"https:\/\/be-okay.be\/fr\/#website","url":"https:\/\/be-okay.be\/fr\/","name":"BE-Okay","description":"Young living concept - meubelwinkel Deerlijk &amp; Moeskroen","potentialAction":[{"@type":"SearchAction","target":{"@type":"EntryPoint","urlTemplate":"https:\/\/be-okay.be\/fr\/?s={search_term_string}"},"query-input":{"@type":"PropertyValueSpecification","valueRequired":true,"valueName":"search_term_string"}}],"inLanguage":"fr-FR"}]}},"_links":{"self":[{"href":"https:\/\/be-okay.be\/fr\/wp-json\/wp\/v2\/pages\/4846","targetHints":{"allow":["GET"]}}],"collection":[{"href":"https:\/\/be-okay.be\/fr\/wp-json\/wp\/v2\/pages"}],"about":[{"href":"https:\/\/be-okay.be\/fr\/wp-json\/wp\/v2\/types\/page"}],"author":[{"embeddable":true,"href":"https:\/\/be-okay.be\/fr\/wp-json\/wp\/v2\/users\/1"}],"replies":[{"embeddable":true,"href":"https:\/\/be-okay.be\/fr\/wp-json\/wp\/v2\/comments?post=4846"}],"version-history":[{"count":4,"href":"https:\/\/be-okay.be\/fr\/wp-json\/wp\/v2\/pages\/4846\/revisions"}],"predecessor-version":[{"id":5247,"href":"https:\/\/be-okay.be\/fr\/wp-json\/wp\/v2\/pages\/4846\/revisions\/5247"}],"up":[{"embeddable":true,"href":"https:\/\/be-okay.be\/fr\/wp-json\/wp\/v2\/pages\/4805"}],"wp:featuredmedia":[{"embeddable":true,"href":"https:\/\/be-okay.be\/fr\/wp-json\/wp\/v2\/media\/5869"}],"wp:attachment":[{"href":"https:\/\/be-okay.be\/fr\/wp-json\/wp\/v2\/media?parent=4846"}],"curies":[{"name":"wp","href":"https:\/\/api.w.org\/{rel}","templated":true}]}}