{"id":4855,"date":"2021-10-20T13:42:23","date_gmt":"2021-10-20T13:42:23","guid":{"rendered":"https:\/\/be-okay.be\/geschenkbon\/"},"modified":"2023-03-01T07:35:12","modified_gmt":"2023-03-01T07:35:12","slug":"cheque-cadeau","status":"publish","type":"page","link":"https:\/\/be-okay.be\/fr\/cheque-cadeau\/","title":{"rendered":"Ch\u00e8que-cadeau"},"content":{"rendered":"\n<div class=\"wp-block-media-text alignwide is-stacked-on-mobile is-image-fill containerMedium\"><figure class=\"wp-block-media-text__media lazyload\" style=\"background-image:inherit;background-position:50% 91%\" data-bg-image=\"url(https:\/\/be-okay.be\/wp-content\/uploads\/2022\/12\/BEOKAY_Cadeautips_Geschenkbon_NL.jpg)\"><img decoding=\"async\" width=\"1500\" height=\"1138\" data-src=\"https:\/\/be-okay.be\/wp-content\/uploads\/2022\/12\/BEOKAY_Cadeautips_Geschenkbon_NL.jpg\" alt=\"\" class=\"wp-image-3098 size-full lazyload\" data-srcset=\"https:\/\/be-okay.be\/wp-content\/uploads\/2022\/12\/BEOKAY_Cadeautips_Geschenkbon_NL.jpg 1500w, https:\/\/be-okay.be\/wp-content\/uploads\/2022\/12\/BEOKAY_Cadeautips_Geschenkbon_NL-300x228.jpg 300w, https:\/\/be-okay.be\/wp-content\/uploads\/2022\/12\/BEOKAY_Cadeautips_Geschenkbon_NL-768x583.jpg 768w\" data-sizes=\"(max-width: 1500px) 100vw, 1500px\" src=\"data:image\/svg+xml;base64,PHN2ZyB3aWR0aD0iMSIgaGVpZ2h0PSIxIiB4bWxucz0iaHR0cDovL3d3dy53My5vcmcvMjAwMC9zdmciPjwvc3ZnPg==\" style=\"--smush-placeholder-width: 1500px; --smush-placeholder-aspect-ratio: 1500\/1138;\" \/><\/figure><div class=\"wp-block-media-text__content\">\n<h2 class=\"wp-block-heading\">CHEQUE-CADEAU BE-OKAY<\/h2>\n\n\n\n<p>Un petit cadeau fait toujours plaisir, surtout lorsque l\u2019autre personne peut choisir parmi toute la collection de BE-Okay. Une inspiration de d\u00e9coration raffin\u00e9e pour toutes les pi\u00e8ces de la maison ou des id\u00e9es pour un nouvel int\u00e9rieur : tout est possible avec notre ch\u00e8que-cadeau.<\/p>\n\n\n\n<p>Le cadeau id\u00e9al&nbsp;? Demandez votre exemplaire dans notre magasin.<\/p>\n<\/div><\/div>\n\n\n\n<div style=\"height:60px\" aria-hidden=\"true\" class=\"wp-block-spacer\"><\/div>\n\n\n\n<div class=\"wp-block-columns containerMedium is-layout-flex wp-container-core-columns-is-layout-9d6595d7 wp-block-columns-is-layout-flex\">\n<div class=\"wp-block-column is-layout-flow wp-block-column-is-layout-flow\">\n<h2 class=\"wp-block-heading\">CONDITIONS<\/h2>\n\n\n\n<ul class=\"wp-block-list\">\n<li>Valable jusqu\u2019\u00e0 un an apr\u00e8s la date d\u2019achat<\/li>\n\n\n\n<li>Valable \u00e0 BE-Okay, Gaverzicht, Baby@Gaverzicht, Blue Woods Hotel et Bistro Blue Origin.<\/li>\n\n\n\n<li>Valable \u00e0 Deerlijk et Mouscron<\/li>\n<\/ul>\n\n\n\n<p>Avez-vous une autre question sur le ch\u00e8que-cadeau&nbsp;? Ou n\u2019avez-vous pas trouv\u00e9 ce que vous cherchiez&nbsp;?<\/p>\n\n\n\n<div class=\"wp-block-buttons is-layout-flex wp-block-buttons-is-layout-flex\">\n<div class=\"wp-block-button\"><a class=\"wp-block-button__link wp-element-button\" href=\"https:\/\/be-okay.be\/fr\/contact\/\">Faites-le nous savoir<\/a><\/div>\n<\/div>\n\n\n\n<div style=\"height:100px\" aria-hidden=\"true\" class=\"wp-block-spacer\"><\/div>\n\n\n\n<figure class=\"wp-block-gallery has-nested-images columns-default is-cropped wp-block-gallery-1 is-layout-flex wp-block-gallery-is-layout-flex\">\n<figure class=\"wp-block-image size-large\"><img decoding=\"async\" width=\"1500\" height=\"1500\" data-id=\"3102\" data-src=\"https:\/\/be-okay.be\/wp-content\/uploads\/2022\/12\/BEOKAY_Cadeautips_2-1500x1500.jpg\" alt=\"\" class=\"wp-image-3102 lazyload\" data-srcset=\"https:\/\/be-okay.be\/wp-content\/uploads\/2022\/12\/BEOKAY_Cadeautips_2.jpg 1500w, https:\/\/be-okay.be\/wp-content\/uploads\/2022\/12\/BEOKAY_Cadeautips_2-300x300.jpg 300w, https:\/\/be-okay.be\/wp-content\/uploads\/2022\/12\/BEOKAY_Cadeautips_2-150x150.jpg 150w, https:\/\/be-okay.be\/wp-content\/uploads\/2022\/12\/BEOKAY_Cadeautips_2-768x768.jpg 768w\" data-sizes=\"(max-width: 1500px) 100vw, 1500px\" src=\"data:image\/svg+xml;base64,PHN2ZyB3aWR0aD0iMSIgaGVpZ2h0PSIxIiB4bWxucz0iaHR0cDovL3d3dy53My5vcmcvMjAwMC9zdmciPjwvc3ZnPg==\" style=\"--smush-placeholder-width: 1500px; --smush-placeholder-aspect-ratio: 1500\/1500;\" \/><\/figure>\n\n\n\n<figure class=\"wp-block-image size-large\"><img decoding=\"async\" width=\"1500\" height=\"1500\" data-id=\"3101\" data-src=\"https:\/\/be-okay.be\/wp-content\/uploads\/2022\/12\/BEOKAY_Cadeautips_3-1500x1500.jpg\" alt=\"\" class=\"wp-image-3101 lazyload\" data-srcset=\"https:\/\/be-okay.be\/wp-content\/uploads\/2022\/12\/BEOKAY_Cadeautips_3.jpg 1500w, https:\/\/be-okay.be\/wp-content\/uploads\/2022\/12\/BEOKAY_Cadeautips_3-300x300.jpg 300w, https:\/\/be-okay.be\/wp-content\/uploads\/2022\/12\/BEOKAY_Cadeautips_3-150x150.jpg 150w, https:\/\/be-okay.be\/wp-content\/uploads\/2022\/12\/BEOKAY_Cadeautips_3-768x768.jpg 768w\" data-sizes=\"(max-width: 1500px) 100vw, 1500px\" src=\"data:image\/svg+xml;base64,PHN2ZyB3aWR0aD0iMSIgaGVpZ2h0PSIxIiB4bWxucz0iaHR0cDovL3d3dy53My5vcmcvMjAwMC9zdmciPjwvc3ZnPg==\" style=\"--smush-placeholder-width: 1500px; --smush-placeholder-aspect-ratio: 1500\/1500;\" \/><\/figure>\n<\/figure>\n\n\n\n<div style=\"height:50px\" aria-hidden=\"true\" class=\"wp-block-spacer\"><\/div>\n<\/div>\n<\/div>\n","protected":false},"excerpt":{"rendered":"<p>CHEQUE-CADEAU BE-OKAY Un petit cadeau fait toujours plaisir, surtout lorsque l\u2019autre personne peut choisir parmi toute la collection de BE-Okay. Une inspiration de d\u00e9coration raffin\u00e9e pour toutes les pi\u00e8ces de la maison ou des id\u00e9es pour un nouvel int\u00e9rieur : tout est possible avec notre ch\u00e8que-cadeau. Le cadeau id\u00e9al&nbsp;? Demandez votre exemplaire dans notre magasin. [&hellip;]<\/p>\n","protected":false},"author":1,"featured_media":3099,"parent":0,"menu_order":0,"comment_status":"closed","ping_status":"closed","template":"template_tekst_bol.php","meta":{"_acf_changed":false,"footnotes":""},"class_list":["post-4855","page","type-page","status-publish","has-post-thumbnail","hentry"],"acf":[],"yoast_head":"<!-- This site is optimized with the Yoast SEO plugin v27.4 - https:\/\/yoast.com\/product\/yoast-seo-wordpress\/ -->\n<title>Bon cadeau Magasin de meubles| Acheter un bon cadeau sympa chez BE-Okay<\/title>\n<meta name=\"description\" content=\"Faire une surprise \u00e0 vos ami(e)s, votre famille ou votre ch\u00e9ri(e) ? Que diriez-vous d\u2019un cadeau original du Magasin de meubles BE-Okay.\" \/>\n<meta name=\"robots\" content=\"index, follow, max-snippet:-1, max-image-preview:large, max-video-preview:-1\" \/>\n<link rel=\"canonical\" href=\"https:\/\/be-okay.be\/fr\/cheque-cadeau\/\" \/>\n<meta property=\"og:locale\" content=\"fr_FR\" \/>\n<meta property=\"og:type\" content=\"article\" \/>\n<meta property=\"og:title\" content=\"Bon cadeau Magasin de meubles| Acheter un bon cadeau sympa chez BE-Okay\" \/>\n<meta property=\"og:description\" content=\"Faire une surprise \u00e0 vos ami(e)s, votre famille ou votre ch\u00e9ri(e) ? Que diriez-vous d\u2019un cadeau original du Magasin de meubles BE-Okay.\" \/>\n<meta property=\"og:url\" content=\"https:\/\/be-okay.be\/fr\/cheque-cadeau\/\" \/>\n<meta property=\"og:site_name\" content=\"BE-Okay\" \/>\n<meta property=\"article:modified_time\" content=\"2023-03-01T07:35:12+00:00\" \/>\n<meta property=\"og:image\" content=\"http:\/\/be-okay.be\/wp-content\/uploads\/2022\/12\/BEOKAY_Cadeautips_Geschenkbon_NL.jpg\" \/>\n\t<meta property=\"og:image:width\" content=\"1500\" \/>\n\t<meta property=\"og:image:height\" content=\"1138\" \/>\n\t<meta property=\"og:image:type\" content=\"image\/jpeg\" \/>\n<meta name=\"twitter:card\" content=\"summary_large_image\" \/>\n<meta name=\"twitter:label1\" content=\"Dur\u00e9e de lecture estim\u00e9e\" \/>\n\t<meta name=\"twitter:data1\" content=\"2 minutes\" \/>\n<script type=\"application\/ld+json\" class=\"yoast-schema-graph\">{\"@context\":\"https:\\\/\\\/schema.org\",\"@graph\":[{\"@type\":\"WebPage\",\"@id\":\"https:\\\/\\\/be-okay.be\\\/fr\\\/cheque-cadeau\\\/\",\"url\":\"https:\\\/\\\/be-okay.be\\\/fr\\\/cheque-cadeau\\\/\",\"name\":\"Bon cadeau Magasin de meubles| Acheter un bon cadeau sympa chez BE-Okay\",\"isPartOf\":{\"@id\":\"https:\\\/\\\/be-okay.be\\\/fr\\\/#website\"},\"primaryImageOfPage\":{\"@id\":\"https:\\\/\\\/be-okay.be\\\/fr\\\/cheque-cadeau\\\/#primaryimage\"},\"image\":{\"@id\":\"https:\\\/\\\/be-okay.be\\\/fr\\\/cheque-cadeau\\\/#primaryimage\"},\"thumbnailUrl\":\"https:\\\/\\\/be-okay.be\\\/wp-content\\\/uploads\\\/2022\\\/12\\\/BEOKAY_Cadeautips_Geschenkbon_NL.jpg\",\"datePublished\":\"2021-10-20T13:42:23+00:00\",\"dateModified\":\"2023-03-01T07:35:12+00:00\",\"description\":\"Faire une surprise \u00e0 vos ami(e)s, votre famille ou votre ch\u00e9ri(e) ? Que diriez-vous d\u2019un cadeau original du Magasin de meubles BE-Okay.\",\"inLanguage\":\"fr-FR\",\"potentialAction\":[{\"@type\":\"ReadAction\",\"target\":[\"https:\\\/\\\/be-okay.be\\\/fr\\\/cheque-cadeau\\\/\"]}]},{\"@type\":\"ImageObject\",\"inLanguage\":\"fr-FR\",\"@id\":\"https:\\\/\\\/be-okay.be\\\/fr\\\/cheque-cadeau\\\/#primaryimage\",\"url\":\"https:\\\/\\\/be-okay.be\\\/wp-content\\\/uploads\\\/2022\\\/12\\\/BEOKAY_Cadeautips_Geschenkbon_NL.jpg\",\"contentUrl\":\"https:\\\/\\\/be-okay.be\\\/wp-content\\\/uploads\\\/2022\\\/12\\\/BEOKAY_Cadeautips_Geschenkbon_NL.jpg\",\"width\":1500,\"height\":1138},{\"@type\":\"WebSite\",\"@id\":\"https:\\\/\\\/be-okay.be\\\/fr\\\/#website\",\"url\":\"https:\\\/\\\/be-okay.be\\\/fr\\\/\",\"name\":\"BE-Okay\",\"description\":\"Young living concept - meubelwinkel Deerlijk &amp; Moeskroen\",\"potentialAction\":[{\"@type\":\"SearchAction\",\"target\":{\"@type\":\"EntryPoint\",\"urlTemplate\":\"https:\\\/\\\/be-okay.be\\\/fr\\\/?s={search_term_string}\"},\"query-input\":{\"@type\":\"PropertyValueSpecification\",\"valueRequired\":true,\"valueName\":\"search_term_string\"}}],\"inLanguage\":\"fr-FR\"}]}<\/script>\n<!-- \/ Yoast SEO plugin. -->","yoast_head_json":{"title":"Bon cadeau Magasin de meubles| Acheter un bon cadeau sympa chez BE-Okay","description":"Faire une surprise \u00e0 vos ami(e)s, votre famille ou votre ch\u00e9ri(e) ? Que diriez-vous d\u2019un cadeau original du Magasin de meubles BE-Okay.","robots":{"index":"index","follow":"follow","max-snippet":"max-snippet:-1","max-image-preview":"max-image-preview:large","max-video-preview":"max-video-preview:-1"},"canonical":"https:\/\/be-okay.be\/fr\/cheque-cadeau\/","og_locale":"fr_FR","og_type":"article","og_title":"Bon cadeau Magasin de meubles| Acheter un bon cadeau sympa chez BE-Okay","og_description":"Faire une surprise \u00e0 vos ami(e)s, votre famille ou votre ch\u00e9ri(e) ? Que diriez-vous d\u2019un cadeau original du Magasin de meubles BE-Okay.","og_url":"https:\/\/be-okay.be\/fr\/cheque-cadeau\/","og_site_name":"BE-Okay","article_modified_time":"2023-03-01T07:35:12+00:00","og_image":[{"width":1500,"height":1138,"url":"http:\/\/be-okay.be\/wp-content\/uploads\/2022\/12\/BEOKAY_Cadeautips_Geschenkbon_NL.jpg","type":"image\/jpeg"}],"twitter_card":"summary_large_image","twitter_misc":{"Dur\u00e9e de lecture estim\u00e9e":"2 minutes"},"schema":{"@context":"https:\/\/schema.org","@graph":[{"@type":"WebPage","@id":"https:\/\/be-okay.be\/fr\/cheque-cadeau\/","url":"https:\/\/be-okay.be\/fr\/cheque-cadeau\/","name":"Bon cadeau Magasin de meubles| Acheter un bon cadeau sympa chez BE-Okay","isPartOf":{"@id":"https:\/\/be-okay.be\/fr\/#website"},"primaryImageOfPage":{"@id":"https:\/\/be-okay.be\/fr\/cheque-cadeau\/#primaryimage"},"image":{"@id":"https:\/\/be-okay.be\/fr\/cheque-cadeau\/#primaryimage"},"thumbnailUrl":"https:\/\/be-okay.be\/wp-content\/uploads\/2022\/12\/BEOKAY_Cadeautips_Geschenkbon_NL.jpg","datePublished":"2021-10-20T13:42:23+00:00","dateModified":"2023-03-01T07:35:12+00:00","description":"Faire une surprise \u00e0 vos ami(e)s, votre famille ou votre ch\u00e9ri(e) ? Que diriez-vous d\u2019un cadeau original du Magasin de meubles BE-Okay.","inLanguage":"fr-FR","potentialAction":[{"@type":"ReadAction","target":["https:\/\/be-okay.be\/fr\/cheque-cadeau\/"]}]},{"@type":"ImageObject","inLanguage":"fr-FR","@id":"https:\/\/be-okay.be\/fr\/cheque-cadeau\/#primaryimage","url":"https:\/\/be-okay.be\/wp-content\/uploads\/2022\/12\/BEOKAY_Cadeautips_Geschenkbon_NL.jpg","contentUrl":"https:\/\/be-okay.be\/wp-content\/uploads\/2022\/12\/BEOKAY_Cadeautips_Geschenkbon_NL.jpg","width":1500,"height":1138},{"@type":"WebSite","@id":"https:\/\/be-okay.be\/fr\/#website","url":"https:\/\/be-okay.be\/fr\/","name":"BE-Okay","description":"Young living concept - meubelwinkel Deerlijk &amp; Moeskroen","potentialAction":[{"@type":"SearchAction","target":{"@type":"EntryPoint","urlTemplate":"https:\/\/be-okay.be\/fr\/?s={search_term_string}"},"query-input":{"@type":"PropertyValueSpecification","valueRequired":true,"valueName":"search_term_string"}}],"inLanguage":"fr-FR"}]}},"_links":{"self":[{"href":"https:\/\/be-okay.be\/fr\/wp-json\/wp\/v2\/pages\/4855","targetHints":{"allow":["GET"]}}],"collection":[{"href":"https:\/\/be-okay.be\/fr\/wp-json\/wp\/v2\/pages"}],"about":[{"href":"https:\/\/be-okay.be\/fr\/wp-json\/wp\/v2\/types\/page"}],"author":[{"embeddable":true,"href":"https:\/\/be-okay.be\/fr\/wp-json\/wp\/v2\/users\/1"}],"replies":[{"embeddable":true,"href":"https:\/\/be-okay.be\/fr\/wp-json\/wp\/v2\/comments?post=4855"}],"version-history":[{"count":5,"href":"https:\/\/be-okay.be\/fr\/wp-json\/wp\/v2\/pages\/4855\/revisions"}],"predecessor-version":[{"id":5272,"href":"https:\/\/be-okay.be\/fr\/wp-json\/wp\/v2\/pages\/4855\/revisions\/5272"}],"wp:featuredmedia":[{"embeddable":true,"href":"https:\/\/be-okay.be\/fr\/wp-json\/wp\/v2\/media\/3099"}],"wp:attachment":[{"href":"https:\/\/be-okay.be\/fr\/wp-json\/wp\/v2\/media?parent=4855"}],"curies":[{"name":"wp","href":"https:\/\/api.w.org\/{rel}","templated":true}]}}