{"id":4857,"date":"2021-09-16T12:43:43","date_gmt":"2021-09-16T12:43:43","guid":{"rendered":"https:\/\/be-okay.be\/privacy-policy\/"},"modified":"2023-02-21T14:37:48","modified_gmt":"2023-02-21T14:37:48","slug":"privacy-policy","status":"publish","type":"page","link":"https:\/\/be-okay.be\/fr\/privacy-policy\/","title":{"rendered":"Politique de confidentialit\u00e9"},"content":{"rendered":"\n<p>Le site web est la propri\u00e9t\u00e9 de BE-Okay<\/p>\n\n\n\n<p>Coordonn\u00e9es de contact&nbsp;:<\/p>\n\n\n\n<p>Adresse du si\u00e8ge social Stationsstraat 233<\/p>\n\n\n\n<p>T\u00e9l\u00e9phone&nbsp;: 056783204<\/p>\n\n\n\n<p>E-mail&nbsp;: <span \n                data-original-string='EtGp2P40FN\/gfdrC3bBEFg==dacwmEPlIZAQOoB3e3ZwiwpLXQrrngxc76raSiT0dDXB58='\n                class='apbct-email-encoder'\n                title='This contact has been encoded by Anti-Spam by CleanTalk. Click to decode. To finish the decoding make sure that JavaScript is enabled in your browser.'>pr<span class=\"apbct-blur\">*****<\/span>@<span class=\"apbct-blur\">********<\/span>ht.be<\/span><\/p>\n\n\n\n<p>Num\u00e9ro d\u2019entreprise&nbsp;: TVA BE 0416 607 674<br>RPM&nbsp;: COURTRAI<\/p>\n\n\n\n<p>En acc\u00e9dant au site web et en l\u2019utilisant, vous acceptez express\u00e9ment les conditions suivantes et la politique de confidentialit\u00e9. Ces conditions et la politique de confidentialit\u00e9 peuvent \u00eatre modifi\u00e9es de temps \u00e0 autre. Les modifications prennent effet automatiquement d\u00e8s leur publication.<\/p>\n\n\n\n<p><strong>Droits de propri\u00e9t\u00e9 intellectuelle<\/strong><\/p>\n\n\n\n<p>Le contenu de ce site, y compris les marques, les logos, les dessins, les donn\u00e9es, les noms de produits ou de soci\u00e9t\u00e9s, les textes, les images, etc., est prot\u00e9g\u00e9 par des droits intellectuels et appartient \u00e0 BE-Okay ou \u00e0 des tiers ayants droit.<\/p>\n\n\n\n<p><strong>Limitation de la responsabilit\u00e9<\/strong><\/p>\n\n\n\n<p>Les informations figurant sur le site web sont de nature g\u00e9n\u00e9rale. Les informations ne sont pas adapt\u00e9es \u00e0 des circonstances personnelles ou sp\u00e9cifiques, et ne peuvent d\u00e8s lors pas \u00eatre consid\u00e9r\u00e9es comme des conseils personnels, professionnels ou juridiques \u00e0 l\u2019utilisateur.<\/p>\n\n\n\n<p>BE-Okay ne m\u00e9nage pas ses efforts pour que les informations mises \u00e0 disposition soient compl\u00e8tes, correctes, pr\u00e9cises et \u00e0 jour. En d\u00e9pit de ces efforts, des inexactitudes peuvent appara\u00eetre dans les informations mises \u00e0 disposition. Si les informations fournies pr\u00e9sentent des inexactitudes ou si certaines informations sur ou via le site sont indisponibles, BE-Okay mettra tout en \u0153uvre pour y rem\u00e9dier au plus vite.<\/p>\n\n\n\n<p>BE-Okay ne peut \u00eatre tenue responsable des dommages directs ou indirects r\u00e9sultant de l\u2019utilisation des informations figurant sur ce site.<\/p>\n\n\n\n<p>Si vous trouvez des inexactitudes dans les informations fournies par le site, veuillez contacter l\u2019administrateur du site.<\/p>\n\n\n\n<p>Le contenu du site (y compris les liens) peut \u00e0 tout moment, sans pr\u00e9avis ni notification, \u00eatre adapt\u00e9, modifi\u00e9 ou compl\u00e9t\u00e9. BE-Okay ne garantit pas le bon fonctionnement du site et ne peut en aucun cas \u00eatre tenu responsable du mauvais fonctionnement ou de la (non-)disponibilit\u00e9 temporaire du site ou de toute forme de dommage, direct ou indirect, pouvant r\u00e9sulter de l\u2019acc\u00e8s ou de l\u2019utilisation du site.<\/p>\n\n\n\n<p>BE-Okay ne peut en aucun cas \u00eatre tenu responsable contre quiconque, directement ou indirectement, de mani\u00e8re sp\u00e9ciale ou autre, des dommages r\u00e9sultant de l\u2019utilisation de ce site ou de tout autre site, notamment ceux acc\u00e9d\u00e9s \u00e0 la suite de l\u2019activation de liens ou d\u2019hyperliens, y compris, sans s\u2019y limiter, toutes pertes, interruptions de travail, et tous dommages aux programmes ou autres donn\u00e9es sur le syst\u00e8me informatique, aux \u00e9quipements, logiciels ou autres \u00e9l\u00e9ments de l\u2019utilisateur.<\/p>\n\n\n\n<p>Le site web peut contenir des hyperliens vers des sites ou des pages de tiers ou y faire indirectement r\u00e9f\u00e9rence. Le placement de liens vers ces sites ou pages n\u2019implique en aucun cas une approbation implicite de leur contenu.<\/p>\n\n\n\n<p>BE-Okay d\u00e9clare express\u00e9ment n\u2019avoir aucun contr\u00f4le sur le contenu ou les autres caract\u00e9ristiques de ces sites web et ne peut en aucun cas \u00eatre tenu responsable de leur contenu ou de leurs caract\u00e9ristiques ou de toute autre forme de dommage r\u00e9sultant de leur utilisation.<\/p>\n\n\n\n<p><strong>Droit applicable et tribunaux comp\u00e9tents<\/strong><\/p>\n\n\n\n<p>Ce site est r\u00e9gi par le droit belge. En cas de litige\/plainte, les autorit\u00e9s belges et les tribunaux de l\u2019arrondissement de Flandre occidentale sont comp\u00e9tents. Pour le traitement des donn\u00e9es \u00e0 caract\u00e8re personnel, il s\u2019agit de l\u2019\u00ab&nbsp;l&rsquo;autorit\u00e9 belge pour la protection des donn\u00e9es (APD)&nbsp;\u00bb.<\/p>\n\n\n\n<p>En cas d\u2019invalidit\u00e9 d&rsquo;une des dispositions de cette clause de non-responsabilit\u00e9 et politique de confidentialit\u00e9, elle sera remplac\u00e9e par une disposition qui se rapprochera le plus possible de l\u2019objectif sous-jacent de la disposition stipul\u00e9e.<\/p>\n\n\n\n<h2 class=\"wp-block-heading\">POLITIQUE DE CONFIDENTIALIT\u00c9<\/h2>\n\n\n\n<p><strong>G\u00e9n\u00e9ralit\u00e9s<\/strong><\/p>\n\n\n\n<p>BE-Okay met tout en \u0153uvre pour prot\u00e9ger votre confidentialit\u00e9. Lors de votre contact avec BE-Okay, vous pouvez nous fournir des informations \u00e0 caract\u00e8re personnel qui nous permettent de vous identifier en tant qu\u2019individu (telles que votre nom complet, votre adresse e-mail, votre adresse et votre num\u00e9ro de t\u00e9l\u00e9phone). Il s\u2019agit de vos \u00ab&nbsp;donn\u00e9es \u00e0 caract\u00e8re personnel&nbsp;\u00bb.<\/p>\n\n\n\n<p>La pr\u00e9sente d\u00e9claration de confidentialit\u00e9 s\u2019applique aux donn\u00e9es \u00e0 caract\u00e8re personnel que nous recueillons \u00e0 votre sujet dans le but de vous fournir nos produits et services. En utilisant le site ou en nous fournissant vos donn\u00e9es \u00e0 caract\u00e8re personnel dans le cadre de nos services, vous acceptez les pratiques d\u00e9crites dans la pr\u00e9sente d\u00e9claration de confidentialit\u00e9.<\/p>\n\n\n\n<p><strong>Le traitement des donn\u00e9es \u00e0 caract\u00e8re personnel<\/strong><\/p>\n\n\n\n<p>Le responsable du traitement. BE-Okay, Stationsstraat 233, 8540 Deerlijk respecte la l\u00e9gislation applicable en mati\u00e8re de protection de la vie priv\u00e9e, y compris les dispositions du R\u00e8glement g\u00e9n\u00e9ral sur la protection des donn\u00e9es (RGPD) concernant la protection de la vie priv\u00e9e et le traitement des donn\u00e9es \u00e0 caract\u00e8re personnel.<\/p>\n\n\n\n<p>Les donn\u00e9es \u00e0 caract\u00e8re personnel que vous fournissez seront utilis\u00e9es aux fins suivantes&nbsp;:<\/p>\n\n\n\n<ul class=\"wp-block-list\">\n<li>envoi de notre newsletter et\/ou de notre d\u00e9pliant publicitaire et \u00e0 des fins publicitaires&nbsp;;<\/li>\n\n\n\n<li>pour pouvoir vous contacter si cela est n\u00e9cessaire \u00e0 la r\u00e9alisation de nos services&nbsp;;<\/li>\n\n\n\n<li>pour la poursuite de l\u2019ex\u00e9cution des accords&nbsp;;<\/li>\n\n\n\n<li>pour vous informer des modifications apport\u00e9es \u00e0 nos services et produits&nbsp;;<\/li>\n\n\n\n<li>pour vous fournir des biens et des services&nbsp;;<\/li>\n\n\n\n<li>pour traiter votre paiement&nbsp;;<\/li>\n\n\n\n<li>pour remplir des obligations l\u00e9gales&nbsp;;<\/li>\n\n\n\n<li>lorsque l\u2019int\u00e9r\u00eat l\u00e9gitime de l\u2019entreprise l\u2019exige \u2013 la finalit\u00e9 du traitement sera rendue claire par l\u2019acte lui-m\u00eame.<\/li>\n<\/ul>\n\n\n\n<p>BE-Okay fournira des donn\u00e9es \u00e0 caract\u00e8re personnel \u00e0 des sous-traitants, des instances gouvernementales ou des soci\u00e9t\u00e9s affili\u00e9es si cela est n\u00e9cessaire pour l\u2019ex\u00e9cution de notre contrat avec vous ou pour respecter une obligation l\u00e9gale, l\u2019int\u00e9r\u00eat public ou lorsque l\u2019int\u00e9r\u00eat l\u00e9gitime de l\u2019entreprise l\u2019exige et qu\u2019il est compatible avec la finalit\u00e9 du traitement et qu\u2019il est effectu\u00e9 de mani\u00e8re proportionn\u00e9e. Les sous-traitants doivent se conformer \u00e0 la l\u00e9gislation applicable en mati\u00e8re de protection de la vie priv\u00e9e.<\/p>\n\n\n\n<p><strong>Les droits de la personne concern\u00e9e<\/strong><\/p>\n\n\n\n<p>Vous disposez d\u2019un droit l\u00e9gal d\u2019acc\u00e8s, de modification, de transfert, de rectification, de limitation ou de suppression de la correction de vos donn\u00e9es \u00e0 caract\u00e8re personnel dans la mesure du possible et conform\u00e9ment au R\u00e8glement g\u00e9n\u00e9ral sur la protection des donn\u00e9es. Moyennant une preuve d\u2019identit\u00e9 (copie de la carte d\u2019identit\u00e9), vous pouvez demander par \u00e9crit, dat\u00e9 et sign\u00e9, \u00e0 BE-Okay, Stationsstraat 233, 8540 Deerlijk, <span \n                data-original-string='g2laiBOwdQ+YZGwZz8BPeA==dacy3bANNpGOd6rrAmSW2CVqNomyYO9pkSqvUBPVjmJeVI='\n                class='apbct-email-encoder'\n                title='This contact has been encoded by Anti-Spam by CleanTalk. Click to decode. To finish the decoding make sure that JavaScript is enabled in your browser.'>pr<span class=\"apbct-blur\">*****<\/span>@<span class=\"apbct-blur\">********<\/span>ht.be<\/span>, la communication \u00e9crite de vos donn\u00e9es \u00e0 caract\u00e8re personnel. Si n\u00e9cessaire, vous pouvez \u00e9galement demander la correction des donn\u00e9es qui sont incorrectes, incompl\u00e8tes ou non pertinentes. Des frais peuvent \u00eatre factur\u00e9s pour des copies suppl\u00e9mentaires.<\/p>\n\n\n\n<p>Vous pouvez vous opposer, sans frais, \u00e0 l\u2019utilisation de vos donn\u00e9es \u00e0 des fins de marketing direct. \u00c0 cet effet, veuillez contacter BE-Okay, Stationsstraat 233, 8540 Deerlijk, <span \n                data-original-string='3VTG1Yuhsvutgcf9F0dg5Q==dacw\/30TNFJZNBmTFvkxoKjz8gE7S7SkC9\/ghfVU4zUtUk='\n                class='apbct-email-encoder'\n                title='This contact has been encoded by Anti-Spam by CleanTalk. Click to decode. To finish the decoding make sure that JavaScript is enabled in your browser.'>pr<span class=\"apbct-blur\">*****<\/span>@<span class=\"apbct-blur\">********<\/span>ht.be<\/span>.<\/p>\n\n\n\n<p><strong>S\u2019agissant des mineurs<\/strong><\/p>\n\n\n\n<p>Notre site web et\/ou service n\u2019a pas l\u2019intention de collecter des donn\u00e9es sur les visiteurs du site web \u00e2g\u00e9s de moins de 16&nbsp;ans \u00e0 moins qu\u2019ils aient le consentement de leurs parents ou de leur tuteur. Toutefois, nous ne pouvons pas v\u00e9rifier si un visiteur du site web a plus de 16&nbsp;ans. Nous recommandons donc aux parents de s\u2019impliquer dans les activit\u00e9s en ligne de leurs enfants afin d\u2019emp\u00eacher la collecte de donn\u00e9es sur les enfants sans l\u2019autorisation des parents. Si vous \u00eates convaincu(e) que nous avons collect\u00e9 des donn\u00e9es \u00e0 caract\u00e8re personnel sur un mineur sans ce consentement, veuillez nous contacter \u00e0 l\u2019adresse <span \n                data-original-string='0azo8n1Nc1MTTLEei\/PP3A==dac7Lq63yzsI9CTiRW9QdBVCozKRgrajNitp16fyU3q5WA='\n                class='apbct-email-encoder'\n                title='This contact has been encoded by Anti-Spam by CleanTalk. Click to decode. To finish the decoding make sure that JavaScript is enabled in your browser.'>pr<span class=\"apbct-blur\">*****<\/span>@<span class=\"apbct-blur\">********<\/span>ht.be<\/span> et nous supprimerons ces informations.<\/p>\n\n\n\n<p><strong>Exactitude de vos donn\u00e9es<\/strong><\/p>\n\n\n\n<p>Vous garantissez que les donn\u00e9es que vous fournissez sont correctes et compl\u00e8tes. La communication de donn\u00e9es incorrectes ou de donn\u00e9es appartenant \u00e0 des tiers peut avoir pour cons\u00e9quence de priver temporairement ou d\u00e9finitivement l\u2019utilisateur de tout acc\u00e8s, en tout ou en partie, aux produits et services de BE-Okay.<\/p>\n\n\n\n<p><strong>Donn\u00e9es automatis\u00e9es \u2013 Politique en mati\u00e8re de cookies<\/strong><\/p>\n\n\n\n<p>BE-Okay peut \u00e9galement collecter des donn\u00e9es anonymes ou agr\u00e9g\u00e9es telles que le type de navigateur ou l\u2019adresse IP, le syst\u00e8me d\u2019exploitation que vous utilisez ou le nom de domaine du site web qui vous a conduit vers et depuis le site web de BE-Okay. Cela nous permet d\u2019optimiser en permanence le site web de BE-Okay.<\/p>\n\n\n\n<p><em>L\u2019utilisation de \u00ab&nbsp;cookies&nbsp;\u00bb.<\/em><\/p>\n\n\n\n<p>Lors d\u2019une visite sur le site web, des \u00ab cookies \u00bb peuvent \u00eatre plac\u00e9s sur le disque dur de votre ordinateur. Un cookie est un fichier texte qui est plac\u00e9 par le serveur d\u2019un site web dans le navigateur de votre ordinateur ou sur votre appareil mobile lorsque vous consultez un site web. Les cookies ne peuvent pas \u00eatre utilis\u00e9s pour identifier des personnes, car ils ne peuvent identifier qu\u2019une machine.<\/p>\n\n\n\n<p><em>Cookies de tiers<\/em><\/p>\n\n\n\n<p>Par \u00ab&nbsp;cookies de tiers&nbsp;\u00bb, on entend des cookies qui ne proviennent pas du site web lui-m\u00eame, mais de tiers, par exemple un plugin marketing ou publicitaire existant. Par exemple, les cookies de Facebook ou de Google Analytics. Pour ces cookies, le visiteur du site doit d\u2019abord donner son consentement. Cela peut se faire par le biais d\u2019une barre en bas ou en haut du site web, faisant r\u00e9f\u00e9rence \u00e0 cette politique, qui emp\u00eache la poursuite de la navigation.<\/p>\n\n\n\n<p>Vous pouvez configurer votre navigateur Internet de mani\u00e8re \u00e0 ce que les cookies ne soient pas accept\u00e9s, que vous receviez un avertissement lorsqu\u2019un cookie est install\u00e9 ou que les cookies soient ensuite supprim\u00e9s de votre disque dur. Vous pouvez le faire par le biais des param\u00e8tres de votre navigateur (via la fonction d\u2019aide). Veuillez toutefois noter que certains \u00e9l\u00e9ments graphiques peuvent ne pas appara\u00eetre correctement ou que vous pouvez ne pas \u00eatre en mesure d\u2019utiliser certaines applications.<\/p>\n\n\n\n<p>En utilisant notre site web, vous acceptez que nous utilisions des cookies.<\/p>\n\n\n\n<p><strong>Google Analytics<\/strong><\/p>\n\n\n\n<p>Ce site web utilise Google Analytics, un service d\u2019analyse du web fourni par Google Inc. (\u00ab&nbsp;Google&nbsp;\u00bb). Google Analytics utilise des \u00ab&nbsp;cookies&nbsp;\u00bb \u2013 des fichiers texte plac\u00e9s sur votre ordinateur, pour aider le site internet \u00e0 analyser comme les utilisateurs emploient le site. Les informations g\u00e9n\u00e9r\u00e9es par les cookies concernant votre utilisation du site (y compris votre adresse IP) sont transmises et stock\u00e9es par Google sur des serveurs situ\u00e9s aux \u00c9tats-Unis. Google exploitera ces informations pour suivre votre utilisation du site, compiler des rapports sur l\u2019activit\u00e9 du site \u00e0 l\u2019intention de son exploitant et fournir d\u2019autres services li\u00e9s \u00e0 l\u2019activit\u00e9 du site et \u00e0 l\u2019utilisation d\u2019internet. Google peut \u00e9galement transmettre ces informations \u00e0 des tiers si la loi l\u2019exige ou si ces tiers traitent ces informations pour le compte de Google. Google n\u2019associera pas votre adresse IP \u00e0 d\u2019autres donn\u00e9es d\u00e9tenues par Google. Vous pouvez refuser l\u2019utilisation de cookies en s\u00e9lectionnant les param\u00e8tres appropri\u00e9s de votre navigateur. Cependant, veuillez noter que si vous le faites, vous ne pourrez peut-\u00eatre pas utiliser toutes les fonctions de ce site web. En utilisant ce site web, vous consentez au traitement des donn\u00e9es vous concernant par Google de la mani\u00e8re et aux fins d\u00e9crites ci-dessus.<\/p>\n","protected":false},"excerpt":{"rendered":"<p>Le site web est la propri\u00e9t\u00e9 de BE-Okay Coordonn\u00e9es de contact&nbsp;: Adresse du si\u00e8ge social Stationsstraat 233 T\u00e9l\u00e9phone&nbsp;: 056783204 E-mail&nbsp;: pr*****@********ht.be Num\u00e9ro d\u2019entreprise&nbsp;: TVA BE 0416 607 674RPM&nbsp;: COURTRAI En acc\u00e9dant au site web et en l\u2019utilisant, vous acceptez express\u00e9ment les conditions suivantes et la politique de confidentialit\u00e9. Ces conditions et la politique de confidentialit\u00e9 [&hellip;]<\/p>\n","protected":false},"author":1,"featured_media":0,"parent":0,"menu_order":0,"comment_status":"closed","ping_status":"open","template":"template_tekst.php","meta":{"_acf_changed":false,"footnotes":""},"class_list":["post-4857","page","type-page","status-publish","hentry"],"acf":[],"yoast_head":"<!-- This site is optimized with the Yoast SEO plugin v27.4 - https:\/\/yoast.com\/product\/yoast-seo-wordpress\/ -->\n<title>Politique de confidentialit\u00e9 - BE-Okay<\/title>\n<meta name=\"robots\" content=\"index, follow, max-snippet:-1, max-image-preview:large, max-video-preview:-1\" \/>\n<link rel=\"canonical\" href=\"https:\/\/be-okay.be\/fr\/privacy-policy\/\" \/>\n<meta property=\"og:locale\" content=\"fr_FR\" \/>\n<meta property=\"og:type\" content=\"article\" \/>\n<meta property=\"og:title\" content=\"Politique de confidentialit\u00e9 - BE-Okay\" \/>\n<meta property=\"og:description\" content=\"Le site web est la propri\u00e9t\u00e9 de BE-Okay Coordonn\u00e9es de contact&nbsp;: Adresse du si\u00e8ge social Stationsstraat 233 T\u00e9l\u00e9phone&nbsp;: 056783204 E-mail&nbsp;: pr*****@********ht.be Num\u00e9ro d\u2019entreprise&nbsp;: TVA BE 0416 607 674RPM&nbsp;: COURTRAI En acc\u00e9dant au site web et en l\u2019utilisant, vous acceptez express\u00e9ment les conditions suivantes et la politique de confidentialit\u00e9. Ces conditions et la politique de confidentialit\u00e9 [&hellip;]\" \/>\n<meta property=\"og:url\" content=\"https:\/\/be-okay.be\/fr\/privacy-policy\/\" \/>\n<meta property=\"og:site_name\" content=\"BE-Okay\" \/>\n<meta property=\"article:modified_time\" content=\"2023-02-21T14:37:48+00:00\" \/>\n<meta name=\"twitter:card\" content=\"summary_large_image\" \/>\n<meta name=\"twitter:label1\" content=\"Dur\u00e9e de lecture estim\u00e9e\" \/>\n\t<meta name=\"twitter:data1\" content=\"8 minutes\" \/>\n<script type=\"application\/ld+json\" class=\"yoast-schema-graph\">{\"@context\":\"https:\\\/\\\/schema.org\",\"@graph\":[{\"@type\":\"WebPage\",\"@id\":\"https:\\\/\\\/be-okay.be\\\/fr\\\/privacy-policy\\\/\",\"url\":\"https:\\\/\\\/be-okay.be\\\/fr\\\/privacy-policy\\\/\",\"name\":\"Politique de confidentialit\u00e9 - BE-Okay\",\"isPartOf\":{\"@id\":\"https:\\\/\\\/be-okay.be\\\/fr\\\/#website\"},\"datePublished\":\"2021-09-16T12:43:43+00:00\",\"dateModified\":\"2023-02-21T14:37:48+00:00\",\"inLanguage\":\"fr-FR\",\"potentialAction\":[{\"@type\":\"ReadAction\",\"target\":[\"https:\\\/\\\/be-okay.be\\\/fr\\\/privacy-policy\\\/\"]}]},{\"@type\":\"WebSite\",\"@id\":\"https:\\\/\\\/be-okay.be\\\/fr\\\/#website\",\"url\":\"https:\\\/\\\/be-okay.be\\\/fr\\\/\",\"name\":\"BE-Okay\",\"description\":\"Young living concept - meubelwinkel Deerlijk &amp; Moeskroen\",\"potentialAction\":[{\"@type\":\"SearchAction\",\"target\":{\"@type\":\"EntryPoint\",\"urlTemplate\":\"https:\\\/\\\/be-okay.be\\\/fr\\\/?s={search_term_string}\"},\"query-input\":{\"@type\":\"PropertyValueSpecification\",\"valueRequired\":true,\"valueName\":\"search_term_string\"}}],\"inLanguage\":\"fr-FR\"}]}<\/script>\n<!-- \/ Yoast SEO plugin. -->","yoast_head_json":{"title":"Politique de confidentialit\u00e9 - BE-Okay","robots":{"index":"index","follow":"follow","max-snippet":"max-snippet:-1","max-image-preview":"max-image-preview:large","max-video-preview":"max-video-preview:-1"},"canonical":"https:\/\/be-okay.be\/fr\/privacy-policy\/","og_locale":"fr_FR","og_type":"article","og_title":"Politique de confidentialit\u00e9 - BE-Okay","og_description":"Le site web est la propri\u00e9t\u00e9 de BE-Okay Coordonn\u00e9es de contact&nbsp;: Adresse du si\u00e8ge social Stationsstraat 233 T\u00e9l\u00e9phone&nbsp;: 056783204 E-mail&nbsp;: pr*****@********ht.be Num\u00e9ro d\u2019entreprise&nbsp;: TVA BE 0416 607 674RPM&nbsp;: COURTRAI En acc\u00e9dant au site web et en l\u2019utilisant, vous acceptez express\u00e9ment les conditions suivantes et la politique de confidentialit\u00e9. Ces conditions et la politique de confidentialit\u00e9 [&hellip;]","og_url":"https:\/\/be-okay.be\/fr\/privacy-policy\/","og_site_name":"BE-Okay","article_modified_time":"2023-02-21T14:37:48+00:00","twitter_card":"summary_large_image","twitter_misc":{"Dur\u00e9e de lecture estim\u00e9e":"8 minutes"},"schema":{"@context":"https:\/\/schema.org","@graph":[{"@type":"WebPage","@id":"https:\/\/be-okay.be\/fr\/privacy-policy\/","url":"https:\/\/be-okay.be\/fr\/privacy-policy\/","name":"Politique de confidentialit\u00e9 - BE-Okay","isPartOf":{"@id":"https:\/\/be-okay.be\/fr\/#website"},"datePublished":"2021-09-16T12:43:43+00:00","dateModified":"2023-02-21T14:37:48+00:00","inLanguage":"fr-FR","potentialAction":[{"@type":"ReadAction","target":["https:\/\/be-okay.be\/fr\/privacy-policy\/"]}]},{"@type":"WebSite","@id":"https:\/\/be-okay.be\/fr\/#website","url":"https:\/\/be-okay.be\/fr\/","name":"BE-Okay","description":"Young living concept - meubelwinkel Deerlijk &amp; Moeskroen","potentialAction":[{"@type":"SearchAction","target":{"@type":"EntryPoint","urlTemplate":"https:\/\/be-okay.be\/fr\/?s={search_term_string}"},"query-input":{"@type":"PropertyValueSpecification","valueRequired":true,"valueName":"search_term_string"}}],"inLanguage":"fr-FR"}]}},"_links":{"self":[{"href":"https:\/\/be-okay.be\/fr\/wp-json\/wp\/v2\/pages\/4857","targetHints":{"allow":["GET"]}}],"collection":[{"href":"https:\/\/be-okay.be\/fr\/wp-json\/wp\/v2\/pages"}],"about":[{"href":"https:\/\/be-okay.be\/fr\/wp-json\/wp\/v2\/types\/page"}],"author":[{"embeddable":true,"href":"https:\/\/be-okay.be\/fr\/wp-json\/wp\/v2\/users\/1"}],"replies":[{"embeddable":true,"href":"https:\/\/be-okay.be\/fr\/wp-json\/wp\/v2\/comments?post=4857"}],"version-history":[{"count":4,"href":"https:\/\/be-okay.be\/fr\/wp-json\/wp\/v2\/pages\/4857\/revisions"}],"predecessor-version":[{"id":4997,"href":"https:\/\/be-okay.be\/fr\/wp-json\/wp\/v2\/pages\/4857\/revisions\/4997"}],"wp:attachment":[{"href":"https:\/\/be-okay.be\/fr\/wp-json\/wp\/v2\/media?parent=4857"}],"curies":[{"name":"wp","href":"https:\/\/api.w.org\/{rel}","templated":true}]}}